{"id":12212,"date":"2024-03-29T10:11:37","date_gmt":"2024-03-29T03:11:37","guid":{"rendered":"https:\/\/b2c.fairs.vn\/?post_type=product&#038;p=12212"},"modified":"2024-03-29T10:11:38","modified_gmt":"2024-03-29T03:11:38","slug":"vang-sua-hoff-huong-vanilla","status":"publish","type":"product","link":"https:\/\/b2c.fairs.vn\/en\/product\/vang-sua-hoff-huong-vanilla\/","title":{"rendered":"V\u00e1ng s\u1eefa Hoff h\u01b0\u01a1ng Vanilla"},"content":{"rendered":"<p><strong>V\u00e1ng s\u1eefa Vani Hoff<\/strong>\u00a0l\u00e0 s\u1ea3n ph\u1ea9m b\u1ed5 sung dinh d\u01b0\u1ee1ng v\u01b0\u1ee3t tr\u1ed9i \u0111\u01b0\u1ee3c s\u1ea3n xu\u1ea5t d\u1ef1a tr\u00ean ngu\u1ed3n nguy\u00ean li\u1ec7u nh\u1eadp kh\u1ea9u cao c\u1ea5p t\u1eeb Ch\u00e2u \u00c2u ph\u00f9 h\u1ee3p cho tr\u1ebb t\u1eeb 6 th\u00e1ng tu\u1ed5i. S\u1ea3n ph\u1ea9m c\u00f3 ch\u1ee9a nhi\u1ec1u d\u01b0\u1ee1ng ch\u1ea5t v\u01b0\u1ee3t tr\u1ed9i c\u1ea7n thi\u1ebft cho nhu c\u1ea7u h\u00e0ng ng\u00e0y c\u1ee7a tr\u1ebb nh\u01b0: Protein, N\u0103ng l\u01b0\u1ee3ng, Ch\u1ea5t b\u00e9o, Vitamin A, Ch\u1ea5t x\u01a1, Canxi&#8230;\u0111\u1ec3 tr\u1ebb l\u1edbn kh\u1ecfe t\u1ef1 nhi\u00ean m\u1ed7i ng\u00e0y.<\/p>\n<table>\n<tbody>\n<tr>\n<td><strong>Th\u00e0nh ph\u1ea7n<\/strong><\/td>\n<td><strong>\u0110\u1ecbnh l\u01b0\u1ee3ng<\/strong><\/td>\n<td><strong>Gi\u00e1 tr\u1ecb dinh d\u01b0\u1ee1ng trong 55g<\/strong><\/td>\n<\/tr>\n<tr>\n<td><strong>N\u0103ng L\u01b0\u1ee3ng<\/strong><\/td>\n<td>90 kcal<\/td>\n<td>Cung c\u1ea5p ngu\u1ed3n n\u0103ng l\u01b0\u1ee3ng d\u1ed3i d\u00e0o v\u00e0 l\u00e2u d\u00e0i cho c\u01a1 th\u1ec3. T\u0103ng c\u01b0\u1eddng h\u1ec7 mi\u1ec5n d\u1ecbch<\/td>\n<\/tr>\n<tr>\n<td><strong>Ch\u1ea5t \u0110\u1ea1m<\/strong><\/td>\n<td>2.0g<\/td>\n<td>T\u0103ng t\u1ef7 l\u1ec7 h\u1ea5p thu sau ti\u00eau h\u00f3a Gi\u00e1 tr\u1ecb sinh h\u1ecdc cao h\u01a1n h\u1eb3n so v\u1edbi \u0111\u1ea1m t\u1eeb th\u1ecbt v\u00e0 c\u00e1c lo\u1ea1i \u0111\u1eadu<\/td>\n<\/tr>\n<tr>\n<td><strong>Ch\u1ea5t B\u00e9o\u00a0<\/strong><\/td>\n<td>6g<\/td>\n<td>Cung c\u1ea5p ngu\u1ed3n n\u0103ng l\u01b0\u1ee3ng d\u1ed3i d\u00e0o m\u00e0 kh\u00f4ng g\u00e2y b\u00e9o C\u00f3 th\u1ec3 l\u00e0m gi\u1ea3m cholesterol x\u1ea5u (LDL cholesterol)<\/td>\n<\/tr>\n<tr>\n<td><strong>Hydrat Cacbon<\/strong><\/td>\n<td>8g<\/td>\n<td>Cung c\u1ea5p n\u0103ng l\u01b0\u1ee3ng l\u00e2u d\u00e0i cho c\u01a1 th\u1ec3 Duy tr\u00ec s\u1ef1 t\u1ec9nh t\u00e1o v\u00e0 t\u1eadp trung cao \u0111\u1ed9<\/td>\n<\/tr>\n<tr>\n<td><strong>Canxi<\/strong><\/td>\n<td>120mg<\/td>\n<td>Duy tr\u00ec s\u1ee9c kh\u1ecfe h\u1ec7 r\u0103ng v\u00e0 x\u01b0\u01a1ng T\u1ea1o n\u1ec1n t\u1ea3ng n\u00e2ng cao t\u1ea7m v\u00f3c<\/td>\n<\/tr>\n<\/tbody>\n<\/table>\n<p><strong>H\u01b0\u1edbng d\u1eabn s\u1eed d\u1ee5ng:<\/strong><\/p>\n<p>Th\u1eddi h\u1ea1n s\u1eed d\u1ee5ng: 10 th\u00e1ng k\u1ec3 t\u1eeb ng\u00e0y s\u1ea3n xu\u1ea5t<\/p>\n<p>B\u1ea3o qu\u1ea3n: Ng\u0103n m\u00e1t c\u1ee7a t\u1ee7 l\u1ea1nh t\u1eeb\u00a04\u00b0C &#8211; 12\u00b0C<\/p>\n<p>Tr\u1ecdng l\u01b0\u1ee3ng h\u00f4p: 55g<\/p>\n<p>Tr\u1ecdng l\u01b0\u1ee3ng th\u00f9ng: 3.4 Kg<\/p>\n<p>Quy c\u00e1ch th\u00f9ng: 48 h\u1ed9p\/th\u00f9ng<\/p>\n<p>Ng\u01b0\u1eddi l\u1edbn v\u00e0 tr\u1ebb em tr\u00ean 6 th\u00e1ng tu\u1ed5i.<\/p>\n<p>Tr\u1ebb c\u00f3 th\u1ec3 s\u1eed d\u1ee5ng t\u1eeb 1- 2 h\u1ed9p\/ ng\u00e0y, t\u00f9y v\u00e0o m\u1ee9c \u0111\u1ed9 dung n\u1ea1p c\u1ee7a tr\u1ebb.<\/p>\n<p>N\u00ean d\u00f9ng sau b\u1eefa \u0103n.<\/p>","protected":false},"excerpt":{"rendered":"<p>V\u00e1ng s\u1eefa Vani Hoff\u00a0l\u00e0 s\u1ea3n ph\u1ea9m b\u1ed5 sung dinh d\u01b0\u1ee1ng v\u01b0\u1ee3t tr\u1ed9i \u0111\u01b0\u1ee3c s\u1ea3n xu\u1ea5t d\u1ef1a tr\u00ean ngu\u1ed3n nguy\u00ean li\u1ec7u<\/p>","protected":false},"featured_media":12222,"comment_status":"open","ping_status":"closed","template":"","meta":{"_acf_changed":false},"product_cat":[366,398,309,22,307],"product_tag":[],"class_list":{"0":"post-12212","1":"product","2":"type-product","3":"status-publish","4":"has-post-thumbnail","6":"product_cat-hang-cnnt-cap-qg","7":"product_cat-san-pham-cnnt-tb-cap-qg-2021","8":"product_cat-thit-thuy-san-trung-sua-tuoi","9":"product_cat-sanphamthucpham","10":"product_cat-thucphamtuoisong","12":"first","13":"instock","14":"shipping-taxable","15":"purchasable","16":"product-type-simple"},"acf":[],"_links":{"self":[{"href":"https:\/\/b2c.fairs.vn\/en\/wp-json\/wp\/v2\/product\/12212","targetHints":{"allow":["GET"]}}],"collection":[{"href":"https:\/\/b2c.fairs.vn\/en\/wp-json\/wp\/v2\/product"}],"about":[{"href":"https:\/\/b2c.fairs.vn\/en\/wp-json\/wp\/v2\/types\/product"}],"replies":[{"embeddable":true,"href":"https:\/\/b2c.fairs.vn\/en\/wp-json\/wp\/v2\/comments?post=12212"}],"version-history":[{"count":0,"href":"https:\/\/b2c.fairs.vn\/en\/wp-json\/wp\/v2\/product\/12212\/revisions"}],"wp:featuredmedia":[{"embeddable":true,"href":"https:\/\/b2c.fairs.vn\/en\/wp-json\/wp\/v2\/media\/12222"}],"wp:attachment":[{"href":"https:\/\/b2c.fairs.vn\/en\/wp-json\/wp\/v2\/media?parent=12212"}],"wp:term":[{"taxonomy":"product_cat","embeddable":true,"href":"https:\/\/b2c.fairs.vn\/en\/wp-json\/wp\/v2\/product_cat?post=12212"},{"taxonomy":"product_tag","embeddable":true,"href":"https:\/\/b2c.fairs.vn\/en\/wp-json\/wp\/v2\/product_tag?post=12212"}],"curies":[{"name":"wp","href":"https:\/\/api.w.org\/{rel}","templated":true}]}}