{"id":12191,"date":"2024-03-29T10:08:17","date_gmt":"2024-03-29T03:08:17","guid":{"rendered":"https:\/\/b2c.fairs.vn\/?post_type=product&#038;p=12191"},"modified":"2024-04-19T10:02:32","modified_gmt":"2024-04-19T03:02:32","slug":"yen-sao-fly-plus","status":"publish","type":"product","link":"https:\/\/b2c.fairs.vn\/en\/product\/yen-sao-fly-plus\/","title":{"rendered":"Y\u1ebfn s\u00e0o Fly plus"},"content":{"rendered":"<p>S\u1ea3n ph\u1ea9m \u0111\u01b0\u1ee3c ch\u1ebf bi\u1ebfn theo ph\u01b0\u01a1ng ph\u00e1p c\u1ed5 truy\u1ec1n k\u1ebft h\u1ee3p v\u1edbi khoa h\u1ecdc c\u00f4ng ngh\u1ec7 ti\u00ean ti\u1ebfn tr\u00ean d\u00e2y chuy\u1ec1n thi\u1ebft b\u1ecb hi\u1ec7n \u0111\u1ea1i \u0111em l\u1ea1i cho ng\u01b0\u1eddi d\u00f9ng nhi\u1ec1u l\u1ee3i \u00edch nh\u01b0 cung c\u1ea5p n\u0103ng l\u01b0\u1ee3ng, t\u0103ng c\u01b0\u1eddng s\u1ee9c \u0111\u1ec1 kh\u00e1ng, k\u00edch th\u00edch \u0103n ngon mi\u1ec7ng, l\u00e0m \u0111\u1eb9p da. \u0110\u1eb7c bi\u1ec7t, s\u1ea3n ph\u1ea9m \u0111\u1ea3m b\u1ea3o an to\u00e0n cho ng\u01b0\u1eddi ti\u00eau d\u00f9ng v\u00ec Y\u1ebfn S\u00e0o Fly \u0111\u01b0\u1ee3c \u0111\u00e1nh gi\u00e1 v\u00e0 ph\u00f9 h\u1ee3p v\u1edbi c\u00e1c y\u00eau c\u1ea7u c\u1ee7a ti\u00eau chu\u1ea9n qu\u1ed1c t\u1ebf v\u1ec1 h\u1ec7 th\u1ed1ng qu\u1ea3n l\u00fd an to\u00e0n th\u1ef1c ph\u1ea9m theo HACCP cho l\u0129nh v\u1ef1c s\u01a1 ch\u1ebf v\u00e0 ch\u1ebf bi\u1ebfn y\u1ebfn s\u00e0o.<\/p>\n<p><b>Th\u00e0nh ph\u1ea7n:\u00a0<\/b>Nguy\u00ean li\u1ec7u (n\u01b0\u1edbc, y\u1ebfn s\u00e0o 18%, \u0111\u01b0\u1eddng ph\u00e8n), c\u00e1c ph\u1ee5 gia th\u1ef1c ph\u1ea9m (Ch\u1ea5t \u1ed5n \u0111\u1ecbnh: Gellan Gum (418), Agar (406), Sodium Alginate (401), Caramel IV (150d), h\u01b0\u01a1ng li\u1ec7u d\u00f9ng cho th\u1ef1c ph\u1ea9m).<\/p>\n<p><b>C\u00e1ch d\u00f9ng:<\/b>\u00a0L\u1eafc nh\u1eb9 tr\u01b0\u1edbc khi u\u1ed1ng, ngon h\u01a1n khi u\u1ed1ng l\u1ea1nh.<\/p>\n<p><b>B\u1ea3o qu\u1ea3n:<\/b>\u00a0B\u1ea3o qu\u1ea3n n\u01a1i kh\u00f4 r\u00e1o, tho\u00e1ng m\u00e1t, tr\u00e1nh \u00e1nh n\u1eafng tr\u1ef1c ti\u1ebfp.<\/p>\n<p><b>Th\u1ec3 t\u00edch th\u1ef1c:<\/b>\u00a070ml.<\/p>\n<p><b>L\u01b0u \u00fd:\u00a0<\/b>Kh\u00f4ng s\u1eed d\u1ee5ng s\u1ea3n ph\u1ea9m qu\u00e1 h\u1ea1n s\u1eed d\u1ee5ng ho\u1eb7c bao b\u00ec b\u1ecb h\u1ecfng h\u00f3c. S\u1eed d\u1ee5ng trong v\u00f2ng 24 gi\u1edd t\u1eeb khi m\u1edf n\u1eafp.<\/p>","protected":false},"excerpt":{"rendered":"<p>S\u1ea3n ph\u1ea9m \u0111\u01b0\u1ee3c ch\u1ebf bi\u1ebfn theo ph\u01b0\u01a1ng ph\u00e1p c\u1ed5 truy\u1ec1n k\u1ebft h\u1ee3p v\u1edbi khoa h\u1ecdc c\u00f4ng ngh\u1ec7 ti\u00ean ti\u1ebfn tr\u00ean<\/p>","protected":false},"featured_media":12197,"comment_status":"open","ping_status":"closed","template":"","meta":{"_acf_changed":false},"product_cat":[325,329,331,366,367],"product_tag":[],"class_list":{"0":"post-12191","1":"product","2":"type-product","3":"status-publish","4":"has-post-thumbnail","6":"product_cat-san-pham-do-uong","7":"product_cat-do-uong-khong-con","8":"product_cat-do-uong-khong-con-do-uong-khong-con","9":"product_cat-hang-cnnt-cap-qg","10":"product_cat-hang-cnnt-cap-qg-2023","12":"first","13":"instock","14":"shipping-taxable","15":"purchasable","16":"product-type-variable"},"acf":[],"_links":{"self":[{"href":"https:\/\/b2c.fairs.vn\/en\/wp-json\/wp\/v2\/product\/12191","targetHints":{"allow":["GET"]}}],"collection":[{"href":"https:\/\/b2c.fairs.vn\/en\/wp-json\/wp\/v2\/product"}],"about":[{"href":"https:\/\/b2c.fairs.vn\/en\/wp-json\/wp\/v2\/types\/product"}],"replies":[{"embeddable":true,"href":"https:\/\/b2c.fairs.vn\/en\/wp-json\/wp\/v2\/comments?post=12191"}],"version-history":[{"count":0,"href":"https:\/\/b2c.fairs.vn\/en\/wp-json\/wp\/v2\/product\/12191\/revisions"}],"wp:featuredmedia":[{"embeddable":true,"href":"https:\/\/b2c.fairs.vn\/en\/wp-json\/wp\/v2\/media\/12197"}],"wp:attachment":[{"href":"https:\/\/b2c.fairs.vn\/en\/wp-json\/wp\/v2\/media?parent=12191"}],"wp:term":[{"taxonomy":"product_cat","embeddable":true,"href":"https:\/\/b2c.fairs.vn\/en\/wp-json\/wp\/v2\/product_cat?post=12191"},{"taxonomy":"product_tag","embeddable":true,"href":"https:\/\/b2c.fairs.vn\/en\/wp-json\/wp\/v2\/product_tag?post=12191"}],"curies":[{"name":"wp","href":"https:\/\/api.w.org\/{rel}","templated":true}]}}