{"id":12188,"date":"2024-03-29T10:15:10","date_gmt":"2024-03-29T03:15:10","guid":{"rendered":"https:\/\/b2c.fairs.vn\/?post_type=product&#038;p=12188"},"modified":"2024-04-23T15:28:52","modified_gmt":"2024-04-23T08:28:52","slug":"banh-kep-hop-giay-tien-anh-70g","status":"publish","type":"product","link":"https:\/\/b2c.fairs.vn\/en\/product\/banh-kep-hop-giay-tien-anh-70g\/","title":{"rendered":"B\u00e1nh K\u1eb9p H\u1ed9p Gi\u1ea5y Ti\u1ebfn Anh 70g"},"content":{"rendered":"<div class=\"wb-content\">\n<p>B\u00e1nh K\u1eb9p Th\u01b0\u01a1ng Hi\u1ec7u Ti\u1ebfn Anh, \u0111\u01b0\u1ee3c \u0111\u00f3ng g\u00f3i m\u1ed7i chi\u1ebfc trong t\u00fai nh\u1ecf. T\u1ea5t c\u1ea3 \u0111\u01b0\u1ee3c \u0111\u1eb7t trong h\u1ed9p gi\u1ea5y 70g. S\u1ea3n Ph\u1ea9m Th\u01a1m Ngon, Gi\u00f2n Tan trong Mi\u1ec7ng, mang \u0111\u1ebfn cho th\u1ef1c kh\u00e1ch h\u01b0\u01a1ng v\u1ecb tuy\u1ec7t v\u1eddi kh\u00f4ng th\u1ec3 n\u00e0o qu\u00ean.<\/p>\n<\/div>","protected":false},"excerpt":{"rendered":"<p>B\u00e1nh K\u1eb9p Th\u01b0\u01a1ng Hi\u1ec7u Ti\u1ebfn Anh, \u0111\u01b0\u1ee3c \u0111\u00f3ng g\u00f3i m\u1ed7i chi\u1ebfc trong t\u00fai nh\u1ecf. T\u1ea5t c\u1ea3 \u0111\u01b0\u1ee3c \u0111\u1eb7t trong h\u1ed9p<\/p>","protected":false},"featured_media":12225,"comment_status":"open","ping_status":"closed","template":"","meta":{"_acf_changed":false},"product_cat":[314,366,446,22,313],"product_tag":[],"class_list":{"0":"post-12188","1":"product","2":"type-product","3":"status-publish","4":"has-post-thumbnail","6":"product_cat-do-an-nhanh","7":"product_cat-hang-cnnt-cap-qg","8":"product_cat-san-pham-cnnt-tb-cap-qg-2019","9":"product_cat-sanphamthucpham","10":"product_cat-thuc-pham-che-bien","12":"first","13":"instock","14":"shipping-taxable","15":"product-type-simple"},"acf":[],"_links":{"self":[{"href":"https:\/\/b2c.fairs.vn\/en\/wp-json\/wp\/v2\/product\/12188","targetHints":{"allow":["GET"]}}],"collection":[{"href":"https:\/\/b2c.fairs.vn\/en\/wp-json\/wp\/v2\/product"}],"about":[{"href":"https:\/\/b2c.fairs.vn\/en\/wp-json\/wp\/v2\/types\/product"}],"replies":[{"embeddable":true,"href":"https:\/\/b2c.fairs.vn\/en\/wp-json\/wp\/v2\/comments?post=12188"}],"version-history":[{"count":0,"href":"https:\/\/b2c.fairs.vn\/en\/wp-json\/wp\/v2\/product\/12188\/revisions"}],"wp:featuredmedia":[{"embeddable":true,"href":"https:\/\/b2c.fairs.vn\/en\/wp-json\/wp\/v2\/media\/12225"}],"wp:attachment":[{"href":"https:\/\/b2c.fairs.vn\/en\/wp-json\/wp\/v2\/media?parent=12188"}],"wp:term":[{"taxonomy":"product_cat","embeddable":true,"href":"https:\/\/b2c.fairs.vn\/en\/wp-json\/wp\/v2\/product_cat?post=12188"},{"taxonomy":"product_tag","embeddable":true,"href":"https:\/\/b2c.fairs.vn\/en\/wp-json\/wp\/v2\/product_tag?post=12188"}],"curies":[{"name":"wp","href":"https:\/\/api.w.org\/{rel}","templated":true}]}}