{"id":12114,"date":"2024-03-29T09:35:49","date_gmt":"2024-03-29T02:35:49","guid":{"rendered":"https:\/\/b2c.fairs.vn\/?post_type=product&#038;p=12114"},"modified":"2024-04-23T15:39:43","modified_gmt":"2024-04-23T08:39:43","slug":"gao-sach-hung-viet-5a-5kg","status":"publish","type":"product","link":"https:\/\/b2c.fairs.vn\/en\/product\/gao-sach-hung-viet-5a-5kg\/","title":{"rendered":"G\u1ea1o s\u1ea1ch H\u01b0ng Vi\u1ec7t 5A 5kg"},"content":{"rendered":"<p><strong>Ngu\u1ed3n g\u1ed1c:<\/strong>\u00a0G\u1ea1o \u0111\u01b0\u1ee3c tr\u1ed3ng t\u1ea1i v\u00f9ng \u0111\u1ea5t ph\u00f9 h\u1ee3p, v\u1edbi \u0111\u1ed9 \u1ea9m v\u00e0 ch\u1ea5t dinh d\u01b0\u1ee1ng l\u00fd t\u01b0\u1edfng cho s\u1ef1 ph\u00e1t tri\u1ec3n c\u1ee7a c\u00e2y l\u00faa.<br \/>\n<strong>Ch\u1ea5t l\u01b0\u1ee3ng:<\/strong>\u00a0G\u1ea1o H\u01b0ng Vi\u1ec7t \u0111\u01b0\u1ee3c s\u1ea3n xu\u1ea5t t\u1eeb c\u00e1c gi\u1ed1ng l\u00faa ch\u1ecdn l\u1ecdc, \u0111\u1ea3m b\u1ea3o h\u1ea1t g\u1ea1o \u0111\u1ea7y \u0111\u1ee7, tr\u00f2n v\u00e0 kh\u00f4ng c\u00f3 t\u1ea1p ch\u1ea5t.<br \/>\n<strong>Qu\u00e1 tr\u00ecnh s\u1ea3n xu\u1ea5t:\u00a0<\/strong>S\u1ea3n ph\u1ea9m tr\u1ea3i qua c\u00e1c b\u01b0\u1edbc ch\u1ebf bi\u1ebfn hi\u1ec7n \u0111\u1ea1i v\u00e0 ti\u00ean ti\u1ebfn \u0111\u1ec3 \u0111\u1ea3m b\u1ea3o s\u1ef1 b\u1ea3o qu\u1ea3n ch\u1ea5t l\u01b0\u1ee3ng v\u00e0 gi\u1eef l\u1ea1i gi\u00e1 tr\u1ecb dinh d\u01b0\u1ee1ng.<br \/>\n<strong>Kh\u00f4ng s\u1eed d\u1ee5ng h\u00f3a ch\u1ea5t \u0111\u1ed9c h\u1ea1i:\u00a0<\/strong>G\u1ea1o \u0111\u01b0\u1ee3c tr\u1ed3ng v\u00e0 ch\u1ebf bi\u1ebfn m\u00e0 kh\u00f4ng s\u1eed d\u1ee5ng c\u00e1c lo\u1ea1i ph\u00e2n b\u00f3n ho\u00e1 h\u1ecdc hay thu\u1ed1c tr\u1eeb s\u00e2u \u0111\u1ed9c h\u1ea1i, gi\u1eef cho s\u1ea3n ph\u1ea9m l\u00e0nh m\u1ea1nh v\u00e0 an to\u00e0n cho ng\u01b0\u1eddi ti\u00eau d\u00f9ng.<br \/>\n<strong>Bao b\u00ec b\u1ec1n v\u1eefng:<\/strong>\u00a0bao b\u00ec c\u1ee7a s\u1ea3n ph\u1ea9m \u0111\u01b0\u1ee3c thi\u1ebft k\u1ebf v\u1edbi t\u00e2m l\u00fd b\u1ec1n v\u1eefng, c\u00f3 th\u1ec3 t\u00e1i ch\u1ebf v\u00e0 gi\u1ea3m thi\u1ec3u t\u00e1c \u0111\u1ed9ng ti\u00eau c\u1ef1c \u0111\u1ed1i v\u1edbi m\u00f4i tr\u01b0\u1eddng.<br \/>\n<strong>An to\u00e0n th\u1ef1c ph\u1ea9m:<\/strong>\u00a0s\u1ea3n ph\u1ea9m tu\u00e2n theo c\u00e1c ti\u00eau chu\u1ea9n an to\u00e0n th\u1ef1c ph\u1ea9m, \u0111\u01b0\u1ee3c ki\u1ec3m tra \u0111\u1ecbnh k\u1ef3 \u0111\u1ec3 \u0111\u1ea3m b\u1ea3o kh\u00f4ng c\u00f3 ch\u1ea5t \u0111\u1ed9c h\u1ea1i.<\/p>\n<p>G\u1ea1o S\u1ea1ch H\u01b0ng Vi\u1ec7t l\u00e0 m\u1ed9t s\u1ea3n ph\u1ea9m n\u00f4ng nghi\u1ec7p ch\u1ea5t l\u01b0\u1ee3ng cao \u0111\u01b0\u1ee3c tr\u1ed3ng v\u00e0 ch\u1ebf bi\u1ebfn t\u1ea1i H\u01b0ng Y\u00ean. S\u1ea3n ph\u1ea9m n\u00e0y \u0111\u01b0\u1ee3c t\u1ea1o ra th\u00f4ng qua qu\u00e1 tr\u00ecnh s\u1ea3n xu\u1ea5t nghi\u00eam ng\u1eb7t v\u00e0 theo c\u00e1c ti\u00eau chu\u1ea9n cao v\u1ec1 ch\u1ea5t l\u01b0\u1ee3ng v\u00e0 an to\u00e0n th\u1ef1c ph\u1ea9m.<\/p>","protected":false},"excerpt":{"rendered":"<p>Ngu\u1ed3n g\u1ed1c:\u00a0G\u1ea1o \u0111\u01b0\u1ee3c tr\u1ed3ng t\u1ea1i v\u00f9ng \u0111\u1ea5t ph\u00f9 h\u1ee3p, v\u1edbi \u0111\u1ed9 \u1ea9m v\u00e0 ch\u1ea5t dinh d\u01b0\u1ee1ng l\u00fd t\u01b0\u1edfng cho s\u1ef1<\/p>","protected":false},"featured_media":12102,"comment_status":"open","ping_status":"closed","template":"","meta":{"_acf_changed":false},"product_cat":[311,366,398,22,310],"product_tag":[],"class_list":{"0":"post-12114","1":"product","2":"type-product","3":"status-publish","4":"has-post-thumbnail","6":"product_cat-gao-ngu-coc-hat-so-che-khac","7":"product_cat-hang-cnnt-cap-qg","8":"product_cat-san-pham-cnnt-tb-cap-qg-2021","9":"product_cat-sanphamthucpham","10":"product_cat-thuc-pham-tho-so-che","12":"first","13":"instock","14":"shipping-taxable","15":"purchasable","16":"product-type-simple"},"acf":[],"_links":{"self":[{"href":"https:\/\/b2c.fairs.vn\/en\/wp-json\/wp\/v2\/product\/12114","targetHints":{"allow":["GET"]}}],"collection":[{"href":"https:\/\/b2c.fairs.vn\/en\/wp-json\/wp\/v2\/product"}],"about":[{"href":"https:\/\/b2c.fairs.vn\/en\/wp-json\/wp\/v2\/types\/product"}],"replies":[{"embeddable":true,"href":"https:\/\/b2c.fairs.vn\/en\/wp-json\/wp\/v2\/comments?post=12114"}],"version-history":[{"count":0,"href":"https:\/\/b2c.fairs.vn\/en\/wp-json\/wp\/v2\/product\/12114\/revisions"}],"wp:featuredmedia":[{"embeddable":true,"href":"https:\/\/b2c.fairs.vn\/en\/wp-json\/wp\/v2\/media\/12102"}],"wp:attachment":[{"href":"https:\/\/b2c.fairs.vn\/en\/wp-json\/wp\/v2\/media?parent=12114"}],"wp:term":[{"taxonomy":"product_cat","embeddable":true,"href":"https:\/\/b2c.fairs.vn\/en\/wp-json\/wp\/v2\/product_cat?post=12114"},{"taxonomy":"product_tag","embeddable":true,"href":"https:\/\/b2c.fairs.vn\/en\/wp-json\/wp\/v2\/product_tag?post=12114"}],"curies":[{"name":"wp","href":"https:\/\/api.w.org\/{rel}","templated":true}]}}