{"id":12099,"date":"2024-03-29T09:41:23","date_gmt":"2024-03-29T02:41:23","guid":{"rendered":"https:\/\/b2c.fairs.vn\/?post_type=product&#038;p=12099"},"modified":"2024-04-23T15:50:18","modified_gmt":"2024-04-23T08:50:18","slug":"keo-dua-ngoc-lan-ben-tre","status":"publish","type":"product","link":"https:\/\/b2c.fairs.vn\/en\/product\/keo-dua-ngoc-lan-ben-tre\/","title":{"rendered":"K\u1eb9o d\u1eeba Ng\u1ecdc Lan B\u1ebfn Tre"},"content":{"rendered":"<p>Kh\u1ed1i l\u01b0\u1ee3ng : H\u1ed9p 350gr<\/p>\n<p>K\u1eb9o d\u1eeba Ng\u1ecdc Lan B\u1ebfn Tre \u0111\u01b0\u1ee3c ch\u1ebf bi\u1ebfn t\u1eeb nguy\u00ean li\u1ec7u ch\u00ednh l\u00e0 c\u01a1m d\u1eeba v\u00e0 \u0111\u01b0\u1eddng m\u1ea1ch nha, l\u00e0 m\u1ed9t trong nh\u1eefng \u0111\u1eb7c s\u1ea3n n\u1ed5i ti\u1ebfng c\u1ee7a B\u1ebfn Tre. \u0110\u00e2y l\u00e0 lo\u1ea1i k\u1eb9o \u0111\u01b0\u1ee3c l\u00e0m theo quy tr\u00ecnh th\u1ee7 c\u00f4ng truy\u1ec1n th\u1ed1ng mang \u0111\u1eadm ch\u1ea5t v\u0103n h\u00f3a x\u1ee9 s\u1edf.<\/p>","protected":false},"excerpt":{"rendered":"<p>Kh\u1ed1i l\u01b0\u1ee3ng : H\u1ed9p 350gr K\u1eb9o d\u1eeba Ng\u1ecdc Lan B\u1ebfn Tre \u0111\u01b0\u1ee3c ch\u1ebf bi\u1ebfn t\u1eeb nguy\u00ean li\u1ec7u ch\u00ednh l\u00e0 c\u01a1m<\/p>","protected":false},"featured_media":12130,"comment_status":"open","ping_status":"closed","template":"","meta":{"_acf_changed":false},"product_cat":[316,366,398,22,313],"product_tag":[],"class_list":{"0":"post-12099","1":"product","2":"type-product","3":"status-publish","4":"has-post-thumbnail","6":"product_cat-che-bien-tu-rau-cu-qua-hat","7":"product_cat-hang-cnnt-cap-qg","8":"product_cat-san-pham-cnnt-tb-cap-qg-2021","9":"product_cat-sanphamthucpham","10":"product_cat-thuc-pham-che-bien","12":"first","13":"instock","14":"sale","15":"shipping-taxable","16":"purchasable","17":"product-type-variable","18":"has-default-attributes"},"acf":[],"_links":{"self":[{"href":"https:\/\/b2c.fairs.vn\/en\/wp-json\/wp\/v2\/product\/12099","targetHints":{"allow":["GET"]}}],"collection":[{"href":"https:\/\/b2c.fairs.vn\/en\/wp-json\/wp\/v2\/product"}],"about":[{"href":"https:\/\/b2c.fairs.vn\/en\/wp-json\/wp\/v2\/types\/product"}],"replies":[{"embeddable":true,"href":"https:\/\/b2c.fairs.vn\/en\/wp-json\/wp\/v2\/comments?post=12099"}],"version-history":[{"count":0,"href":"https:\/\/b2c.fairs.vn\/en\/wp-json\/wp\/v2\/product\/12099\/revisions"}],"wp:featuredmedia":[{"embeddable":true,"href":"https:\/\/b2c.fairs.vn\/en\/wp-json\/wp\/v2\/media\/12130"}],"wp:attachment":[{"href":"https:\/\/b2c.fairs.vn\/en\/wp-json\/wp\/v2\/media?parent=12099"}],"wp:term":[{"taxonomy":"product_cat","embeddable":true,"href":"https:\/\/b2c.fairs.vn\/en\/wp-json\/wp\/v2\/product_cat?post=12099"},{"taxonomy":"product_tag","embeddable":true,"href":"https:\/\/b2c.fairs.vn\/en\/wp-json\/wp\/v2\/product_tag?post=12099"}],"curies":[{"name":"wp","href":"https:\/\/api.w.org\/{rel}","templated":true}]}}