{"id":12080,"date":"2024-03-29T09:08:19","date_gmt":"2024-03-29T02:08:19","guid":{"rendered":"https:\/\/b2c.fairs.vn\/?post_type=product&#038;p=12080"},"modified":"2024-04-02T14:48:41","modified_gmt":"2024-04-02T07:48:41","slug":"mat-na-dua-mask-from-coconut","status":"publish","type":"product","link":"https:\/\/b2c.fairs.vn\/en\/product\/mat-na-dua-mask-from-coconut\/","title":{"rendered":"M\u1eb7t n\u1ea1 d\u1eeba &#8211; mask from coconut"},"content":{"rendered":"<section class=\"elementor-element elementor-element-e711613 elementor-section-boxed elementor-section-height-default elementor-section-height-default elementor-section elementor-top-section\" data-id=\"e711613\" data-settings=\"{&quot;background_background&quot;:&quot;classic&quot;}\" data-element_type=\"section\">\n<div class=\"elementor-container elementor-column-gap-default\">\n<div class=\"elementor-row\">\n<div class=\"elementor-element elementor-element-e3d393b elementor-column elementor-col-100 elementor-top-column\" data-id=\"e3d393b\" data-element_type=\"column\">\n<div class=\"elementor-column-wrap elementor-element-populated\">\n<div class=\"elementor-widget-wrap\">\n<div class=\"elementor-element elementor-element-afe8355 elementor-widget elementor-widget-heading\" data-id=\"afe8355\" data-element_type=\"heading.default\">\n<div class=\"elementor-widget-container\">\n<h2 class=\"elementor-heading-title elementor-size-default\">C\u00d4NG D\u1ee4NG C\u1ee6A M\u1eb6T N\u1ea0 D\u1eeaA 2IN1<\/h2>\n<\/div>\n<\/div>\n<div class=\"elementor-element elementor-element-db46512 elementor-widget elementor-widget-image\" data-id=\"db46512\" data-element_type=\"image.default\"><\/div>\n<\/div>\n<\/div>\n<\/div>\n<\/div>\n<\/div>\n<\/section>\n<section class=\"elementor-element elementor-element-ee41b8c elementor-section-boxed elementor-section-height-default elementor-section-height-default elementor-section elementor-top-section\" data-id=\"ee41b8c\" data-element_type=\"section\">\n<div class=\"elementor-container elementor-column-gap-default\">\n<div class=\"elementor-row\">\n<div class=\"elementor-element elementor-element-6426793 elementor-column elementor-col-50 elementor-top-column\" data-id=\"6426793\" data-element_type=\"column\">\n<div class=\"elementor-column-wrap elementor-element-populated\">\n<div class=\"elementor-widget-wrap\">\n<div class=\"elementor-element elementor-element-d4f600e elementor-widget elementor-widget-icon-list\" data-id=\"d4f600e\" data-element_type=\"icon-list.default\">\n<div class=\"elementor-widget-container\">\n<ul class=\"elementor-icon-list-items\">\n<li class=\"elementor-icon-list-item\"><i class=\"fa fa-check\" aria-hidden=\"true\"><\/i><span class=\"elementor-icon-list-text\">Gi\u1eef \u1ea9m l\u00e0m da tr\u1eafng s\u00e1ng t\u1ef1 nhi\u00ean<\/span><\/li>\n<li class=\"elementor-icon-list-item\"><i class=\"fa fa-check\" aria-hidden=\"true\"><\/i><span class=\"elementor-icon-list-text\">Ch\u1ed1ng n\u1eafng, ch\u1ed1ng oxy-h\u00f3a l\u00e0m m\u1edd v\u1ebft th\u00e2m<\/span><\/li>\n<li class=\"elementor-icon-list-item\"><i class=\"fa fa-check\" aria-hidden=\"true\"><\/i><span class=\"elementor-icon-list-text\">C\u00e2n b\u1eb1ng \u0111\u1ed9 PH, h\u1ea1n ch\u1ebf m\u1ee5n tr\u1ee9ng c\u00e1 v\u00e0 n\u1ebfp nh\u1eafn<\/span><\/li>\n<li class=\"elementor-icon-list-item\"><i class=\"fa fa-check\" aria-hidden=\"true\"><\/i><span class=\"elementor-icon-list-text\">Ch\u1ed1ng l\u00f5a h\u00f3a da, l\u00e0m s\u1ea1ch v\u00e0 kh\u00e1ng khu\u1ea9n tr\u00ean da m\u1eb7t<\/span><\/li>\n<li class=\"elementor-icon-list-item\"><i class=\"fa fa-check\" aria-hidden=\"true\"><\/i><span class=\"elementor-icon-list-text\">Kh\u00f4ng g\u00e2y t\u00e1c d\u1ee5ng ph\u1ee5 tr\u00ean da m\u1eb7t khi s\u1eed d\u1ee5ng<\/span><\/li>\n<\/ul>\n<section class=\"elementor-element elementor-element-3654b86 elementor-section-boxed elementor-section-height-default elementor-section-height-default elementor-section elementor-top-section\" data-id=\"3654b86\" data-settings=\"{&quot;background_background&quot;:&quot;classic&quot;}\" data-element_type=\"section\">\n<div class=\"elementor-container elementor-column-gap-default\">\n<div class=\"elementor-row\">\n<div class=\"elementor-element elementor-element-93c6ecd elementor-column elementor-col-100 elementor-top-column\" data-id=\"93c6ecd\" data-element_type=\"column\">\n<div class=\"elementor-column-wrap elementor-element-populated\">\n<div class=\"elementor-widget-wrap\">\n<div class=\"elementor-element elementor-element-b861303 elementor-widget elementor-widget-heading\" data-id=\"b861303\" data-element_type=\"heading.default\">\n<div class=\"elementor-widget-container\">\n<h2 class=\"elementor-heading-title elementor-size-default\">C\u00c1CH S\u1eec D\u1ee4NG M\u1eb6T N\u1ea0 2 IN 1<\/h2>\n<\/div>\n<\/div>\n<div class=\"elementor-element elementor-element-22ddc61 elementor-widget elementor-widget-image\" data-id=\"22ddc61\" data-element_type=\"image.default\">\n<div class=\"elementor-widget-container\">\n<div class=\"elementor-image\"><img decoding=\"async\" class=\"attachment-large size-large entered lazyloaded\" src=\"https:\/\/www.matnaduacuulong.org\/wp-content\/uploads\/2018\/12\/l%C3%A1-tr%E1%BA%AFng.png\" sizes=\"(max-width: 167px) 100vw, 167px\" srcset=\"https:\/\/www.matnaduacuulong.org\/wp-content\/uploads\/2018\/12\/l\u00e1-tr\u1eafng.png 167w, https:\/\/www.matnaduacuulong.org\/wp-content\/uploads\/2018\/12\/l\u00e1-tr\u1eafng-150x13.png 150w\" alt=\"\" width=\"167\" height=\"13\" data-lazy-srcset=\"https:\/\/www.matnaduacuulong.org\/wp-content\/uploads\/2018\/12\/l\u00e1-tr\u1eafng.png 167w, https:\/\/www.matnaduacuulong.org\/wp-content\/uploads\/2018\/12\/l\u00e1-tr\u1eafng-150x13.png 150w\" data-lazy-sizes=\"(max-width: 167px) 100vw, 167px\" data-lazy-src=\"https:\/\/www.matnaduacuulong.org\/wp-content\/uploads\/2018\/12\/l\u00e1-tr\u1eafng.png\" data-ll-status=\"loaded\" \/><\/div>\n<\/div>\n<\/div>\n<\/div>\n<\/div>\n<\/div>\n<\/div>\n<\/div>\n<\/section>\n<section class=\"elementor-element elementor-element-4d303b0 elementor-section-boxed elementor-section-height-default elementor-section-height-default elementor-section elementor-top-section\" data-id=\"4d303b0\" data-element_type=\"section\">\n<div class=\"elementor-container elementor-column-gap-default\">\n<div class=\"elementor-row\">\n<div class=\"elementor-element elementor-element-f73c563 elementor-column elementor-col-25 elementor-top-column\" data-id=\"f73c563\" data-element_type=\"column\">\n<div class=\"elementor-column-wrap elementor-element-populated\">\n<div class=\"elementor-widget-wrap\">\n<div class=\"elementor-element elementor-element-e624fb2 elementor-widget elementor-widget-image\" data-id=\"e624fb2\" data-element_type=\"image.default\">\n<div class=\"elementor-widget-container\">\n<div class=\"elementor-image\"><img fetchpriority=\"high\" decoding=\"async\" class=\"attachment-large entered lazyloaded\" src=\"https:\/\/www.matnaduacuulong.org\/wp-content\/uploads\/2018\/07\/csd_1.jpg\" sizes=\"(max-width: 600px) 100vw, 600px\" srcset=\"https:\/\/www.matnaduacuulong.org\/wp-content\/uploads\/2018\/07\/csd_1.jpg 600w, https:\/\/www.matnaduacuulong.org\/wp-content\/uploads\/2018\/07\/csd_1-150x150.jpg 150w, https:\/\/www.matnaduacuulong.org\/wp-content\/uploads\/2018\/07\/csd_1-300x300.jpg 300w\" alt=\"\" width=\"232\" height=\"232\" data-lazy-srcset=\"https:\/\/www.matnaduacuulong.org\/wp-content\/uploads\/2018\/07\/csd_1.jpg 600w, https:\/\/www.matnaduacuulong.org\/wp-content\/uploads\/2018\/07\/csd_1-150x150.jpg 150w, https:\/\/www.matnaduacuulong.org\/wp-content\/uploads\/2018\/07\/csd_1-300x300.jpg 300w\" data-lazy-sizes=\"(max-width: 600px) 100vw, 600px\" data-lazy-src=\"https:\/\/www.matnaduacuulong.org\/wp-content\/uploads\/2018\/07\/csd_1.jpg\" data-ll-status=\"loaded\" \/><img decoding=\"async\" class=\"attachment-large entered lazyloaded\" src=\"https:\/\/www.matnaduacuulong.org\/wp-content\/uploads\/2018\/07\/csd_2.jpg\" sizes=\"(max-width: 600px) 100vw, 600px\" srcset=\"https:\/\/www.matnaduacuulong.org\/wp-content\/uploads\/2018\/07\/csd_2.jpg 600w, https:\/\/www.matnaduacuulong.org\/wp-content\/uploads\/2018\/07\/csd_2-150x150.jpg 150w, https:\/\/www.matnaduacuulong.org\/wp-content\/uploads\/2018\/07\/csd_2-300x300.jpg 300w\" alt=\"\" width=\"232\" height=\"232\" data-lazy-srcset=\"https:\/\/www.matnaduacuulong.org\/wp-content\/uploads\/2018\/07\/csd_2.jpg 600w, https:\/\/www.matnaduacuulong.org\/wp-content\/uploads\/2018\/07\/csd_2-150x150.jpg 150w, https:\/\/www.matnaduacuulong.org\/wp-content\/uploads\/2018\/07\/csd_2-300x300.jpg 300w\" data-lazy-sizes=\"(max-width: 600px) 100vw, 600px\" data-lazy-src=\"https:\/\/www.matnaduacuulong.org\/wp-content\/uploads\/2018\/07\/csd_2.jpg\" data-ll-status=\"loaded\" \/><img loading=\"lazy\" decoding=\"async\" class=\"attachment-large entered lazyloaded\" src=\"https:\/\/www.matnaduacuulong.org\/wp-content\/uploads\/2018\/07\/csd_3.jpg\" sizes=\"(max-width: 600px) 100vw, 600px\" srcset=\"https:\/\/www.matnaduacuulong.org\/wp-content\/uploads\/2018\/07\/csd_3.jpg 600w, https:\/\/www.matnaduacuulong.org\/wp-content\/uploads\/2018\/07\/csd_3-150x150.jpg 150w, https:\/\/www.matnaduacuulong.org\/wp-content\/uploads\/2018\/07\/csd_3-300x300.jpg 300w\" alt=\"\" width=\"217\" height=\"217\" data-lazy-srcset=\"https:\/\/www.matnaduacuulong.org\/wp-content\/uploads\/2018\/07\/csd_3.jpg 600w, https:\/\/www.matnaduacuulong.org\/wp-content\/uploads\/2018\/07\/csd_3-150x150.jpg 150w, https:\/\/www.matnaduacuulong.org\/wp-content\/uploads\/2018\/07\/csd_3-300x300.jpg 300w\" data-lazy-sizes=\"(max-width: 600px) 100vw, 600px\" data-lazy-src=\"https:\/\/www.matnaduacuulong.org\/wp-content\/uploads\/2018\/07\/csd_3.jpg\" data-ll-status=\"loaded\" \/><img loading=\"lazy\" decoding=\"async\" class=\"attachment-large entered lazyloaded\" src=\"https:\/\/www.matnaduacuulong.org\/wp-content\/uploads\/2018\/07\/csd_4.jpg\" sizes=\"(max-width: 600px) 100vw, 600px\" srcset=\"https:\/\/www.matnaduacuulong.org\/wp-content\/uploads\/2018\/07\/csd_4.jpg 600w, https:\/\/www.matnaduacuulong.org\/wp-content\/uploads\/2018\/07\/csd_4-150x150.jpg 150w, https:\/\/www.matnaduacuulong.org\/wp-content\/uploads\/2018\/07\/csd_4-300x300.jpg 300w\" alt=\"\" width=\"217\" height=\"217\" data-lazy-srcset=\"https:\/\/www.matnaduacuulong.org\/wp-content\/uploads\/2018\/07\/csd_4.jpg 600w, https:\/\/www.matnaduacuulong.org\/wp-content\/uploads\/2018\/07\/csd_4-150x150.jpg 150w, https:\/\/www.matnaduacuulong.org\/wp-content\/uploads\/2018\/07\/csd_4-300x300.jpg 300w\" data-lazy-sizes=\"(max-width: 600px) 100vw, 600px\" data-lazy-src=\"https:\/\/www.matnaduacuulong.org\/wp-content\/uploads\/2018\/07\/csd_4.jpg\" data-ll-status=\"loaded\" \/><\/div>\n<\/div>\n<\/div>\n<\/div>\n<\/div>\n<\/div>\n<\/div>\n<\/div>\n<\/section>\n<\/div>\n<\/div>\n<\/div>\n<\/div>\n<\/div>\n<\/div>\n<\/div>\n<\/section>","protected":false},"excerpt":{"rendered":"<p>C\u00d4NG D\u1ee4NG C\u1ee6A M\u1eb6T N\u1ea0 D\u1eeaA 2IN1 Gi\u1eef \u1ea9m l\u00e0m da tr\u1eafng s\u00e1ng t\u1ef1 nhi\u00ean Ch\u1ed1ng n\u1eafng, ch\u1ed1ng oxy-h\u00f3a l\u00e0m<\/p>","protected":false},"featured_media":12083,"comment_status":"open","ping_status":"closed","template":"","meta":{"_acf_changed":false},"product_cat":[332,334,366,447,446,398],"product_tag":[],"class_list":{"0":"post-12080","1":"product","2":"type-product","3":"status-publish","4":"has-post-thumbnail","6":"product_cat-san-pham-duoc-lieu-va-san-pham-tu-duoc-lieu","7":"product_cat-my-pham-co-thanh-phan-tu-thao-duoc","8":"product_cat-hang-cnnt-cap-qg","9":"product_cat-san-pham-cnnt-tb-cap-qg-2017","10":"product_cat-san-pham-cnnt-tb-cap-qg-2019","11":"product_cat-san-pham-cnnt-tb-cap-qg-2021","13":"first","14":"instock","15":"sale","16":"shipping-taxable","17":"purchasable","18":"product-type-simple"},"acf":[],"_links":{"self":[{"href":"https:\/\/b2c.fairs.vn\/en\/wp-json\/wp\/v2\/product\/12080","targetHints":{"allow":["GET"]}}],"collection":[{"href":"https:\/\/b2c.fairs.vn\/en\/wp-json\/wp\/v2\/product"}],"about":[{"href":"https:\/\/b2c.fairs.vn\/en\/wp-json\/wp\/v2\/types\/product"}],"replies":[{"embeddable":true,"href":"https:\/\/b2c.fairs.vn\/en\/wp-json\/wp\/v2\/comments?post=12080"}],"version-history":[{"count":0,"href":"https:\/\/b2c.fairs.vn\/en\/wp-json\/wp\/v2\/product\/12080\/revisions"}],"wp:featuredmedia":[{"embeddable":true,"href":"https:\/\/b2c.fairs.vn\/en\/wp-json\/wp\/v2\/media\/12083"}],"wp:attachment":[{"href":"https:\/\/b2c.fairs.vn\/en\/wp-json\/wp\/v2\/media?parent=12080"}],"wp:term":[{"taxonomy":"product_cat","embeddable":true,"href":"https:\/\/b2c.fairs.vn\/en\/wp-json\/wp\/v2\/product_cat?post=12080"},{"taxonomy":"product_tag","embeddable":true,"href":"https:\/\/b2c.fairs.vn\/en\/wp-json\/wp\/v2\/product_tag?post=12080"}],"curies":[{"name":"wp","href":"https:\/\/api.w.org\/{rel}","templated":true}]}}