{"id":12071,"date":"2024-03-29T08:52:53","date_gmt":"2024-03-29T01:52:53","guid":{"rendered":"https:\/\/b2c.fairs.vn\/?post_type=product&#038;p=12071"},"modified":"2024-04-26T10:03:46","modified_gmt":"2024-04-26T03:03:46","slug":"ca-that-lat-rut-xuong-tam-vi-ky-nhu","status":"publish","type":"product","link":"https:\/\/b2c.fairs.vn\/en\/product\/ca-that-lat-rut-xuong-tam-vi-ky-nhu\/","title":{"rendered":"C\u00e1 th\u00e1t l\u00e1t r\u00fat x\u01b0\u01a1ng t\u1ea9m v\u1ecb K\u1ef3 Nh\u01b0"},"content":{"rendered":"","protected":false},"excerpt":{"rendered":"","protected":false},"featured_media":12078,"comment_status":"open","ping_status":"closed","template":"","meta":{"_acf_changed":false},"product_cat":[366,398],"product_tag":[],"class_list":{"0":"post-12071","1":"product","2":"type-product","3":"status-publish","4":"has-post-thumbnail","6":"product_cat-hang-cnnt-cap-qg","7":"product_cat-san-pham-cnnt-tb-cap-qg-2021","9":"first","10":"instock","11":"shipping-taxable","12":"purchasable","13":"product-type-variable"},"acf":[],"_links":{"self":[{"href":"https:\/\/b2c.fairs.vn\/en\/wp-json\/wp\/v2\/product\/12071","targetHints":{"allow":["GET"]}}],"collection":[{"href":"https:\/\/b2c.fairs.vn\/en\/wp-json\/wp\/v2\/product"}],"about":[{"href":"https:\/\/b2c.fairs.vn\/en\/wp-json\/wp\/v2\/types\/product"}],"replies":[{"embeddable":true,"href":"https:\/\/b2c.fairs.vn\/en\/wp-json\/wp\/v2\/comments?post=12071"}],"version-history":[{"count":0,"href":"https:\/\/b2c.fairs.vn\/en\/wp-json\/wp\/v2\/product\/12071\/revisions"}],"wp:featuredmedia":[{"embeddable":true,"href":"https:\/\/b2c.fairs.vn\/en\/wp-json\/wp\/v2\/media\/12078"}],"wp:attachment":[{"href":"https:\/\/b2c.fairs.vn\/en\/wp-json\/wp\/v2\/media?parent=12071"}],"wp:term":[{"taxonomy":"product_cat","embeddable":true,"href":"https:\/\/b2c.fairs.vn\/en\/wp-json\/wp\/v2\/product_cat?post=12071"},{"taxonomy":"product_tag","embeddable":true,"href":"https:\/\/b2c.fairs.vn\/en\/wp-json\/wp\/v2\/product_tag?post=12071"}],"curies":[{"name":"wp","href":"https:\/\/api.w.org\/{rel}","templated":true}]}}