{"id":12051,"date":"2024-03-28T17:19:39","date_gmt":"2024-03-28T10:19:39","guid":{"rendered":"https:\/\/b2c.fairs.vn\/?post_type=product&#038;p=12051"},"modified":"2024-04-23T15:49:12","modified_gmt":"2024-04-23T08:49:12","slug":"sake-say","status":"publish","type":"product","link":"https:\/\/b2c.fairs.vn\/en\/product\/sake-say\/","title":{"rendered":"Sake S\u1ea5y"},"content":{"rendered":"<p>Sa k\u00ea s\u1ea5y c\u00f3 \u0111\u1eb7c t\u00ednh th\u01a1m ngon gi\u00f2n x\u1ed1p, l\u01b0\u1ee3ng d\u1ea7u th\u1ea5p, gi\u1eef \u0111\u01b0\u1ee3c h\u01b0\u01a1ng v\u1ecb, m\u00e0u s\u1eafc c\u0169ng nh\u01b0 h\u00e0m l\u01b0\u1ee3ng dinh d\u01b0\u1ee1ng Sak\u00ea t\u01b0\u01a1i.<\/p>\n<p>S\u1ea3n ph\u1ea9m \u0111\u01b0\u1ee3c s\u1ea3n xu\u1ea5t t\u1eeb d\u00e2y chuy\u1ec1n c\u00f4ng ngh\u1ec7 hi\u1ec7n \u0111\u1ea1i, \u0111\u1ea3m b\u1ea3o an to\u00e0n v\u1ec7 sinh th\u1ef1c ph\u1ea9m, nh\u01b0ng v\u1eabn gi\u1eef \u0111\u01b0\u1ee3c m\u00e0u s\u1eafc, h\u01b0\u01a1ng v\u1ecb t\u1ef1 nhi\u00ean c\u1ee7a Sak\u00ea t\u01b0\u01a1i v\u00e0 \u0111\u1eb7c bi\u1ec7t kh\u00f4ng d\u00f9ng h\u00f3a ch\u1ea5t trong qui tr\u00ecnh s\u1ea3n xu\u1ea5t. Cung c\u1ea5p nhi\u1ec1u vitamin, ch\u1ea5t dinh d\u01b0\u1ee1ng l\u00e0m h\u1ea5p d\u1eabn kh\u1ea9u v\u1ecb &amp; th\u00edch h\u1ee3p cho m\u1ecdi ng\u01b0\u1eddi.<\/p>","protected":false},"excerpt":{"rendered":"<p>Sa k\u00ea s\u1ea5y c\u00f3 \u0111\u1eb7c t\u00ednh th\u01a1m ngon gi\u00f2n x\u1ed1p, l\u01b0\u1ee3ng d\u1ea7u th\u1ea5p, gi\u1eef \u0111\u01b0\u1ee3c h\u01b0\u01a1ng v\u1ecb, m\u00e0u s\u1eafc c\u0169ng<\/p>","protected":false},"featured_media":12054,"comment_status":"open","ping_status":"closed","template":"","meta":{"_acf_changed":false},"product_cat":[316,366,367,22,313],"product_tag":[],"class_list":{"0":"post-12051","1":"product","2":"type-product","3":"status-publish","4":"has-post-thumbnail","6":"product_cat-che-bien-tu-rau-cu-qua-hat","7":"product_cat-hang-cnnt-cap-qg","8":"product_cat-hang-cnnt-cap-qg-2023","9":"product_cat-sanphamthucpham","10":"product_cat-thuc-pham-che-bien","12":"first","13":"instock","14":"shipping-taxable","15":"product-type-simple"},"acf":[],"_links":{"self":[{"href":"https:\/\/b2c.fairs.vn\/en\/wp-json\/wp\/v2\/product\/12051","targetHints":{"allow":["GET"]}}],"collection":[{"href":"https:\/\/b2c.fairs.vn\/en\/wp-json\/wp\/v2\/product"}],"about":[{"href":"https:\/\/b2c.fairs.vn\/en\/wp-json\/wp\/v2\/types\/product"}],"replies":[{"embeddable":true,"href":"https:\/\/b2c.fairs.vn\/en\/wp-json\/wp\/v2\/comments?post=12051"}],"version-history":[{"count":0,"href":"https:\/\/b2c.fairs.vn\/en\/wp-json\/wp\/v2\/product\/12051\/revisions"}],"wp:featuredmedia":[{"embeddable":true,"href":"https:\/\/b2c.fairs.vn\/en\/wp-json\/wp\/v2\/media\/12054"}],"wp:attachment":[{"href":"https:\/\/b2c.fairs.vn\/en\/wp-json\/wp\/v2\/media?parent=12051"}],"wp:term":[{"taxonomy":"product_cat","embeddable":true,"href":"https:\/\/b2c.fairs.vn\/en\/wp-json\/wp\/v2\/product_cat?post=12051"},{"taxonomy":"product_tag","embeddable":true,"href":"https:\/\/b2c.fairs.vn\/en\/wp-json\/wp\/v2\/product_tag?post=12051"}],"curies":[{"name":"wp","href":"https:\/\/api.w.org\/{rel}","templated":true}]}}