{"id":12036,"date":"2024-03-28T17:11:03","date_gmt":"2024-03-28T10:11:03","guid":{"rendered":"https:\/\/b2c.fairs.vn\/?post_type=product&#038;p=12036"},"modified":"2024-04-19T13:53:16","modified_gmt":"2024-04-19T06:53:16","slug":"khoai-mon-say-2","status":"publish","type":"product","link":"https:\/\/b2c.fairs.vn\/en\/product\/khoai-mon-say-2\/","title":{"rendered":"KHOAI M\u00d4N S\u1ea4Y"},"content":{"rendered":"<p>Khoai m\u00f4n sau khi thu ho\u1ea1ch s\u1ebd \u0111\u01b0\u1ee3c g\u1ecdt v\u1ecf, x\u1eed l\u00fd v\u1ec7 sinh v\u00e0 \u0111\u01b0a v\u00e0o m\u00e1y x\u1eaft th\u00e0nh t\u1eebng mi\u1ebfng nh\u1ecf v\u1eeba mi\u1ec7ng.<\/p>\n<p>Sau \u0111\u00f3 \u0111\u01b0a v\u00e0o bu\u1ed3ng S\u1ea5y th\u0103ng hoa trong m\u00f4i tr\u01b0\u1eddng ch\u00e2n kh\u00f4ng v\u1edbi t\u00e1c nh\u00e2n d\u1ea7u, cho ra s\u1ea3n ph\u1ea9m Khoai M\u00f4n S\u1ea5y v\u1eabn gi\u1eef \u0111\u01b0\u1ee3c m\u00e0u s\u1eafc t\u1ef1 nhi\u00ean, kh\u00f4ng bi\u1ebfn d\u1ea1ng, kh\u00f4ng caramel h\u00f3a, kh\u00f4ng b\u1ecb th\u1ea5m d\u1ea7u v\u1edbi \u0111\u1ed9 gi\u00f2n v\u1eeba ph\u1ea3i v\u00e0 h\u01b0\u01a1ng v\u1ecb th\u01a1m n\u1ed3ng \u0111\u1eb7c tr\u01b0ng c\u1ee7a khoai m\u00f4n v\u1eabn \u0111\u01b0\u1ee3c b\u1ea3o qu\u1ea3n sau khi s\u1ea5y.<\/p>","protected":false},"excerpt":{"rendered":"<p>Khoai m\u00f4n sau khi thu ho\u1ea1ch s\u1ebd \u0111\u01b0\u1ee3c g\u1ecdt v\u1ecf, x\u1eed l\u00fd v\u1ec7 sinh v\u00e0 \u0111\u01b0a v\u00e0o m\u00e1y x\u1eaft th\u00e0nh<\/p>","protected":false},"featured_media":12039,"comment_status":"open","ping_status":"closed","template":"","meta":{"_acf_changed":false},"product_cat":[316,366,367,22,313],"product_tag":[],"class_list":{"0":"post-12036","1":"product","2":"type-product","3":"status-publish","4":"has-post-thumbnail","6":"product_cat-che-bien-tu-rau-cu-qua-hat","7":"product_cat-hang-cnnt-cap-qg","8":"product_cat-hang-cnnt-cap-qg-2023","9":"product_cat-sanphamthucpham","10":"product_cat-thuc-pham-che-bien","12":"first","13":"instock","14":"shipping-taxable","15":"product-type-simple"},"acf":[],"_links":{"self":[{"href":"https:\/\/b2c.fairs.vn\/en\/wp-json\/wp\/v2\/product\/12036","targetHints":{"allow":["GET"]}}],"collection":[{"href":"https:\/\/b2c.fairs.vn\/en\/wp-json\/wp\/v2\/product"}],"about":[{"href":"https:\/\/b2c.fairs.vn\/en\/wp-json\/wp\/v2\/types\/product"}],"replies":[{"embeddable":true,"href":"https:\/\/b2c.fairs.vn\/en\/wp-json\/wp\/v2\/comments?post=12036"}],"version-history":[{"count":0,"href":"https:\/\/b2c.fairs.vn\/en\/wp-json\/wp\/v2\/product\/12036\/revisions"}],"wp:featuredmedia":[{"embeddable":true,"href":"https:\/\/b2c.fairs.vn\/en\/wp-json\/wp\/v2\/media\/12039"}],"wp:attachment":[{"href":"https:\/\/b2c.fairs.vn\/en\/wp-json\/wp\/v2\/media?parent=12036"}],"wp:term":[{"taxonomy":"product_cat","embeddable":true,"href":"https:\/\/b2c.fairs.vn\/en\/wp-json\/wp\/v2\/product_cat?post=12036"},{"taxonomy":"product_tag","embeddable":true,"href":"https:\/\/b2c.fairs.vn\/en\/wp-json\/wp\/v2\/product_tag?post=12036"}],"curies":[{"name":"wp","href":"https:\/\/api.w.org\/{rel}","templated":true}]}}