{"id":12035,"date":"2024-03-28T17:31:08","date_gmt":"2024-03-28T10:31:08","guid":{"rendered":"https:\/\/b2c.fairs.vn\/?post_type=product&#038;p=12035"},"modified":"2024-04-19T10:00:50","modified_gmt":"2024-04-19T03:00:50","slug":"yen-sao-tra-xanh-matcha","status":"publish","type":"product","link":"https:\/\/b2c.fairs.vn\/en\/product\/yen-sao-tra-xanh-matcha\/","title":{"rendered":"Y\u1ebfn s\u00e0o tr\u00e0 xanh matcha"},"content":{"rendered":"<p>Y\u1ebfn S\u00e0o Tr\u00e0 Xanh Matcha \u0111\u01b0\u1ee3c ch\u1ebf bi\u1ebfn theo ph\u01b0\u01a1ng ph\u00e1p c\u1ed5 truy\u1ec1n k\u1ebft h\u1ee3p v\u1edbi hi\u1ec7n \u0111\u1ea1i. H\u01b0\u01a1ng v\u1ecb y\u1ebfn s\u00e0o truy\u1ec1n th\u1ed1ng nay \u0111\u01b0\u1ee3c bi\u1ebfn t\u1ea5u th\u00fa v\u1ecb h\u01a1n khi \u0111\u01b0\u1ee3c h\u00f2a quy\u1ec7n v\u1edbi matcha l\u00e0m t\u0103ng th\u00eam c\u00f4ng d\u1ee5ng c\u1ee7a s\u1ea3n ph\u1ea9m nh\u01b0 \u0111\u1eb9p da, gi\u1ea3m c\u00e2n, ch\u1ed1ng oxy ho\u00e1,\u2026 \u0110\u1ed3ng th\u1eddi s\u1ea3n ph\u1ea9m \u0111\u01b0\u1ee3c s\u1ea3n xu\u1ea5t tr\u00ean d\u00e2y chuy\u1ec1n thi\u1ebft b\u1ecb hi\u1ec7n \u0111\u1ea1i,\u00a0\u0111\u1ea3m b\u1ea3o an to\u00e0n cho ng\u01b0\u1eddi ti\u00eau d\u00f9ng v\u00ec Y\u1ebfn S\u00e0o Fly \u0111\u01b0\u1ee3c \u0111\u00e1nh gi\u00e1 ph\u00f9 h\u1ee3p v\u1edbi c\u00e1c y\u00eau c\u1ea7u c\u1ee7a ti\u00eau chu\u1ea9n qu\u1ed1c t\u1ebf v\u1ec1 h\u1ec7 th\u1ed1ng qu\u1ea3n l\u00fd an to\u00e0n th\u1ef1c ph\u1ea9m theo HACCP cho l\u0129nh v\u1ef1c s\u01a1 ch\u1ebf v\u00e0 ch\u1ebf bi\u1ebfn y\u1ebfn s\u00e0o.<\/p>\n<p dir=\"ltr\"><strong>Th\u00e0nh ph\u1ea7n:\u00a0<\/strong>Nguy\u00ean li\u1ec7u (n\u01b0\u1edbc, y\u1ebfn s\u00e0o 15%, b\u1ed9t matcha, \u0111\u01b0\u1eddng ph\u00e8n) c\u00e1c ph\u1ee5 gia th\u1ef1c ph\u1ea9m (Ch\u1ea5t \u1ed5n \u0111\u1ecbnh: Gellan Gum (418), Agar (406), Sodium Alginate (401), Caramel IV (150d), h\u01b0\u01a1ng li\u1ec7u d\u00f9ng cho th\u1ef1c ph\u1ea9m).<\/p>\n<p dir=\"ltr\"><strong>H\u01b0\u1edbng d\u1eabn s\u1eed d\u1ee5ng:\u00a0<\/strong>L\u1eafc nh\u1eb9 tr\u01b0\u1edbc khi u\u1ed1ng, ngon h\u01a1n khi u\u1ed1ng l\u1ea1nh.<\/p>\n<p dir=\"ltr\"><strong>B\u1ea3o qu\u1ea3n:\u00a0<\/strong>N\u01a1i kh\u00f4 r\u00e1o, tr\u00e1nh \u00e1nh n\u1eafng tr\u1ef1c ti\u1ebfp.<\/p>\n<p dir=\"ltr\"><strong>Th\u1ec3 t\u00edch th\u1ef1c:<\/strong> 70ml\/l\u1ecd.<\/p>\n<p dir=\"ltr\"><b>L\u01b0u \u00fd:\u00a0<\/b>Kh\u00f4ng s\u1eed d\u1ee5ng s\u1ea3n ph\u1ea9m qu\u00e1 h\u1ea1n s\u1eed d\u1ee5ng ho\u1eb7c bao b\u00ec b\u1ecb h\u1ecfng h\u00f3c. S\u1eed d\u1ee5ng trong v\u00f2ng 24 gi\u1edd t\u1eeb khi m\u1edf n\u1eafp.<\/p>","protected":false},"excerpt":{"rendered":"<p>Y\u1ebfn S\u00e0o Tr\u00e0 Xanh Matcha \u0111\u01b0\u1ee3c ch\u1ebf bi\u1ebfn theo ph\u01b0\u01a1ng ph\u00e1p c\u1ed5 truy\u1ec1n k\u1ebft h\u1ee3p v\u1edbi hi\u1ec7n \u0111\u1ea1i. H\u01b0\u01a1ng v\u1ecb<\/p>","protected":false},"featured_media":12060,"comment_status":"open","ping_status":"closed","template":"","meta":{"_acf_changed":false},"product_cat":[325,329,331,366,367],"product_tag":[],"class_list":{"0":"post-12035","1":"product","2":"type-product","3":"status-publish","4":"has-post-thumbnail","6":"product_cat-san-pham-do-uong","7":"product_cat-do-uong-khong-con","8":"product_cat-do-uong-khong-con-do-uong-khong-con","9":"product_cat-hang-cnnt-cap-qg","10":"product_cat-hang-cnnt-cap-qg-2023","12":"first","13":"instock","14":"shipping-taxable","15":"purchasable","16":"product-type-variable"},"acf":[],"_links":{"self":[{"href":"https:\/\/b2c.fairs.vn\/en\/wp-json\/wp\/v2\/product\/12035","targetHints":{"allow":["GET"]}}],"collection":[{"href":"https:\/\/b2c.fairs.vn\/en\/wp-json\/wp\/v2\/product"}],"about":[{"href":"https:\/\/b2c.fairs.vn\/en\/wp-json\/wp\/v2\/types\/product"}],"replies":[{"embeddable":true,"href":"https:\/\/b2c.fairs.vn\/en\/wp-json\/wp\/v2\/comments?post=12035"}],"version-history":[{"count":0,"href":"https:\/\/b2c.fairs.vn\/en\/wp-json\/wp\/v2\/product\/12035\/revisions"}],"wp:featuredmedia":[{"embeddable":true,"href":"https:\/\/b2c.fairs.vn\/en\/wp-json\/wp\/v2\/media\/12060"}],"wp:attachment":[{"href":"https:\/\/b2c.fairs.vn\/en\/wp-json\/wp\/v2\/media?parent=12035"}],"wp:term":[{"taxonomy":"product_cat","embeddable":true,"href":"https:\/\/b2c.fairs.vn\/en\/wp-json\/wp\/v2\/product_cat?post=12035"},{"taxonomy":"product_tag","embeddable":true,"href":"https:\/\/b2c.fairs.vn\/en\/wp-json\/wp\/v2\/product_tag?post=12035"}],"curies":[{"name":"wp","href":"https:\/\/api.w.org\/{rel}","templated":true}]}}