{"id":11999,"date":"2024-03-28T17:03:22","date_gmt":"2024-03-28T10:03:22","guid":{"rendered":"https:\/\/b2c.fairs.vn\/?post_type=product&#038;p=11999"},"modified":"2024-04-03T10:07:13","modified_gmt":"2024-04-03T03:07:13","slug":"mit-say-2","status":"publish","type":"product","link":"https:\/\/b2c.fairs.vn\/en\/product\/mit-say-2\/","title":{"rendered":"M\u00edt s\u1ea5y"},"content":{"rendered":"<p>M\u00edt s\u1ea5y c\u00f3 v\u1ecb ng\u1ecdt thanh t\u1ef1 nhi\u00ean, kh\u00f4ng \u0111\u01b0\u1eddng, th\u01a1m ngon gi\u00f2n x\u1ed1p, lu\u00f4n gi\u1eef m\u00e0u v\u00e0ng t\u01b0\u01a1i c\u1ee7a m\u00edt, m\u00fai kh\u00f4ng qu\u00e1 to kh\u00f4ng c\u1ee9ng g\u1ea7n nh\u01b0 nguy\u00ean m\u00fai, s\u1ea3n ph\u1ea9m ho\u00e0n to\u00e0n kh\u00f4ng s\u1eed d\u1ee5ng h\u00f3a ch\u1ea5t v\u00e0 ph\u1ee5 gia th\u1ef1c ph\u1ea9m.<\/p>\n<p>M\u00edt s\u1ea5y \u0111\u01b0\u1ee3c \u0111\u00f3ng g\u00f3i ti\u1ec7n d\u1ee5ng, thu\u1eadn l\u1ee3i mang theo m\u1ed7i khi \u0111i xa hay d\u00e0nh l\u00e0m qu\u00e0 t\u1eb7ng.<\/p>","protected":false},"excerpt":{"rendered":"<p>M\u00edt s\u1ea5y c\u00f3 v\u1ecb ng\u1ecdt thanh t\u1ef1 nhi\u00ean, kh\u00f4ng \u0111\u01b0\u1eddng, th\u01a1m ngon gi\u00f2n x\u1ed1p, lu\u00f4n gi\u1eef m\u00e0u v\u00e0ng t\u01b0\u01a1i c\u1ee7a<\/p>","protected":false},"featured_media":12031,"comment_status":"open","ping_status":"closed","template":"","meta":{"_acf_changed":false},"product_cat":[316,366,447,367,22,313],"product_tag":[],"class_list":{"0":"post-11999","1":"product","2":"type-product","3":"status-publish","4":"has-post-thumbnail","6":"product_cat-che-bien-tu-rau-cu-qua-hat","7":"product_cat-hang-cnnt-cap-qg","8":"product_cat-san-pham-cnnt-tb-cap-qg-2017","9":"product_cat-hang-cnnt-cap-qg-2023","10":"product_cat-sanphamthucpham","11":"product_cat-thuc-pham-che-bien","13":"first","14":"instock","15":"shipping-taxable","16":"product-type-simple"},"acf":[],"_links":{"self":[{"href":"https:\/\/b2c.fairs.vn\/en\/wp-json\/wp\/v2\/product\/11999","targetHints":{"allow":["GET"]}}],"collection":[{"href":"https:\/\/b2c.fairs.vn\/en\/wp-json\/wp\/v2\/product"}],"about":[{"href":"https:\/\/b2c.fairs.vn\/en\/wp-json\/wp\/v2\/types\/product"}],"replies":[{"embeddable":true,"href":"https:\/\/b2c.fairs.vn\/en\/wp-json\/wp\/v2\/comments?post=11999"}],"version-history":[{"count":0,"href":"https:\/\/b2c.fairs.vn\/en\/wp-json\/wp\/v2\/product\/11999\/revisions"}],"wp:featuredmedia":[{"embeddable":true,"href":"https:\/\/b2c.fairs.vn\/en\/wp-json\/wp\/v2\/media\/12031"}],"wp:attachment":[{"href":"https:\/\/b2c.fairs.vn\/en\/wp-json\/wp\/v2\/media?parent=11999"}],"wp:term":[{"taxonomy":"product_cat","embeddable":true,"href":"https:\/\/b2c.fairs.vn\/en\/wp-json\/wp\/v2\/product_cat?post=11999"},{"taxonomy":"product_tag","embeddable":true,"href":"https:\/\/b2c.fairs.vn\/en\/wp-json\/wp\/v2\/product_tag?post=11999"}],"curies":[{"name":"wp","href":"https:\/\/api.w.org\/{rel}","templated":true}]}}