{"id":11992,"date":"2024-03-28T16:50:04","date_gmt":"2024-03-28T09:50:04","guid":{"rendered":"https:\/\/b2c.fairs.vn\/?post_type=product&#038;p=11992"},"modified":"2024-04-17T11:04:05","modified_gmt":"2024-04-17T04:04:05","slug":"combo-dau-an-cho-be-dau-me-den-super-green-100ml","status":"publish","type":"product","link":"https:\/\/b2c.fairs.vn\/en\/product\/combo-dau-an-cho-be-dau-me-den-super-green-100ml\/","title":{"rendered":"Combo D\u1ea7u \u0103n cho b\u00e9, D\u1ea7u m\u00e8 \u0111en Super Green 100ml"},"content":{"rendered":"<p>Trang tr\u1ea1i quy m\u00f4 l\u1edbn t\u1ea1i Cam L\u1ed9, Qu\u1ea3ng Tr\u1ecb canh t\u00e1c L\u1ea1c theo h\u01b0\u1edbng VietGAP (n\u0103m 2019 \u0111\u1ea1t ch\u1ee9ng nh\u1eadn ti\u00eau chu\u1ea9n VietGAP). Sau qu\u00e1 tr\u00ecnh thu ho\u1ea1ch L\u1ea1c ti\u1ebfp t\u1ee5c tr\u1ed3ng c\u00e1c lo\u1ea1i ng\u0169 c\u1ed1c kh\u00e1c nh\u01b0 m\u00e8 \u0111en, \u0111\u1ed7 t\u01b0\u01a1ng thu\u1ea7n ch\u1ee7ng\u2026<\/p>\n<p>Thu ho\u1ea1ch, ch\u1ebf bi\u1ebfn: nguy\u00ean li\u1ec7u thu \u0111\u01b0\u1ee3c t\u1eeb qu\u00e1 tr\u00ecnh tr\u1ed3ng tr\u1ecdt chuy\u1ec3n v\u1ec1 x\u01b0\u1edfng s\u1ea3n xu\u1ea5t \u0111\u1ec3 ch\u1ebf bi\u1ebfn c\u00e1c s\u1ea3n ph\u1ea9m nh\u01b0 d\u1ea7u l\u1ea1c, d\u1ea7u m\u00e8 \u0111en, b\u01a1 l\u1ea1c\u2026 \u0111\u1ea3m b\u1ea3o ti\u00eau chu\u1ea9n an to\u00e0n v\u1ec7 sinh th\u1ef1c ph\u1ea9m.<\/p>\n<p>&nbsp;<\/p>\n<p><strong>C\u00d4NG D\u1ee4NG<\/strong><\/p>\n<p>D\u1ea7u \u0103n cho B\u00e9 Super Green 100mlcung c\u1ea5p c\u00e1c d\u01b0\u1ee1ng ch\u1ea5t thi\u1ebft y\u1ebfu, \u0111\u1eb7c bi\u1ec7t t\u1ed1t cho tr\u1ebb nh\u1ecf bi\u1ebfng \u0103n khi \u0111\u01b0\u1ee3c b\u1ed5 sung v\u00e0o th\u1eddi k\u1ef3 \u0103n d\u1eb7m gi\u00fap tr\u1ebb s\u00e1ng m\u1eaft, ng\u0103n ng\u1eeba c\u00e1c b\u1ec7nh v\u1ec1 m\u1eaft nh\u01b0 c\u1eadn th\u1ecb, vi\u1ec5n th\u1ecb,\u2026, k\u00edch th\u00edch n\u00e3o b\u1ed9 v\u00e0 tr\u00ed tu\u1ec7 ph\u00e1t tri\u1ec3n, c\u1ea3i thi\u1ec7n dinh d\u01b0\u1ee1ng,\u2026 Ngo\u00e0i ra, d\u1ea7u \u0103n cho B\u00e9 c\u00f2n v\u00f4 c\u00f9ng th\u00edch h\u1ee3p s\u1eed d\u1ee5ng cho ph\u1ee5 n\u1eef \u0111ang mang thai c\u00f3 nhu c\u1ea7u dinh d\u01b0\u1ee1ng t\u0103ng cao hay nh\u1eefng ng\u01b0\u1eddi l\u00e0m vi\u1ec7c tr\u00ed \u00f3c c\u0103ng th\u1eb3ng, stress, m\u1ec7t m\u1ecfi gi\u00fap h\u1ecd l\u1ea5y l\u1ea1i tinh th\u1ea7n, ch\u1ed1ng oxy h\u00f3a, l\u00e3o h\u00f3a \u0111\u1ec3 c\u00f3 m\u1ed9t tr\u00ed nh\u1edb t\u1ed1t, ti\u1ebfp t\u1ee5c l\u00e0m vi\u1ec7c.<\/p>\n<p><strong>Th\u00e0nh ph\u1ea7n nguy\u00ean li\u1ec7u<\/strong><\/p>\n<p>Trong 5ml ch\u1ebf ph\u1ea9m c\u00f3 ch\u1ee9a: D\u1ea7u g\u1ea5c nguy\u00ean ch\u1ea5t (ch\u1ee9a ti\u1ec1n vitamin A, E l\u00e0 beta-caroten 150mcg%, lycopen, acid b\u00e9o Omega 3,6,9 c\u00f9ng nhi\u1ec1u nguy\u00ean t\u1ed1 vi l\u01b0\u1ee3ng kh\u00e1c); Omega 3 v\u00e0 d\u1ea7u l\u1ea1c, d\u1ea7u m\u00e8 \u0111en nguy\u00ean ch\u1ea5t.<\/p>\n<p>&nbsp;<\/p>\n<p><strong>\u0110\u1eb6C \u0110I\u1ec2M N\u1ed4I B\u1eacT<\/strong><\/p>\n<p>\u2013 D\u1ea7u \u0103n cho B\u00e9 Super Green chi\u1ebft xu\u1ea5t t\u1eeb qu\u1ea3 g\u1ea5c t\u1ef1 nhi\u00ean, b\u1ed5 sung d\u01b0\u1ee1ng ch\u1ea5t gi\u00fap t\u0103ng c\u01b0\u1eddng s\u1ee9c kh\u1ecfe, t\u0103ng kh\u1ea3 n\u0103ng mi\u1ec5n d\u1ecbch v\u00e0 s\u1ee9c \u0111\u1ec1 kh\u00e1ng cho b\u00e9.<br \/>\nT\u0103ng c\u01b0\u1eddng th\u1ecb l\u1ef1c v\u00e0 l\u00e0m \u0111\u1eb9p da<br \/>\nG\u1ea5c c\u00f3 ch\u1ee9a nhi\u1ec1u vitamin A n\u00ean r\u1ea5t t\u1ed1t cho m\u1eaft, gi\u00fap l\u00e0m s\u00e1ng m\u1eaft v\u00e0 ch\u1eefa m\u1ed9t s\u1ed1 b\u1ec7nh li\u00ean quan t\u1edbi m\u1eaft. Nhi\u1ec1u nghi\u00ean c\u1ee9u \u0111\u00e3 kh\u1eb3ng \u0111\u1ecbnh g\u1ea5c v\u00e0 d\u1ea7u g\u1ea5c \u0111\u01b0\u1ee3c xem l\u00e0 th\u1ef1c ph\u1ea9m h\u00e0ng \u0111\u1ea7u trong vi\u1ec7c l\u00e0m da m\u1ecbn m\u00e0ng, tr\u1eafng h\u1ed3ng b\u1edfi th\u00e0nh ph\u1ea7n c\u1ee7a g\u1ea5c v\u00e0 d\u1ea7u g\u1ea5c bao g\u1ed3m \u03b2-Caroten (ti\u1ec1n vitamin A) cao g\u1ea5p 1,8 l\u1ea7n so v\u1edbi d\u1ea7u gan c\u00e1 thu, 15 l\u1ea7n so v\u1edbi c\u00e0 r\u1ed1t, l\u00e0 \u03b2-caroten thi\u00ean nhi\u00ean thu\u1ea7n tu\u00fd n\u00ean c\u00f3 t\u00e1c d\u1ee5ng ch\u1ed1ng l\u00e3o ho\u00e1 m\u1ea1nh nh\u1ea5t \u0111\u1ed3ng th\u1eddi b\u1ed5 sung ngu\u1ed3n vitamin A gi\u00fap duy tr\u00ec m\u1ed9t l\u00e0n da kh\u1ecfe m\u1ea1nh, m\u1ec1m m\u1ea1i v\u00e0 v\u00e0 m\u1ecbn m\u00e0ng, t\u0103ng \u0111\u1ed9 \u0111\u00e0n h\u1ed3i v\u00e0 \u0111\u1ed9 \u1ea9m cho da.<br \/>\n\u2013 D\u1ea7u g\u1ea5c b\u1ed5 sung Omega 3 v\u1edbi h\u00e0m l\u01b0\u1ee3ng l\u1edbn DHA gi\u00fap k\u00edch th\u00edch ph\u00e1t tri\u1ec3n tr\u00ed tu\u1ec7 cho tr\u1ebb nh\u1ecf v\u00e0 c\u00e1c l\u1ee9a tu\u1ed5i h\u1ecdc \u0111\u01b0\u1eddng, gi\u00fap n\u00e3o b\u1ed9 c\u1ee7a thai nhi ph\u00e1t tri\u1ec3n.<br \/>\n\u2013 Ngo\u00e0i ra, c\u00e1c d\u01b0\u1ee1ng ch\u1ea5t c\u00f9ng c\u00e1c nguy\u00ean t\u1ed1 vi l\u01b0\u1ee3ng kh\u00e1c c\u00f3 trong d\u1ea7u g\u1ea5c s\u1ebd gi\u00fap c\u1ea3i thi\u1ec7n dinh d\u01b0\u1ee1ng, t\u0103ng c\u01b0\u1eddng kh\u1ea3 n\u0103ng l\u00e0m vi\u1ec7c tr\u00ed \u00f3c, tr\u00ed nh\u1edb c\u1ee7a ng\u01b0\u1eddi cao tu\u1ed5i, gi\u00fap ch\u1ed1ng oxy h\u00f3a, ch\u1ed1ng l\u00e3o h\u00f3a, ng\u0103n ng\u1eeba khuy\u1ebft t\u1eadt t\u1ebf b\u00e0o, do \u0111\u00f3 \u0111\u1ea7u g\u1ea5c c\u00f2n c\u00f3 c\u00f4ng d\u1ee5ng l\u00e0m \u0111\u1eb9p v\u1edbi t\u00f3c v\u00e0 da.<\/p>\n<p>&nbsp;<\/p>\n<p><strong>H\u01b0\u1edbng d\u1eabn s\u1eed d\u1ee5ng s\u1ea3n ph\u1ea9m<\/strong><\/p>\n<p>\u2013 \u0110\u1ed1i t\u01b0\u1ee3ng s\u1eed d\u1ee5ng:<br \/>\n+ Tr\u1ebb t\u1eeb 6 th\u00e1ng tu\u1ed5i tr\u1edf l\u00ean, nh\u1ea5t l\u00e0 tr\u1ebb \u0111ang trong th\u1eddi k\u1ef3 \u0103n d\u1eb7m, ph\u00e1t tri\u1ec3n c\u01a1 th\u1ec3 hay tr\u1ebb bi\u1ebfng \u0103n.<br \/>\n+ Ph\u1ee5 n\u1eef mang thai, nhu c\u1ea7u v\u1ec1 vitamin A, E, lycopen, Axit b\u00e9o Omega 3,6,9 v\u00e0 nhi\u1ec1u nguy\u00ean t\u1ed1 vi l\u01b0\u1ee3ng, dinh d\u01b0\u1ee1ng cho c\u01a1 th\u1ec3, t\u0103ng cao c\u1ea7n thi\u1ebft cho s\u1ef1 ph\u00e1t tri\u1ec3n m\u1eaft, v\u00f5ng n\u00e3o b\u1ed9 c\u1ee7a thai nhi<br \/>\n+ Nh\u1eefng ng\u01b0\u1eddi l\u00e0m vi\u1ec7c tr\u00ed \u00f3c v\u1edbi c\u01b0\u1eddng \u0111\u1ed9 cao, c\u0103ng th\u1eb3ng, l\u00e0m vi\u1ec7c nhi\u1ec1u v\u1edbi m\u00e1y t\u00ednh, m\u1ecfi m\u1ec7t, kh\u00f4 m\u1eaft, m\u1ecfi m\u1eaft.<\/p>\n<p>\u2013 C\u00e1ch s\u1eed d\u1ee5ng: D\u00f9ng thay d\u1ea7u \u0103n h\u00e0ng ng\u00e0y, cho v\u00e0o s\u1eefa, b\u1ed9t \u0103n d\u1eb7m, ch\u00e1o ho\u1eb7c khi n\u1ea5u \u0103n.<br \/>\n+ Tr\u1ebb em: 10 \u2013 20 ml\/ng\u00e0y (t\u01b0\u01a1ng \u0111\u01b0\u01a1ng 1 th\u00eca canh)<br \/>\n+ Ph\u1ee5 n\u1eef c\u00f3 thai, cho con b\u00fa, ng\u01b0\u1eddi gi\u00e0: 50 ml (t\u01b0\u01a1ng \u0111\u01b0\u01a1ng 2 th\u00eca canh).<\/p>\n<p>\u2013 H\u1ea1n s\u1eed d\u1ee5ng: 12 th\u00e1ng k\u1ec3 t\u1eeb ng\u00e0y s\u1ea3n xu\u1ea5t<\/p>\n<p>&nbsp;<\/p>\n<p><a class=\"_58cn\" href=\"https:\/\/www.facebook.com\/hashtag\/daume?source=feed_text&amp;epa=HASHTAG&amp;__xts__%5B0%5D=68.ARDaZJV7LvNGxvoGtwqIjYj7lygu8ky9w3P2rp3UjKh2nNMGkL4_34_TtKrB0EWExP4dH549U0bzq1XqXBr9ieTHUl-WWhywmmH2n-m-Y2ZzXGMY1i34Xpur-5x5sqlsrkWgc4DNoeFpEGPzcqrCC3U0jW_6PzwUcNG7jG08pM791ePhur45ozBGdSPVzubPz2uO_9MlhR34jjNP1wvmA0ITPZTEouzMxUZyTp1YO_DeCOXJw48WbRS7DNJzelBXLaefDb3c4u7l7MyDNTIbVPAXRC3U6urc5yOvzdLJshXUVmlHY29zpm3kmIQeFYkWS2X0sA5Cv9Mmq7mEoOhKZtxX-w&amp;__tn__=%2ANK-R\" data-ft=\"{&quot;type&quot;:104,&quot;tn&quot;:&quot;*N&quot;}\"><span class=\"_5afx\"><span class=\"_58cl _5afz\" aria-label=\"hashtag\">#<\/span><span class=\"_58cm\">daume<\/span><\/span><\/a>\u00a0<a class=\"_58cn\" href=\"https:\/\/www.facebook.com\/hashtag\/dauphong?source=feed_text&amp;epa=HASHTAG&amp;__xts__%5B0%5D=68.ARDaZJV7LvNGxvoGtwqIjYj7lygu8ky9w3P2rp3UjKh2nNMGkL4_34_TtKrB0EWExP4dH549U0bzq1XqXBr9ieTHUl-WWhywmmH2n-m-Y2ZzXGMY1i34Xpur-5x5sqlsrkWgc4DNoeFpEGPzcqrCC3U0jW_6PzwUcNG7jG08pM791ePhur45ozBGdSPVzubPz2uO_9MlhR34jjNP1wvmA0ITPZTEouzMxUZyTp1YO_DeCOXJw48WbRS7DNJzelBXLaefDb3c4u7l7MyDNTIbVPAXRC3U6urc5yOvzdLJshXUVmlHY29zpm3kmIQeFYkWS2X0sA5Cv9Mmq7mEoOhKZtxX-w&amp;__tn__=%2ANK-R\" data-ft=\"{&quot;type&quot;:104,&quot;tn&quot;:&quot;*N&quot;}\"><span class=\"_5afx\"><span class=\"_58cl _5afz\" aria-label=\"hashtag\">#<\/span><span class=\"_58cm\">dauphong<\/span><\/span><\/a>\u00a0<a class=\"_58cn\" href=\"https:\/\/www.facebook.com\/hashtag\/daudauphong?source=feed_text&amp;epa=HASHTAG&amp;__xts__%5B0%5D=68.ARDaZJV7LvNGxvoGtwqIjYj7lygu8ky9w3P2rp3UjKh2nNMGkL4_34_TtKrB0EWExP4dH549U0bzq1XqXBr9ieTHUl-WWhywmmH2n-m-Y2ZzXGMY1i34Xpur-5x5sqlsrkWgc4DNoeFpEGPzcqrCC3U0jW_6PzwUcNG7jG08pM791ePhur45ozBGdSPVzubPz2uO_9MlhR34jjNP1wvmA0ITPZTEouzMxUZyTp1YO_DeCOXJw48WbRS7DNJzelBXLaefDb3c4u7l7MyDNTIbVPAXRC3U6urc5yOvzdLJshXUVmlHY29zpm3kmIQeFYkWS2X0sA5Cv9Mmq7mEoOhKZtxX-w&amp;__tn__=%2ANK-R\" data-ft=\"{&quot;type&quot;:104,&quot;tn&quot;:&quot;*N&quot;}\"><span class=\"_5afx\"><span class=\"_58cl _5afz\" aria-label=\"hashtag\">#<\/span><span class=\"_58cm\">daudauphong<\/span><\/span><\/a>\u00a0<a class=\"_58cn\" href=\"https:\/\/www.facebook.com\/hashtag\/dauantreem?source=feed_text&amp;epa=HASHTAG&amp;__xts__%5B0%5D=68.ARDaZJV7LvNGxvoGtwqIjYj7lygu8ky9w3P2rp3UjKh2nNMGkL4_34_TtKrB0EWExP4dH549U0bzq1XqXBr9ieTHUl-WWhywmmH2n-m-Y2ZzXGMY1i34Xpur-5x5sqlsrkWgc4DNoeFpEGPzcqrCC3U0jW_6PzwUcNG7jG08pM791ePhur45ozBGdSPVzubPz2uO_9MlhR34jjNP1wvmA0ITPZTEouzMxUZyTp1YO_DeCOXJw48WbRS7DNJzelBXLaefDb3c4u7l7MyDNTIbVPAXRC3U6urc5yOvzdLJshXUVmlHY29zpm3kmIQeFYkWS2X0sA5Cv9Mmq7mEoOhKZtxX-w&amp;__tn__=%2ANK-R\" data-ft=\"{&quot;type&quot;:104,&quot;tn&quot;:&quot;*N&quot;}\"><span class=\"_5afx\"><span class=\"_58cl _5afz\" aria-label=\"hashtag\">#<\/span><span class=\"_58cm\">dauantreem<\/span><\/span><\/a>\u00a0<a class=\"_58cn\" href=\"https:\/\/www.facebook.com\/hashtag\/keolac?source=feed_text&amp;epa=HASHTAG&amp;__xts__%5B0%5D=68.ARDaZJV7LvNGxvoGtwqIjYj7lygu8ky9w3P2rp3UjKh2nNMGkL4_34_TtKrB0EWExP4dH549U0bzq1XqXBr9ieTHUl-WWhywmmH2n-m-Y2ZzXGMY1i34Xpur-5x5sqlsrkWgc4DNoeFpEGPzcqrCC3U0jW_6PzwUcNG7jG08pM791ePhur45ozBGdSPVzubPz2uO_9MlhR34jjNP1wvmA0ITPZTEouzMxUZyTp1YO_DeCOXJw48WbRS7DNJzelBXLaefDb3c4u7l7MyDNTIbVPAXRC3U6urc5yOvzdLJshXUVmlHY29zpm3kmIQeFYkWS2X0sA5Cv9Mmq7mEoOhKZtxX-w&amp;__tn__=%2ANK-R\" data-ft=\"{&quot;type&quot;:104,&quot;tn&quot;:&quot;*N&quot;}\"><span class=\"_5afx\"><span class=\"_58cl _5afz\" aria-label=\"hashtag\">#<\/span><span class=\"_58cm\">keolac<\/span><\/span><\/a>\u00a0<a class=\"_58cn\" href=\"https:\/\/www.facebook.com\/hashtag\/keohatdieu?source=feed_text&amp;epa=HASHTAG&amp;__xts__%5B0%5D=68.ARDaZJV7LvNGxvoGtwqIjYj7lygu8ky9w3P2rp3UjKh2nNMGkL4_34_TtKrB0EWExP4dH549U0bzq1XqXBr9ieTHUl-WWhywmmH2n-m-Y2ZzXGMY1i34Xpur-5x5sqlsrkWgc4DNoeFpEGPzcqrCC3U0jW_6PzwUcNG7jG08pM791ePhur45ozBGdSPVzubPz2uO_9MlhR34jjNP1wvmA0ITPZTEouzMxUZyTp1YO_DeCOXJw48WbRS7DNJzelBXLaefDb3c4u7l7MyDNTIbVPAXRC3U6urc5yOvzdLJshXUVmlHY29zpm3kmIQeFYkWS2X0sA5Cv9Mmq7mEoOhKZtxX-w&amp;__tn__=%2ANK-R\" data-ft=\"{&quot;type&quot;:104,&quot;tn&quot;:&quot;*N&quot;}\"><span class=\"_5afx\"><span class=\"_58cl _5afz\" aria-label=\"hashtag\">#<\/span><span class=\"_58cm\">keohatdieu<\/span><\/span><\/a>\u00a0<a class=\"_58cn\" href=\"https:\/\/www.facebook.com\/hashtag\/daumeden?source=feed_text&amp;epa=HASHTAG&amp;__xts__%5B0%5D=68.ARDaZJV7LvNGxvoGtwqIjYj7lygu8ky9w3P2rp3UjKh2nNMGkL4_34_TtKrB0EWExP4dH549U0bzq1XqXBr9ieTHUl-WWhywmmH2n-m-Y2ZzXGMY1i34Xpur-5x5sqlsrkWgc4DNoeFpEGPzcqrCC3U0jW_6PzwUcNG7jG08pM791ePhur45ozBGdSPVzubPz2uO_9MlhR34jjNP1wvmA0ITPZTEouzMxUZyTp1YO_DeCOXJw48WbRS7DNJzelBXLaefDb3c4u7l7MyDNTIbVPAXRC3U6urc5yOvzdLJshXUVmlHY29zpm3kmIQeFYkWS2X0sA5Cv9Mmq7mEoOhKZtxX-w&amp;__tn__=%2ANK-R\" data-ft=\"{&quot;type&quot;:104,&quot;tn&quot;:&quot;*N&quot;}\"><span class=\"_5afx\"><span class=\"_58cl _5afz\" aria-label=\"hashtag\">#<\/span><span class=\"_58cm\">daumeden<\/span><\/span><\/a>\u00a0<a class=\"_58cn\" href=\"https:\/\/www.facebook.com\/hashtag\/daulacnguyenchat?source=feed_text&amp;epa=HASHTAG&amp;__xts__%5B0%5D=68.ARDaZJV7LvNGxvoGtwqIjYj7lygu8ky9w3P2rp3UjKh2nNMGkL4_34_TtKrB0EWExP4dH549U0bzq1XqXBr9ieTHUl-WWhywmmH2n-m-Y2ZzXGMY1i34Xpur-5x5sqlsrkWgc4DNoeFpEGPzcqrCC3U0jW_6PzwUcNG7jG08pM791ePhur45ozBGdSPVzubPz2uO_9MlhR34jjNP1wvmA0ITPZTEouzMxUZyTp1YO_DeCOXJw48WbRS7DNJzelBXLaefDb3c4u7l7MyDNTIbVPAXRC3U6urc5yOvzdLJshXUVmlHY29zpm3kmIQeFYkWS2X0sA5Cv9Mmq7mEoOhKZtxX-w&amp;__tn__=%2ANK-R\" data-ft=\"{&quot;type&quot;:104,&quot;tn&quot;:&quot;*N&quot;}\"><span class=\"_5afx\"><span class=\"_58cl _5afz\" aria-label=\"hashtag\">#<\/span><span class=\"_58cm\">daulacnguyenchat<\/span><\/span><\/a><br \/>\nSuper Green \u2013 Gi\u00e1 tr\u1ecb nguy\u00ean ch\u1ea5t<br \/>\n<span class=\"_5mfr\"><span class=\"_6qdm\">\u260e\ufe0f<\/span><\/span>Hotline: 0935985985<br \/>\n<span class=\"_5mfr\"><span class=\"_6qdm\">\ud83d\udc49<\/span><\/span>Add:C\u1ee5m C\u00f4ng nghi\u1ec7p Cam Th\u00e0nh, Cam L\u1ed9, Qu\u1ea3ng Tr\u1ecb.<br \/>\n<span class=\"_5mfr\"><span class=\"_6qdm\">\ud83c\udf10<\/span><\/span>Website :http:\/\/supergreenoil.vn\/<\/p>","protected":false},"excerpt":{"rendered":"<p>Trang tr\u1ea1i quy m\u00f4 l\u1edbn t\u1ea1i Cam L\u1ed9, Qu\u1ea3ng Tr\u1ecb canh t\u00e1c L\u1ea1c theo h\u01b0\u1edbng VietGAP (n\u0103m 2019 \u0111\u1ea1t ch\u1ee9ng<\/p>","protected":false},"featured_media":12002,"comment_status":"open","ping_status":"closed","template":"","meta":{"_acf_changed":false},"product_cat":[366,398],"product_tag":[],"class_list":{"0":"post-11992","1":"product","2":"type-product","3":"status-publish","4":"has-post-thumbnail","6":"product_cat-hang-cnnt-cap-qg","7":"product_cat-san-pham-cnnt-tb-cap-qg-2021","9":"first","10":"instock","11":"shipping-taxable","12":"product-type-simple"},"acf":[],"_links":{"self":[{"href":"https:\/\/b2c.fairs.vn\/en\/wp-json\/wp\/v2\/product\/11992","targetHints":{"allow":["GET"]}}],"collection":[{"href":"https:\/\/b2c.fairs.vn\/en\/wp-json\/wp\/v2\/product"}],"about":[{"href":"https:\/\/b2c.fairs.vn\/en\/wp-json\/wp\/v2\/types\/product"}],"replies":[{"embeddable":true,"href":"https:\/\/b2c.fairs.vn\/en\/wp-json\/wp\/v2\/comments?post=11992"}],"version-history":[{"count":0,"href":"https:\/\/b2c.fairs.vn\/en\/wp-json\/wp\/v2\/product\/11992\/revisions"}],"wp:featuredmedia":[{"embeddable":true,"href":"https:\/\/b2c.fairs.vn\/en\/wp-json\/wp\/v2\/media\/12002"}],"wp:attachment":[{"href":"https:\/\/b2c.fairs.vn\/en\/wp-json\/wp\/v2\/media?parent=11992"}],"wp:term":[{"taxonomy":"product_cat","embeddable":true,"href":"https:\/\/b2c.fairs.vn\/en\/wp-json\/wp\/v2\/product_cat?post=11992"},{"taxonomy":"product_tag","embeddable":true,"href":"https:\/\/b2c.fairs.vn\/en\/wp-json\/wp\/v2\/product_tag?post=11992"}],"curies":[{"name":"wp","href":"https:\/\/api.w.org\/{rel}","templated":true}]}}