{"id":11985,"date":"2024-03-28T16:40:35","date_gmt":"2024-03-28T09:40:35","guid":{"rendered":"https:\/\/b2c.fairs.vn\/?post_type=product&#038;p=11985"},"modified":"2024-03-28T16:40:35","modified_gmt":"2024-03-28T09:40:35","slug":"nuoc-tam-thao-duoc-huyen-thoai","status":"publish","type":"product","link":"https:\/\/b2c.fairs.vn\/en\/product\/nuoc-tam-thao-duoc-huyen-thoai\/","title":{"rendered":"N\u01b0\u1edbc t\u1eafm th\u1ea3o d\u01b0\u1ee3c Huy\u1ec1n Tho\u1ea1i"},"content":{"rendered":"<p>Th\u00f4ng tin s\u1ea3n ph\u1ea9m:<\/p>\n<p>&#8211; Th\u00e0nh ph\u1ea7n : S\u00e0i \u0111\u1ea5t, l\u1ed3ng \u0111\u00e8n, m\u01b0\u1edbp \u0111\u1eafng, d\u00e2u t\u1eb1m, l\u00e1 kh\u1ebf, ch\u00e8 xanh,\u2026<\/p>\n<p>&#8211; C\u00f4ng d\u1ee5ng:<\/p>\n<ul class=\"list-paddingleft-2\">\n<li>Gi\u00fap l\u00e0m m\u00e1t da em b\u00e9, tr\u1ecb r\u00f4m s\u1ea3y, m\u1ea9n ng\u1ee9a tr\u1ecb m\u1ee5n nh\u1ecdt, m\u1ec1 \u0111ay, vi\u00eam da c\u01a1 \u0111\u1ecba,\u2026<\/li>\n<li>Th\u00e0nh ph\u1ea7n chi\u1ebft xu\u1ea5t t\u1eeb th\u1ea3o d\u01b0\u1ee3c 100% an to\u00e0n cho tr\u1ebb s\u01a1 sinh v\u00e0 tr\u1ebb nh\u1ecf.<\/li>\n<li>Gi\u00fap di\u1ec7t khu\u1ea9n, l\u00e0m s\u1ea1ch b\u1ea3o v\u1ec7 da, gi\u00fap ng\u0103n ng\u1eeba v\u00e0 tr\u1ecb r\u00f4m s\u1ea3y m\u1ee5n nh\u1ecdt cho b\u00e9.<\/li>\n<li>L\u00e0m m\u00e1t da, gi\u1eef da lu\u00f4n m\u1ec1m m\u1ea1i, th\u01a1m m\u00e1t v\u00e0 kh\u1ecfe m\u1ea1nh, l\u00e0m s\u1ea1ch an to\u00e0n c\u00e1c v\u1ea3y da \u0111\u1ea7u (c\u1ee9t tr\u00e2u \u1edf tr\u1ebb s\u01a1 sinh) l\u00f4ng<br \/>\nm\u0103ng tr\u1ebb s\u01a1 sinh v\u00e0 tr\u1ebb nh\u1ecf.<\/li>\n<li>\u0110\u1eb7c bi\u1ec7t h\u1ed7 tr\u1ee3 ph\u00f2ng c\u00e1c b\u1ec7nh v\u1ec1 \u0111\u01b0\u1eddng h\u00f4 h\u1ea5p v\u00e0 ch\u1ed1ng mu\u1ed7i.<\/li>\n<\/ul>\n<p>&#8211; C\u00e1ch d\u00f9ng: Pha 10ml v\u00e0o b\u1ed3n t\u1eafm b\u00e9, massage da b\u00e9 \u0111\u1ebfn s\u1ea1ch, t\u1eafm l\u1ea1i b\u1eb1ng n\u01b0\u1edbc s\u1ea1ch, lau kh\u00f4 c\u01a1 th\u1ec3 b\u00e9 b\u1eb1ng kh\u0103n m\u1ec1m.<\/p>\n<p>&#8211; B\u1ea3o qu\u1ea3n: Nhi\u1ec7t \u0111\u1ed9 th\u01b0\u1eddng ho\u1eb7c t\u1ee7 l\u1ea1nh.<\/p>\n<p>&#8211; H\u1ea1n s\u1eed d\u1ee5ng: 9 th\u00e1ng k\u1ec3 t\u1eeb ng\u00e0y s\u1ea3n xu\u1ea5t.<\/p>","protected":false},"excerpt":{"rendered":"<p>Th\u00f4ng tin s\u1ea3n ph\u1ea9m: &#8211; Th\u00e0nh ph\u1ea7n : S\u00e0i \u0111\u1ea5t, l\u1ed3ng \u0111\u00e8n, m\u01b0\u1edbp \u0111\u1eafng, d\u00e2u t\u1eb1m, l\u00e1 kh\u1ebf, ch\u00e8 xanh,\u2026<\/p>","protected":false},"featured_media":11981,"comment_status":"open","ping_status":"closed","template":"","meta":{"_acf_changed":false},"product_cat":[366,398],"product_tag":[],"class_list":{"0":"post-11985","1":"product","2":"type-product","3":"status-publish","4":"has-post-thumbnail","6":"product_cat-hang-cnnt-cap-qg","7":"product_cat-san-pham-cnnt-tb-cap-qg-2021","9":"first","10":"instock","11":"shipping-taxable","12":"product-type-simple"},"acf":[],"_links":{"self":[{"href":"https:\/\/b2c.fairs.vn\/en\/wp-json\/wp\/v2\/product\/11985","targetHints":{"allow":["GET"]}}],"collection":[{"href":"https:\/\/b2c.fairs.vn\/en\/wp-json\/wp\/v2\/product"}],"about":[{"href":"https:\/\/b2c.fairs.vn\/en\/wp-json\/wp\/v2\/types\/product"}],"replies":[{"embeddable":true,"href":"https:\/\/b2c.fairs.vn\/en\/wp-json\/wp\/v2\/comments?post=11985"}],"version-history":[{"count":0,"href":"https:\/\/b2c.fairs.vn\/en\/wp-json\/wp\/v2\/product\/11985\/revisions"}],"wp:featuredmedia":[{"embeddable":true,"href":"https:\/\/b2c.fairs.vn\/en\/wp-json\/wp\/v2\/media\/11981"}],"wp:attachment":[{"href":"https:\/\/b2c.fairs.vn\/en\/wp-json\/wp\/v2\/media?parent=11985"}],"wp:term":[{"taxonomy":"product_cat","embeddable":true,"href":"https:\/\/b2c.fairs.vn\/en\/wp-json\/wp\/v2\/product_cat?post=11985"},{"taxonomy":"product_tag","embeddable":true,"href":"https:\/\/b2c.fairs.vn\/en\/wp-json\/wp\/v2\/product_tag?post=11985"}],"curies":[{"name":"wp","href":"https:\/\/api.w.org\/{rel}","templated":true}]}}