{"id":11965,"date":"2024-03-28T16:44:56","date_gmt":"2024-03-28T09:44:56","guid":{"rendered":"https:\/\/b2c.fairs.vn\/?post_type=product&#038;p=11965"},"modified":"2024-04-23T15:44:46","modified_gmt":"2024-04-23T08:44:46","slug":"tinh-bot-nghe-nep-do-chuan-globalgap","status":"publish","type":"product","link":"https:\/\/b2c.fairs.vn\/en\/product\/tinh-bot-nghe-nep-do-chuan-globalgap\/","title":{"rendered":"Tinh b\u1ed9t ngh\u1ec7 n\u1ebfp \u0111\u1ecf chu\u1ea9n GlobalGAP"},"content":{"rendered":"<p><strong>Xu\u1ea5t x\u1ee9:<\/strong>\u00a0Kho\u00e1i Ch\u00e2u, H\u01b0ng Y\u00ean<\/p>\n<p><a href=\"https:\/\/tinhbotnghehoangminhchauhungyen.com\/nghe-do-va-nghe-vang-loai-nao-tot-hon\/\">Ngh\u1ec7 n\u1ebfp \u0111\u1ecf ti\u00eau chu\u1ea9n GlobalGAP Ho\u00e0ng Minh Ch\u00e2u ch\u1ee9a ho\u1ea1t ch\u1ea5t Curcumin cao g\u1ea5p 3 l\u1ea7n ngh\u1ec7 v\u00e0ng chanh<\/a>\u00a0gi\u00fap th\u1ea3i c\u00e1c \u0111\u1ed9c t\u1ed1 trong c\u01a1 th\u1ec3, h\u1ed7 tr\u1ee3 \u0111i\u1ec1u tr\u1ecb b\u1ec7nh d\u1ea1 d\u00e0y, t\u00e1 tr\u00e0ng; h\u1ed7 tr\u1ee3 n\u00e2ng cao \u0111\u1ec1 kh\u00e1ng sau x\u1ea1 tr\u1ecb, h\u00f3a tr\u1ecb; b\u1ed5 m\u00e1u; t\u1ed1t cho ph\u1ee5 n\u1eef sau sinh; c\u1ea3i thi\u1ec7n l\u00e0m s\u00e1ng da.<\/p>\n<p><strong>V\u00cc SAO N\u00caN CH\u1eccN TINH B\u1ed8T NGH\u1ec6 HO\u00c0NG MINH CH\u00c2U H\u01afNG Y\u00caN?<\/strong><\/p>\n<p>\ud83d\udca5\u0110I\u1ec2M N\u1ed4I B\u1eacT C\u1ee6A C\u00d4NG TY HO\u00c0NG MINH CH\u00c2U\ud83d\udca5<\/p>\n<p>\u2705\u00a0Ph\u1ed1i h\u1ee3p v\u1edbi B\u1ed9 Khoa h\u1ecdc C\u00f4ng Ngh\u1ec7 Vi\u1ec7t Nam, Vi\u1ec7n D\u01b0\u1ee3c li\u1ec7u Vi\u1ec7t Nam \u1ee9ng d\u1ee5ng KHCN \u0111\u1ec3 tr\u1ed3ng v\u00e0 s\u1ea3n xu\u1ea5t c\u00e1c s\u1ea3n ph\u1ea9m ngh\u1ec7 \u0111\u1ecf \u0111\u1ea1t chu\u1ea9n GlobalGAP, \u0111\u01b0\u1ee3c Nh\u00e0 n\u01b0\u1edbc b\u1ea3o h\u1ed9 \u0111\u1ed9c quy\u1ec1n th\u01b0\u01a1ng hi\u1ec7u NGH\u1ec6 N\u1ebeP \u0110\u1ece t\u1ea1i Ch\u00ed T\u00e2n Kho\u00e1i Ch\u00e2u;<\/p>\n<p>\u2705C\u00e1c ho\u1ea1t \u0111\u1ed9ng t\u1eeb kh\u00e2u tr\u1ed3ng tr\u1ecdt cho t\u1edbi s\u1ea3n xu\u1ea5t d\u01b0\u1edbi s\u1ef1 gi\u00e1m s\u00e1t ch\u1eb7t ch\u1ebd c\u1ee7a c\u00e1c chuy\u00ean gia, s\u1eed d\u1ee5ng thi\u1ebft b\u1ecb hi\u1ec7n \u0111\u1ea1i, ti\u00ean ti\u1ebfn b\u1eadc nh\u1ea5t \u0111\u1ea3m b\u1ea3o ch\u1ea5t l\u01b0\u1ee3ng v\u00e0 gi\u00e1 c\u1ea3 c\u1ea1nh tranh;<\/p>\n<p>\u2705Lu\u00f4n ki\u1ec3m so\u00e1t ngu\u1ed3n n\u01b0\u1edbc, \u0111\u1ea5t, c\u00e2y gi\u1ed1ng \u0111\u1ecbnh k\u1ef3;<\/p>\n<p>\u2705\u00a0Ch\u1ec9 d\u00f9ng lo\u1ea1i gi\u1ed1ng \u0111\u1ea1t ti\u00eau chu\u1ea9n v\u00e0 ph\u00e2n h\u1eefu c\u01a1 vi sinh l\u00e0nh t\u00ednh<\/p>\n<p>\u2705\u00a0Kh\u00f4ng t\u1ed3n d\u01b0 thu\u1ed1c b\u1ea3o v\u1ec7 th\u1ef1c v\u1eadt, kh\u00f4ng h\u01b0\u01a1ng li\u1ec7u t\u1ea1o m\u00e0u;<\/p>\n<p>\u2705\u00a0Cam k\u1ebft \u0111\u00e3 l\u1ecdc s\u1ea1ch d\u1ea7u ngh\u1ec7, b\u00e3 ngh\u1ec7, kh\u00f4ng g\u00e2y v\u00e0ng da, kh\u00f4ng g\u00e2y n\u00f3ng gan;<\/p>\n<p>\u2705\u00a0C\u00f3 truy xu\u1ea5t ngu\u1ed3n g\u1ed1c s\u1ea3n ph\u1ea9m r\u00f5 r\u00e0ng;<\/p>\n<p>\u2705\u00a0Uy t\u00edn l\u00e0 s\u1ef1 s\u1ed1ng c\u00f2n. Ho\u00e0n ti\u1ec1n 200% n\u1ebfu ph\u00e1t hi\u1ec7n h\u00e0ng k\u00e9m ch\u1ea5t l\u01b0\u1ee3ng, pha tr\u1ed9n.<\/p>","protected":false},"excerpt":{"rendered":"<p>Xu\u1ea5t x\u1ee9:\u00a0Kho\u00e1i Ch\u00e2u, H\u01b0ng Y\u00ean Ngh\u1ec7 n\u1ebfp \u0111\u1ecf ti\u00eau chu\u1ea9n GlobalGAP Ho\u00e0ng Minh Ch\u00e2u ch\u1ee9a ho\u1ea1t ch\u1ea5t Curcumin cao g\u1ea5p<\/p>","protected":false},"featured_media":11979,"comment_status":"open","ping_status":"closed","template":"","meta":{"_acf_changed":false},"product_cat":[332,366,367,333],"product_tag":[],"class_list":{"0":"post-11965","1":"product","2":"type-product","3":"status-publish","4":"has-post-thumbnail","6":"product_cat-san-pham-duoc-lieu-va-san-pham-tu-duoc-lieu","7":"product_cat-hang-cnnt-cap-qg","8":"product_cat-hang-cnnt-cap-qg-2023","9":"product_cat-thuc-pham-chuc-nang-thuoc-duoc-lieu-thuoc-y-hoc-co-truyen","11":"first","12":"instock","13":"shipping-taxable","14":"purchasable","15":"product-type-variable"},"acf":[],"_links":{"self":[{"href":"https:\/\/b2c.fairs.vn\/en\/wp-json\/wp\/v2\/product\/11965","targetHints":{"allow":["GET"]}}],"collection":[{"href":"https:\/\/b2c.fairs.vn\/en\/wp-json\/wp\/v2\/product"}],"about":[{"href":"https:\/\/b2c.fairs.vn\/en\/wp-json\/wp\/v2\/types\/product"}],"replies":[{"embeddable":true,"href":"https:\/\/b2c.fairs.vn\/en\/wp-json\/wp\/v2\/comments?post=11965"}],"version-history":[{"count":0,"href":"https:\/\/b2c.fairs.vn\/en\/wp-json\/wp\/v2\/product\/11965\/revisions"}],"wp:featuredmedia":[{"embeddable":true,"href":"https:\/\/b2c.fairs.vn\/en\/wp-json\/wp\/v2\/media\/11979"}],"wp:attachment":[{"href":"https:\/\/b2c.fairs.vn\/en\/wp-json\/wp\/v2\/media?parent=11965"}],"wp:term":[{"taxonomy":"product_cat","embeddable":true,"href":"https:\/\/b2c.fairs.vn\/en\/wp-json\/wp\/v2\/product_cat?post=11965"},{"taxonomy":"product_tag","embeddable":true,"href":"https:\/\/b2c.fairs.vn\/en\/wp-json\/wp\/v2\/product_tag?post=11965"}],"curies":[{"name":"wp","href":"https:\/\/api.w.org\/{rel}","templated":true}]}}