{"id":11950,"date":"2024-03-28T16:38:28","date_gmt":"2024-03-28T09:38:28","guid":{"rendered":"https:\/\/b2c.fairs.vn\/?post_type=product&#038;p=11950"},"modified":"2024-03-28T16:38:28","modified_gmt":"2024-03-28T09:38:28","slug":"nuoc-goi-thao-duoc-huyen-thoai","status":"publish","type":"product","link":"https:\/\/b2c.fairs.vn\/en\/product\/nuoc-goi-thao-duoc-huyen-thoai\/","title":{"rendered":"N\u01b0\u1edbc g\u1ed9i th\u1ea3o d\u01b0\u1ee3c Huy\u1ec1n Tho\u1ea1i"},"content":{"rendered":"<p>N\u01b0\u1edbc g\u1ed9i th\u1ea3o d\u01b0\u1ee3c Huy\u1ec1n Tho\u1ea1i \u0111\u01b0\u1ee3c s\u1ea3n xu\u1ea5t t\u1eeb c\u00e1c nguy\u00ean li\u1ec7u t\u1eeb t\u1ef1 nhi\u00ean. Gi\u00fap t\u00f3c m\u01b0\u1ee3t, s\u1ea1ch g\u00e0u v\u1edbi h\u01b0\u01a1ng th\u01a1m b\u1ed3 k\u1ebft, v\u1ecf b\u01b0\u1edfi, b\u1ea1c h\u00e0, m\u1ea7n tr\u1ea7u, l\u00e1 d\u1ee9a, nha \u0111am&#8230;th\u1eadt s\u1ef1 an to\u00e0n v\u1edbi nguy\u00ean li\u1ec7u ho\u00e0n to\u00e0n t\u1ef1 nhi\u00ean nha ch\u1ecb em. \u0110\u1eb7c bi\u1ec7t c\u00e1c m\u1eb9 sau sinh nh\u01b0 em r\u1ea5t n\u00ean d\u00f9ng b\u1ea1n n\u00e0y, tr\u1ecb r\u1ee5ng t\u00f3c c\u1ef1c k\u1ef3 hi\u1ec7u qu\u1ea3. C\u00f4ng d\u1ee5ng: Tr\u1ecb r\u1ee5ng t\u00f3c, t\u00f3c m\u1ec1m m\u01b0\u1ee3t, s\u1ea1ch g\u00e0u, ch\u1ed1ng b\u1ea1c t\u00f3c HDSD: pha 10ml h\u00f2a v\u00e0o 500ml n\u01b0\u1edbc v\u00e0 g\u1ed9i \u0111\u1ea7u nh\u01b0 b\u00ecnh th\u01b0\u1eddng, kh\u00f4ng s\u1eed d\u1ee5ng d\u1ea7u x\u1ea3 sau khi g\u1ed9i. C\u00f3 th\u1ec3 k\u1ebft h\u1ee3p v\u1edbi Tinh d\u1ea7u b\u01b0\u1edfi Huy\u1ec1n Tho\u1ea1i \u0111\u1ec3 mang l\u1ea1i hi\u1ec7u qu\u1ea3 t\u1ed1i \u01b0u.<\/p>","protected":false},"excerpt":{"rendered":"<p>N\u01b0\u1edbc g\u1ed9i th\u1ea3o d\u01b0\u1ee3c Huy\u1ec1n Tho\u1ea1i \u0111\u01b0\u1ee3c s\u1ea3n xu\u1ea5t t\u1eeb c\u00e1c nguy\u00ean li\u1ec7u t\u1eeb t\u1ef1 nhi\u00ean. Gi\u00fap t\u00f3c m\u01b0\u1ee3t, s\u1ea1ch<\/p>","protected":false},"featured_media":11980,"comment_status":"open","ping_status":"closed","template":"","meta":{"_acf_changed":false},"product_cat":[366,398],"product_tag":[],"class_list":{"0":"post-11950","1":"product","2":"type-product","3":"status-publish","4":"has-post-thumbnail","6":"product_cat-hang-cnnt-cap-qg","7":"product_cat-san-pham-cnnt-tb-cap-qg-2021","9":"first","10":"instock","11":"shipping-taxable","12":"product-type-simple"},"acf":[],"_links":{"self":[{"href":"https:\/\/b2c.fairs.vn\/en\/wp-json\/wp\/v2\/product\/11950","targetHints":{"allow":["GET"]}}],"collection":[{"href":"https:\/\/b2c.fairs.vn\/en\/wp-json\/wp\/v2\/product"}],"about":[{"href":"https:\/\/b2c.fairs.vn\/en\/wp-json\/wp\/v2\/types\/product"}],"replies":[{"embeddable":true,"href":"https:\/\/b2c.fairs.vn\/en\/wp-json\/wp\/v2\/comments?post=11950"}],"version-history":[{"count":0,"href":"https:\/\/b2c.fairs.vn\/en\/wp-json\/wp\/v2\/product\/11950\/revisions"}],"wp:featuredmedia":[{"embeddable":true,"href":"https:\/\/b2c.fairs.vn\/en\/wp-json\/wp\/v2\/media\/11980"}],"wp:attachment":[{"href":"https:\/\/b2c.fairs.vn\/en\/wp-json\/wp\/v2\/media?parent=11950"}],"wp:term":[{"taxonomy":"product_cat","embeddable":true,"href":"https:\/\/b2c.fairs.vn\/en\/wp-json\/wp\/v2\/product_cat?post=11950"},{"taxonomy":"product_tag","embeddable":true,"href":"https:\/\/b2c.fairs.vn\/en\/wp-json\/wp\/v2\/product_tag?post=11950"}],"curies":[{"name":"wp","href":"https:\/\/api.w.org\/{rel}","templated":true}]}}