{"id":11941,"date":"2024-03-28T16:20:16","date_gmt":"2024-03-28T09:20:16","guid":{"rendered":"https:\/\/b2c.fairs.vn\/?post_type=product&#038;p=11941"},"modified":"2024-03-28T16:20:16","modified_gmt":"2024-03-28T09:20:16","slug":"dua-tuoi-ngam-nuoc-duong","status":"publish","type":"product","link":"https:\/\/b2c.fairs.vn\/en\/product\/dua-tuoi-ngam-nuoc-duong\/","title":{"rendered":"D\u1ee9a T\u01b0\u01a1i Ng\u00e2m N\u01b0\u1edbc \u0110\u01b0\u1eddng"},"content":{"rendered":"<p>D\u1ee9a, m\u1ed9t m\u00f3n hoa qu\u1ea3 bi\u1ec3u t\u01b0\u1ee3ng c\u1ee7a th\u00e0nh ph\u1ed1 Tam \u0110i\u1ec7p, l\u00e0 m\u1eb7t h\u00e0ng xu\u1ea5t kh\u1ea9u m\u1ea1nh nh\u1ea5t c\u1ee7a c\u00f4ng ty \u00c1 Ch\u00e2u, v\u1ed1n \u0111\u00e3 \u0111\u01b0\u1ee3c kh\u1eb3ng \u0111\u1ecbnh \u0111\u01b0\u1ee3c ch\u1ea5t l\u01b0\u1ee3ng tr\u00ean th\u1ecb tr\u01b0\u1eddng qu\u1ed1c t\u1ebf. S\u1ea3n ph\u1ea9m D\u1ee9a T\u01b0\u01a1i Ng\u00e2m N\u01b0\u1edbc \u0110\u01b0\u1eddng c\u1ee7a \u00c1 Ch\u00e2u \u0111\u00e3 xu\u1ea5t hi\u1ec7n \u1edf th\u1ecb tr\u01b0\u1eddng Hoa K\u00ec v\u1edbi th\u01b0\u01a1ng hi\u1ec7u DOLE V\u00c0 GABRILEA. Ngo\u00e0i ra, ch\u00fang t\u00f4i c\u00f2n h\u1ee3p t\u00e1c v\u1edbi nhi\u1ec1u th\u01b0\u01a1ng hi\u1ec7u th\u1ef1c ph\u1ea9m n\u1ed5i ti\u1ebfng t\u1ea1i Nga v\u00e0 Ch\u00e2u \u00c2u, v\u1edbi m\u1ee5c ti\u00eau chung l\u00e0 \u0111em l\u1ea1i s\u1ea3n ph\u1ea9m c\u00f3 ch\u1ea5t l\u01b0\u1ee3ng cao nh\u1ea5t v\u00e0 l\u00e0m h\u00e0i l\u00f2ng\u00a0nh\u1eefng ng\u01b0\u1eddi ti\u00eau d\u00f9ng kh\u1eaft khe nh\u1ea5t.<\/p>\n<div id=\"\" class=\"wpsestyles\">C\u00e1c th\u00f4ng s\u1ed1 c\u1ee7a\u00a0<em>D\u1ee9a T\u01b0\u01a1i Ng\u00e2m N\u01b0\u1edbc \u0110\u01b0\u1eddng<\/em><\/div>\n<div><\/div>\n<div>Ch\u00fang t\u00f4i c\u00f3 2 d\u00f2ng s\u1ea3n ph\u1ea9m D\u1ee9a ch\u00ednh: D\u1ee9a Khoanh v\u00e0 D\u1ee9a Mi\u1ebfng. Ngo\u00e0i ra, \u00c1 Ch\u00e2u s\u1eb5n s\u00e0ng s\u1ea3n xu\u1ea5t v\u1ec1 c\u00e1c d\u00f2ng s\u1ea3n ph\u1ea9m D\u1ee9a kh\u00e1c t\u00f9y theo nhu c\u1ea7u c\u1ee7a kh\u00e1ch h\u00e0ng.<\/div>\n<div><\/div>\n<div>\n<table>\n<tbody>\n<tr>\n<td><strong>Quy c\u00e1ch \u0111\u00f3ng th\u00f9ng<\/strong><\/td>\n<td><strong>Kh\u1ed1i l\u01b0\u1ee3ng t\u1ecbnh\u00a0(gram)<\/strong><\/td>\n<td><strong>Kh\u1ed1i l\u01b0\u1ee3ng c\u00e1i\u00a0(gram)<\/strong><\/td>\n<td><strong>Th\u00e0nh ph\u1ea7n<\/strong><\/td>\n<td><strong>\u0110\u1ed9 \u0111\u01b0\u1eddng (%)<\/strong><\/td>\n<td><strong>Axit (%)<\/strong><\/td>\n<\/tr>\n<tr>\n<td>24 lon\/carton<\/td>\n<td>565<\/td>\n<td>300<\/td>\n<td rowspan=\"3\">D\u1ee9a t\u01b0\u01a1i, n\u01b0\u1edbc, \u0111\u01b0\u1eddng<\/td>\n<td rowspan=\"3\">14 \u2013 16<\/td>\n<td rowspan=\"3\">0.04 \u2013 0.05<\/td>\n<\/tr>\n<tr>\n<td>12 lon\/carton<\/td>\n<td>830<\/td>\n<td>430<\/td>\n<\/tr>\n<tr>\n<td>6 lon\/carton<\/td>\n<td>3000<\/td>\n<td>1500 \u2013 1800<\/td>\n<\/tr>\n<\/tbody>\n<\/table>\n<\/div>","protected":false},"excerpt":{"rendered":"<p>D\u1ee9a, m\u1ed9t m\u00f3n hoa qu\u1ea3 bi\u1ec3u t\u01b0\u1ee3ng c\u1ee7a th\u00e0nh ph\u1ed1 Tam \u0110i\u1ec7p, l\u00e0 m\u1eb7t h\u00e0ng xu\u1ea5t kh\u1ea9u m\u1ea1nh nh\u1ea5t c\u1ee7a<\/p>","protected":false},"featured_media":11943,"comment_status":"open","ping_status":"closed","template":"","meta":{"_acf_changed":false},"product_cat":[316,22,313],"product_tag":[],"class_list":{"0":"post-11941","1":"product","2":"type-product","3":"status-publish","4":"has-post-thumbnail","6":"product_cat-che-bien-tu-rau-cu-qua-hat","7":"product_cat-sanphamthucpham","8":"product_cat-thuc-pham-che-bien","10":"first","11":"instock","12":"shipping-taxable","13":"product-type-simple"},"acf":[],"_links":{"self":[{"href":"https:\/\/b2c.fairs.vn\/en\/wp-json\/wp\/v2\/product\/11941","targetHints":{"allow":["GET"]}}],"collection":[{"href":"https:\/\/b2c.fairs.vn\/en\/wp-json\/wp\/v2\/product"}],"about":[{"href":"https:\/\/b2c.fairs.vn\/en\/wp-json\/wp\/v2\/types\/product"}],"replies":[{"embeddable":true,"href":"https:\/\/b2c.fairs.vn\/en\/wp-json\/wp\/v2\/comments?post=11941"}],"version-history":[{"count":0,"href":"https:\/\/b2c.fairs.vn\/en\/wp-json\/wp\/v2\/product\/11941\/revisions"}],"wp:featuredmedia":[{"embeddable":true,"href":"https:\/\/b2c.fairs.vn\/en\/wp-json\/wp\/v2\/media\/11943"}],"wp:attachment":[{"href":"https:\/\/b2c.fairs.vn\/en\/wp-json\/wp\/v2\/media?parent=11941"}],"wp:term":[{"taxonomy":"product_cat","embeddable":true,"href":"https:\/\/b2c.fairs.vn\/en\/wp-json\/wp\/v2\/product_cat?post=11941"},{"taxonomy":"product_tag","embeddable":true,"href":"https:\/\/b2c.fairs.vn\/en\/wp-json\/wp\/v2\/product_tag?post=11941"}],"curies":[{"name":"wp","href":"https:\/\/api.w.org\/{rel}","templated":true}]}}