{"id":11938,"date":"2024-03-28T16:23:37","date_gmt":"2024-03-28T09:23:37","guid":{"rendered":"https:\/\/b2c.fairs.vn\/?post_type=product&#038;p=11938"},"modified":"2024-03-28T16:23:37","modified_gmt":"2024-03-28T09:23:37","slug":"may-nuong-banh-trang-gao","status":"publish","type":"product","link":"https:\/\/b2c.fairs.vn\/en\/product\/may-nuong-banh-trang-gao\/","title":{"rendered":"M\u00e1y N\u01b0\u1edbng B\u00e1nh Tr\u00e1ng G\u1ea1o"},"content":{"rendered":"<h3>V\u1ec1\u00a0M\u00e1y n\u01b0\u1edbng b\u00e1nh tr\u00e1ng \u0111a n\u0103ng 4M<\/h3>\n<ul>\n<li>M\u00e1y n\u01b0\u1edbng b\u00e1nh tr\u00e1ng \u0111a n\u0103ng 4M l\u00e0 \u00fd t\u01b0\u1edfng s\u00e1ng t\u1ea1o c\u1ee7a\u00a0<strong>k\u1ef9 s\u01b0 Nguy\u1ec5n N\u1edf<\/strong>, \u1edf x\u00e3 H\u00e0nh Thu\u1eadn, huy\u1ec7n Ngh\u0129a H\u00e0nh \u0111\u01b0\u1ee3c anh ch\u1ecdn l\u1ef1a \u0111\u1ec3\u00a0<strong>kh\u1edfi nghi\u1ec7p<\/strong>\u00a0v\u1edbi nh\u1eefng b\u01b0\u1edbc \u0111i \u0111\u1ea7y tri\u1ec3n v\u1ecdng.<\/li>\n<li>\u0110\u01b0\u1ee3c ch\u1ee9ng nh\u1eadn l\u00e0\u00a0<strong>s\u1ea3n ph\u1ea9m c\u00f4ng nghi\u1ec7p n\u00f4ng th\u00f4n ti\u00eau bi\u1ec3u t\u1ec9nh Qu\u1ea3ng Ng\u00e3i n\u0103m 2018, 2020.<\/strong><\/li>\n<li>\u0110\u1ea1t\u00a0<strong>GI\u1ea2I NH\u1ea4T<\/strong>\u00a0cu\u1ed9c thi kh\u1edfi nghi\u1ec7p \u0111\u1ed5i m\u1edbi s\u00e1ng t\u1ea1o t\u1ec9nh Qu\u1ea3ng Ng\u00e3i n\u0103m 2019.<\/li>\n<li><strong>Gi\u1ea3i khuy\u1ebfn kh\u00edch<\/strong>\u00a0t\u1ea1i\u00a0H\u00f4i thi khoa h\u1ecdc s\u00e1ng t\u1ea1o k\u1ef9 thu\u1eadt n\u0103m 2019<\/li>\n<\/ul>\n<h3>M\u00e1y n\u01b0\u1edbng b\u00e1nh tr\u00e1ng \u0111a n\u0103ng 4M b\u1eb1ng tia H\u1ed3ng ngo\u1ea1i c\u00f3 th\u1ec3 n\u01b0\u1edbng \u0111\u01b0\u1ee3c c\u00e1c lo\u1ea1i b\u00e1nh tr\u00e1ng :<\/h3>\n<ul>\n<li>B\u00c1NH TR\u00c1NG G\u1ea0O<\/li>\n<li>B\u00c1NH TR\u00c1NG G\u1ea0O M\u00c8<\/li>\n<li>B\u00c1NH TR\u00c1NG L\u1ea0C V\u1eeaNG<\/li>\n<li>B\u00c1NH \u0110A V\u1eeaNG<\/li>\n<li>B\u00c1NH TR\u00c1NG N\u01af\u1edaC D\u1eeaA<\/li>\n<li>B\u00c1NH TR\u00c1NG CHU\u1ed0I<\/li>\n<li>B\u00c1NH TR\u00c1NG CHU\u1ed0I D\u1eeaA<\/li>\n<li>N\u01af\u1edaNG KH\u00d4 C\u00c1<\/li>\n<li>N\u01af\u1edaNG KH\u00d4 M\u1ef0C\u2026<\/li>\n<\/ul>\n<h3><strong>\u01afu \u0111i\u1ec3m c\u1ee7a\u00a0M\u00e1y n\u01b0\u1edbng b\u00e1nh tr\u00e1ng \u0111a n\u0103ng 4M b\u1eb1ng tia H\u1ed3ng ngo\u1ea1i<\/strong><\/h3>\n<ul>\n<li>N\u01b0\u1edbng nhanh, l\u1ee3i \u0111i\u1ec7n, b\u00e1nh s\u1ed1p, v\u00e0ng.<\/li>\n<li>Ti\u1ebft ki\u1ec7m \u0111i\u1ec7n (n\u1eefa ti\u1ec1n so n\u01b0\u1edbng THAN)(\u0111i\u1ec7n n\u0103ng s\u1eed d\u1ee5ng 5-7kw\/h)<\/li>\n<li>N\u01b0\u1edbng THAN r\u1ea5t c\u00f3 h\u1ea1i \u0111\u1ebfn s\u1ee9c kh\u1ecfe\u00a0(v\u00ec kh\u00f3i \u0111\u1ed9c, thi\u1ebfu O2).<\/li>\n<li>N\u01b0\u1edbng b\u1eb1ng m\u00e1y ch\u1ee7 \u0111\u1ed9ng ngu\u1ed3n b\u00e1nh.<\/li>\n<li>D\u00f2ng \u0111i\u1ec7n s\u1eed d\u1ee5ng: \u0111i\u1ec7n d\u00e2n d\u1ee5ng 220v.<\/li>\n<li>M\u00e1y thi\u1ebft k\u1ebf nh\u1ecf g\u1ecdn v\u00e0 r\u1ea5t an to\u00e0n<\/li>\n<\/ul>\n<p><strong>Th\u00f4ng tin li\u00ean h\u1ec7:<\/strong><\/p>\n<h3 class=\"widget-title\">M\u00c1Y N\u01af\u1edaNG B\u00c1NH TR\u00c1NG 4M<\/h3>\n<ul>\n<li class=\"widget-title\">Th\u00f4n \u0110\u1ea1i An T\u00e2y II, x\u00e3 H\u00e0nh Thu\u1eadn, Ngh\u0129a H\u00e0nh, Qu\u1ea3ng Ng\u00e3i<\/li>\n<li>Hotline: 0907101585 (Zalo)<\/li>\n<li>Website:\u00a0<a href=\"https:\/\/may4m.com\/?fbclid=IwAR0jbA5suZb2j8zoljIaArdkrjuKTo3DzetXwtVSxtWFn4gblmCT4VRumSE\" target=\"_blank\" rel=\"noopener nofollow\" data-ft=\"{&quot;tn&quot;:&quot;-U&quot;}\" data-lynx-mode=\"async\" data-lynx-uri=\"https:\/\/l.facebook.com\/l.php?u=https%3A%2F%2Fmay4m.com%2F%3Ffbclid%3DIwAR0jbA5suZb2j8zoljIaArdkrjuKTo3DzetXwtVSxtWFn4gblmCT4VRumSE&amp;h=AT2rmNkgWVhwI58pla78zOE9YYWuoe8IR4sVSWMBY1lim5aCwZJSQsQScTefZxJDY8CJmpc-8tYUC0Ax_ldYGRLbEhNQSNYXMlVWr1oX-z4fNcr1tS1NtXm8uxEonkgLnVHFo3R9YsSdqcXBNJv8O1hGyUe8BD2janUB_olSIgAVPZ3sON4ouKMdqq0vNzhTsHv9xxxJO6rDfxQSn6kJyzoB0-ILxDazCODyUlQdJmP8CRwhC79g0I8CbehjwZVCZEcOsQG2ZEfRM-OzG6-lSG3psxN2yhYIgGg1n2PkYKJD_XgmD98Mm1DzGnrCBgi_Xkl0Pg3cm99_P091gMpU8wdBGr1yStv2cxy7YDcFpG7AmncergbUwbINFb2lSpbZs2ElH64sDvGtbrEtokXFod_5d8H_pMIHMDgMtd9i39YqwNIDByHE49ha1czFc6swA6GY2Qyb5f7RDO7dNEZbA9MinqvWXsrX81W0fwkdGSNvwNvvZvxH-eS4uTNKak7g6oiGzrxVDqhZoDV8rN0X-Z5roduTkiJVMOwARlA6uKSMWWzzf5zlfXRY45VrEUno_vPdfdLN\">https:\/\/may4m.com<\/a><\/li>\n<li>Youtube:\u00a0<a href=\"https:\/\/bitly.vn\/7fmz?fbclid=IwAR0PpzxkaHR__ID9-EU9MvH0cnDwtziWGWpe_HzJkhHyIbFPtFvvh0CnLto\" target=\"_blank\" rel=\"noopener nofollow\" data-ft=\"{&quot;tn&quot;:&quot;-U&quot;}\" data-lynx-mode=\"async\" data-lynx-uri=\"https:\/\/l.facebook.com\/l.php?u=https%3A%2F%2Fbitly.vn%2F7fmz%3Ffbclid%3DIwAR0PpzxkaHR__ID9-EU9MvH0cnDwtziWGWpe_HzJkhHyIbFPtFvvh0CnLto&amp;h=AT1yKVA571RfTr9ZUxeRh_6e-KRTt29RRm7x1g7HL_SWEHbaFekT9roN3o0UzQHBU0OyKdr89s8BSu3PlRvaK1DUWm0t9M2RR2p9l1a7WY5SwelufxW6fqSN3MI74u77gNQ2YAqoOeWF9wgQFDYnmsUkJJazIAP7HpAvw_gKDw7eHxFW8nMsRObmnfZWDpKU-lSRy4-nA35IxN373s5rj1sE8h8IiwbdoWLBQ6b1AfLGGRnJupXAn1mO6JjIydCitOUfO-H8re2CpsEPuQRQne7r6fniBT2wwRgRHk5i-Q0UFJKZT7Qb7yJDqI2FuJsZ4q6vUn_koVyV56Sdl1z95zaXO7Pnd3JXlCyXke3FEpcm3MsMYC3f2w5rDBGekoYZNQwtGQa2iKpNJhI7aXxHo0fQ4WExtKwAvXrtmNq22vvggdcxYW990v1ugMDUnbJIVet11oBal__kQCsNcTEuXRfeWxTdRw1F4EhIyG1oLrJQ1HbEoB1uicMTRPNe9NBBxvC_yjKdida4HXfpYluKId0AQSxo7nHIDHsXdBpfPoKzpB2f47svboMynKXgp1vfBwrkSKsR\">https:\/\/bitly.vn\/7fmz<\/a><\/li>\n<li>Key:\u00a0<a class=\"_58cn\" href=\"https:\/\/www.facebook.com\/hashtag\/maynuongbanhtrang4m?__eep__=6&amp;source=feed_text&amp;epa=HASHTAG&amp;__xts__%5B0%5D=68.ARBIhZbJ9mXvFWZ1sxG1edDvrZoIlNqfXKFLeDJJCMaRyVPWIavip8iOItE8rZ_iR9b0IOmh6vWFitaQcG7XhA2-Tm_Yj00h6cu8XMQxm396iMpzEbvbddH3qcove1wbVGBbal3_07tNhyTOPNYsxAsbvK6qq1dNEdvVlMTVgR91UAu3OG2P_i63ymyRFIJ7uC9pl30P3I4lTd-AaldnYVbFrXacUAh_9-2yxUbXsgSq6M98HMCBXQ0B78HqTt_5JbQFI_JPkWm-vY1U7bGd9naebZNSKt8cOA&amp;__tn__=%2ANK-R\" data-ft=\"{&quot;type&quot;:104,&quot;tn&quot;:&quot;*N&quot;}\"><span class=\"_5afx\"><span class=\"_58cl _5afz\" aria-label=\"hashtag\">#<\/span><span class=\"_58cm\">maynuongbanhtrang4M<\/span><\/span><\/a><\/li>\n<\/ul>\n<p><a href=\"https:\/\/bitly.vn\/287q\"><img fetchpriority=\"high\" decoding=\"async\" class=\"alignnone wp-image-1379\" src=\"https:\/\/may4m.com\/wp-content\/uploads\/2016\/09\/36903150_1754210024658769_5521642155107418112_n-225x300.jpg\" sizes=\"(max-width: 317px) 100vw, 317px\" srcset=\"https:\/\/may4m.com\/wp-content\/uploads\/2016\/09\/36903150_1754210024658769_5521642155107418112_n-225x300.jpg 225w, https:\/\/may4m.com\/wp-content\/uploads\/2016\/09\/36903150_1754210024658769_5521642155107418112_n-600x800.jpg 600w, https:\/\/may4m.com\/wp-content\/uploads\/2016\/09\/36903150_1754210024658769_5521642155107418112_n.jpg 720w\" alt=\"\" width=\"317\" height=\"422\" \/><\/a><\/p>","protected":false},"excerpt":{"rendered":"<p>V\u1ec1\u00a0M\u00e1y n\u01b0\u1edbng b\u00e1nh tr\u00e1ng \u0111a n\u0103ng 4M M\u00e1y n\u01b0\u1edbng b\u00e1nh tr\u00e1ng \u0111a n\u0103ng 4M l\u00e0 \u00fd t\u01b0\u1edfng s\u00e1ng t\u1ea1o c\u1ee7a\u00a0k\u1ef9<\/p>","protected":false},"featured_media":11946,"comment_status":"open","ping_status":"closed","template":"","meta":{"_acf_changed":false},"product_cat":[366,398],"product_tag":[],"class_list":{"0":"post-11938","1":"product","2":"type-product","3":"status-publish","4":"has-post-thumbnail","6":"product_cat-hang-cnnt-cap-qg","7":"product_cat-san-pham-cnnt-tb-cap-qg-2021","9":"first","10":"instock","11":"shipping-taxable","12":"product-type-simple"},"acf":[],"_links":{"self":[{"href":"https:\/\/b2c.fairs.vn\/en\/wp-json\/wp\/v2\/product\/11938","targetHints":{"allow":["GET"]}}],"collection":[{"href":"https:\/\/b2c.fairs.vn\/en\/wp-json\/wp\/v2\/product"}],"about":[{"href":"https:\/\/b2c.fairs.vn\/en\/wp-json\/wp\/v2\/types\/product"}],"replies":[{"embeddable":true,"href":"https:\/\/b2c.fairs.vn\/en\/wp-json\/wp\/v2\/comments?post=11938"}],"version-history":[{"count":0,"href":"https:\/\/b2c.fairs.vn\/en\/wp-json\/wp\/v2\/product\/11938\/revisions"}],"wp:featuredmedia":[{"embeddable":true,"href":"https:\/\/b2c.fairs.vn\/en\/wp-json\/wp\/v2\/media\/11946"}],"wp:attachment":[{"href":"https:\/\/b2c.fairs.vn\/en\/wp-json\/wp\/v2\/media?parent=11938"}],"wp:term":[{"taxonomy":"product_cat","embeddable":true,"href":"https:\/\/b2c.fairs.vn\/en\/wp-json\/wp\/v2\/product_cat?post=11938"},{"taxonomy":"product_tag","embeddable":true,"href":"https:\/\/b2c.fairs.vn\/en\/wp-json\/wp\/v2\/product_tag?post=11938"}],"curies":[{"name":"wp","href":"https:\/\/api.w.org\/{rel}","templated":true}]}}