{"id":11933,"date":"2024-03-28T16:18:08","date_gmt":"2024-03-28T09:18:08","guid":{"rendered":"https:\/\/b2c.fairs.vn\/?post_type=product&#038;p=11933"},"modified":"2024-03-28T16:18:09","modified_gmt":"2024-03-28T09:18:09","slug":"dao-ngam-nuoc-duong","status":"publish","type":"product","link":"https:\/\/b2c.fairs.vn\/en\/product\/dao-ngam-nuoc-duong\/","title":{"rendered":"\u0110\u00e0o Ng\u00e2m N\u01b0\u1edbc \u0110\u01b0\u1eddng"},"content":{"rendered":"<article id=\"post-707\" class=\"post-707 product type-product status-publish has-post-thumbnail hentry\">\n<div class=\"entry-content\">\n<p>Qu\u1ea3 \u0111\u00e0o l\u00e0 m\u1ed9t trong nh\u1eefng s\u1ea3n ph\u1ea9m n\u1ed5i b\u1eadt c\u1ee7a v\u00f9ng nguy\u00ean li\u1ec7u mi\u1ec1n n\u00fai ph\u00eda T\u00e2y B\u1eafc Vi\u1ec7t Nam. \u0110\u00e2y l\u00e0 s\u1ea3n ph\u1ea9m n\u00f4ng nghi\u1ec7p c\u1ee7a t\u1ec9nh S\u01a1n La ph\u00e2n b\u1ed1 ch\u1ee7 y\u1ebfu t\u1ea1i huy\u1ec7n M\u1ed9c Ch\u00e2u. B\u1eb1ng c\u00f4ng ngh\u1ec7 s\u1ea3n xu\u1ea5t ti\u00ean ti\u1ebfn theo quy tr\u00ecnh hi\u1ec7n \u0111\u1ea1i, \u00c1 Ch\u00e2u \u0111\u00e3 cho ra \u0111\u1eddi nh\u1eefng s\u1ea3n ph\u1ea9m \u0111\u00f3ng h\u1ed9p v\u1edbi h\u01b0\u01a1ng v\u1ecb thanh m\u00e1t, ng\u1ecdt thanh c\u1ee7a nh\u1eefng mi\u1ebfng \u0111\u00e0o gi\u00f2n ng\u1ecdt.<\/p>\n<p>\u00c1 Ch\u00e2u t\u1ef1 h\u00e0o l\u00e0 m\u1ed9t trong nh\u1eefng s\u1ed1 r\u1ea5t \u00edt c\u00e1c \u0111\u01a1n v\u1ecb \u1edf Vi\u1ec7t Nam c\u00f3 kh\u1ea3 n\u0103ng s\u1ea3n xu\u1ea5t ra \u0110\u00e0o Ng\u00e2m N\u01b0\u1edbc \u0110\u01b0\u1eddng v\u1edbi ch\u1ea5t l\u01b0\u1ee3ng tuy\u1ec7t h\u1ea3o v\u00e0 gi\u00e1 th\u00e0nh h\u1ee3p l\u00fd. Nh\u1eefng h\u1ed9p \u0111\u00e0o mang th\u01b0\u01a1ng hi\u1ec7u\u00a0<strong>\u201cC\u00e1t Long\u201d<\/strong>\u00a0\u0111\u00e3 xu\u1ea5t hi\u1ec7n trong c\u00e1c chu\u1ed7i F&amp;B l\u1edbn t\u1ea1i Vi\u1ec7t Nam v\u00e0 v\u00f4 s\u1ed1 c\u00e1c qu\u00e1n c\u00e0 ph\u00ea, gi\u1ea3i kh\u00e1t l\u1edbn nh\u1ecf.<\/p>\n<p>S\u1ea3n ph\u1ea9m\u00a0<strong>\u201c\u0110\u00e0o Ng\u00e2m N\u01b0\u1edbc \u0110\u01b0\u1eddng C\u00e1t Long\u201d<\/strong>\u00a0c\u1ee7a \u00c1 Ch\u00e2u \u0111\u00e3 tr\u1edf th\u00e0nh m\u1ed9t \u0111i\u1ec3m nh\u1ea5n \u0111\u1eb7c bi\u1ec7t tr\u00ean th\u1ecb tr\u01b0\u1eddng cung \u1ee9ng c\u00e1c s\u1ea3n ph\u1ea9m topping cho pha ch\u1ebf, cam k\u1ebft l\u00e0m h\u00e0i l\u00f2ng t\u1ea5t c\u1ea3 ng\u01b0\u1eddi ti\u00eau d\u00f9ng.<\/p>\n<div id=\"\" class=\"wpsestyles\"><em>C\u00e1c th\u00f4ng s\u1ed1 c\u1ee7a \u0110\u00e0o Ng\u00e2m N\u01b0\u1edbc \u0110\u01b0\u1eddng C\u00e1t Long:<\/em><\/div>\n<div><\/div>\n<table>\n<tbody>\n<tr>\n<td><strong>Quy c\u00e1ch \u0111\u00f3ng th\u00f9ng<\/strong><\/td>\n<td><strong>Kh\u1ed1i l\u01b0\u1ee3ng t\u1ecbnh\u00a0(gram)<\/strong><\/td>\n<td><strong>Kh\u1ed1i l\u01b0\u1ee3ng c\u00e1i\u00a0(gram)<\/strong><\/td>\n<td><strong>Th\u00e0nh ph\u1ea7n<\/strong><\/td>\n<td><strong>\u0110\u1ed9 \u0111\u01b0\u1eddng (%)<\/strong><\/td>\n<td><strong>Axit (%)<\/strong><\/td>\n<\/tr>\n<tr>\n<td>24 lon\/th\u00f9ng<\/td>\n<td>425<\/td>\n<td>250<\/td>\n<td rowspan=\"4\">\u0110\u00e0o t\u01b0\u01a1i, n\u01b0\u1edbc, \u0111\u01b0\u1eddng<\/td>\n<td rowspan=\"4\">4 \u2013 6<\/td>\n<td rowspan=\"4\">0.04 \u2013 0.05<\/td>\n<\/tr>\n<tr>\n<td>24 lon\/th\u00f9ng<\/td>\n<td>565<\/td>\n<td>360<\/td>\n<\/tr>\n<tr>\n<td>12 lon\/th\u00f9ng<\/td>\n<td>830<\/td>\n<td>480<\/td>\n<\/tr>\n<tr>\n<td>6 lon\/th\u00f9ng<\/td>\n<td>3000<\/td>\n<td>1800<\/td>\n<\/tr>\n<\/tbody>\n<\/table>\n<div id=\"\" class=\"wpsestyles\"><\/div>\n<\/div>\n<footer class=\"entry-footer\"><\/footer>\n<\/article>","protected":false},"excerpt":{"rendered":"<p>Qu\u1ea3 \u0111\u00e0o l\u00e0 m\u1ed9t trong nh\u1eefng s\u1ea3n ph\u1ea9m n\u1ed5i b\u1eadt c\u1ee7a v\u00f9ng nguy\u00ean li\u1ec7u mi\u1ec1n n\u00fai ph\u00eda T\u00e2y B\u1eafc Vi\u1ec7t<\/p>","protected":false},"featured_media":11939,"comment_status":"open","ping_status":"closed","template":"","meta":{"_acf_changed":false},"product_cat":[316,22,313],"product_tag":[],"class_list":{"0":"post-11933","1":"product","2":"type-product","3":"status-publish","4":"has-post-thumbnail","6":"product_cat-che-bien-tu-rau-cu-qua-hat","7":"product_cat-sanphamthucpham","8":"product_cat-thuc-pham-che-bien","10":"first","11":"instock","12":"shipping-taxable","13":"product-type-simple"},"acf":[],"_links":{"self":[{"href":"https:\/\/b2c.fairs.vn\/en\/wp-json\/wp\/v2\/product\/11933","targetHints":{"allow":["GET"]}}],"collection":[{"href":"https:\/\/b2c.fairs.vn\/en\/wp-json\/wp\/v2\/product"}],"about":[{"href":"https:\/\/b2c.fairs.vn\/en\/wp-json\/wp\/v2\/types\/product"}],"replies":[{"embeddable":true,"href":"https:\/\/b2c.fairs.vn\/en\/wp-json\/wp\/v2\/comments?post=11933"}],"version-history":[{"count":0,"href":"https:\/\/b2c.fairs.vn\/en\/wp-json\/wp\/v2\/product\/11933\/revisions"}],"wp:featuredmedia":[{"embeddable":true,"href":"https:\/\/b2c.fairs.vn\/en\/wp-json\/wp\/v2\/media\/11939"}],"wp:attachment":[{"href":"https:\/\/b2c.fairs.vn\/en\/wp-json\/wp\/v2\/media?parent=11933"}],"wp:term":[{"taxonomy":"product_cat","embeddable":true,"href":"https:\/\/b2c.fairs.vn\/en\/wp-json\/wp\/v2\/product_cat?post=11933"},{"taxonomy":"product_tag","embeddable":true,"href":"https:\/\/b2c.fairs.vn\/en\/wp-json\/wp\/v2\/product_tag?post=11933"}],"curies":[{"name":"wp","href":"https:\/\/api.w.org\/{rel}","templated":true}]}}