{"id":11925,"date":"2024-03-28T16:16:07","date_gmt":"2024-03-28T09:16:07","guid":{"rendered":"https:\/\/b2c.fairs.vn\/?post_type=product&#038;p=11925"},"modified":"2024-03-28T16:16:08","modified_gmt":"2024-03-28T09:16:08","slug":"hat-sen-ngam-nuoc-duong","status":"publish","type":"product","link":"https:\/\/b2c.fairs.vn\/en\/product\/hat-sen-ngam-nuoc-duong\/","title":{"rendered":"H\u1ea1t Sen Ng\u00e2m N\u01b0\u1edbc \u0110\u01b0\u1eddng"},"content":{"rendered":"<div class=\"wpsestyles\"><em>C\u00e1c th\u00f4ng s\u1ed1 c\u1ee7a H\u1ea1t Sen Ng\u00e2m N\u01b0\u1edbc \u0110\u01b0\u1eddng C\u00e1t Long<\/em><\/div>\n<div><\/div>\n<table>\n<tbody>\n<tr>\n<td><strong>Quy c\u00e1ch \u0111\u00f3ng th\u00f9ng<\/strong><\/td>\n<td><strong>Kh\u1ed1i l\u01b0\u1ee3ng t\u1ecbnh\u00a0(gram)<\/strong><\/td>\n<td><strong>Kh\u1ed1i l\u01b0\u1ee3ng c\u00e1i\u00a0(gram)<\/strong><\/td>\n<td><strong>Th\u00e0nh ph\u1ea7n<\/strong><\/td>\n<td><strong>\u0110\u1ed9 \u0111\u01b0\u1eddng (%)<\/strong><\/td>\n<td><strong>Axit (%)<\/strong><\/td>\n<\/tr>\n<tr>\n<td>24 lon\/th\u00f9ng<\/td>\n<td>425<\/td>\n<td>250<\/td>\n<td rowspan=\"4\">H\u1ea1t sen, n\u01b0\u1edbc, \u0111\u01b0\u1eddng<\/td>\n<td rowspan=\"4\">4 \u2013 6<\/td>\n<td rowspan=\"4\">0.04 \u2013 0.05<\/td>\n<\/tr>\n<tr>\n<td>24 lon\/th\u00f9ng<\/td>\n<td>565<\/td>\n<td>360<\/td>\n<\/tr>\n<tr>\n<td>12 lon\/th\u00f9ng<\/td>\n<td>830<\/td>\n<td>480<\/td>\n<\/tr>\n<tr>\n<td>6 lon\/th\u00f9ng<\/td>\n<td>3000<\/td>\n<td>1800<\/td>\n<\/tr>\n<\/tbody>\n<\/table>","protected":false},"excerpt":{"rendered":"<p>C\u00e1c th\u00f4ng s\u1ed1 c\u1ee7a H\u1ea1t Sen Ng\u00e2m N\u01b0\u1edbc \u0110\u01b0\u1eddng C\u00e1t Long Quy c\u00e1ch \u0111\u00f3ng th\u00f9ng Kh\u1ed1i l\u01b0\u1ee3ng t\u1ecbnh\u00a0(gram) Kh\u1ed1i l\u01b0\u1ee3ng<\/p>","protected":false},"featured_media":11930,"comment_status":"open","ping_status":"closed","template":"","meta":{"_acf_changed":false},"product_cat":[316,22,313],"product_tag":[],"class_list":{"0":"post-11925","1":"product","2":"type-product","3":"status-publish","4":"has-post-thumbnail","6":"product_cat-che-bien-tu-rau-cu-qua-hat","7":"product_cat-sanphamthucpham","8":"product_cat-thuc-pham-che-bien","10":"first","11":"instock","12":"shipping-taxable","13":"product-type-simple"},"acf":[],"_links":{"self":[{"href":"https:\/\/b2c.fairs.vn\/en\/wp-json\/wp\/v2\/product\/11925","targetHints":{"allow":["GET"]}}],"collection":[{"href":"https:\/\/b2c.fairs.vn\/en\/wp-json\/wp\/v2\/product"}],"about":[{"href":"https:\/\/b2c.fairs.vn\/en\/wp-json\/wp\/v2\/types\/product"}],"replies":[{"embeddable":true,"href":"https:\/\/b2c.fairs.vn\/en\/wp-json\/wp\/v2\/comments?post=11925"}],"version-history":[{"count":0,"href":"https:\/\/b2c.fairs.vn\/en\/wp-json\/wp\/v2\/product\/11925\/revisions"}],"wp:featuredmedia":[{"embeddable":true,"href":"https:\/\/b2c.fairs.vn\/en\/wp-json\/wp\/v2\/media\/11930"}],"wp:attachment":[{"href":"https:\/\/b2c.fairs.vn\/en\/wp-json\/wp\/v2\/media?parent=11925"}],"wp:term":[{"taxonomy":"product_cat","embeddable":true,"href":"https:\/\/b2c.fairs.vn\/en\/wp-json\/wp\/v2\/product_cat?post=11925"},{"taxonomy":"product_tag","embeddable":true,"href":"https:\/\/b2c.fairs.vn\/en\/wp-json\/wp\/v2\/product_tag?post=11925"}],"curies":[{"name":"wp","href":"https:\/\/api.w.org\/{rel}","templated":true}]}}