{"id":11918,"date":"2024-03-28T16:10:17","date_gmt":"2024-03-28T09:10:17","guid":{"rendered":"https:\/\/b2c.fairs.vn\/?post_type=product&#038;p=11918"},"modified":"2024-04-23T15:45:13","modified_gmt":"2024-04-23T08:45:13","slug":"tinh-cot-chanh-day-co-dac","status":"publish","type":"product","link":"https:\/\/b2c.fairs.vn\/en\/product\/tinh-cot-chanh-day-co-dac\/","title":{"rendered":"Tinh c\u1ed1t chanh d\u00e2y c\u00f4 \u0111\u1eb7c"},"content":{"rendered":"<p>S\u1ea3n ph\u1ea9m \u201cTinh c\u1ed1t chanh d\u00e2y c\u00f4 \u0111\u1eb7c\u201d ra \u0111\u1eddi mang \u0111\u1eadm h\u01b0\u01a1ng v\u1ecb T\u00e2y Nguy\u00ean, \u0111\u01b0\u1ee3c tr\u1ed3ng v\u00e0 canh t\u00e1c theo h\u01b0\u1edbng h\u1eefu c\u01a1 tr\u00ean m\u1ea3nh \u0111\u1ea5t Gia Lai; s\u1ea3n ph\u1ea9m \u0111\u01b0\u1ee3c k\u1ebft tinh t\u1eeb nh\u1eefng \u0111am m\u00ea ch\u00e1y b\u1ecfng, t\u00e2m huy\u1ebft c\u1ee7a c\u00e1c th\u00e0nh vi\u00ean H\u1ee3p t\u00e1c x\u00e3 N\u00f4ng nghi\u1ec7p v\u00e0 D\u1ecbch v\u1ee5 H\u00f9ng Th\u01a1m Gia Lai v\u00e0 t\u1ea5m l\u00f2ng c\u1ee7a b\u00e0 con n\u00f4ng d\u00e2n \u0111\u00e3 t\u1ea1o n\u00ean m\u1ed9t s\u1ea3n ph\u1ea9m kh\u00f4ng nh\u1eefng c\u00f3 h\u01b0\u01a1ng v\u1ecb th\u01a1m ngon, dinh d\u01b0\u1ee1ng cao m\u00e0 c\u00f2n ch\u1ee9a gi\u00e1 tr\u1ecb tinh th\u1ea7n mang \u0111\u1eadm b\u1ea3n s\u1eafc \u0111\u1eb7c tr\u01b0ng c\u1ee7a \u0111\u1ecba ph\u01b0\u01a1ng, lu\u00f4n \u0111em \u0111\u1ebfn c\u1ea3m gi\u00e1c an t\u00e2m cho m\u1ecdi ng\u01b0\u1eddi s\u1eed d\u1ee5ng, th\u01b0\u1edfng th\u1ee9c.<\/p>","protected":false},"excerpt":{"rendered":"<p>S\u1ea3n ph\u1ea9m \u201cTinh c\u1ed1t chanh d\u00e2y c\u00f4 \u0111\u1eb7c\u201d ra \u0111\u1eddi mang \u0111\u1eadm h\u01b0\u01a1ng v\u1ecb T\u00e2y Nguy\u00ean, \u0111\u01b0\u1ee3c tr\u1ed3ng v\u00e0 canh t\u00e1c theo h\u01b0\u1edbng h\u1eefu c\u01a1 tr\u00ean m\u1ea3nh \u0111\u1ea5t Gia Lai; s\u1ea3n ph\u1ea9m \u0111\u01b0\u1ee3c k\u1ebft tinh t\u1eeb nh\u1eefng \u0111am m\u00ea ch\u00e1y b\u1ecfng, t\u00e2m huy\u1ebft c\u1ee7a c\u00e1c th\u00e0nh vi\u00ean H\u1ee3p t\u00e1c x\u00e3 N\u00f4ng nghi\u1ec7p v\u00e0 D\u1ecbch v\u1ee5 H\u00f9ng Th\u01a1m Gia Lai v\u00e0 t\u1ea5m l\u00f2ng c\u1ee7a b\u00e0 con n\u00f4ng d\u00e2n \u0111\u00e3 t\u1ea1o n\u00ean m\u1ed9t s\u1ea3n ph\u1ea9m kh\u00f4ng nh\u1eefng c\u00f3 h\u01b0\u01a1ng v\u1ecb th\u01a1m ngon, dinh d\u01b0\u1ee1ng cao m\u00e0 c\u00f2n ch\u1ee9a gi\u00e1 tr\u1ecb tinh th\u1ea7n mang \u0111\u1eadm b\u1ea3n s\u1eafc \u0111\u1eb7c tr\u01b0ng c\u1ee7a \u0111\u1ecba ph\u01b0\u01a1ng, lu\u00f4n \u0111em \u0111\u1ebfn c\u1ea3m gi\u00e1c an t\u00e2m cho m\u1ecdi ng\u01b0\u1eddi s\u1eed d\u1ee5ng, th\u01b0\u1edfng th\u1ee9c.<\/p>","protected":false},"featured_media":11920,"comment_status":"open","ping_status":"closed","template":"","meta":{"_acf_changed":false},"product_cat":[316,366,367,22,313],"product_tag":[],"class_list":{"0":"post-11918","1":"product","2":"type-product","3":"status-publish","4":"has-post-thumbnail","6":"product_cat-che-bien-tu-rau-cu-qua-hat","7":"product_cat-hang-cnnt-cap-qg","8":"product_cat-hang-cnnt-cap-qg-2023","9":"product_cat-sanphamthucpham","10":"product_cat-thuc-pham-che-bien","12":"first","13":"instock","14":"shipping-taxable","15":"purchasable","16":"product-type-simple"},"acf":[],"_links":{"self":[{"href":"https:\/\/b2c.fairs.vn\/en\/wp-json\/wp\/v2\/product\/11918","targetHints":{"allow":["GET"]}}],"collection":[{"href":"https:\/\/b2c.fairs.vn\/en\/wp-json\/wp\/v2\/product"}],"about":[{"href":"https:\/\/b2c.fairs.vn\/en\/wp-json\/wp\/v2\/types\/product"}],"replies":[{"embeddable":true,"href":"https:\/\/b2c.fairs.vn\/en\/wp-json\/wp\/v2\/comments?post=11918"}],"version-history":[{"count":0,"href":"https:\/\/b2c.fairs.vn\/en\/wp-json\/wp\/v2\/product\/11918\/revisions"}],"wp:featuredmedia":[{"embeddable":true,"href":"https:\/\/b2c.fairs.vn\/en\/wp-json\/wp\/v2\/media\/11920"}],"wp:attachment":[{"href":"https:\/\/b2c.fairs.vn\/en\/wp-json\/wp\/v2\/media?parent=11918"}],"wp:term":[{"taxonomy":"product_cat","embeddable":true,"href":"https:\/\/b2c.fairs.vn\/en\/wp-json\/wp\/v2\/product_cat?post=11918"},{"taxonomy":"product_tag","embeddable":true,"href":"https:\/\/b2c.fairs.vn\/en\/wp-json\/wp\/v2\/product_tag?post=11918"}],"curies":[{"name":"wp","href":"https:\/\/api.w.org\/{rel}","templated":true}]}}