{"id":11915,"date":"2024-03-28T16:08:45","date_gmt":"2024-03-28T09:08:45","guid":{"rendered":"https:\/\/b2c.fairs.vn\/?post_type=product&#038;p=11915"},"modified":"2024-04-19T10:28:43","modified_gmt":"2024-04-19T03:28:43","slug":"trai-chanh-day-dong-vi-500gr","status":"publish","type":"product","link":"https:\/\/b2c.fairs.vn\/en\/product\/trai-chanh-day-dong-vi-500gr\/","title":{"rendered":"Tr\u00e1i chanh d\u00e2y \u0111\u00f3ng v\u1ec9 500gr"},"content":{"rendered":"<p><strong>Tr\u00e1i chanh d\u00e2y xu\u1ea5t kh\u1ea9u<\/strong><\/p>\n<p>Tr\u1ecdng l\u01b0\u1ee3ng:\u00a08-14 tr\u00e1i\/kg<\/p>\n<p>Ch\u1ee9ng nh\u1eadn: GLOBAL GAP, VIETGAP<\/p>\n<p>Xu\u1ea5t x\u1ee9:\u00a0Gia Lai, Vi\u1ec7t Nam<\/p>\n<p>M\u00e0u s\u1eafc: T\u00edm<\/p>\n<p><strong>N\u0103ng l\u1ef1c cung c\u1ea5p:<\/strong>\u00a0500 t\u1ea5n\/n\u0103m<\/p>\n<p><strong>\u0110\u00f3ng g\u00f3i: Khay nh\u1ef1a 15kg \/ th\u00f9ng carton 2kg ho\u1eb7c theo y\u00eau c\u1ea7u<\/strong><\/p>","protected":false},"excerpt":{"rendered":"<p><strong>Tr\u00e1i chanh d\u00e2y xu\u1ea5t kh\u1ea9u<\/strong><\/p>\n<p>Tr\u1ecdng l\u01b0\u1ee3ng:\u00a08-14 tr\u00e1i\/kg<\/p>\n<p>Ch\u1ee9ng nh\u1eadn: GLOBAL GAP, VIETGAP<\/p>\n<p>Xu\u1ea5t x\u1ee9:\u00a0Gia Lai, Vi\u1ec7t Nam<\/p>\n<p>M\u00e0u s\u1eafc: T\u00edm<\/p>\n<p><strong>N\u0103ng l\u1ef1c cung c\u1ea5p:<\/strong>\u00a0500 t\u1ea5n\/n\u0103m<\/p>\n<p><strong>\u0110\u00f3ng g\u00f3i: Khay nh\u1ef1a 15kg \/ th\u00f9ng carton 2kg ho\u1eb7c theo y\u00eau c\u1ea7u<\/strong><\/p>","protected":false},"featured_media":11916,"comment_status":"open","ping_status":"closed","template":"","meta":{"_acf_changed":false},"product_cat":[312,366,367,22,310],"product_tag":[],"class_list":{"0":"post-11915","1":"product","2":"type-product","3":"status-publish","4":"has-post-thumbnail","6":"product_cat-mat-ong-mat-khac-va-nong-san-thuc-pham-khac","7":"product_cat-hang-cnnt-cap-qg","8":"product_cat-hang-cnnt-cap-qg-2023","9":"product_cat-sanphamthucpham","10":"product_cat-thuc-pham-tho-so-che","12":"first","13":"instock","14":"shipping-taxable","15":"purchasable","16":"product-type-simple"},"acf":[],"_links":{"self":[{"href":"https:\/\/b2c.fairs.vn\/en\/wp-json\/wp\/v2\/product\/11915","targetHints":{"allow":["GET"]}}],"collection":[{"href":"https:\/\/b2c.fairs.vn\/en\/wp-json\/wp\/v2\/product"}],"about":[{"href":"https:\/\/b2c.fairs.vn\/en\/wp-json\/wp\/v2\/types\/product"}],"replies":[{"embeddable":true,"href":"https:\/\/b2c.fairs.vn\/en\/wp-json\/wp\/v2\/comments?post=11915"}],"version-history":[{"count":0,"href":"https:\/\/b2c.fairs.vn\/en\/wp-json\/wp\/v2\/product\/11915\/revisions"}],"wp:featuredmedia":[{"embeddable":true,"href":"https:\/\/b2c.fairs.vn\/en\/wp-json\/wp\/v2\/media\/11916"}],"wp:attachment":[{"href":"https:\/\/b2c.fairs.vn\/en\/wp-json\/wp\/v2\/media?parent=11915"}],"wp:term":[{"taxonomy":"product_cat","embeddable":true,"href":"https:\/\/b2c.fairs.vn\/en\/wp-json\/wp\/v2\/product_cat?post=11915"},{"taxonomy":"product_tag","embeddable":true,"href":"https:\/\/b2c.fairs.vn\/en\/wp-json\/wp\/v2\/product_tag?post=11915"}],"curies":[{"name":"wp","href":"https:\/\/api.w.org\/{rel}","templated":true}]}}