{"id":11907,"date":"2024-03-28T16:16:32","date_gmt":"2024-03-28T09:16:32","guid":{"rendered":"https:\/\/b2c.fairs.vn\/?post_type=product&#038;p=11907"},"modified":"2024-04-22T09:21:10","modified_gmt":"2024-04-22T02:21:10","slug":"nuoc-mam-muoi-quy","status":"publish","type":"product","link":"https:\/\/b2c.fairs.vn\/en\/product\/nuoc-mam-muoi-quy\/","title":{"rendered":"N\u01b0\u1edbc m\u1eafm M\u01b0\u1eddi Q\u00fay"},"content":{"rendered":"<h5><strong>Th\u00f4ng tin chi ti\u1ebft:<\/strong><\/h5>\n<ul>\n<li>H\u00e0m l\u01b0\u1ee3ng \u0111\u1ea1m Nit\u01a1 to\u00e0n ph\u1ea7n: \u2265 30g\/l (\u0110\u1ed9 \u0111\u1ea1m t\u1ef1 nhi\u00ean, kh\u00f4ng can thi\u1ec7p b\u1eb1ng c\u00f4ng ngh\u1ec7 hay h\u00f3a ch\u1ea5t).<\/li>\n<li>H\u00e0m l\u01b0\u1ee3ng \u0111\u1ea1m Axit Amin\/ \u0111\u1ea1m t\u1ed5ng:\u00a0<strong>\u2265 55%<\/strong>\u00a0(Quy\u1ebft \u0111\u1ecbnh gi\u00e1 tr\u1ecb dinh d\u01b0\u1ee1ng c\u1ee7a n\u01b0\u1edbc m\u1eafm)<\/li>\n<li>M\u00e0u: M\u00e0u \u0111\u1ecf n\u00e2u c\u00e1nh gi\u00e1n.<\/li>\n<li>M\u00f9i:\u00a0M\u00f9i th\u01a1m d\u1ecbu, mang \u0111\u1eb7c tr\u01b0ng c\u1ee7a m\u1eafm truy\u1ec1n th\u1ed1ng.<\/li>\n<li>V\u1ecb: M\u1eb7n m\u00f2i n\u01a1i \u0111\u1ea7u l\u01b0\u1ee1i, h\u1eadu v\u1ecb ng\u1ecdt, \u0111\u1eadm \u0111\u00e0 do \u0111\u1ea1m axit amin t\u1eeb c\u00e1 t\u1ea1o n\u00ean.<\/li>\n<li>HDSD: 24 th\u00e1ng k\u1ec3 t\u1eeb ng\u00e0y s\u1ea3n xu\u1ea5t, b\u1ea3o qu\u1ea3n n\u01a1i kh\u00f4 r\u00e1o, tho\u00e1ng m\u00e1t.<\/li>\n<\/ul>\n<h5><strong>\u0110i\u1ec3m n\u1ed5i b\u1eadt c\u1ee7a s\u1ea3n ph\u1ea9m:<\/strong><\/h5>\n<ul>\n<li>L\u00e0 s\u1ea3n ph\u1ea9m truy\u1ec1n th\u1ed1ng, m\u1eafm \u0111\u01b0\u1ee3c \u1ee7 ch\u01b0\u1ee3p t\u1ef1 nhi\u00ean trong th\u00f9ng g\u1ed7.<\/li>\n<li>L\u00e0 s\u1ef1 ch\u1eaft l\u1ecdc tinh tu\u00fd sau g\u1ea7n 2 n\u0103m \u1ee7 ch\u01b0\u1ee3p, ch\u0103m s\u00f3c. N\u01b0\u1edbc m\u1eafm c\u00f3 m\u00e0u \u0111\u1ecf n\u00e2u c\u00e1nh gi\u00e1n, m\u00f9i th\u01a1m d\u1ecbu, h\u1eadu v\u1ecb thanh, ng\u1ecdt \u0111\u1eadm \u0111\u1ebfn t\u1eeb nguy\u00ean li\u1ec7u c\u00e1 c\u01a1m t\u01b0\u01a1i ngon nh\u1ea5t \u1ee7 trong th\u00f9ng g\u1ed7 v\u1edbi mu\u1ed1i h\u1ea1t tinh khi\u1ebft.<\/li>\n<li>H\u00e0m l\u01b0\u1ee3ng \u0111\u1ea1m Axit Amin\/ \u0111\u1ea1m t\u1ed5ng r\u1ea5t cao, \u0111\u00e2y l\u00e0 th\u00e0nh ph\u1ea7n quan tr\u1ecdng quy\u1ebft \u0111\u1ecbnh gi\u00e1 tr\u1ecb dinh d\u01b0\u1ee1ng c\u1ee7a n\u01b0\u1edbc m\u1eafm.<\/li>\n<li>\u0110\u1ed9 \u0111\u1ea1m t\u1ef1 nhi\u00ean, kh\u00f4ng can thi\u1ec7p b\u1eb1ng c\u00f4ng ngh\u1ec7 hay h\u00f3a ch\u1ea5t.<\/li>\n<li>S\u1ea3n ph\u1ea9m kh\u00f4ng ch\u1ea5t \u0111i\u1ec1u v\u1ecb, kh\u00f4ng ch\u1ea5t b\u1ea3o qu\u1ea3n, kh\u00f4ng ch\u1ea5t t\u1ea1o m\u00f9i, kh\u00f4ng h\u01b0\u01a1ng li\u1ec7u, mang \u0111\u1ebfn cho ng\u01b0\u1eddi ti\u00eau d\u00f9ng s\u1ea3n ph\u1ea9m an to\u00e0n, ch\u1ea5t l\u01b0\u1ee3ng.<\/li>\n<li>S\u1ea3n ph\u1ea9m \u0111\u01b0\u1ee3c thi\u1ebft k\u1ebf b\u1eaft m\u1eaft, ph\u00f9 h\u1ee3p l\u00e0m qu\u00e0 bi\u1ebfu, qu\u00e0 t\u1eb7ng. G\u00f3p ph\u1ea7n n\u00e2ng t\u1ea7m gi\u00e1 tr\u1ecb s\u1ea3n ph\u1ea9m.<\/li>\n<\/ul>\n<p><img fetchpriority=\"high\" decoding=\"async\" class=\"alignnone size-full wp-image-4085 entered litespeed-loaded\" title=\"\" src=\"https:\/\/nuocmammuoiquy.com\/wp-content\/uploads\/2023\/12\/nuoc-mam-muoi-quy-2.jpg.webp\" sizes=\"(max-width: 840px) 100vw, 840px\" srcset=\"https:\/\/nuocmammuoiquy.com\/wp-content\/uploads\/2023\/12\/nuoc-mam-muoi-quy-2.jpg.webp 840w, https:\/\/nuocmammuoiquy.com\/wp-content\/uploads\/2023\/12\/nuoc-mam-muoi-quy-2-768x644.jpg.webp 768w\" alt=\"\" width=\"840\" height=\"704\" data-lazyloaded=\"1\" data-src=\"https:\/\/nuocmammuoiquy.com\/wp-content\/uploads\/2023\/12\/nuoc-mam-muoi-quy-2.jpg.webp\" data-srcset=\"https:\/\/nuocmammuoiquy.com\/wp-content\/uploads\/2023\/12\/nuoc-mam-muoi-quy-2.jpg.webp 840w, https:\/\/nuocmammuoiquy.com\/wp-content\/uploads\/2023\/12\/nuoc-mam-muoi-quy-2-768x644.jpg.webp 768w\" data-sizes=\"(max-width: 840px) 100vw, 840px\" data-ll-status=\"loaded\" \/><\/p>\n<h5><strong>Dung t\u00edch v\u00e0 quy c\u00e1ch \u0111\u00f3ng chai:<\/strong><\/h5>\n<ul>\n<li>H\u1ed9p 01 chai sang tr\u1ecdng, ph\u00f9 h\u1ee3p l\u00e0m qu\u00e0 bi\u1ebfu.<\/li>\n<li>Th\u00f9ng 6 chai ho\u1eb7c 12 chai.<\/li>\n<\/ul>\n<p><b>C\u00c2U CHUY\u1ec6N V\u1ec0 N\u01af\u1edaC M\u1eaeM C\u1ed0T \u0110\u1eb6C BI\u1ec6T M\u01af\u1edcI QU\u00dd<\/b><\/p>\n<p>T\u1eeb bao \u0111\u1eddi nay, n\u01b0\u1edbc m\u1eafm tr\u1edf th\u00e0nh gia v\u1ecb \u0111\u1eb7c tr\u01b0ng, m\u1ed9t n\u00e9t v\u0103n h\u00f3a kh\u00f4ng th\u1ec3 thi\u1ebfu trong b\u1eefa c\u01a1m c\u1ee7a ng\u01b0\u1eddi Vi\u1ec7t v\u00e0 \u0111\u01b0\u1ee3c t\u00f4n vinh l\u00e0 \u201clinh h\u1ed3n\u201d \u1ea9m th\u1ef1c Vi\u1ec7t. R\u1ea5t m\u1ed9c m\u1ea1c, r\u1ea5t gi\u1ea3n \u0111\u01a1n nh\u01b0ng l\u1ea1i l\u00e0 s\u1ef1 ch\u1eaft l\u1ecdc tinh tu\u00fd c\u1ea3 v\u1ec1 h\u01b0\u01a1ng v\u00e0 s\u1eafc, t\u1ea1o n\u00ean gi\u00e1 tr\u1ecb v\u0103n h\u00f3a \u1ea9m th\u1ef1c kh\u00f4ng ph\u1ea3i qu\u1ed1c gia n\u00e0o c\u0169ng c\u00f3 \u0111\u01b0\u1ee3c.<\/p>\n<p>C\u1eeda bi\u1ec3n Sa C\u1ea7n, huy\u1ec7n B\u00ecnh S\u01a1n, t\u1ec9nh Qu\u1ea3ng Ng\u00e3i \u0111\u01b0\u1ee3c thi\u00ean nhi\u00ean ban t\u1eb7ng cho c\u00e1c ngu\u1ed3n l\u1ee3i th\u1ee7y h\u1ea3i s\u1ea3n v\u00f4 c\u00f9ng phong ph\u00fa v\u00e0 \u0111a d\u1ea1ng. Tr\u01b0\u1edbc \u0111\u00e2y, c\u00e1 \u0111\u00e1nh b\u1eaft \u0111\u01b0\u1ee3c nhi\u1ec1u kh\u00f4ng d\u00f9ng h\u1ebft n\u00ean nh\u1eefng ng\u01b0 d\u00e2n \u0111\u00e3 ngh\u0129 ra c\u00e1ch mu\u1ed1i c\u00e1 \u0111\u1ec3 d\u00e0nh, s\u1ef1 k\u1ebft h\u1ee3p k\u1ef3 di\u1ec7u c\u1ee7a c\u00e1 v\u00e0 mu\u1ed1i \u0111\u00e3 cho ra th\u1ee9 n\u01b0\u1edbc v\u00e0ng \u0111\u1eb7c s\u00e1nh v\u00e0 \u0111\u01b0\u1ee3c nh\u1eefng ng\u01b0 d\u00e2n n\u01a1i \u0111\u00e2y g\u1ecdi l\u00e0 n\u01b0\u1edbc m\u1eafm. C\u00f3 l\u1ebd ngh\u1ec1 l\u00e0m m\u1eafm b\u1eaft ngu\u1ed3n t\u1eeb \u0111\u00f3.<\/p>\n<p>\u0110\u1ec3 l\u00e0m ra lo\u1ea1i n\u01b0\u1edbc m\u1eafm nguy\u00ean ch\u1ea5t, th\u01a1m ngon \u0111\u00fang \u0111\u1eb7c tr\u01b0ng c\u1ee7a n\u01b0\u1edbc m\u1eafm truy\u1ec1n th\u1ed1ng th\u00ec \u0111\u00f2i h\u1ecfi ph\u1ea3i tu\u00e2n th\u1ee7 \u0111\u00fang quy tr\u00ecnh s\u1ea3n xu\u1ea5t h\u1ebft s\u1ee9c t\u1ec9 m\u1ec9 t\u1eeb kh\u00e2u t\u1eeb nguy\u00ean li\u1ec7u, qu\u00e1 tr\u00ecnh \u1ee7 ch\u01b0\u1ee3p cho \u0111\u1ebfn khi ra \u0111\u01b0\u1ee3c th\u00e0nh ph\u1ea9m ho\u00e0n h\u1ea3o, ch\u1ea5t l\u01b0\u1ee3ng. V\u00e0 \u0111\u1ec3 l\u00e0m \u0111\u01b0\u1ee3c \u0111i\u1ec1u \u0111\u00f3 th\u00ec \u0111\u00f2i h\u1ecfi c\u1ea7n ph\u1ea3i c\u00f3 s\u1ef1 t\u1eadn t\u00e2m, s\u1ef1 t\u00e2m huy\u1ebft v\u1edbi ngh\u1ec1 \u2013 \u0111\u00f3 ch\u00ednh l\u00e0 gia v\u1ecb \u0111\u1ec3 t\u1ea1o ra n\u01b0\u1edbc m\u1eafm ngon.<\/p>\n<p>N\u01af\u1edaC M\u1eaeM C\u1ed0T \u0110\u1eb6C BI\u1ec6T M\u01af\u1edcI QU\u00dd l\u00e0\u00a0s\u1ef1 k\u1ebft h\u1ee3p tinh hoa c\u1ee7a bi\u1ec3n c\u1ea3, t\u1eeb nh\u1eefng con c\u00e1 c\u01a1m than t\u01b0\u01a1i \u0111\u00e1nh b\u1eaft \u0111\u00fang m\u00f9a v\u1ee5 k\u1ebft h\u1ee3p v\u1edbi nh\u1eefng h\u1ea1t mu\u1ed1i Sa Hu\u1ef3nh tinh khi\u1ebft, \u0111\u01b0\u1ee3c\u00a0\u1ee7 ch\u01b0\u1ee3p l\u00ean men t\u1ef1 nhi\u00ean trong th\u00f9ng g\u1ed7 theo ph\u01b0\u01a1ng ph\u00e1p truy\u1ec1n th\u1ed1ng.<br \/>\n<img decoding=\"async\" class=\"alignnone wp-image-4116 entered litespeed-loaded\" title=\"\" src=\"https:\/\/nuocmammuoiquy.com\/wp-content\/uploads\/2023\/09\/nuoc-mam-muoi-quy-3-1.jpg.webp\" sizes=\"(max-width: 791px) 100vw, 791px\" srcset=\"https:\/\/nuocmammuoiquy.com\/wp-content\/uploads\/2023\/09\/nuoc-mam-muoi-quy-3-1.jpg.webp 840w, https:\/\/nuocmammuoiquy.com\/wp-content\/uploads\/2023\/09\/nuoc-mam-muoi-quy-3-1-768x644.jpg.webp 768w\" alt=\"\" width=\"791\" height=\"663\" data-lazyloaded=\"1\" data-src=\"https:\/\/nuocmammuoiquy.com\/wp-content\/uploads\/2023\/09\/nuoc-mam-muoi-quy-3-1.jpg.webp\" data-srcset=\"https:\/\/nuocmammuoiquy.com\/wp-content\/uploads\/2023\/09\/nuoc-mam-muoi-quy-3-1.jpg.webp 840w, https:\/\/nuocmammuoiquy.com\/wp-content\/uploads\/2023\/09\/nuoc-mam-muoi-quy-3-1-768x644.jpg.webp 768w\" data-sizes=\"(max-width: 791px) 100vw, 791px\" data-ll-status=\"loaded\" \/><\/p>\n<p>Sau th\u1eddi gian 12-18 th\u00e1ng ch\u0103m s\u00f3c k\u1ef3 c\u00f4ng, k\u1ef9 l\u01b0\u1ee1ng m\u1edbi cho ra nh\u1eefng gi\u1ecdt n\u01b0\u1edbc m\u1eafm c\u1ed1t nh\u0129 c\u00f3 m\u00e0u \u0111\u1ecf n\u00e2u c\u00e1nh gi\u00e1n, m\u00f9i th\u01a1m \u0111\u1eb7c tr\u01b0ng, \u0111\u1eadm \u0111\u00e0, h\u1eadu v\u1ecb ng\u1ecdt, ho\u00e0n to\u00e0n t\u1ef1 nhi\u00ean, nguy\u00ean b\u1ea3n nh\u01b0 m\u1eafm truy\u1ec1n th\u1ed1ng cha \u00f4ng bao \u0111\u1eddi \u0111\u1ec3 l\u1ea1i. H\u00e0m l\u01b0\u1ee3ng \u0111\u1ea1m t\u1ed5ng s\u1ed1 &gt;=55%, l\u00e0 \u0111\u1ed9 \u0111\u1ea1m t\u1ef1 nhi\u00ean, kh\u00f4ng can thi\u1ec7p b\u1eb1ng c\u00f4ng ngh\u1ec7 hay h\u00f3a ch\u1ea5t.<\/p>\n<figure id=\"attachment_4076\" class=\"wp-caption alignnone\" aria-describedby=\"caption-attachment-4076\"><img decoding=\"async\" class=\"wp-image-4076 entered litespeed-loaded\" title=\"\" src=\"https:\/\/nuocmammuoiquy.com\/wp-content\/uploads\/2023\/09\/nuoc-mam-muoi-quy-4.jpg.webp\" sizes=\"(max-width: 802px) 100vw, 802px\" srcset=\"https:\/\/nuocmammuoiquy.com\/wp-content\/uploads\/2023\/09\/nuoc-mam-muoi-quy-4.jpg.webp 840w, https:\/\/nuocmammuoiquy.com\/wp-content\/uploads\/2023\/09\/nuoc-mam-muoi-quy-4-768x644.jpg.webp 768w\" alt=\"N\u01b0\u1edbc m\u1eafm M\u01b0\u1eddi Qu\u00fd\" width=\"802\" height=\"672\" data-lazyloaded=\"1\" data-src=\"https:\/\/nuocmammuoiquy.com\/wp-content\/uploads\/2023\/09\/nuoc-mam-muoi-quy-4.jpg.webp\" data-srcset=\"https:\/\/nuocmammuoiquy.com\/wp-content\/uploads\/2023\/09\/nuoc-mam-muoi-quy-4.jpg.webp 840w, https:\/\/nuocmammuoiquy.com\/wp-content\/uploads\/2023\/09\/nuoc-mam-muoi-quy-4-768x644.jpg.webp 768w\" data-sizes=\"(max-width: 802px) 100vw, 802px\" data-ll-status=\"loaded\" \/><figcaption id=\"caption-attachment-4076\" class=\"wp-caption-text\">N\u01b0\u1edbc m\u1eafm M\u01b0\u1eddi Qu\u00fd<\/figcaption><\/figure>\n<p>N\u01af\u1edaC M\u1eaeM C\u1ed0T \u0110\u1eb6C BI\u1ec6T M\u01af\u1edcI QU\u00dd \u0111\u01b0\u1ee3c kh\u00e1ch h\u00e0ng c\u1ea3 n\u01b0\u1edbc \u0111\u00e1nh gi\u00e1 cao v\u00e0 tin ch\u1ecdn b\u1edfi\u00a0s\u1ea3n ph\u1ea9m gi\u1eef nguy\u00ean h\u01b0\u01a1ng v\u1ecb truy\u1ec1n th\u1ed1ng v\u1edbi c\u00e1c ti\u00eau ch\u00ed: \u201c<b>T\u1ef1 nhi\u00ean \u2013 An to\u00e0n v\u00e0 Ch\u1ea5t l\u01b0\u1ee3ng<\/b>\u201d, g\u00f3p ph\u1ea7n b\u1ea3o v\u1ec7 s\u1ee9c kho\u1ebb c\u1ee7a ng\u01b0\u1eddi ti\u00eau d\u00f9ng.<\/p>\n<p><img loading=\"lazy\" decoding=\"async\" class=\"alignnone wp-image-4182 entered litespeed-loaded\" title=\"\" src=\"https:\/\/nuocmammuoiquy.com\/wp-content\/uploads\/2023\/12\/204A5786-min.jpg.webp\" sizes=\"(max-width: 824px) 100vw, 824px\" srcset=\"https:\/\/nuocmammuoiquy.com\/wp-content\/uploads\/2023\/12\/204A5786-min.jpg.webp 840w, https:\/\/nuocmammuoiquy.com\/wp-content\/uploads\/2023\/12\/204A5786-min-768x512.jpg.webp 768w\" alt=\"\" width=\"824\" height=\"549\" data-lazyloaded=\"1\" data-src=\"https:\/\/nuocmammuoiquy.com\/wp-content\/uploads\/2023\/12\/204A5786-min.jpg.webp\" data-srcset=\"https:\/\/nuocmammuoiquy.com\/wp-content\/uploads\/2023\/12\/204A5786-min.jpg.webp 840w, https:\/\/nuocmammuoiquy.com\/wp-content\/uploads\/2023\/12\/204A5786-min-768x512.jpg.webp 768w\" data-sizes=\"(max-width: 824px) 100vw, 824px\" data-ll-status=\"loaded\" \/><\/p>\n<p>N\u01af\u1edaC M\u1eaeM C\u1ed0T \u0110\u1eb6C BI\u1ec6T M\u01af\u1edcI QU\u00dd \u2013 B\u00ed quy\u1ebft gi\u1eef tr\u1ecdn dinh d\u01b0\u1ee1ng cho nh\u1eefng b\u1eefa c\u01a1m nh\u00e0.<\/p>\n<p>H\u00e3y \u0111\u1ebfn v\u1edbi ch\u00fang t\u00f4i \u0111\u1ec3 b\u1eefa c\u01a1m gia \u0111\u00ecnh b\u1ea1n \u0111\u01b0\u1ee3c tr\u1ecdn v\u1eb9n. \u0110\u1ed1i v\u1edbi ch\u00fang t\u00f4i, ni\u1ec1m vui t\u1eeb nh\u1eefng chia s\u1ebb b\u00ecnh d\u1ecb l\u00e0 m\u1ee5c ti\u00eau \u0111\u1ec3 ch\u00fang t\u00f4i ph\u00e1t tri\u1ec3n.\/.<\/p>\n<p><img loading=\"lazy\" decoding=\"async\" class=\"alignnone size-full wp-image-4036 entered litespeed-loaded\" title=\"\" src=\"https:\/\/nuocmammuoiquy.com\/wp-content\/uploads\/2023\/10\/Thiet-ke-chua-co-ten-4-1.jpg.webp\" sizes=\"(max-width: 1080px) 100vw, 1080px\" srcset=\"https:\/\/nuocmammuoiquy.com\/wp-content\/uploads\/2023\/10\/Thiet-ke-chua-co-ten-4-1.jpg.webp 1080w, https:\/\/nuocmammuoiquy.com\/wp-content\/uploads\/2023\/10\/Thiet-ke-chua-co-ten-4-1-300x300.jpg.webp 300w, https:\/\/nuocmammuoiquy.com\/wp-content\/uploads\/2023\/10\/Thiet-ke-chua-co-ten-4-1-768x768.jpg.webp 768w, https:\/\/nuocmammuoiquy.com\/wp-content\/uploads\/2023\/10\/Thiet-ke-chua-co-ten-4-1-100x100.jpg.webp 100w\" alt=\"\" width=\"1080\" height=\"1080\" data-lazyloaded=\"1\" data-src=\"https:\/\/nuocmammuoiquy.com\/wp-content\/uploads\/2023\/10\/Thiet-ke-chua-co-ten-4-1.jpg.webp\" data-srcset=\"https:\/\/nuocmammuoiquy.com\/wp-content\/uploads\/2023\/10\/Thiet-ke-chua-co-ten-4-1.jpg.webp 1080w, https:\/\/nuocmammuoiquy.com\/wp-content\/uploads\/2023\/10\/Thiet-ke-chua-co-ten-4-1-300x300.jpg.webp 300w, https:\/\/nuocmammuoiquy.com\/wp-content\/uploads\/2023\/10\/Thiet-ke-chua-co-ten-4-1-768x768.jpg.webp 768w, https:\/\/nuocmammuoiquy.com\/wp-content\/uploads\/2023\/10\/Thiet-ke-chua-co-ten-4-1-100x100.jpg.webp 100w\" data-sizes=\"(max-width: 1080px) 100vw, 1080px\" data-ll-status=\"loaded\" \/><\/p>","protected":false},"excerpt":{"rendered":"<p>Th\u00f4ng tin chi ti\u1ebft: H\u00e0m l\u01b0\u1ee3ng \u0111\u1ea1m Nit\u01a1 to\u00e0n ph\u1ea7n: \u2265 30g\/l (\u0110\u1ed9 \u0111\u1ea1m t\u1ef1 nhi\u00ean, kh\u00f4ng can thi\u1ec7p b\u1eb1ng<\/p>","protected":false},"featured_media":11927,"comment_status":"open","ping_status":"closed","template":"","meta":{"_acf_changed":false},"product_cat":[366,398],"product_tag":[],"class_list":{"0":"post-11907","1":"product","2":"type-product","3":"status-publish","4":"has-post-thumbnail","6":"product_cat-hang-cnnt-cap-qg","7":"product_cat-san-pham-cnnt-tb-cap-qg-2021","9":"first","10":"instock","11":"shipping-taxable","12":"purchasable","13":"product-type-simple"},"acf":[],"_links":{"self":[{"href":"https:\/\/b2c.fairs.vn\/en\/wp-json\/wp\/v2\/product\/11907","targetHints":{"allow":["GET"]}}],"collection":[{"href":"https:\/\/b2c.fairs.vn\/en\/wp-json\/wp\/v2\/product"}],"about":[{"href":"https:\/\/b2c.fairs.vn\/en\/wp-json\/wp\/v2\/types\/product"}],"replies":[{"embeddable":true,"href":"https:\/\/b2c.fairs.vn\/en\/wp-json\/wp\/v2\/comments?post=11907"}],"version-history":[{"count":0,"href":"https:\/\/b2c.fairs.vn\/en\/wp-json\/wp\/v2\/product\/11907\/revisions"}],"wp:featuredmedia":[{"embeddable":true,"href":"https:\/\/b2c.fairs.vn\/en\/wp-json\/wp\/v2\/media\/11927"}],"wp:attachment":[{"href":"https:\/\/b2c.fairs.vn\/en\/wp-json\/wp\/v2\/media?parent=11907"}],"wp:term":[{"taxonomy":"product_cat","embeddable":true,"href":"https:\/\/b2c.fairs.vn\/en\/wp-json\/wp\/v2\/product_cat?post=11907"},{"taxonomy":"product_tag","embeddable":true,"href":"https:\/\/b2c.fairs.vn\/en\/wp-json\/wp\/v2\/product_tag?post=11907"}],"curies":[{"name":"wp","href":"https:\/\/api.w.org\/{rel}","templated":true}]}}