{"id":11906,"date":"2024-03-28T16:07:00","date_gmt":"2024-03-28T09:07:00","guid":{"rendered":"https:\/\/b2c.fairs.vn\/?post_type=product&#038;p=11906"},"modified":"2024-04-23T15:48:38","modified_gmt":"2024-04-23T08:48:38","slug":"ruot-chanh-day-cap-dong-ht04","status":"publish","type":"product","link":"https:\/\/b2c.fairs.vn\/en\/product\/ruot-chanh-day-cap-dong-ht04\/","title":{"rendered":"Ru\u1ed9t chanh d\u00e2y c\u1ea5p \u0111\u00f4ng &#8211; HT04"},"content":{"rendered":"<p>T\u1ec9nh Gia Lai l\u00e0 m\u1ed9t t\u1ec9nh n\u1eb1m \u1edf ph\u00eda B\u1eafc v\u00f9ng T\u00e2y nguy\u00ean. Ph\u00eda \u0110\u00f4ng gi\u00e1p t\u1ec9nh B\u00ecnh \u0110\u1ecbnh, Ph\u00fa Y\u00ean, ph\u00eda T\u00e2y gi\u00e1p t\u1ec9nh Ratanakiri c\u1ee7a V\u01b0\u01a1ng qu\u1ed1c Cam puchia, ph\u00eda Nam gi\u00e1p t\u1ec9nh \u0110\u0103k L\u0103k, ph\u00eda B\u1eafc gi\u00e1p t\u1ec9nh Kon Tum, c\u00f3 di\u1ec7n t\u00edch t\u1ef1 nhi\u00ean 1551.098,53 ha, Trong \u0111\u00f3 \u0111\u1ea5t s\u1ea3n xu\u1ea5t n\u00f4ng nghi\u1ec7p: 1389.684,65 ha (<em>\u0111\u1ea5t \u0111\u1ecf Ba Zan: 756,433 ha c\u00f2n l\u1ea1i \u0111\u1ea5t x\u00e1m, d\u1ed1c t\u1ee5, \u0111\u1ea5t x\u00f3i m\u00f2n tr\u01a1 s\u1ecfi \u0111\u00e1: 610.381 ha)<\/em>; \u0111\u1ea5t phi nghi\u1ec7p: 99.694,18 ha, c\u00f2n l\u1ea1i c\u00e1c \u0111\u1ea5t kh\u00e1c, d\u00e2n s\u1ed1: 1.414.424 ng\u01b0\u1eddi\u00a0 \u0111\u1ed3ng b\u00e0o d\u00e2n t\u1ed9c thi\u1ec3u s\u1ed1: 632.356 ng\u01b0\u1eddi chi\u1ebfm 44,7% d\u00e2n s\u1ed1 to\u00e0n t\u1ec9nh, ng\u01b0\u1eddi kinh chi\u1ebfm 63,3 %. Kh\u00ed h\u1eadu mang nhi\u1ec7t \u0111\u1edbi gi\u00f3 m\u00f9a ph\u00e2n chia 2 m\u00f9a r\u00f5 r\u1ec7t, m\u00f9a m\u01b0a v\u00e0 m\u00f9a n\u1eafng ph\u00f9 h\u1ee3p cho vi\u1ec7c tr\u1ed3ng tr\u1ecdt v\u00e0 ch\u0103n nu\u00f4i.<\/p>\n<p>V\u1ec1 tr\u1ed3ng tr\u1ecdt: Ph\u00f9 h\u1ee3p cho c\u00e1c lo\u1ea1i c\u00e2y c\u00f4ng nghi\u1ec7p d\u00e0i ng\u00e0y: C\u00e0 ph\u00ea, h\u1ed3 ti\u00eau, cao su v\u00e0 m\u1ed9t s\u1ed1 c\u00e2y ng\u1eafn ng\u00e0y kh\u00e1c\u2026 \u0111\u1ebfn nh\u1eefng n\u0103m 2011-2012 huy\u1ec7n Mang Yang \u0111\u01b0a v\u00e0o tr\u1ed3ng th\u1eed nghi\u1ec7m c\u00e2y chanh d\u00e2y \u0111\u1ea7u ti\u00ean tr\u00ean \u0111\u1ecba b\u00e0n t\u1ec9nh Gia Lai th\u00ec cho thu ho\u1ea1ch r\u1ea5t t\u1ed1t, n\u0103ng su\u1ea5t b\u00ecnh qu\u00e2n 50-60 t\u1ea1\/ha, thu nh\u1eadp 600- 1 t\u1ef7 \u0111\u1ed3ng\/ha, tuy nhi\u00ean trong nh\u1eefng n\u0103m g\u1ea7n \u0111\u00e2y gi\u00e1 c\u1ea3 th\u1ecb tr\u01b0\u1eddng b\u1ea5p b\u00eanh g\u00e2y \u1ea3nh h\u01b0\u1edfng kh\u00f4ng nh\u1ecf \u0111\u1ebfn ng\u01b0\u1eddi s\u1ea3n xu\u1ea5t n\u00f4ng nghi\u1ec7p, nh\u1ea5t l\u00e0 kh\u00f3 kh\u0103n trong vi\u1ec7c ti\u00eau th\u1ee5 s\u1ea3n ph\u1ea9m.<\/p>\n<p>V\u00e0o cu\u1ed1i n\u0103m 2017 th\u00f4ng qua phong tr\u00e0o qu\u1ed1c gia kh\u1edfi nghi\u1ec7p. Ti\u1ec1n th\u00e2n l\u00e0 h\u1ed9 c\u00e1 th\u1ec3 c\u00f3 \u00fd t\u01b0\u1edfng mua b\u00e1n trao \u0111\u1ed5i n\u00f4ng s\u1ea3n cho ng\u01b0\u1eddi d\u00e2n tr\u00ean \u0111\u1ecba b\u00e0n huy\u1ec7n Mang Yang, hi\u1ec3u r\u00f5 mong mu\u1ed1n kh\u00e1t khao c\u1ee7a b\u00e0 con n\u00f4ng d\u00e2n lao \u0111\u1ed9ng l\u00e0 \u0111\u01b0\u1ee3c tr\u1ed3ng nhi\u1ec1u v\u00e0 ti\u00eau th\u1ee5 nguy\u00ean li\u1ec7u m\u1ed9t c\u00e1ch b\u1ec1n v\u1eefng. Sau khi h\u1ecdc h\u1ecfi v\u00e0 ti\u1ebfp c\u1eadn nh\u1eefng ki\u1ebfn th\u1ee9c m\u1edbi quy tr\u00ecnh k\u1ef9 thu\u1eadt tr\u1ed3ng v\u00e0 ch\u0103m s\u00f3c c\u00e2y chanh d\u00e2y theo theo h\u01b0\u1edbng h\u1eefu c\u01a1 nh\u1eb1m b\u1ea3o v\u1ec7 s\u1ee9c kh\u1ecfe cho ng\u01b0\u1eddi ti\u00eau d\u00f9ng v\u00e0 b\u1ea3o v\u1ec7 m\u00f4i tr\u01b0\u1eddng.<\/p>\n<p>Xu\u1ea5t ph\u00e1t t\u1eeb nh\u1eefng k\u1ef3 v\u1ecdng \u0111\u00f3, b\u1ea3n th\u00e2n t\u00f4i l\u00e0 m\u1ed9t ng\u01b0\u1eddi con \u0111\u01b0\u1ee3c sinh ra v\u00e0 l\u1edbn l\u00ean t\u1ea1i m\u1ea3nh \u0111\u1ea5t Mang Yang (<em>\u00fd ngh\u0129a t\u00ean g\u1ecdi Mang Yang \u0111\u01b0\u1ee3c v\u00ed nh\u01b0 c\u1ed5ng tr\u1eddi \u0111ang r\u1ed9ng m\u1edf v\u00e0 lu\u00f4n lu\u00f4n kh\u00e1c khao s\u1ef1 \u0111\u1ed5i m\u1edbi, ng\u00e0y c\u00e0ng ph\u00e1t tri\u1ec3n h\u01a1n<\/em>), T\u00f4i mu\u1ed1n g\u00f3p th\u00eam m\u1ed9t ch\u00fat c\u00f4ng s\u1ee9c v\u00e0o to\u00e0n th\u1ec3 c\u1ed9ng \u0111\u1ed3ng ph\u00e1t tri\u1ec3n \u00fd t\u01b0\u1edfng s\u1ea3n xu\u1ea5t v\u00e0 x\u00e2y d\u1ef1ng th\u01b0\u01a1ng hi\u1ec7u s\u1ea3n ph\u1ea9m ch\u1ebf bi\u1ebfn t\u1eeb chanh d\u00e2y v\u1edbi hy v\u1ecdng m\u1ed9t ng\u00e0y kh\u00f4ng xa s\u1ea3n ph\u1ea9m n\u00f4ng nghi\u1ec7p ti\u00eau bi\u1ec3u mang t\u00ednh b\u1ec1n v\u1eefng, s\u1ea3n ph\u1ea9m theo chu\u1ed7i gi\u00e1 tr\u1ecb cho \u0111\u1ecba ph\u01b0\u01a1ng c\u0169ng nh\u01b0 t\u1ec9nh nh\u00e0:\u00a0<strong>S\u1ea3n Ph\u1ea9m \u2018\u2019Ru\u1ed9t Chanh D\u00e2y C\u1ea5p \u0110\u00f4ng\u2019\u2019. N\u1ed1i Ti\u1ebfp li\u00ean k\u1ebft chu\u1ed7i gi\u00e1 tr\u1ecb S\u1ea3n Ph\u1ea9m Chanh D\u00e2y huy\u1ec7n Mang Yang, t\u1ec9nh Gia Lai\u00a0<\/strong>mong mu\u1ed1n \u0111\u01b0\u1ee3c gi\u1edbi thi\u1ec7u v\u00e0 xu\u1ea5t kh\u1ea9u ra c\u00e1c n\u01b0\u1edbc trong khu v\u1ef1c v\u00e0 th\u1ebf gi\u1edbi.<\/p>\n<p>T\u1eeb nh\u1eefng \u00fd t\u01b0\u1edfng \u0111\u00e1nh th\u1ee9c gi\u00e1 tr\u1ecb ti\u1ec1m n\u0103ng, suy ngh\u0129 v\u00e0 \u0111am m\u00ea trong n\u00f4ng nghi\u1ec7p c\u1ee7a t\u00f4i c\u00f9ng v\u1edbi \u201cN\u00f3i \u0111i \u0111\u00f4i v\u1edbi l\u00e0m\u201d ch\u00fang t\u00f4i ti\u1ebfp t\u1ee5c v\u1eadn \u0111\u1ed9ng b\u00e0 con n\u00f4ng d\u00e2n trong x\u00e3, huy\u1ec7n c\u00f9ng nhau ti\u1ebfp t\u1ee5c m\u1edf r\u1ed9ng li\u00ean k\u1ebft s\u1ea3n xu\u1ea5t g\u1eafn v\u1edbi ti\u00eau th\u1ee5 s\u1ea3n ph\u1ea9m H\u1ee3p t\u00e1c x\u00e3 N\u00f4ng nghi\u1ec7p v\u00e0 D\u1ecbch v\u1ee5 H\u00f9ng Th\u01a1m Gia Lai, vi\u1ebft t\u1eaft (HTX) v\u1edbi ph\u01b0\u01a1ng ch\u00e2m:<\/p>\n<p>+ C\u00f9ng nhau v\u1edbi n\u00f4ng d\u00e2n b\u00e0n b\u1ea1c th\u1ef1c hi\u1ec7n li\u00ean k\u1ebft chu\u1ed7i gi\u00e1 tr\u1ecb g\u1eafn v\u1edbi ti\u00eau th\u1ee5 s\u1ea3n ph\u1ea9m chanh d\u00e2y \u00e1p d\u1ee5ng quy tr\u00ecnh ch\u1ee9ng nh\u1eadn GLOBAL GAP, s\u1ea3n xu\u1ea5t theo h\u01b0\u1edbng vi sinh h\u1eefu c\u01a1.<\/p>\n<p>+ Gi\u1ea3i quy\u1ebft c\u00f4ng \u0103n vi\u1ec7c l\u00e0m cho ng\u01b0\u1eddi d\u00e2n \u0111\u1ecba ph\u01b0\u01a1ng \u0111\u1ea3m b\u1ea3o thu nh\u1eadp trong th\u1eddi k\u1ef3 n\u1ec1n kinh t\u1ebf th\u1ebf gi\u1edbi c\u00f3 nhi\u1ec1u bi\u1ebfn \u0111\u1ed9ng.<\/p>\n<p>+ S\u01a1 Ch\u1ebf s\u1ea3n ph\u1ea9m th\u00e0nh ph\u1ea7n ch\u00ednh g\u1ed3m: Ru\u1ed9t chanh d\u00e2y t\u01b0\u01a1i 100%, \u0110\u00f3ng g\u00f3i nh\u1eb1m \u0111\u1ec3 ph\u1ee5c v\u1ee5 ch\u1ebf bi\u1ebfn c\u00e1c m\u00f3n \u0103n\u2026, n\u01b0\u1edbc u\u1ed1ng gi\u1ea3i kh\u00e1t\u2026, \u0111\u1ea3m b\u1ea3o s\u1ee9c kh\u1ecfe cho con ng\u01b0\u1eddi v\u00e0 b\u1ea3o v\u1ec7 m\u00f4i tr\u01b0\u1eddng n\u00f4ng th\u00f4n.<\/p>\n<p>+ K\u1ebft n\u1ed1i cung c\u1ea7u \u0111\u1ea3m b\u1ea3o \u0111\u1ea7u ra cho v\u00f9ng nguy\u00ean li\u1ec7u \u0111\u1ecba ph\u01b0\u01a1ng \u1ed5n \u0111\u1ecbnh b\u1eb1ng c\u00e1ch li\u00ean k\u1ebft v\u1edbi c\u00e1c c\u00f4ng ty xu\u1ea5t nh\u1eadp kh\u1ea9u trong n\u01b0\u1edbc v\u00e0 qu\u1ed1c t\u1ebf cung \u1ee9ng h\u00e0ng h\u00f3a v\u00e0 k\u1ebft n\u1ea1p h\u1ecd l\u00e0m th\u00e0nh vi\u00ean HTX t\u1ea1o m\u1ed1i li\u00ean k\u1ebft trao \u0111\u1ed5i th\u00e2n thi\u1ec7n, thi\u1ebft th\u1ef1c v\u00e0 b\u1ec1n v\u1eefng\u2026<\/p>\n<p>+ T\u1ea1o chu\u1ed7i gi\u00e1 tr\u1ecb \u0111a d\u1ea1ng h\u00f3a s\u1ea3n ph\u1ea9m ch\u1ed1ng th\u1ea5t tho\u00e1t l\u00e3ng ph\u00ed n\u00e2ng cao gi\u00e1 tr\u1ecb s\u1ea3n ph\u1ea9m chanh d\u00e2y b\u1ec1n v\u1eefng b\u1eb1ng c\u00e1ch ch\u1ebf bi\u1ebfn t\u1eeb 1 s\u1ea3n ph\u1ea9m chanh d\u00e2y ra nhi\u1ec1u s\u1ea3n ph\u1ea9m ch\u1ee7ng lo\u1ea1i kh\u00e1c nhau cung \u1ee9ng tr\u00ean th\u1ecb tr\u01b0\u1eddng t\u1ea1o c\u1ea3m gi\u00e1c m\u1edbi l\u1ea1 thu h\u00fat kh\u00e1ch v\u00e0 ng\u01b0\u1eddi ti\u00eau d\u00f9ng\u2026<\/p>\n<p>S\u1ea3n ph\u1ea9m \u201c<strong>\u00a0Ru\u1ed9t Chanh D\u00e2y C\u1ea5p \u0110\u00f4ng\u00a0<\/strong>\u201d \u0111\u01b0\u1ee3c s\u1eed d\u1ee5ng r\u1ed9ng r\u00e3i trong t\u1ea5t c\u1ea3 c\u00e1c m\u00f3n \u0103n\u00a0 thu\u1ea7n t\u00fay b\u1ea3n \u0111\u1ecba l\u1eabn c\u00e1c m\u00f3n \u00e2u sang ch\u1ea3nh, gi\u00fap m\u00f3n \u0103n \u0111\u1eadm v\u1ecb \u0111\u1eb7c tr\u01b0ng v\u00e0 ngon h\u01a1n, v\u00f9ng nguy\u00ean li\u1ec7u \u0111\u1ea1t chu\u1ea9n canh t\u00e1c h\u1eefu c\u01a1, ch\u00fang t\u00f4i t\u1ef1 tin \u0111em \u0111\u1ebfn cho ng\u01b0\u1eddi ti\u00eau d\u00f9ng s\u1ea3n ph\u1ea9m an to\u00e0n nh\u1ea5t, \u0111\u1eb7t tr\u01b0ng nh\u1ea5t t\u1eeb l\u00f2ng \u0111\u1ea5t m\u1eb9 Huy\u1ec7n Mang Yang \u2013 T\u1ec9nh Gia Lai ; s\u1ea3n ph\u1ea9m \u0111\u01b0\u1ee3c k\u1ebft tinh t\u1eeb nh\u1eefng \u0111am m\u00ea ch\u00e1y b\u1ecfng, t\u00e2m huy\u1ebft c\u1ee7a c\u00e1c th\u00e0nh vi\u00ean H\u1ee3p t\u00e1c x\u00e3 N\u00f4ng nghi\u1ec7p v\u00e0 D\u1ecbch v\u1ee5 H\u00f9ng Th\u01a1m Gia Lai v\u00e0 t\u1ea5m l\u00f2ng c\u1ee7a b\u00e0 con n\u00f4ng d\u00e2n \u0111\u00e3 t\u1ea1o n\u00ean m\u1ed9t s\u1ea3n ph\u1ea9m kh\u00f4ng\u00a0 kh\u00f4ng th\u1ec3 thi\u1ebfu \u0111\u1ec3 b\u1ed5 sung vitamin cho t\u1eebng c\u00e1 nh\u00e2n, gia \u0111\u00ecnh v\u00e0 c\u1ed9ng \u0111\u1ed3ng\u2026m\u00e0 c\u00f2n th\u00e2n thi\u1ec7n v\u1edbi m\u00f4i tr\u01b0\u1eddng ch\u1ee9a \u0111\u1ef1ng gi\u00e1 tr\u1ecb tinh th\u1ea7n mang \u0111\u1eadm b\u1ea3n s\u1eafc \u0111\u1eb7c tr\u01b0ng c\u1ee7a \u0111\u1ecba ph\u01b0\u01a1ng, lu\u00f4n \u0111em \u0111\u1ebfn c\u1ea3m gi\u00e1c an t\u00e2m cho ng\u01b0\u1eddi s\u1eed d\u1ee5ng, chanh d\u00e2y c\u1ea5p \u0111\u00f4ng c\u00f3 th\u1ec3 d\u00f9ng k\u1ebft h\u1ee3p v\u1edbi nhi\u1ec1u \u00fd t\u01b0\u1edfng ch\u1ebf bi\u1ebfn c\u00e1c m\u00f3n \u0103n v\u00e0 nhi\u1ec1u lo\u1ea1i th\u1ee9c u\u1ed1ng\u2026.\u201d Ru\u1ed9t Chanh D\u00e2y C\u1ea5p \u0110\u00f4ng\u2019\u2019 s\u1ea3n ph\u1ea9m kh\u00f4ng th\u1ec3 thi\u1ebfu trong ng\u00e0nh \u1ea9m th\u1ef1c&#8230;<\/p>\n<p><strong><em>Xin tr\u00e2n tr\u1ecdng c\u1ea3m \u01a1n !<\/em><\/strong><\/p>","protected":false},"excerpt":{"rendered":"<p>T\u1ec9nh Gia Lai l\u00e0 m\u1ed9t t\u1ec9nh n\u1eb1m \u1edf ph\u00eda B\u1eafc v\u00f9ng T\u00e2y nguy\u00ean. Ph\u00eda \u0110\u00f4ng gi\u00e1p t\u1ec9nh B\u00ecnh \u0110\u1ecbnh, Ph\u00fa Y\u00ean, ph\u00eda T\u00e2y gi\u00e1p t\u1ec9nh Ratanakiri c\u1ee7a V\u01b0\u01a1ng qu\u1ed1c Cam puchia, ph\u00eda Nam gi\u00e1p t\u1ec9nh \u0110\u0103k L\u0103k, ph\u00eda B\u1eafc gi\u00e1p t\u1ec9nh Kon Tum, c\u00f3 di\u1ec7n t\u00edch t\u1ef1 nhi\u00ean 1551.098,53 ha, Trong \u0111\u00f3 \u0111\u1ea5t s\u1ea3n xu\u1ea5t n\u00f4ng nghi\u1ec7p: 1389.684,65 ha (<em>\u0111\u1ea5t \u0111\u1ecf Ba Zan: 756,433 ha c\u00f2n l\u1ea1i \u0111\u1ea5t x\u00e1m, d\u1ed1c t\u1ee5, \u0111\u1ea5t x\u00f3i m\u00f2n tr\u01a1 s\u1ecfi \u0111\u00e1: 610.381 ha)<\/em>; \u0111\u1ea5t phi nghi\u1ec7p: 99.694,18 ha, c\u00f2n l\u1ea1i c\u00e1c \u0111\u1ea5t kh\u00e1c, d\u00e2n s\u1ed1: 1.414.424 ng\u01b0\u1eddi\u00a0 \u0111\u1ed3ng b\u00e0o d\u00e2n t\u1ed9c thi\u1ec3u s\u1ed1: 632.356 ng\u01b0\u1eddi chi\u1ebfm 44,7% d\u00e2n s\u1ed1 to\u00e0n t\u1ec9nh, ng\u01b0\u1eddi kinh chi\u1ebfm 63,3 %. Kh\u00ed h\u1eadu mang nhi\u1ec7t \u0111\u1edbi gi\u00f3 m\u00f9a ph\u00e2n chia 2 m\u00f9a r\u00f5 r\u1ec7t, m\u00f9a m\u01b0a v\u00e0 m\u00f9a n\u1eafng ph\u00f9 h\u1ee3p cho vi\u1ec7c tr\u1ed3ng tr\u1ecdt v\u00e0 ch\u0103n nu\u00f4i.<\/p>\n<p>V\u1ec1 tr\u1ed3ng tr\u1ecdt: Ph\u00f9 h\u1ee3p cho c\u00e1c lo\u1ea1i c\u00e2y c\u00f4ng nghi\u1ec7p d\u00e0i ng\u00e0y: C\u00e0 ph\u00ea, h\u1ed3 ti\u00eau, cao su v\u00e0 m\u1ed9t s\u1ed1 c\u00e2y ng\u1eafn ng\u00e0y kh\u00e1c\u2026 \u0111\u1ebfn nh\u1eefng n\u0103m 2011-2012 huy\u1ec7n Mang Yang \u0111\u01b0a v\u00e0o tr\u1ed3ng th\u1eed nghi\u1ec7m c\u00e2y chanh d\u00e2y \u0111\u1ea7u ti\u00ean tr\u00ean \u0111\u1ecba b\u00e0n t\u1ec9nh Gia Lai th\u00ec cho thu ho\u1ea1ch r\u1ea5t t\u1ed1t, n\u0103ng su\u1ea5t b\u00ecnh qu\u00e2n 50-60 t\u1ea1\/ha, thu nh\u1eadp 600- 1 t\u1ef7 \u0111\u1ed3ng\/ha, tuy nhi\u00ean trong nh\u1eefng n\u0103m g\u1ea7n \u0111\u00e2y gi\u00e1 c\u1ea3 th\u1ecb tr\u01b0\u1eddng b\u1ea5p b\u00eanh g\u00e2y \u1ea3nh h\u01b0\u1edfng kh\u00f4ng nh\u1ecf \u0111\u1ebfn ng\u01b0\u1eddi s\u1ea3n xu\u1ea5t n\u00f4ng nghi\u1ec7p, nh\u1ea5t l\u00e0 kh\u00f3 kh\u0103n trong vi\u1ec7c ti\u00eau th\u1ee5 s\u1ea3n ph\u1ea9m.<\/p>\n<p>V\u00e0o cu\u1ed1i n\u0103m 2017 th\u00f4ng qua phong tr\u00e0o qu\u1ed1c gia kh\u1edfi nghi\u1ec7p. Ti\u1ec1n th\u00e2n l\u00e0 h\u1ed9 c\u00e1 th\u1ec3 c\u00f3 \u00fd t\u01b0\u1edfng mua b\u00e1n trao \u0111\u1ed5i n\u00f4ng s\u1ea3n cho ng\u01b0\u1eddi d\u00e2n tr\u00ean \u0111\u1ecba b\u00e0n huy\u1ec7n Mang Yang, hi\u1ec3u r\u00f5 mong mu\u1ed1n kh\u00e1t khao c\u1ee7a b\u00e0 con n\u00f4ng d\u00e2n lao \u0111\u1ed9ng l\u00e0 \u0111\u01b0\u1ee3c tr\u1ed3ng nhi\u1ec1u v\u00e0 ti\u00eau th\u1ee5 nguy\u00ean li\u1ec7u m\u1ed9t c\u00e1ch b\u1ec1n v\u1eefng. Sau khi h\u1ecdc h\u1ecfi v\u00e0 ti\u1ebfp c\u1eadn nh\u1eefng ki\u1ebfn th\u1ee9c m\u1edbi quy tr\u00ecnh k\u1ef9 thu\u1eadt tr\u1ed3ng v\u00e0 ch\u0103m s\u00f3c c\u00e2y chanh d\u00e2y theo theo h\u01b0\u1edbng h\u1eefu c\u01a1 nh\u1eb1m b\u1ea3o v\u1ec7 s\u1ee9c kh\u1ecfe cho ng\u01b0\u1eddi ti\u00eau d\u00f9ng v\u00e0 b\u1ea3o v\u1ec7 m\u00f4i tr\u01b0\u1eddng.<\/p>\n<p>Xu\u1ea5t ph\u00e1t t\u1eeb nh\u1eefng k\u1ef3 v\u1ecdng \u0111\u00f3, b\u1ea3n th\u00e2n t\u00f4i l\u00e0 m\u1ed9t ng\u01b0\u1eddi con \u0111\u01b0\u1ee3c sinh ra v\u00e0 l\u1edbn l\u00ean t\u1ea1i m\u1ea3nh \u0111\u1ea5t Mang Yang (<em>\u00fd ngh\u0129a t\u00ean g\u1ecdi Mang Yang \u0111\u01b0\u1ee3c v\u00ed nh\u01b0 c\u1ed5ng tr\u1eddi \u0111ang r\u1ed9ng m\u1edf v\u00e0 lu\u00f4n lu\u00f4n kh\u00e1c khao s\u1ef1 \u0111\u1ed5i m\u1edbi, ng\u00e0y c\u00e0ng ph\u00e1t tri\u1ec3n h\u01a1n<\/em>), T\u00f4i mu\u1ed1n g\u00f3p th\u00eam m\u1ed9t ch\u00fat c\u00f4ng s\u1ee9c v\u00e0o to\u00e0n th\u1ec3 c\u1ed9ng \u0111\u1ed3ng ph\u00e1t tri\u1ec3n \u00fd t\u01b0\u1edfng s\u1ea3n xu\u1ea5t v\u00e0 x\u00e2y d\u1ef1ng th\u01b0\u01a1ng hi\u1ec7u s\u1ea3n ph\u1ea9m ch\u1ebf bi\u1ebfn t\u1eeb chanh d\u00e2y v\u1edbi hy v\u1ecdng m\u1ed9t ng\u00e0y kh\u00f4ng xa s\u1ea3n ph\u1ea9m n\u00f4ng nghi\u1ec7p ti\u00eau bi\u1ec3u mang t\u00ednh b\u1ec1n v\u1eefng, s\u1ea3n ph\u1ea9m theo chu\u1ed7i gi\u00e1 tr\u1ecb cho \u0111\u1ecba ph\u01b0\u01a1ng c\u0169ng nh\u01b0 t\u1ec9nh nh\u00e0:\u00a0<strong>S\u1ea3n Ph\u1ea9m \u2018\u2019Ru\u1ed9t Chanh D\u00e2y C\u1ea5p \u0110\u00f4ng\u2019\u2019. N\u1ed1i Ti\u1ebfp li\u00ean k\u1ebft chu\u1ed7i gi\u00e1 tr\u1ecb S\u1ea3n Ph\u1ea9m Chanh D\u00e2y huy\u1ec7n Mang Yang, t\u1ec9nh Gia Lai\u00a0<\/strong>mong mu\u1ed1n \u0111\u01b0\u1ee3c gi\u1edbi thi\u1ec7u v\u00e0 xu\u1ea5t kh\u1ea9u ra c\u00e1c n\u01b0\u1edbc trong khu v\u1ef1c v\u00e0 th\u1ebf gi\u1edbi.<\/p>\n<p>T\u1eeb nh\u1eefng \u00fd t\u01b0\u1edfng \u0111\u00e1nh th\u1ee9c gi\u00e1 tr\u1ecb ti\u1ec1m n\u0103ng, suy ngh\u0129 v\u00e0 \u0111am m\u00ea trong n\u00f4ng nghi\u1ec7p c\u1ee7a t\u00f4i c\u00f9ng v\u1edbi \u201cN\u00f3i \u0111i \u0111\u00f4i v\u1edbi l\u00e0m\u201d ch\u00fang t\u00f4i ti\u1ebfp t\u1ee5c v\u1eadn \u0111\u1ed9ng b\u00e0 con n\u00f4ng d\u00e2n trong x\u00e3, huy\u1ec7n c\u00f9ng nhau ti\u1ebfp t\u1ee5c m\u1edf r\u1ed9ng li\u00ean k\u1ebft s\u1ea3n xu\u1ea5t g\u1eafn v\u1edbi ti\u00eau th\u1ee5 s\u1ea3n ph\u1ea9m H\u1ee3p t\u00e1c x\u00e3 N\u00f4ng nghi\u1ec7p v\u00e0 D\u1ecbch v\u1ee5 H\u00f9ng Th\u01a1m Gia Lai, vi\u1ebft t\u1eaft (HTX) v\u1edbi ph\u01b0\u01a1ng ch\u00e2m:<\/p>\n<p>+ C\u00f9ng nhau v\u1edbi n\u00f4ng d\u00e2n b\u00e0n b\u1ea1c th\u1ef1c hi\u1ec7n li\u00ean k\u1ebft chu\u1ed7i gi\u00e1 tr\u1ecb g\u1eafn v\u1edbi ti\u00eau th\u1ee5 s\u1ea3n ph\u1ea9m chanh d\u00e2y \u00e1p d\u1ee5ng quy tr\u00ecnh ch\u1ee9ng nh\u1eadn GLOBAL GAP, s\u1ea3n xu\u1ea5t theo h\u01b0\u1edbng vi sinh h\u1eefu c\u01a1.<\/p>\n<p>+ Gi\u1ea3i quy\u1ebft c\u00f4ng \u0103n vi\u1ec7c l\u00e0m cho ng\u01b0\u1eddi d\u00e2n \u0111\u1ecba ph\u01b0\u01a1ng \u0111\u1ea3m b\u1ea3o thu nh\u1eadp trong th\u1eddi k\u1ef3 n\u1ec1n kinh t\u1ebf th\u1ebf gi\u1edbi c\u00f3 nhi\u1ec1u bi\u1ebfn \u0111\u1ed9ng.<\/p>\n<p>+ S\u01a1 Ch\u1ebf s\u1ea3n ph\u1ea9m th\u00e0nh ph\u1ea7n ch\u00ednh g\u1ed3m: Ru\u1ed9t chanh d\u00e2y t\u01b0\u01a1i 100%, \u0110\u00f3ng g\u00f3i nh\u1eb1m \u0111\u1ec3 ph\u1ee5c v\u1ee5 ch\u1ebf bi\u1ebfn c\u00e1c m\u00f3n \u0103n\u2026, n\u01b0\u1edbc u\u1ed1ng gi\u1ea3i kh\u00e1t\u2026, \u0111\u1ea3m b\u1ea3o s\u1ee9c kh\u1ecfe cho con ng\u01b0\u1eddi v\u00e0 b\u1ea3o v\u1ec7 m\u00f4i tr\u01b0\u1eddng n\u00f4ng th\u00f4n.<\/p>\n<p>+ K\u1ebft n\u1ed1i cung c\u1ea7u \u0111\u1ea3m b\u1ea3o \u0111\u1ea7u ra cho v\u00f9ng nguy\u00ean li\u1ec7u \u0111\u1ecba ph\u01b0\u01a1ng \u1ed5n \u0111\u1ecbnh b\u1eb1ng c\u00e1ch li\u00ean k\u1ebft v\u1edbi c\u00e1c c\u00f4ng ty xu\u1ea5t nh\u1eadp kh\u1ea9u trong n\u01b0\u1edbc v\u00e0 qu\u1ed1c t\u1ebf cung \u1ee9ng h\u00e0ng h\u00f3a v\u00e0 k\u1ebft n\u1ea1p h\u1ecd l\u00e0m th\u00e0nh vi\u00ean HTX t\u1ea1o m\u1ed1i li\u00ean k\u1ebft trao \u0111\u1ed5i th\u00e2n thi\u1ec7n, thi\u1ebft th\u1ef1c v\u00e0 b\u1ec1n v\u1eefng\u2026<\/p>\n<p>+ T\u1ea1o chu\u1ed7i gi\u00e1 tr\u1ecb \u0111a d\u1ea1ng h\u00f3a s\u1ea3n ph\u1ea9m ch\u1ed1ng th\u1ea5t tho\u00e1t l\u00e3ng ph\u00ed n\u00e2ng cao gi\u00e1 tr\u1ecb s\u1ea3n ph\u1ea9m chanh d\u00e2y b\u1ec1n v\u1eefng b\u1eb1ng c\u00e1ch ch\u1ebf bi\u1ebfn t\u1eeb 1 s\u1ea3n ph\u1ea9m chanh d\u00e2y ra nhi\u1ec1u s\u1ea3n ph\u1ea9m ch\u1ee7ng lo\u1ea1i kh\u00e1c nhau cung \u1ee9ng tr\u00ean th\u1ecb tr\u01b0\u1eddng t\u1ea1o c\u1ea3m gi\u00e1c m\u1edbi l\u1ea1 thu h\u00fat kh\u00e1ch v\u00e0 ng\u01b0\u1eddi ti\u00eau d\u00f9ng\u2026<\/p>\n<p>S\u1ea3n ph\u1ea9m \u201c<strong>\u00a0Ru\u1ed9t Chanh D\u00e2y C\u1ea5p \u0110\u00f4ng\u00a0<\/strong>\u201d \u0111\u01b0\u1ee3c s\u1eed d\u1ee5ng r\u1ed9ng r\u00e3i trong t\u1ea5t c\u1ea3 c\u00e1c m\u00f3n \u0103n\u00a0 thu\u1ea7n t\u00fay b\u1ea3n \u0111\u1ecba l\u1eabn c\u00e1c m\u00f3n \u00e2u sang ch\u1ea3nh, gi\u00fap m\u00f3n \u0103n \u0111\u1eadm v\u1ecb \u0111\u1eb7c tr\u01b0ng v\u00e0 ngon h\u01a1n, v\u00f9ng nguy\u00ean li\u1ec7u \u0111\u1ea1t chu\u1ea9n canh t\u00e1c h\u1eefu c\u01a1, ch\u00fang t\u00f4i t\u1ef1 tin \u0111em \u0111\u1ebfn cho ng\u01b0\u1eddi ti\u00eau d\u00f9ng s\u1ea3n ph\u1ea9m an to\u00e0n nh\u1ea5t, \u0111\u1eb7t tr\u01b0ng nh\u1ea5t t\u1eeb l\u00f2ng \u0111\u1ea5t m\u1eb9 Huy\u1ec7n Mang Yang \u2013 T\u1ec9nh Gia Lai ; s\u1ea3n ph\u1ea9m \u0111\u01b0\u1ee3c k\u1ebft tinh t\u1eeb nh\u1eefng \u0111am m\u00ea ch\u00e1y b\u1ecfng, t\u00e2m huy\u1ebft c\u1ee7a c\u00e1c th\u00e0nh vi\u00ean H\u1ee3p t\u00e1c x\u00e3 N\u00f4ng nghi\u1ec7p v\u00e0 D\u1ecbch v\u1ee5 H\u00f9ng Th\u01a1m Gia Lai v\u00e0 t\u1ea5m l\u00f2ng c\u1ee7a b\u00e0 con n\u00f4ng d\u00e2n \u0111\u00e3 t\u1ea1o n\u00ean m\u1ed9t s\u1ea3n ph\u1ea9m kh\u00f4ng\u00a0 kh\u00f4ng th\u1ec3 thi\u1ebfu \u0111\u1ec3 b\u1ed5 sung vitamin cho t\u1eebng c\u00e1 nh\u00e2n, gia \u0111\u00ecnh v\u00e0 c\u1ed9ng \u0111\u1ed3ng\u2026m\u00e0 c\u00f2n th\u00e2n thi\u1ec7n v\u1edbi m\u00f4i tr\u01b0\u1eddng ch\u1ee9a \u0111\u1ef1ng gi\u00e1 tr\u1ecb tinh th\u1ea7n mang \u0111\u1eadm b\u1ea3n s\u1eafc \u0111\u1eb7c tr\u01b0ng c\u1ee7a \u0111\u1ecba ph\u01b0\u01a1ng, lu\u00f4n \u0111em \u0111\u1ebfn c\u1ea3m gi\u00e1c an t\u00e2m cho ng\u01b0\u1eddi s\u1eed d\u1ee5ng, chanh d\u00e2y c\u1ea5p \u0111\u00f4ng c\u00f3 th\u1ec3 d\u00f9ng k\u1ebft h\u1ee3p v\u1edbi nhi\u1ec1u \u00fd t\u01b0\u1edfng ch\u1ebf bi\u1ebfn c\u00e1c m\u00f3n \u0103n v\u00e0 nhi\u1ec1u lo\u1ea1i th\u1ee9c u\u1ed1ng\u2026.\u201d Ru\u1ed9t Chanh D\u00e2y C\u1ea5p \u0110\u00f4ng\u2019\u2019 s\u1ea3n ph\u1ea9m kh\u00f4ng th\u1ec3 thi\u1ebfu trong ng\u00e0nh \u1ea9m th\u1ef1c&#8230;<\/p>\n<p><strong><em>Xin tr\u00e2n tr\u1ecdng c\u1ea3m \u01a1n !<\/em><\/strong><\/p>","protected":false},"featured_media":11912,"comment_status":"open","ping_status":"closed","template":"","meta":{"_acf_changed":false},"product_cat":[316,366,367,22,313],"product_tag":[],"class_list":{"0":"post-11906","1":"product","2":"type-product","3":"status-publish","4":"has-post-thumbnail","6":"product_cat-che-bien-tu-rau-cu-qua-hat","7":"product_cat-hang-cnnt-cap-qg","8":"product_cat-hang-cnnt-cap-qg-2023","9":"product_cat-sanphamthucpham","10":"product_cat-thuc-pham-che-bien","12":"first","13":"instock","14":"shipping-taxable","15":"purchasable","16":"product-type-simple"},"acf":[],"_links":{"self":[{"href":"https:\/\/b2c.fairs.vn\/en\/wp-json\/wp\/v2\/product\/11906","targetHints":{"allow":["GET"]}}],"collection":[{"href":"https:\/\/b2c.fairs.vn\/en\/wp-json\/wp\/v2\/product"}],"about":[{"href":"https:\/\/b2c.fairs.vn\/en\/wp-json\/wp\/v2\/types\/product"}],"replies":[{"embeddable":true,"href":"https:\/\/b2c.fairs.vn\/en\/wp-json\/wp\/v2\/comments?post=11906"}],"version-history":[{"count":0,"href":"https:\/\/b2c.fairs.vn\/en\/wp-json\/wp\/v2\/product\/11906\/revisions"}],"wp:featuredmedia":[{"embeddable":true,"href":"https:\/\/b2c.fairs.vn\/en\/wp-json\/wp\/v2\/media\/11912"}],"wp:attachment":[{"href":"https:\/\/b2c.fairs.vn\/en\/wp-json\/wp\/v2\/media?parent=11906"}],"wp:term":[{"taxonomy":"product_cat","embeddable":true,"href":"https:\/\/b2c.fairs.vn\/en\/wp-json\/wp\/v2\/product_cat?post=11906"},{"taxonomy":"product_tag","embeddable":true,"href":"https:\/\/b2c.fairs.vn\/en\/wp-json\/wp\/v2\/product_tag?post=11906"}],"curies":[{"name":"wp","href":"https:\/\/api.w.org\/{rel}","templated":true}]}}