{"id":11903,"date":"2024-03-28T16:13:53","date_gmt":"2024-03-28T09:13:53","guid":{"rendered":"https:\/\/b2c.fairs.vn\/?post_type=product&#038;p=11903"},"modified":"2024-03-28T16:13:53","modified_gmt":"2024-03-28T09:13:53","slug":"dau-do-ngam-nuoc-duong","status":"publish","type":"product","link":"https:\/\/b2c.fairs.vn\/en\/product\/dau-do-ngam-nuoc-duong\/","title":{"rendered":"\u0110\u1eadu \u0110\u1ecf Ng\u00e2m N\u01b0\u1edbc \u0110\u01b0\u1eddng"},"content":{"rendered":"<p>\u0110\u1eadu \u0111\u1ecf l\u00e0 m\u1ed9t trong nh\u1eefng lo\u1ea1i topping hot nh\u1ea5t cho tr\u00e0 s\u1eefa trong th\u1eddi gian g\u1ea7n \u0111\u00e2y. Kh\u00f4ng b\u1ecf qua xu h\u01b0\u1edbng \u0111\u00f3, nh\u1eefng h\u1ed9p \u0111\u1eadu \u0111\u1ecf mang th\u01b0\u01a1ng hi\u1ec7u\u00a0<strong>\u201cC\u00e1t Long\u201d<\/strong>\u00a0\u0111\u00e3 xu\u1ea5t hi\u1ec7n trong c\u00e1c chu\u1ed7i F&amp;B l\u1edbn t\u1ea1i Vi\u1ec7t Nam v\u00e0 v\u00f4 s\u1ed1 c\u00e1c qu\u00e1n c\u00e0 ph\u00ea, gi\u1ea3i kh\u00e1t l\u1edbn nh\u1ecf. \u201c<strong>\u0110\u1eadu \u0110\u1ecf Ng\u00e2m N\u01b0\u1edbc \u0110\u01b0\u1eddng C\u00e1t Long\u201d<\/strong>\u00a0ch\u1eafc ch\u1eafn l\u00e0 m\u1ed9t trong nh\u1eefng s\u1ea3n ph\u1ea9m quan tr\u1ecdng nh\u1ea5t \u0111\u1ec3 ho\u00e0n th\u00e0nh s\u1ee9 m\u1ec7nh tr\u1edf th\u00e0nh nh\u00e0 cung c\u1ea5p nguy\u00ean li\u1ec7u pha ch\u1ebf h\u00e0ng \u0111\u1ea7u Vi\u1ec7t Nam c\u1ee7a \u00c1 Ch\u00e2u.<\/p>\n<div id=\"\" class=\"wpsestyles\"><em>C\u00e1c th\u00f4ng s\u1ed1 c\u1ee7a \u0110\u1eadu \u0110\u1ecf Ng\u00e2m N\u01b0\u1edbc \u0110\u01b0\u1eddng C\u00e1t Long<b>:<\/b><\/em><\/div>\n<div><\/div>\n<div><\/div>\n<table>\n<tbody>\n<tr>\n<td><strong>Quy c\u00e1ch \u0111\u00f3ng th\u00f9ng<\/strong><\/td>\n<td><strong>Kh\u1ed1i l\u01b0\u1ee3ng t\u1ecbnh\u00a0(gram)<\/strong><\/td>\n<td><strong>Kh\u1ed1i l\u01b0\u1ee3ng c\u00e1i\u00a0(gram)<\/strong><\/td>\n<td><strong>Th\u00e0nh ph\u1ea7n<\/strong><\/td>\n<td><strong>\u0110\u1ed9 \u0111\u01b0\u1eddng (%)<\/strong><\/td>\n<td><strong>Axit (%)<\/strong><\/td>\n<\/tr>\n<tr>\n<td>24 lon\/th\u00f9ng<\/td>\n<td>425<\/td>\n<td>250<\/td>\n<td rowspan=\"4\">\u0110\u1eadu \u0111\u1ecf, n\u01b0\u1edbc, \u0111\u01b0\u1eddng<\/td>\n<td rowspan=\"4\">4 \u2013 6<\/td>\n<td rowspan=\"4\">0.04 \u2013 0.05<\/td>\n<\/tr>\n<tr>\n<td>24 lon\/th\u00f9ng<\/td>\n<td>565<\/td>\n<td>360<\/td>\n<\/tr>\n<tr>\n<td>12 lon\/th\u00f9ng<\/td>\n<td>830<\/td>\n<td>480<\/td>\n<\/tr>\n<tr>\n<td>6 lon\/th\u00f9ng<\/td>\n<td>3000<\/td>\n<td>1800<\/td>\n<\/tr>\n<\/tbody>\n<\/table>","protected":false},"excerpt":{"rendered":"<p>\u0110\u1eadu \u0111\u1ecf l\u00e0 m\u1ed9t trong nh\u1eefng lo\u1ea1i topping hot nh\u1ea5t cho tr\u00e0 s\u1eefa trong th\u1eddi gian g\u1ea7n \u0111\u00e2y. Kh\u00f4ng b\u1ecf<\/p>","protected":false},"featured_media":11922,"comment_status":"open","ping_status":"closed","template":"","meta":{"_acf_changed":false},"product_cat":[316,22,313],"product_tag":[],"class_list":{"0":"post-11903","1":"product","2":"type-product","3":"status-publish","4":"has-post-thumbnail","6":"product_cat-che-bien-tu-rau-cu-qua-hat","7":"product_cat-sanphamthucpham","8":"product_cat-thuc-pham-che-bien","10":"first","11":"instock","12":"shipping-taxable","13":"product-type-simple"},"acf":[],"_links":{"self":[{"href":"https:\/\/b2c.fairs.vn\/en\/wp-json\/wp\/v2\/product\/11903","targetHints":{"allow":["GET"]}}],"collection":[{"href":"https:\/\/b2c.fairs.vn\/en\/wp-json\/wp\/v2\/product"}],"about":[{"href":"https:\/\/b2c.fairs.vn\/en\/wp-json\/wp\/v2\/types\/product"}],"replies":[{"embeddable":true,"href":"https:\/\/b2c.fairs.vn\/en\/wp-json\/wp\/v2\/comments?post=11903"}],"version-history":[{"count":0,"href":"https:\/\/b2c.fairs.vn\/en\/wp-json\/wp\/v2\/product\/11903\/revisions"}],"wp:featuredmedia":[{"embeddable":true,"href":"https:\/\/b2c.fairs.vn\/en\/wp-json\/wp\/v2\/media\/11922"}],"wp:attachment":[{"href":"https:\/\/b2c.fairs.vn\/en\/wp-json\/wp\/v2\/media?parent=11903"}],"wp:term":[{"taxonomy":"product_cat","embeddable":true,"href":"https:\/\/b2c.fairs.vn\/en\/wp-json\/wp\/v2\/product_cat?post=11903"},{"taxonomy":"product_tag","embeddable":true,"href":"https:\/\/b2c.fairs.vn\/en\/wp-json\/wp\/v2\/product_tag?post=11903"}],"curies":[{"name":"wp","href":"https:\/\/api.w.org\/{rel}","templated":true}]}}