{"id":11902,"date":"2024-03-28T16:09:04","date_gmt":"2024-03-28T09:09:04","guid":{"rendered":"https:\/\/b2c.fairs.vn\/?post_type=product&#038;p=11902"},"modified":"2024-03-28T16:09:05","modified_gmt":"2024-03-28T09:09:05","slug":"vai-thieu-ngam-nuoc-duong-cat-long-565g","status":"publish","type":"product","link":"https:\/\/b2c.fairs.vn\/en\/product\/vai-thieu-ngam-nuoc-duong-cat-long-565g\/","title":{"rendered":"V\u1ea3i Thi\u1ec1u Ng\u00e2m N\u01b0\u1edbc \u0110\u01b0\u1eddng C\u00e1t Long 565g"},"content":{"rendered":"<div id=\"\" class=\"wpsestyles\"><em>C\u00e1c th\u00f4ng s\u1ed1 c\u1ee7a V\u1ea3i Thi\u1ec1u Ng\u00e2m N\u01b0\u1edbc \u0110\u01b0\u1eddng<\/em><\/div>\n<div><\/div>\n<table>\n<tbody>\n<tr>\n<td><strong>Quy c\u00e1ch \u0111\u00f3ng th\u00f9ng<\/strong><\/td>\n<td><strong>Kh\u1ed1i l\u01b0\u1ee3ng t\u1ecbnh\u00a0(gram)<\/strong><\/td>\n<td><strong>Kh\u1ed1i l\u01b0\u1ee3ng c\u00e1i\u00a0(gram)<\/strong><\/td>\n<td><strong>Th\u00e0nh ph\u1ea7n<\/strong><\/td>\n<td><strong>\u0110\u1ed9 \u0111\u01b0\u1eddng (%)<\/strong><\/td>\n<td><strong>Axit (%)<\/strong><\/td>\n<\/tr>\n<tr>\n<td>24 lon\/carton<\/td>\n<td>450<\/td>\n<td>230<\/td>\n<td rowspan=\"3\">V\u1ea3i thi\u1ec1u t\u01b0\u01a1i, n\u01b0\u1edbc, \u0111\u01b0\u1eddng<\/td>\n<td rowspan=\"3\">4 \u2013 6<\/td>\n<td rowspan=\"3\">0.04 \u2013 0.05<\/td>\n<\/tr>\n<tr>\n<td>24 lon\/carton<\/td>\n<td>565<\/td>\n<td>340<\/td>\n<\/tr>\n<tr>\n<td>6 lon\/carton<\/td>\n<td>3000<\/td>\n<td>1500 \u2013 1800<\/td>\n<\/tr>\n<\/tbody>\n<\/table>","protected":false},"excerpt":{"rendered":"<p>C\u00e1c th\u00f4ng s\u1ed1 c\u1ee7a V\u1ea3i Thi\u1ec1u Ng\u00e2m N\u01b0\u1edbc \u0110\u01b0\u1eddng Quy c\u00e1ch \u0111\u00f3ng th\u00f9ng Kh\u1ed1i l\u01b0\u1ee3ng t\u1ecbnh\u00a0(gram) Kh\u1ed1i l\u01b0\u1ee3ng c\u00e1i\u00a0(gram) Th\u00e0nh<\/p>","protected":false},"featured_media":11908,"comment_status":"open","ping_status":"closed","template":"","meta":{"_acf_changed":false},"product_cat":[316,22,313],"product_tag":[],"class_list":{"0":"post-11902","1":"product","2":"type-product","3":"status-publish","4":"has-post-thumbnail","6":"product_cat-che-bien-tu-rau-cu-qua-hat","7":"product_cat-sanphamthucpham","8":"product_cat-thuc-pham-che-bien","10":"first","11":"instock","12":"shipping-taxable","13":"product-type-simple"},"acf":[],"_links":{"self":[{"href":"https:\/\/b2c.fairs.vn\/en\/wp-json\/wp\/v2\/product\/11902","targetHints":{"allow":["GET"]}}],"collection":[{"href":"https:\/\/b2c.fairs.vn\/en\/wp-json\/wp\/v2\/product"}],"about":[{"href":"https:\/\/b2c.fairs.vn\/en\/wp-json\/wp\/v2\/types\/product"}],"replies":[{"embeddable":true,"href":"https:\/\/b2c.fairs.vn\/en\/wp-json\/wp\/v2\/comments?post=11902"}],"version-history":[{"count":0,"href":"https:\/\/b2c.fairs.vn\/en\/wp-json\/wp\/v2\/product\/11902\/revisions"}],"wp:featuredmedia":[{"embeddable":true,"href":"https:\/\/b2c.fairs.vn\/en\/wp-json\/wp\/v2\/media\/11908"}],"wp:attachment":[{"href":"https:\/\/b2c.fairs.vn\/en\/wp-json\/wp\/v2\/media?parent=11902"}],"wp:term":[{"taxonomy":"product_cat","embeddable":true,"href":"https:\/\/b2c.fairs.vn\/en\/wp-json\/wp\/v2\/product_cat?post=11902"},{"taxonomy":"product_tag","embeddable":true,"href":"https:\/\/b2c.fairs.vn\/en\/wp-json\/wp\/v2\/product_tag?post=11902"}],"curies":[{"name":"wp","href":"https:\/\/api.w.org\/{rel}","templated":true}]}}