{"id":11894,"date":"2024-03-28T16:04:23","date_gmt":"2024-03-28T09:04:23","guid":{"rendered":"https:\/\/b2c.fairs.vn\/?post_type=product&#038;p=11894"},"modified":"2024-04-19T14:05:56","modified_gmt":"2024-04-19T07:05:56","slug":"mut-chanh-day-say-deo-32","status":"publish","type":"product","link":"https:\/\/b2c.fairs.vn\/en\/product\/mut-chanh-day-say-deo-32\/","title":{"rendered":"M\u1ee9t chanh d\u00e2y s\u1ea5y d\u1ebbo &#8211; 32"},"content":{"rendered":"<p>C\u00c2U CHUY\u1ec6N S\u1ea2N PH\u1ea8M<\/p>\n<p>Huy\u1ec7n Mang Yang trong ti\u1ebfng Bahnar ngh\u0129a l\u00e0\u00a0c\u1ed5ng tr\u1eddi \u0111ang r\u1ed9ng m\u1edf v\u00e0 lu\u00f4n lu\u00f4n kh\u00e1c khao s\u1ef1 \u0111\u1ed5i m\u1edbi ng\u00e0y c\u00e0ng ph\u00e1t tri\u1ec3n. T\u00ean huy\u1ec7n \u0111\u01b0\u1ee3c \u0111\u1eb7t theo t\u00ean m\u1ed9t con\u00a0<a href=\"https:\/\/vi.wikipedia.org\/wiki\/%C4%90%C3%A8o%20\/o%20%C4%90%C3%A8o\">\u0111\u00e8o<\/a>n\u1ed5i ti\u1ebfng, \u0111\u00f3 l\u00e0 \u0111\u00e8o Mang Yang n\u1eb1m tr\u00ean qu\u1ed1c l\u1ed9 19 t\u1ec9nh Gia Lai, l\u00e0 c\u1eeda ng\u00f5 th\u00f4ng th\u01b0\u01a1ng v\u1edbi c\u00e1c \u0111\u1ecba ph\u01b0\u01a1ng kh\u00e1c trong t\u1ec9nh v\u00e0 ngo\u00e0i t\u1ec9nh.\u00a0Huy\u1ec7n c\u00f3 \u0111i\u1ec1u ki\u1ec7n t\u1ef1 nhi\u00ean, \u0111\u1ea5t \u0111\u1ecf bazan m\u00e0u m\u1ee1, kh\u00ed h\u1eadu r\u1ea5t thu\u1eadn l\u1ee3i cho s\u1ef1 ph\u00e1t tri\u1ec3n c\u00e1c lo\u1ea1i c\u00e2y tr\u1ed3ng, nh\u1ea5t l\u00e0 c\u00e1c lo\u1ea1i c\u00e2y c\u00f4ng nghi\u1ec7p d\u00e0i ng\u00e0y v\u00e0 c\u00e2y \u0103n tr\u00e1i.<\/p>\n<p>\u200bS\u1ea3n ph\u1ea9m \u201cChanh d\u00e2y s\u1ea5y d\u1ebbo\u201d l\u00e0 m\u1ed9t trong nh\u1eefng s\u1ea3n ph\u1ea9m k\u1ebft tinh t\u1eeb chu\u1ed7i gi\u00e1 tr\u1ecb chanh d\u00e2y \u0111\u01b0\u1ee3c tr\u1ed3ng tr\u00ean m\u1ea3nh \u0111\u1ea5t\u00a0Mang\u00a0Yang\u00a0&#8211; T\u1ec9nh Gia Lai,\u00a0qu\u00ea h\u01b0\u01a1ng ch\u00fang t\u00f4i, s\u1ea3n ph\u1ea9m \u0111\u01b0\u1ee3c k\u1ebft tinh t\u1eeb nh\u1eefng \u0111am m\u00ea ch\u00e1y b\u1ecfng, t\u00e2m huy\u1ebft c\u1ee7a c\u00e1c th\u00e0nh vi\u00ean H\u1ee3p t\u00e1c x\u00e3 N\u00f4ng nghi\u1ec7p v\u00e0 D\u1ecbch v\u1ee5 H\u00f9ng Th\u01a1m Gia Lai v\u00e0 t\u1ea5m l\u00f2ng c\u1ee7a b\u00e0 con n\u00f4ng d\u00e2n \u0111\u00e3 t\u1ea1o n\u00ean m\u1ed9t s\u1ea3n ph\u1ea9m kh\u00f4ng nh\u1eefng c\u00f3 h\u01b0\u01a1ng v\u1ecb th\u01a1m ngon, dinh d\u01b0\u1ee1ng cao m\u00e0 c\u00f2n ch\u1ee9a gi\u00e1 tr\u1ecb tinh th\u1ea7n mang \u0111\u1eadm b\u1ea3n s\u1eafc \u0111\u1eb7c tr\u01b0ng c\u1ee7a \u0111\u1ecba ph\u01b0\u01a1ng,Chanh d\u00e2y s\u1ea5y d\u1ebbo\u00a0\u0111\u01b0\u1ee3c l\u00e0m t\u1eeb V\u1ecf chanh d\u00e2y ch\u1ebf bi\u1ebfn t\u1eeb nguy\u00ean li\u1ec7u ho\u00e0n to\u00e0n t\u1ef1 nhi\u00ean, kh\u00f4ng ph\u1ea9m m\u00e0u, kh\u00f4ng ch\u1ea5t b\u1ea3o qu\u1ea3n.v\u1ecb chua ng\u1ecdt \u0111\u01b0\u1ee3c ch\u1ecdn l\u1ef1a t\u1eeb nh\u1eefng tr\u00e1i chanh d\u00e2y ch\u00edn, t\u01b0\u01a1i ngon t\u1ef1 nhi\u00ean 100%, c\u00f4ng ngh\u1ec7 s\u1ea5y l\u1ea1nh gi\u00fap gi\u1eef nguy\u00ean \u0111\u01b0\u1ee3c h\u00e0m l\u01b0\u1ee3ng dinh d\u01b0\u1ee1ng trong qu\u1ea3 cung c\u1ea5p ngu\u1ed3n ch\u1ea5t x\u01a1, vitamin h\u01b0\u01a1ng v\u1ecb \u0111\u1eadm \u0111\u00e0, \u1ea5n t\u01b0\u1ee3ng ngay l\u1ea7n \u0111\u1ea7u ti\u00ean s\u1eed d\u1ee5ng, s\u1ea3n ph\u1ea9m th\u00edch h\u1ee3p cho t\u1ea5t c\u1ea3 th\u00e0nh vi\u00ean c\u1ee7a m\u1ecdi gia \u0111\u00ecnh.\u00a0HTX N\u00f4ng Nghi\u1ec7p V\u00e0 D\u1ecbch V\u1ee5 H\u00f9ng Th\u01a1m Gia Lai\u00a0lu\u00f4n t\u1ef1 tin \u0111em \u0111\u1ebfn cho t\u1ea5t c\u1ea3 qu\u00fd kh\u00e1ch h\u00e0ng ngu\u1ed3n th\u1ef1c ph\u1ea9m s\u1ea1ch, an to\u00e0n v\u00e0 \u1ea5n t\u01b0\u1ee3ng nh\u1ea5t.<\/p>\n<p>Tr\u00e2n tr\u1ecdng c\u1ea3m \u01a1n qu\u00fd kh\u00e1ch !<\/p>","protected":false},"excerpt":{"rendered":"<p>C\u00c2U CHUY\u1ec6N S\u1ea2N PH\u1ea8M<\/p>\n<p>Huy\u1ec7n Mang Yang trong ti\u1ebfng Bahnar ngh\u0129a l\u00e0\u00a0c\u1ed5ng tr\u1eddi \u0111ang r\u1ed9ng m\u1edf v\u00e0 lu\u00f4n lu\u00f4n kh\u00e1c khao s\u1ef1 \u0111\u1ed5i m\u1edbi ng\u00e0y c\u00e0ng ph\u00e1t tri\u1ec3n. T\u00ean huy\u1ec7n \u0111\u01b0\u1ee3c \u0111\u1eb7t theo t\u00ean m\u1ed9t con\u00a0<a href=\"https:\/\/vi.wikipedia.org\/wiki\/%C4%90%C3%A8o%20\/o%20%C4%90%C3%A8o\">\u0111\u00e8o<\/a>n\u1ed5i ti\u1ebfng, \u0111\u00f3 l\u00e0 \u0111\u00e8o Mang Yang n\u1eb1m tr\u00ean qu\u1ed1c l\u1ed9 19 t\u1ec9nh Gia Lai, l\u00e0 c\u1eeda ng\u00f5 th\u00f4ng th\u01b0\u01a1ng v\u1edbi c\u00e1c \u0111\u1ecba ph\u01b0\u01a1ng kh\u00e1c trong t\u1ec9nh v\u00e0 ngo\u00e0i t\u1ec9nh.\u00a0Huy\u1ec7n c\u00f3 \u0111i\u1ec1u ki\u1ec7n t\u1ef1 nhi\u00ean, \u0111\u1ea5t \u0111\u1ecf bazan m\u00e0u m\u1ee1, kh\u00ed h\u1eadu r\u1ea5t thu\u1eadn l\u1ee3i cho s\u1ef1 ph\u00e1t tri\u1ec3n c\u00e1c lo\u1ea1i c\u00e2y tr\u1ed3ng, nh\u1ea5t l\u00e0 c\u00e1c lo\u1ea1i c\u00e2y c\u00f4ng nghi\u1ec7p d\u00e0i ng\u00e0y v\u00e0 c\u00e2y \u0103n tr\u00e1i.<\/p>\n<p>\u200bS\u1ea3n ph\u1ea9m \u201cChanh d\u00e2y s\u1ea5y d\u1ebbo\u201d l\u00e0 m\u1ed9t trong nh\u1eefng s\u1ea3n ph\u1ea9m k\u1ebft tinh t\u1eeb chu\u1ed7i gi\u00e1 tr\u1ecb chanh d\u00e2y \u0111\u01b0\u1ee3c tr\u1ed3ng tr\u00ean m\u1ea3nh \u0111\u1ea5t\u00a0Mang\u00a0Yang\u00a0&#8211; T\u1ec9nh Gia Lai,\u00a0qu\u00ea h\u01b0\u01a1ng ch\u00fang t\u00f4i, s\u1ea3n ph\u1ea9m \u0111\u01b0\u1ee3c k\u1ebft tinh t\u1eeb nh\u1eefng \u0111am m\u00ea ch\u00e1y b\u1ecfng, t\u00e2m huy\u1ebft c\u1ee7a c\u00e1c th\u00e0nh vi\u00ean H\u1ee3p t\u00e1c x\u00e3 N\u00f4ng nghi\u1ec7p v\u00e0 D\u1ecbch v\u1ee5 H\u00f9ng Th\u01a1m Gia Lai v\u00e0 t\u1ea5m l\u00f2ng c\u1ee7a b\u00e0 con n\u00f4ng d\u00e2n \u0111\u00e3 t\u1ea1o n\u00ean m\u1ed9t s\u1ea3n ph\u1ea9m kh\u00f4ng nh\u1eefng c\u00f3 h\u01b0\u01a1ng v\u1ecb th\u01a1m ngon, dinh d\u01b0\u1ee1ng cao m\u00e0 c\u00f2n ch\u1ee9a gi\u00e1 tr\u1ecb tinh th\u1ea7n mang \u0111\u1eadm b\u1ea3n s\u1eafc \u0111\u1eb7c tr\u01b0ng c\u1ee7a \u0111\u1ecba ph\u01b0\u01a1ng,Chanh d\u00e2y s\u1ea5y d\u1ebbo\u00a0\u0111\u01b0\u1ee3c l\u00e0m t\u1eeb V\u1ecf chanh d\u00e2y ch\u1ebf bi\u1ebfn t\u1eeb nguy\u00ean li\u1ec7u ho\u00e0n to\u00e0n t\u1ef1 nhi\u00ean, kh\u00f4ng ph\u1ea9m m\u00e0u, kh\u00f4ng ch\u1ea5t b\u1ea3o qu\u1ea3n.v\u1ecb chua ng\u1ecdt \u0111\u01b0\u1ee3c ch\u1ecdn l\u1ef1a t\u1eeb nh\u1eefng tr\u00e1i chanh d\u00e2y ch\u00edn, t\u01b0\u01a1i ngon t\u1ef1 nhi\u00ean 100%, c\u00f4ng ngh\u1ec7 s\u1ea5y l\u1ea1nh gi\u00fap gi\u1eef nguy\u00ean \u0111\u01b0\u1ee3c h\u00e0m l\u01b0\u1ee3ng dinh d\u01b0\u1ee1ng trong qu\u1ea3 cung c\u1ea5p ngu\u1ed3n ch\u1ea5t x\u01a1, vitamin h\u01b0\u01a1ng v\u1ecb \u0111\u1eadm \u0111\u00e0, \u1ea5n t\u01b0\u1ee3ng ngay l\u1ea7n \u0111\u1ea7u ti\u00ean s\u1eed d\u1ee5ng, s\u1ea3n ph\u1ea9m th\u00edch h\u1ee3p cho t\u1ea5t c\u1ea3 th\u00e0nh vi\u00ean c\u1ee7a m\u1ecdi gia \u0111\u00ecnh.\u00a0HTX N\u00f4ng Nghi\u1ec7p V\u00e0 D\u1ecbch V\u1ee5 H\u00f9ng Th\u01a1m Gia Lai\u00a0lu\u00f4n t\u1ef1 tin \u0111em \u0111\u1ebfn cho t\u1ea5t c\u1ea3 qu\u00fd kh\u00e1ch h\u00e0ng ngu\u1ed3n th\u1ef1c ph\u1ea9m s\u1ea1ch, an to\u00e0n v\u00e0 \u1ea5n t\u01b0\u1ee3ng nh\u1ea5t.<\/p>\n<p>Tr\u00e2n tr\u1ecdng c\u1ea3m \u01a1n qu\u00fd kh\u00e1ch !<\/p>","protected":false},"featured_media":11896,"comment_status":"open","ping_status":"closed","template":"","meta":{"_acf_changed":false},"product_cat":[316,366,367,22,313],"product_tag":[],"class_list":{"0":"post-11894","1":"product","2":"type-product","3":"status-publish","4":"has-post-thumbnail","6":"product_cat-che-bien-tu-rau-cu-qua-hat","7":"product_cat-hang-cnnt-cap-qg","8":"product_cat-hang-cnnt-cap-qg-2023","9":"product_cat-sanphamthucpham","10":"product_cat-thuc-pham-che-bien","12":"first","13":"instock","14":"shipping-taxable","15":"purchasable","16":"product-type-simple"},"acf":[],"_links":{"self":[{"href":"https:\/\/b2c.fairs.vn\/en\/wp-json\/wp\/v2\/product\/11894","targetHints":{"allow":["GET"]}}],"collection":[{"href":"https:\/\/b2c.fairs.vn\/en\/wp-json\/wp\/v2\/product"}],"about":[{"href":"https:\/\/b2c.fairs.vn\/en\/wp-json\/wp\/v2\/types\/product"}],"replies":[{"embeddable":true,"href":"https:\/\/b2c.fairs.vn\/en\/wp-json\/wp\/v2\/comments?post=11894"}],"version-history":[{"count":0,"href":"https:\/\/b2c.fairs.vn\/en\/wp-json\/wp\/v2\/product\/11894\/revisions"}],"wp:featuredmedia":[{"embeddable":true,"href":"https:\/\/b2c.fairs.vn\/en\/wp-json\/wp\/v2\/media\/11896"}],"wp:attachment":[{"href":"https:\/\/b2c.fairs.vn\/en\/wp-json\/wp\/v2\/media?parent=11894"}],"wp:term":[{"taxonomy":"product_cat","embeddable":true,"href":"https:\/\/b2c.fairs.vn\/en\/wp-json\/wp\/v2\/product_cat?post=11894"},{"taxonomy":"product_tag","embeddable":true,"href":"https:\/\/b2c.fairs.vn\/en\/wp-json\/wp\/v2\/product_tag?post=11894"}],"curies":[{"name":"wp","href":"https:\/\/api.w.org\/{rel}","templated":true}]}}