{"id":11889,"date":"2024-03-28T16:03:02","date_gmt":"2024-03-28T09:03:02","guid":{"rendered":"https:\/\/b2c.fairs.vn\/?post_type=product&#038;p=11889"},"modified":"2024-04-23T15:45:04","modified_gmt":"2024-04-23T08:45:04","slug":"tinh-chat-cot-chanh-day-chai-500ml","status":"publish","type":"product","link":"https:\/\/b2c.fairs.vn\/en\/product\/tinh-chat-cot-chanh-day-chai-500ml\/","title":{"rendered":"Tinh ch\u1ea5t c\u1ed1t chanh d\u00e2y chai 500ml"},"content":{"rendered":"<p><strong>Th\u00e0nh ph\u1ea7n<\/strong>:<\/p>\n<p>&#8211; Chanh d\u00e2y, \u0111\u01b0\u1eddng k\u00ednh, m\u1eadt ong<\/p>\n<p>&#8211; Cam k\u1ebft 100% kh\u00f4ng ch\u1ea5t b\u1ea3o qu\u1ea3n<\/p>\n<p><strong>Dung t\u00edch: 350ml v\u00e0 500ml<\/strong><\/p>\n<p><strong>C\u00e1ch d\u00f9ng:\u00a0<\/strong><\/p>\n<p>&#8211; Pha n\u01b0\u1edbc c\u1ed1t chanh d\u00e2y v\u1edbi n\u01b0\u1edbc l\u1ecdc theo t\u1ec9 l\u1ec7 3:7. N\u1ebfm v\u1eeba mi\u1ec7ng, th\u00eam \u0111\u00e1 v\u00e0 th\u01b0\u1edfng th\u1ee9c.<\/p>\n<p>&#8211; C\u00f3 th\u1ec3 s\u1eed d\u1ee5ng chung v\u1edbi tr\u00e1i c\u00e2y v\u00e0 s\u1eefa \u0111\u1ebb t\u0103ng th\u00eam ph\u1ea7n h\u1ea5p d\u1eabn<\/p>\n<p><strong>B\u1ea3o Qu\u1ea3n<\/strong>:<\/p>\n<p>&#8211; \u0110\u1ec3 n\u01a1i kh\u00f4 m\u00e1t, tr\u00e1nh \u00e1nh n\u1eafng tr\u1ef1c ti\u1ebfp, t\u1ed1t h\u01a1n khi b\u1ea3o qu\u1ea3n l\u1ea1nh. B\u1ea3o qu\u1ea3n l\u1ea1nh v\u00e0 d\u00f9ng trong v\u00f2ng 07 ng\u00e0y sau khi m\u1edf n\u1eafp.<\/p>\n<p>&#8211; H\u1ea1n s\u1eed d\u1ee5ng: 06 th\u00e1ng k\u1ec3 t\u1eeb ng\u00e0y s\u1ea3n xu\u1ea5t.<\/p>\n<p>S\u1ea3n ph\u1ea9m \u201cTinh c\u1ed1t chanh d\u00e2y c\u00f4 \u0111\u1eb7c\u201d ra \u0111\u1eddi mang \u0111\u1eadm h\u01b0\u01a1ng v\u1ecb T\u00e2y Nguy\u00ean, \u0111\u01b0\u1ee3c tr\u1ed3ng v\u00e0 canh t\u00e1c theo h\u01b0\u1edbng h\u1eefu c\u01a1 tr\u00ean m\u1ea3nh \u0111\u1ea5t Gia Lai; s\u1ea3n ph\u1ea9m \u0111\u01b0\u1ee3c k\u1ebft tinh t\u1eeb nh\u1eefng \u0111am m\u00ea ch\u00e1y b\u1ecfng, t\u00e2m huy\u1ebft c\u1ee7a c\u00e1c th\u00e0nh vi\u00ean H\u1ee3p t\u00e1c x\u00e3 N\u00f4ng nghi\u1ec7p v\u00e0 D\u1ecbch v\u1ee5 H\u00f9ng Th\u01a1m Gia Lai v\u00e0 t\u1ea5m l\u00f2ng c\u1ee7a b\u00e0 con n\u00f4ng d\u00e2n \u0111\u00e3 t\u1ea1o n\u00ean m\u1ed9t s\u1ea3n ph\u1ea9m kh\u00f4ng nh\u1eefng c\u00f3 h\u01b0\u01a1ng v\u1ecb th\u01a1m ngon, dinh d\u01b0\u1ee1ng cao m\u00e0 c\u00f2n ch\u1ee9a gi\u00e1 tr\u1ecb tinh th\u1ea7n mang \u0111\u1eadm b\u1ea3n s\u1eafc \u0111\u1eb7c tr\u01b0ng c\u1ee7a \u0111\u1ecba ph\u01b0\u01a1ng, lu\u00f4n \u0111em \u0111\u1ebfn c\u1ea3m gi\u00e1c an t\u00e2m cho m\u1ecdi ng\u01b0\u1eddi s\u1eed d\u1ee5ng, th\u01b0\u1edfng th\u1ee9c.<\/p>","protected":false},"excerpt":{"rendered":"<p><strong>Th\u00e0nh ph\u1ea7n<\/strong>:<\/p>\n<p>&#8211; Chanh d\u00e2y, \u0111\u01b0\u1eddng k\u00ednh, m\u1eadt ong<\/p>\n<p>&#8211; Cam k\u1ebft 100% kh\u00f4ng ch\u1ea5t b\u1ea3o qu\u1ea3n<\/p>\n<p><strong>Dung t\u00edch: 350ml v\u00e0 500ml<\/strong><\/p>\n<p><strong>C\u00e1ch d\u00f9ng:\u00a0<\/strong><\/p>\n<p>&#8211; Pha n\u01b0\u1edbc c\u1ed1t chanh d\u00e2y v\u1edbi n\u01b0\u1edbc l\u1ecdc theo t\u1ec9 l\u1ec7 3:7. N\u1ebfm v\u1eeba mi\u1ec7ng, th\u00eam \u0111\u00e1 v\u00e0 th\u01b0\u1edfng th\u1ee9c.<\/p>\n<p>&#8211; C\u00f3 th\u1ec3 s\u1eed d\u1ee5ng chung v\u1edbi tr\u00e1i c\u00e2y v\u00e0 s\u1eefa \u0111\u1ebb t\u0103ng th\u00eam ph\u1ea7n h\u1ea5p d\u1eabn<\/p>\n<p><strong>B\u1ea3o Qu\u1ea3n<\/strong>:<\/p>\n<p>&#8211; \u0110\u1ec3 n\u01a1i kh\u00f4 m\u00e1t, tr\u00e1nh \u00e1nh n\u1eafng tr\u1ef1c ti\u1ebfp, t\u1ed1t h\u01a1n khi b\u1ea3o qu\u1ea3n l\u1ea1nh. B\u1ea3o qu\u1ea3n l\u1ea1nh v\u00e0 d\u00f9ng trong v\u00f2ng 07 ng\u00e0y sau khi m\u1edf n\u1eafp.<\/p>\n<p>&#8211; H\u1ea1n s\u1eed d\u1ee5ng: 06 th\u00e1ng k\u1ec3 t\u1eeb ng\u00e0y s\u1ea3n xu\u1ea5t.<\/p>\n<p>S\u1ea3n ph\u1ea9m \u201cTinh c\u1ed1t chanh d\u00e2y c\u00f4 \u0111\u1eb7c\u201d ra \u0111\u1eddi mang \u0111\u1eadm h\u01b0\u01a1ng v\u1ecb T\u00e2y Nguy\u00ean, \u0111\u01b0\u1ee3c tr\u1ed3ng v\u00e0 canh t\u00e1c theo h\u01b0\u1edbng h\u1eefu c\u01a1 tr\u00ean m\u1ea3nh \u0111\u1ea5t Gia Lai; s\u1ea3n ph\u1ea9m \u0111\u01b0\u1ee3c k\u1ebft tinh t\u1eeb nh\u1eefng \u0111am m\u00ea ch\u00e1y b\u1ecfng, t\u00e2m huy\u1ebft c\u1ee7a c\u00e1c th\u00e0nh vi\u00ean H\u1ee3p t\u00e1c x\u00e3 N\u00f4ng nghi\u1ec7p v\u00e0 D\u1ecbch v\u1ee5 H\u00f9ng Th\u01a1m Gia Lai v\u00e0 t\u1ea5m l\u00f2ng c\u1ee7a b\u00e0 con n\u00f4ng d\u00e2n \u0111\u00e3 t\u1ea1o n\u00ean m\u1ed9t s\u1ea3n ph\u1ea9m kh\u00f4ng nh\u1eefng c\u00f3 h\u01b0\u01a1ng v\u1ecb th\u01a1m ngon, dinh d\u01b0\u1ee1ng cao m\u00e0 c\u00f2n ch\u1ee9a gi\u00e1 tr\u1ecb tinh th\u1ea7n mang \u0111\u1eadm b\u1ea3n s\u1eafc \u0111\u1eb7c tr\u01b0ng c\u1ee7a \u0111\u1ecba ph\u01b0\u01a1ng, lu\u00f4n \u0111em \u0111\u1ebfn c\u1ea3m gi\u00e1c an t\u00e2m cho m\u1ecdi ng\u01b0\u1eddi s\u1eed d\u1ee5ng, th\u01b0\u1edfng th\u1ee9c.<\/p>","protected":false},"featured_media":11890,"comment_status":"open","ping_status":"closed","template":"","meta":{"_acf_changed":false},"product_cat":[316,366,367,22,313],"product_tag":[],"class_list":{"0":"post-11889","1":"product","2":"type-product","3":"status-publish","4":"has-post-thumbnail","6":"product_cat-che-bien-tu-rau-cu-qua-hat","7":"product_cat-hang-cnnt-cap-qg","8":"product_cat-hang-cnnt-cap-qg-2023","9":"product_cat-sanphamthucpham","10":"product_cat-thuc-pham-che-bien","12":"first","13":"instock","14":"shipping-taxable","15":"purchasable","16":"product-type-simple"},"acf":[],"_links":{"self":[{"href":"https:\/\/b2c.fairs.vn\/en\/wp-json\/wp\/v2\/product\/11889","targetHints":{"allow":["GET"]}}],"collection":[{"href":"https:\/\/b2c.fairs.vn\/en\/wp-json\/wp\/v2\/product"}],"about":[{"href":"https:\/\/b2c.fairs.vn\/en\/wp-json\/wp\/v2\/types\/product"}],"replies":[{"embeddable":true,"href":"https:\/\/b2c.fairs.vn\/en\/wp-json\/wp\/v2\/comments?post=11889"}],"version-history":[{"count":0,"href":"https:\/\/b2c.fairs.vn\/en\/wp-json\/wp\/v2\/product\/11889\/revisions"}],"wp:featuredmedia":[{"embeddable":true,"href":"https:\/\/b2c.fairs.vn\/en\/wp-json\/wp\/v2\/media\/11890"}],"wp:attachment":[{"href":"https:\/\/b2c.fairs.vn\/en\/wp-json\/wp\/v2\/media?parent=11889"}],"wp:term":[{"taxonomy":"product_cat","embeddable":true,"href":"https:\/\/b2c.fairs.vn\/en\/wp-json\/wp\/v2\/product_cat?post=11889"},{"taxonomy":"product_tag","embeddable":true,"href":"https:\/\/b2c.fairs.vn\/en\/wp-json\/wp\/v2\/product_tag?post=11889"}],"curies":[{"name":"wp","href":"https:\/\/api.w.org\/{rel}","templated":true}]}}