{"id":11885,"date":"2024-03-28T16:04:21","date_gmt":"2024-03-28T09:04:21","guid":{"rendered":"https:\/\/b2c.fairs.vn\/?post_type=product&#038;p=11885"},"modified":"2024-03-28T16:10:50","modified_gmt":"2024-03-28T09:10:50","slug":"ngo-ngot-nguyen-hat-asia-home","status":"publish","type":"product","link":"https:\/\/b2c.fairs.vn\/en\/product\/ngo-ngot-nguyen-hat-asia-home\/","title":{"rendered":"Ng\u00f4 Ng\u1ecdt Nguy\u00ean H\u1ea1t Asia Home"},"content":{"rendered":"<p><strong>Ng\u00f4 Ng\u1ecdt Nguy\u00ean H\u1ea1t<\/strong>\u00a0<strong>Asia Home<\/strong>\u00a0l\u00e0 m\u1ed9t trong nh\u1eefng s\u1ea3n ph\u1ea9m ch\u1ee7 l\u1ef1c c\u1ee7a \u00c1 Ch\u00e2u \u0111\u00e3 kh\u1eb3ng \u0111\u1ecbnh \u0111\u01b0\u1ee3c v\u1ecb th\u1ebf h\u00e0ng \u0111\u1ea7u \u1edf th\u1ecb tr\u01b0\u1eddng trong n\u01b0\u1edbc v\u00e0 qu\u1ed1c t\u1ebf. V\u1edbi doanh thu g\u1ea7n 3 tri\u1ec7u USD (ch\u1ec9 t\u00ednh ri\u00eang th\u1ecb tr\u01b0\u1eddng trong n\u01b0\u1edbc) v\u00e0 h\u00e0ng tr\u0103m container \u0111\u01b0\u1ee3c xu\u1ea5t kh\u1ea9u sang n\u01b0\u1edbc ngo\u00e0i, k\u1ec3 c\u1ea3 nh\u1eefng th\u1ecb tr\u01b0\u1eddng kh\u00f3 t\u00ednh nh\u1ea5t nh\u01b0 Hoa K\u1ef3, ch\u00fang t\u00f4i t\u1ef1 tin \u0111\u00e3, \u0111ang v\u00e0 s\u1ebd \u0111em l\u1ea1i nh\u1eefng s\u1ea3n ph\u1ea9m\u00a0<strong>Ng\u00f4 Ng\u1ecdt Nguy\u00ean H\u1ea1t\u00a0<\/strong>v\u1edbi ch\u1ea5t l\u01b0\u1ee3ng cao nh\u1ea5t \u0111\u1ebfn kh\u00e1ch h\u00e0ng v\u00e0 ng\u01b0\u1eddi ti\u00eau d\u00f9ng.<\/p>\n<div id=\"\" class=\"wpsestyles\"><em>C\u00e1c th\u00f4ng s\u1ed1 c\u1ee7a\u00a0<strong>Ng\u00f4 Ng\u1ecdt Nguy\u00ean H\u1ea1t<\/strong><\/em><\/div>\n<div><\/div>\n<div><\/div>\n<table>\n<tbody>\n<tr>\n<td><strong>Quy c\u00e1ch \u0111\u00f3ng th\u00f9ng<\/strong><\/td>\n<td><strong>Kh\u1ed1i l\u01b0\u1ee3ng t\u1ecbnh\u00a0(gram)<\/strong><\/td>\n<td><strong>Kh\u1ed1i l\u01b0\u1ee3ng c\u00e1i\u00a0(gram)<\/strong><\/td>\n<td><strong>Th\u00e0nh ph\u1ea7n<\/strong><\/td>\n<td><strong>\u0110\u1ed9 \u0111\u01b0\u1eddng (%)<\/strong><\/td>\n<td><strong>Axit (%)<\/strong><\/td>\n<\/tr>\n<tr>\n<td>24 lon\/carton<\/td>\n<td>450<\/td>\n<td>230<\/td>\n<td rowspan=\"3\">Ng\u00f4 nguy\u00ean h\u1ea1t, n\u01b0\u1edbc, \u0111\u01b0\u1eddng, mu\u1ed1i<\/td>\n<td rowspan=\"3\">4 \u2013 6<\/td>\n<td rowspan=\"3\">0.04 \u2013 0.05<\/td>\n<\/tr>\n<tr>\n<td>24 lon\/carton<\/td>\n<td>565<\/td>\n<td>340<\/td>\n<\/tr>\n<tr>\n<td>6 lon\/carton<\/td>\n<td>3000<\/td>\n<td>1500 \u2013 1800<\/td>\n<\/tr>\n<\/tbody>\n<\/table>\n<div><\/div>","protected":false},"excerpt":{"rendered":"<p>Ng\u00f4 Ng\u1ecdt Nguy\u00ean H\u1ea1t\u00a0Asia Home\u00a0l\u00e0 m\u1ed9t trong nh\u1eefng s\u1ea3n ph\u1ea9m ch\u1ee7 l\u1ef1c c\u1ee7a \u00c1 Ch\u00e2u \u0111\u00e3 kh\u1eb3ng \u0111\u1ecbnh \u0111\u01b0\u1ee3c v\u1ecb<\/p>","protected":false},"featured_media":11895,"comment_status":"open","ping_status":"closed","template":"","meta":{"_acf_changed":false},"product_cat":[316,22,313],"product_tag":[],"class_list":{"0":"post-11885","1":"product","2":"type-product","3":"status-publish","4":"has-post-thumbnail","6":"product_cat-che-bien-tu-rau-cu-qua-hat","7":"product_cat-sanphamthucpham","8":"product_cat-thuc-pham-che-bien","10":"first","11":"instock","12":"shipping-taxable","13":"product-type-simple"},"acf":[],"_links":{"self":[{"href":"https:\/\/b2c.fairs.vn\/en\/wp-json\/wp\/v2\/product\/11885","targetHints":{"allow":["GET"]}}],"collection":[{"href":"https:\/\/b2c.fairs.vn\/en\/wp-json\/wp\/v2\/product"}],"about":[{"href":"https:\/\/b2c.fairs.vn\/en\/wp-json\/wp\/v2\/types\/product"}],"replies":[{"embeddable":true,"href":"https:\/\/b2c.fairs.vn\/en\/wp-json\/wp\/v2\/comments?post=11885"}],"version-history":[{"count":0,"href":"https:\/\/b2c.fairs.vn\/en\/wp-json\/wp\/v2\/product\/11885\/revisions"}],"wp:featuredmedia":[{"embeddable":true,"href":"https:\/\/b2c.fairs.vn\/en\/wp-json\/wp\/v2\/media\/11895"}],"wp:attachment":[{"href":"https:\/\/b2c.fairs.vn\/en\/wp-json\/wp\/v2\/media?parent=11885"}],"wp:term":[{"taxonomy":"product_cat","embeddable":true,"href":"https:\/\/b2c.fairs.vn\/en\/wp-json\/wp\/v2\/product_cat?post=11885"},{"taxonomy":"product_tag","embeddable":true,"href":"https:\/\/b2c.fairs.vn\/en\/wp-json\/wp\/v2\/product_tag?post=11885"}],"curies":[{"name":"wp","href":"https:\/\/api.w.org\/{rel}","templated":true}]}}