{"id":11877,"date":"2024-03-28T16:00:11","date_gmt":"2024-03-28T09:00:11","guid":{"rendered":"https:\/\/b2c.fairs.vn\/?post_type=product&#038;p=11877"},"modified":"2024-04-19T13:38:57","modified_gmt":"2024-04-19T06:38:57","slug":"dich-chanh-day-cap-dong-co-hat-ht02","status":"publish","type":"product","link":"https:\/\/b2c.fairs.vn\/en\/product\/dich-chanh-day-cap-dong-co-hat-ht02\/","title":{"rendered":"D\u1ecbch chanh d\u00e2y c\u1ea5p \u0111\u00f4ng c\u00f3 h\u1ea1t &#8211; HT02"},"content":{"rendered":"<p>S\u1ea3n ph\u1ea9m kh\u00f4ng nh\u1eefng c\u00f3 h\u01b0\u01a1ng v\u1ecb th\u01a1m ngon, dinh d\u01b0\u1ee1ng cao m\u00e0 c\u00f2n ch\u1ee9a gi\u00e1 tr\u1ecb tinh th\u1ea7n mang \u0111\u1eadm b\u1ea3n s\u1eafc \u0111\u1eb7c tr\u01b0ng c\u1ee7a \u0111\u1ecba ph\u01b0\u01a1ng, lu\u00f4n \u0111em \u0111\u1ebfn c\u1ea3m gi\u00e1c an t\u00e2m cho m\u1ecdi ng\u01b0\u1eddi s\u1eed d\u1ee5ng, th\u01b0\u1edfng th\u1ee9c.<\/p>","protected":false},"excerpt":{"rendered":"<p>S\u1ea3n ph\u1ea9m kh\u00f4ng nh\u1eefng c\u00f3 h\u01b0\u01a1ng v\u1ecb th\u01a1m ngon, dinh d\u01b0\u1ee1ng cao m\u00e0 c\u00f2n ch\u1ee9a gi\u00e1 tr\u1ecb tinh th\u1ea7n mang \u0111\u1eadm b\u1ea3n s\u1eafc \u0111\u1eb7c tr\u01b0ng c\u1ee7a \u0111\u1ecba ph\u01b0\u01a1ng, lu\u00f4n \u0111em \u0111\u1ebfn c\u1ea3m gi\u00e1c an t\u00e2m cho m\u1ecdi ng\u01b0\u1eddi s\u1eed d\u1ee5ng, th\u01b0\u1edfng th\u1ee9c.<\/p>","protected":false},"featured_media":11879,"comment_status":"open","ping_status":"closed","template":"","meta":{"_acf_changed":false},"product_cat":[312,366,367,22,310],"product_tag":[],"class_list":{"0":"post-11877","1":"product","2":"type-product","3":"status-publish","4":"has-post-thumbnail","6":"product_cat-mat-ong-mat-khac-va-nong-san-thuc-pham-khac","7":"product_cat-hang-cnnt-cap-qg","8":"product_cat-hang-cnnt-cap-qg-2023","9":"product_cat-sanphamthucpham","10":"product_cat-thuc-pham-tho-so-che","12":"first","13":"instock","14":"shipping-taxable","15":"product-type-simple"},"acf":[],"_links":{"self":[{"href":"https:\/\/b2c.fairs.vn\/en\/wp-json\/wp\/v2\/product\/11877","targetHints":{"allow":["GET"]}}],"collection":[{"href":"https:\/\/b2c.fairs.vn\/en\/wp-json\/wp\/v2\/product"}],"about":[{"href":"https:\/\/b2c.fairs.vn\/en\/wp-json\/wp\/v2\/types\/product"}],"replies":[{"embeddable":true,"href":"https:\/\/b2c.fairs.vn\/en\/wp-json\/wp\/v2\/comments?post=11877"}],"version-history":[{"count":0,"href":"https:\/\/b2c.fairs.vn\/en\/wp-json\/wp\/v2\/product\/11877\/revisions"}],"wp:featuredmedia":[{"embeddable":true,"href":"https:\/\/b2c.fairs.vn\/en\/wp-json\/wp\/v2\/media\/11879"}],"wp:attachment":[{"href":"https:\/\/b2c.fairs.vn\/en\/wp-json\/wp\/v2\/media?parent=11877"}],"wp:term":[{"taxonomy":"product_cat","embeddable":true,"href":"https:\/\/b2c.fairs.vn\/en\/wp-json\/wp\/v2\/product_cat?post=11877"},{"taxonomy":"product_tag","embeddable":true,"href":"https:\/\/b2c.fairs.vn\/en\/wp-json\/wp\/v2\/product_tag?post=11877"}],"curies":[{"name":"wp","href":"https:\/\/api.w.org\/{rel}","templated":true}]}}