{"id":11866,"date":"2024-03-28T15:56:55","date_gmt":"2024-03-28T08:56:55","guid":{"rendered":"https:\/\/b2c.fairs.vn\/?post_type=product&#038;p=11866"},"modified":"2024-04-19T10:24:29","modified_gmt":"2024-04-19T03:24:29","slug":"vien-chanh-day-say-dong-kho","status":"publish","type":"product","link":"https:\/\/b2c.fairs.vn\/en\/product\/vien-chanh-day-say-dong-kho\/","title":{"rendered":"Vi\u00ean chanh d\u00e2y s\u1ea5y \u0111\u00f4ng kh\u00f4"},"content":{"rendered":"<p>Vi\u00ean chanh d\u00e2y s\u1ea5y \u0111\u00f4ng \u0111\u01b0\u1ee3c l\u00e0m t\u1eeb qu\u1ea3 chanh d\u00e2y t\u01b0\u01a1i, sau \u0111\u00f3 \u0111\u01b0\u1ee3c s\u1ea5y b\u1eb1ng ph\u01b0\u01a1ng ph\u00e1p \u0111\u00f4ng kh\u00f4. Nh\u1edd ph\u01b0\u01a1ng ph\u00e1p s\u1ea5y \u0111\u00f4ng kh\u00f4 hi\u1ec7n \u0111\u1ea1i, s\u1ea3n ph\u1ea9m gi\u1eef l\u1ea1i h\u01b0\u01a1ng v\u1ecb v\u00e0 h\u01b0\u01a1ng th\u01a1m t\u1ef1 nhi\u00ean c\u1ee7a qu\u1ea3 chanh d\u00e2y, \u0111\u1ed3ng th\u1eddi n\u00e2ng cao \u0111\u1ed9 b\u1ec1n v\u00e0 th\u1eddi gian l\u01b0u tr\u1eef.<br \/>\nVi\u00ean chanh d\u00e2y s\u1ea5y \u0111\u00f4ng kh\u00f4 c\u00f3 nhi\u1ec1u \u1ee9ng d\u1ee5ng kh\u00e1c nhau trong \u1ea9m th\u1ef1c v\u00e0 \u0111\u1ed3 u\u1ed1ng.<br \/>\n1.\u00a0\u00a0 \u00a0H\u01b0\u01a1ng v\u1ecb tuy\u1ec7t v\u1eddi: Vi\u00ean chanh d\u00e2y s\u1ea5y \u0111\u00f4ng kh\u00f4 mang \u0111\u1ebfn h\u01b0\u01a1ng v\u1ecb chua ng\u1ecdt \u0111\u1eb7c tr\u01b0ng c\u1ee7a qu\u1ea3 chanh d\u00e2y, c\u00f9ng v\u1edbi v\u1ecb chua nh\u1eb9 v\u00e0 h\u01b0\u01a1ng th\u01a1m t\u1ef1 nhi\u00ean. \u0110i\u1ec1u n\u00e0y gi\u00fap l\u00e0m phong ph\u00fa v\u00e0 l\u00e0m n\u1ed5i b\u1eadt h\u01b0\u01a1ng v\u1ecb cho c\u00e1c m\u00f3n \u0103n v\u00e0 \u0111\u1ed3 u\u1ed1ng.<br \/>\n2.\u00a0\u00a0 \u00a0Th\u00e0nh ph\u1ea7n dinh d\u01b0\u1ee1ng: Vi\u00ean chanh d\u00e2y s\u1ea5y \u0111\u00f4ng kh\u00f4 ch\u1ee9a nhi\u1ec1u vitamin v\u00e0 kho\u00e1ng ch\u1ea5t quan tr\u1ecdng nh\u01b0 vitamin C, c\u00e1c vitamin nh\u00f3m B, kali, v\u00e0 magi\u00ea. \u0110\u00e2y l\u00e0 nh\u1eefng ch\u1ea5t dinh d\u01b0\u1ee1ng quan tr\u1ecdng gi\u00fap h\u1ed7 tr\u1ee3 h\u1ec7 mi\u1ec5n d\u1ecbch, cung c\u1ea5p n\u0103ng l\u01b0\u1ee3ng v\u00e0 b\u1ea3o v\u1ec7 s\u1ee9c kh\u1ecfe t\u1ed5ng th\u1ec3.<br \/>\n3.\u00a0\u00a0 \u00a0S\u1eed d\u1ee5ng linh ho\u1ea1t: Vi\u00ean chanh d\u00e2y s\u1ea5y \u0111\u00f4ng kh\u00f4 c\u00f3 th\u1ec3 \u0111\u01b0\u1ee3c s\u1eed d\u1ee5ng trong nhi\u1ec1u lo\u1ea1i m\u00f3n \u0103n v\u00e0 \u0111\u1ed3 u\u1ed1ng. Ch\u00fang c\u00f3 th\u1ec3 \u0111\u01b0\u1ee3c d\u00f9ng \u0111\u1ec3 l\u00e0m gia v\u1ecb trong m\u00f3n salad, n\u01b0\u1edbc u\u1ed1ng, cocktail, sinh t\u1ed1, hay l\u00e0m nguy\u00ean li\u1ec7u ch\u00ednh trong c\u00e1c m\u00f3n tr\u00e1ng mi\u1ec7ng v\u00e0 b\u00e1nh ng\u1ecdt.<br \/>\n4.\u00a0\u00a0 \u00a0L\u01b0u tr\u1eef d\u1ec5 d\u00e0ng: V\u00ec vi\u00ean chanh d\u00e2y \u0111\u00e3 \u0111\u01b0\u1ee3c s\u1ea5y kh\u00f4, ch\u00fang c\u00f3 th\u1ec3 \u0111\u01b0\u1ee3c l\u01b0u tr\u1eef trong th\u1eddi gian d\u00e0i m\u00e0 kh\u00f4ng b\u1ecb h\u1ecfng. \u0110i\u1ec1u n\u00e0y gi\u00fap ti\u1ec7n l\u1ee3i cho vi\u1ec7c s\u1eed d\u1ee5ng v\u00e0 b\u1ea3o qu\u1ea3n l\u00e2u d\u00e0i.<br \/>\n5.\u00a0\u00a0 \u00a0S\u1ea3n ph\u1ea9m t\u1ef1 nhi\u00ean v\u00e0 kh\u00f4ng ch\u1ea5t b\u1ea3o qu\u1ea3n: S\u1ea3n ph\u1ea9m \u0111\u01b0\u1ee3c l\u00e0m t\u1eeb 100% chanh d\u00e2y nguy\u00ean ch\u1ea5t, kh\u00f4ng ch\u1ee9a b\u1ea5t k\u1ef3 ch\u1ea5t b\u1ea3o qu\u1ea3n n\u00e0o, an to\u00e0n v\u00e0 t\u1ed1t cho s\u1ee9c kh\u1ecfe<br \/>\nCHI TI\u1ebeT S\u1ea2N PH\u1ea8M<br \/>\nT\u00ean s\u1ea3n ph\u1ea9m: Vi\u00ean chanh d\u00e2y s\u1ea5y \u0111\u00f4ng kh\u00f4<br \/>\nXu\u1ea5t x\u1ee9: Vi\u1ec7t Nam<br \/>\nM\u00f9i v\u1ecb: V\u1ecb chua thanh t\u1ef1 nhi\u00ean, t\u00ednh m\u00e1t, h\u01b0\u01a1ng th\u01a1m nh\u00e8 nh\u1eb9, d\u1ec5 u\u1ed1ng.<br \/>\nQuy c\u00e1ch \u0111\u00f3ng g\u00f3i: H\u1ed9p 150gram<br \/>\nH\u1ea1n s\u1eed d\u1ee5ng: 12 th\u00e1ng<br \/>\nTh\u00e0nh ph\u1ea7n: 100% d\u1ecbch qu\u1ea3 chanh d\u00e2y<br \/>\nH\u01b0\u1edbng d\u1eabn b\u1ea3o qu\u1ea3n: N\u01a1i kh\u00f4 r\u00e1o, tho\u00e1ng m\u00e1t. Tr\u00e1nh \u00e1nh n\u1eafng m\u1eb7t tr\u1eddi chi\u1ebfu tr\u1ef1c ti\u1ebfp.<\/p>","protected":false},"excerpt":{"rendered":"<p>Vi\u00ean chanh d\u00e2y s\u1ea5y \u0111\u00f4ng \u0111\u01b0\u1ee3c l\u00e0m t\u1eeb qu\u1ea3 chanh d\u00e2y t\u01b0\u01a1i, sau \u0111\u00f3 \u0111\u01b0\u1ee3c s\u1ea5y b\u1eb1ng ph\u01b0\u01a1ng ph\u00e1p \u0111\u00f4ng kh\u00f4. Nh\u1edd ph\u01b0\u01a1ng ph\u00e1p s\u1ea5y \u0111\u00f4ng kh\u00f4 hi\u1ec7n \u0111\u1ea1i, s\u1ea3n ph\u1ea9m gi\u1eef l\u1ea1i h\u01b0\u01a1ng v\u1ecb v\u00e0 h\u01b0\u01a1ng th\u01a1m t\u1ef1 nhi\u00ean c\u1ee7a qu\u1ea3 chanh d\u00e2y, \u0111\u1ed3ng th\u1eddi n\u00e2ng cao \u0111\u1ed9 b\u1ec1n v\u00e0 th\u1eddi gian l\u01b0u tr\u1eef.<br \/>\nVi\u00ean chanh d\u00e2y s\u1ea5y \u0111\u00f4ng kh\u00f4 c\u00f3 nhi\u1ec1u \u1ee9ng d\u1ee5ng kh\u00e1c nhau trong \u1ea9m th\u1ef1c v\u00e0 \u0111\u1ed3 u\u1ed1ng.<br \/>\n1.\u00a0\u00a0 \u00a0H\u01b0\u01a1ng v\u1ecb tuy\u1ec7t v\u1eddi: Vi\u00ean chanh d\u00e2y s\u1ea5y \u0111\u00f4ng kh\u00f4 mang \u0111\u1ebfn h\u01b0\u01a1ng v\u1ecb chua ng\u1ecdt \u0111\u1eb7c tr\u01b0ng c\u1ee7a qu\u1ea3 chanh d\u00e2y, c\u00f9ng v\u1edbi v\u1ecb chua nh\u1eb9 v\u00e0 h\u01b0\u01a1ng th\u01a1m t\u1ef1 nhi\u00ean. \u0110i\u1ec1u n\u00e0y gi\u00fap l\u00e0m phong ph\u00fa v\u00e0 l\u00e0m n\u1ed5i b\u1eadt h\u01b0\u01a1ng v\u1ecb cho c\u00e1c m\u00f3n \u0103n v\u00e0 \u0111\u1ed3 u\u1ed1ng.<br \/>\n2.\u00a0\u00a0 \u00a0Th\u00e0nh ph\u1ea7n dinh d\u01b0\u1ee1ng: Vi\u00ean chanh d\u00e2y s\u1ea5y \u0111\u00f4ng kh\u00f4 ch\u1ee9a nhi\u1ec1u vitamin v\u00e0 kho\u00e1ng ch\u1ea5t quan tr\u1ecdng nh\u01b0 vitamin C, c\u00e1c vitamin nh\u00f3m B, kali, v\u00e0 magi\u00ea. \u0110\u00e2y l\u00e0 nh\u1eefng ch\u1ea5t dinh d\u01b0\u1ee1ng quan tr\u1ecdng gi\u00fap h\u1ed7 tr\u1ee3 h\u1ec7 mi\u1ec5n d\u1ecbch, cung c\u1ea5p n\u0103ng l\u01b0\u1ee3ng v\u00e0 b\u1ea3o v\u1ec7 s\u1ee9c kh\u1ecfe t\u1ed5ng th\u1ec3.<br \/>\n3.\u00a0\u00a0 \u00a0S\u1eed d\u1ee5ng linh ho\u1ea1t: Vi\u00ean chanh d\u00e2y s\u1ea5y \u0111\u00f4ng kh\u00f4 c\u00f3 th\u1ec3 \u0111\u01b0\u1ee3c s\u1eed d\u1ee5ng trong nhi\u1ec1u lo\u1ea1i m\u00f3n \u0103n v\u00e0 \u0111\u1ed3 u\u1ed1ng. Ch\u00fang c\u00f3 th\u1ec3 \u0111\u01b0\u1ee3c d\u00f9ng \u0111\u1ec3 l\u00e0m gia v\u1ecb trong m\u00f3n salad, n\u01b0\u1edbc u\u1ed1ng, cocktail, sinh t\u1ed1, hay l\u00e0m nguy\u00ean li\u1ec7u ch\u00ednh trong c\u00e1c m\u00f3n tr\u00e1ng mi\u1ec7ng v\u00e0 b\u00e1nh ng\u1ecdt.<br \/>\n4.\u00a0\u00a0 \u00a0L\u01b0u tr\u1eef d\u1ec5 d\u00e0ng: V\u00ec vi\u00ean chanh d\u00e2y \u0111\u00e3 \u0111\u01b0\u1ee3c s\u1ea5y kh\u00f4, ch\u00fang c\u00f3 th\u1ec3 \u0111\u01b0\u1ee3c l\u01b0u tr\u1eef trong th\u1eddi gian d\u00e0i m\u00e0 kh\u00f4ng b\u1ecb h\u1ecfng. \u0110i\u1ec1u n\u00e0y gi\u00fap ti\u1ec7n l\u1ee3i cho vi\u1ec7c s\u1eed d\u1ee5ng v\u00e0 b\u1ea3o qu\u1ea3n l\u00e2u d\u00e0i.<br \/>\n5.\u00a0\u00a0 \u00a0S\u1ea3n ph\u1ea9m t\u1ef1 nhi\u00ean v\u00e0 kh\u00f4ng ch\u1ea5t b\u1ea3o qu\u1ea3n: S\u1ea3n ph\u1ea9m \u0111\u01b0\u1ee3c l\u00e0m t\u1eeb 100% chanh d\u00e2y nguy\u00ean ch\u1ea5t, kh\u00f4ng ch\u1ee9a b\u1ea5t k\u1ef3 ch\u1ea5t b\u1ea3o qu\u1ea3n n\u00e0o, an to\u00e0n v\u00e0 t\u1ed1t cho s\u1ee9c kh\u1ecfe<br \/>\nCHI TI\u1ebeT S\u1ea2N PH\u1ea8M<br \/>\nT\u00ean s\u1ea3n ph\u1ea9m: Vi\u00ean chanh d\u00e2y s\u1ea5y \u0111\u00f4ng kh\u00f4<br \/>\nXu\u1ea5t x\u1ee9: Vi\u1ec7t Nam<br \/>\nM\u00f9i v\u1ecb: V\u1ecb chua thanh t\u1ef1 nhi\u00ean, t\u00ednh m\u00e1t, h\u01b0\u01a1ng th\u01a1m nh\u00e8 nh\u1eb9, d\u1ec5 u\u1ed1ng.<br \/>\nQuy c\u00e1ch \u0111\u00f3ng g\u00f3i: H\u1ed9p 150gram<br \/>\nH\u1ea1n s\u1eed d\u1ee5ng: 12 th\u00e1ng<br \/>\nTh\u00e0nh ph\u1ea7n: 100% d\u1ecbch qu\u1ea3 chanh d\u00e2y<br \/>\nH\u01b0\u1edbng d\u1eabn b\u1ea3o qu\u1ea3n: N\u01a1i kh\u00f4 r\u00e1o, tho\u00e1ng m\u00e1t. Tr\u00e1nh \u00e1nh n\u1eafng m\u1eb7t tr\u1eddi chi\u1ebfu tr\u1ef1c ti\u1ebfp.<\/p>","protected":false},"featured_media":11867,"comment_status":"open","ping_status":"closed","template":"","meta":{"_acf_changed":false},"product_cat":[316,366,367,22,313],"product_tag":[],"class_list":{"0":"post-11866","1":"product","2":"type-product","3":"status-publish","4":"has-post-thumbnail","6":"product_cat-che-bien-tu-rau-cu-qua-hat","7":"product_cat-hang-cnnt-cap-qg","8":"product_cat-hang-cnnt-cap-qg-2023","9":"product_cat-sanphamthucpham","10":"product_cat-thuc-pham-che-bien","12":"first","13":"instock","14":"shipping-taxable","15":"purchasable","16":"product-type-simple"},"acf":[],"_links":{"self":[{"href":"https:\/\/b2c.fairs.vn\/en\/wp-json\/wp\/v2\/product\/11866","targetHints":{"allow":["GET"]}}],"collection":[{"href":"https:\/\/b2c.fairs.vn\/en\/wp-json\/wp\/v2\/product"}],"about":[{"href":"https:\/\/b2c.fairs.vn\/en\/wp-json\/wp\/v2\/types\/product"}],"replies":[{"embeddable":true,"href":"https:\/\/b2c.fairs.vn\/en\/wp-json\/wp\/v2\/comments?post=11866"}],"version-history":[{"count":0,"href":"https:\/\/b2c.fairs.vn\/en\/wp-json\/wp\/v2\/product\/11866\/revisions"}],"wp:featuredmedia":[{"embeddable":true,"href":"https:\/\/b2c.fairs.vn\/en\/wp-json\/wp\/v2\/media\/11867"}],"wp:attachment":[{"href":"https:\/\/b2c.fairs.vn\/en\/wp-json\/wp\/v2\/media?parent=11866"}],"wp:term":[{"taxonomy":"product_cat","embeddable":true,"href":"https:\/\/b2c.fairs.vn\/en\/wp-json\/wp\/v2\/product_cat?post=11866"},{"taxonomy":"product_tag","embeddable":true,"href":"https:\/\/b2c.fairs.vn\/en\/wp-json\/wp\/v2\/product_tag?post=11866"}],"curies":[{"name":"wp","href":"https:\/\/api.w.org\/{rel}","templated":true}]}}