{"id":11855,"date":"2024-03-28T15:55:25","date_gmt":"2024-03-28T08:55:25","guid":{"rendered":"https:\/\/b2c.fairs.vn\/?post_type=product&#038;p=11855"},"modified":"2024-04-23T15:45:28","modified_gmt":"2024-04-23T08:45:28","slug":"tra-detox-chanh-day","status":"publish","type":"product","link":"https:\/\/b2c.fairs.vn\/en\/product\/tra-detox-chanh-day\/","title":{"rendered":"Tr\u00e0 Detox chanh d\u00e2y"},"content":{"rendered":"<p>C\u00c2U CHUY\u1ec6N S\u1ea2N PH\u1ea8M<\/p>\n<p>Mang Yang trong ti\u1ebfng Bahnar ngh\u0129a l\u00e0\u00a0c\u1ed5ng tr\u1eddi \u0111ang r\u1ed9ng m\u1edf v\u00e0 lu\u00f4n lu\u00f4n kh\u00e1c khao s\u1ef1 \u0111\u1ed5i m\u1edbi ng\u00e0y c\u00e0ng ph\u00e1t tri\u1ec3n. T\u00ean huy\u1ec7n\u00a0g\u1eafn li\u1ec1n v\u1edbi con \u0111\u01b0\u1eddng\u00a0\u0111\u00e8o\u00a0n\u1ed5i ti\u1ebfng \u201c \u0110\u00e8o\u00a0Mang Yang\u201d, l\u00e0 m\u1ed9t huy\u1ec7n mi\u1ec1n n\u00fai\u00a0n\u1eb1m tr\u00ean qu\u1ed1c l\u1ed9 19\u00a0thu\u1ed9c\u00a0t\u1ec9nh Gia Lai, l\u00e0 c\u1eeda ng\u00f5 th\u00f4ng th\u01b0\u01a1ng\u00a0n\u1ed1i li\u1ec1n nam b\u1eafc Vi\u1ec7t Nam.\u00a0\u0110\u01b0\u1ee3c thi\u00ean nhi\u00ean \u01b0u \u00e1i t\u1ea1o n\u00ean v\u00f9ng\u0111\u1ea5t \u0111\u1ecf bazan m\u00e0u m\u1ee1, kh\u00ed h\u1eadu r\u1ea5t thu\u1eadn l\u1ee3i cho s\u1ef1 ph\u00e1t tri\u1ec3n c\u00e1c lo\u1ea1i c\u00e2y tr\u1ed3ng, nh\u1ea5t l\u00e0 c\u00e1c lo\u1ea1i c\u00e2y c\u00f4ng nghi\u1ec7p d\u00e0i ng\u00e0y v\u00e0 c\u00e2y \u0103n tr\u00e1i.\u00a0Trong \u0111\u00f3 chanh d\u00e2y l\u00e0 m\u1ed9t trong nh\u1eefng lo\u1ea1i hoa qu\u1ea3 \u0111\u1eb7c tr\u01b0ng \u0111\u01b0\u1ee3c nh\u00e0 n\u01b0\u1edbc Vi\u1ec7t Nam c\u00f4ng nh\u1eadn l\u00e0 \u0111\u1eb7c s\u1ea3n v\u00f9ng mi\u1ec1n h\u00ecnh th\u00e0nh t\u1eeb chu\u1ed7i gi\u00e1 tr\u1ecb s\u1ea3n ph\u1ea9m b\u1ec1n v\u1eefng c\u1ee7a cao nguy\u00ean Gia Lai.<\/p>\n<p>\u2728Tr\u00e0\u00a0Detox chanh d\u00e2y l\u00e0 m\u1ed9t trong nh\u01b0ng s\u1ea3n ph\u1ea9m ti\u00eau bi\u1ec3u \u0111\u01b0\u1ee3c h\u00ecnh th\u00e0nh t\u1eeb chu\u1ed7i s\u1ea3n ph\u1ea9m canh t\u00e1c k\u1ebft h\u1ee3p t\u1ea1o n\u00ean d\u00f2ng s\u1ea3ng ph\u1ea9m \u0111\u1ed9c \u0111\u00e1o, \u0111\u01b0\u1ee3c combo c\u00f9ng c\u00e1c lo\u1ea1i c\u00e2y nhi\u1ec7t \u0111\u1edbi,\u00a0t\u1ea1o n\u00ean h\u01b0\u01a1ng\u00a0v\u1ecb\u00a0th\u01a1m ngon thu\u1ea7n khi\u1ebft, v\u1ecb th\u01a1m v\u00e0\u00a0chua\u00a0nh\u1eb9\u00a0\u0111\u01b0\u1ee3c h\u00f2a quy\u1ec7n v\u00e0o nhau t\u1eeb v\u1ecbchanh d\u00e2y,\u00a0kim qu\u1ea5t, Cam v\u00e0ng.\u00a0V\u1ecb\u00a0ng\u1ecdt thanh\u00a0c\u1ee7a k\u1ec9 t\u1eed, \u0111\u01b0\u1eddng ph\u00e8n.\u00a0T\u1ea1o c\u1ea3m gi\u00e1c ph\u1ea5n kh\u1edfi, tinh th\u1ea7n s\u1ea3ng kho\u00e1i trong t\u1eebng ng\u1ee5m tr\u00e0, 100% s\u1ea3n ph\u1ea9m \u0111\u01b0\u1ee3c thu h\u00e1i tr\u1ef1c ti\u1ebfp t\u1eeb v\u00f9ng canh t\u00e1c \u0111\u1ed3ng b\u1ed9 dinh d\u01b0\u1ee1ng t\u1eeb th\u1ef1c v\u1eadt nu\u00f4i th\u1ef1c v\u1eadt, n\u00f3i kh\u00f4ng v\u1edbi h\u00f3a ch\u1ea5t bvtv, qua qu\u00e1 tr\u00ecnh s\u01a1 ch\u1ebf, ch\u1ebf bi\u1ebfn s\u1ea5y th\u0103ng hoa t\u1ea1o n\u00ean s\u1ea3n ph\u1ea9m\u00a0detox chanh d\u00e2y\u00a0ho\u00e0n m\u0129,\u2026 \u0111\u00f3ng g\u00f3i ti\u1ec7n l\u1ee3i gi\u00fap b\u1ea1n c\u00f3 th\u1ec3 \u0111em s\u1ea3n ph\u1ea9m theo b\u00ean m\u00ecnh \u0111\u1ebfn b\u1ea5t k\u00ec n\u01a1i n\u00e0o b\u1ea1n mu\u1ed1n,\u2026 tr\u00e0 Detox chanh d\u00e2y s\u1ebd l\u00e0 m\u00f3n qu\u00e0 tinh t\u1ebf k\u1ebft n\u1ed1i y\u00eau th\u01b0\u01a1ng, \u0111\u01b0\u1ee3c khuy\u1ebfn c\u00e1o s\u1eed d\u1ee5ng an to\u00e0n cho m\u1ecdi l\u1ee9a tu\u1ed5i v\u00e0 cam k\u1ebft vsattp b\u1edfi nh\u00e0 s\u1ea3n xu\u1ea5t:\u00a0H\u1ee3p t\u00e1c x\u00e3 N\u00f4ng nghi\u1ec7p v\u00e0 D\u1ecbch v\u1ee5 H\u00f9ng Th\u01a1m Gia Lai.<\/p>\n<p>+ C\u00f9ng v\u1edbi n\u00f4ng d\u00e2n b\u00e0n b\u1ea1c th\u1ef1c hi\u1ec7n li\u00ean k\u1ebft chu\u1ed7i gi\u00e1 tr\u1ecb g\u1eafn v\u1edbi ti\u00eau th\u1ee5 s\u1ea3n ph\u1ea9m chanh d\u00e2y \u00e1p d\u1ee5ng quy tr\u00ecnh canh t\u00e1c ti\u00eau chu\u1ea9n Global Gap, s\u1ea3n xu\u1ea5t theo Ti\u00eau chu\u1ea9n ISO 22000, HACCP \u0111\u1ea1t ti\u00eau chu\u1ea9n qu\u1ed1c t\u1ebf.<\/p>\n<p>+\u00a0S\u1ef1 \u1ee7ng h\u1ed9 c\u1ee7a qu\u00fd kh\u00e1ch gi\u00fap ch\u00fang t\u00f4i\u00a0Gi\u1ea3i quy\u1ebft c\u00f4ng \u0103n vi\u1ec7c l\u00e0m, \u0111\u1ea3m b\u1ea3o\u00a0an sinh x\u00e3 h\u1ed9i\u00a0cho ng\u01b0\u1eddi\u00a0lao \u0111\u1ed9ng\u00a0\u0111\u1ecba ph\u01b0\u01a1ng, g\u00f3p ph\u1ea7n n\u00e2ng cao thu nh\u1eadp \u0111\u1eddi s\u1ed1ng\u00a0N\u00f4ng d\u00e2n ngh\u00e8o v\u01b0\u1ee3t kh\u00f3\u00a0trong th\u1eddi k\u1ef3 kinh t\u1ebf th\u1ebf gi\u1edbi c\u00f3 nhi\u1ec1u bi\u1ebfn \u0111\u1ed9ng nh\u01b0 hi\u1ec7n nay.<\/p>\n<p>+ T\u1ea1o\u00a0\u0111\u1ed9ng l\u1ef1c cho ch\u00fang t\u00f4i ti\u1ebfp t\u1ee5c c\u1ed1 g\u1eafng ph\u1ea5n \u0111\u1ea5u h\u01a1n n\u1eefa, ho\u00e0n thi\u1ec7n h\u01a1n\u00a0chu\u1ed7i gi\u00e1 tr\u1ecb \u0111a d\u1ea1ng h\u00f3a s\u1ea3n ph\u1ea9m ch\u1ed1ng th\u1ea5t tho\u00e1t l\u00e3ng ph\u00ed,\u00a0n\u00e2ng cao gi\u00e1 tr\u1ecb s\u1ea3n ph\u1ea9m chanh d\u00e2y b\u1ec1n v\u1eefng. \u0110\u00e1p \u1ee9ng nhu c\u1ea7u v\u00e0 \u00a0gi\u1eef v\u1eefng ni\u1ec1m tin m\u00e0 kh\u00e1ch h\u00e0ng \u0111\u00e3 v\u00e0 \u0111ang \u1ee7ng h\u1ed9 ch\u00fang t\u00f4i.<\/p>\n<p>S\u1ea3n ph\u1ea9m \u2018\u2019Tr\u00e0 Detox chanh D\u00e2y\u201d l\u00e0 m\u1ed9t trong nh\u1eefng s\u1ea3n ph\u1ea9m\u00a0s\u00e1ng t\u1ea1o\u00a0t\u1eeb chu\u1ed7i gi\u00e1 tr\u1ecb chanh d\u00e2y\u00a0b\u1ec1n v\u1eefng \u0111\u01b0\u1ee3c t\u1ea1o n\u00ean b\u1edfi HTX N\u00f4ng Nghi\u1ec7p V\u00e0 D\u1ecbch V\u1ee5 H\u00f9ng Th\u01a1m Gia Lai\u00a0ch\u00fang t\u00f4i, s\u1ea3n ph\u1ea9m \u0111\u01b0\u1ee3c k\u1ebft tinh t\u1eeb nh\u1eefng \u0111am m\u00ea ch\u00e1y b\u1ecfng, t\u00e2m huy\u1ebft c\u1ee7a c\u00e1c th\u00e0nh vi\u00ean v\u00e0 t\u1ea5m l\u00f2ng c\u1ee7a b\u00e0 con n\u00f4ng d\u00e2n\u00a0canh t\u00e1c\u00a0\u0111\u00e3 t\u1ea1o n\u00ean m\u1ed9t s\u1ea3n ph\u1ea9m kh\u00f4ng nh\u1eefng c\u00f3 h\u01b0\u01a1ng v\u1ecb th\u01a1m ngon, dinh d\u01b0\u1ee1ng cao m\u00e0 c\u00f2n ch\u1ee9a gi\u00e1 tr\u1ecb tinh th\u1ea7n mang \u0111\u1eadm b\u1ea3n s\u1eafc \u0111\u1eb7c tr\u01b0ng c\u1ee7a \u0111\u1ecba ph\u01b0\u01a1ng. L\u1eddi C\u00e1m \u01a1n ch\u00e2n th\u00e0nh g\u1eedi \u0111\u1ebfn qu\u00fd kh\u00e1ch h\u00e0ng \u0111\u00e3 v\u00e0 \u0111ang \u1ee7ng h\u1ed9 ch\u00fang t\u00f4i tr\u00ean m\u1ecdi mi\u1ec1n \u0111\u1ea5t n\u01b0\u1edbc.\u00a0Th\u00e2n ch\u00e0o,\u2026 \u00a0v\u00e0<\/p>\n<p>tr\u00e2n tr\u1ecdng\u00a0c\u1ea3m\u00a0\u01a1n !..<\/p>\n<p>\ud83d\udca5\ud83d\udca5Ch\u1ec9 v\u1edbi 11k l\u00e0 c\u00f3 ngay ly Tr\u00e0 detox chanh d\u00e2y &#8211; thanh nhi\u1ec7t, gi\u1ea3i kh\u00e1t ti\u1ec7n l\u1ee3i cho m\u00f9a \u0111\u00f4ng l\u1eabn m\u00f9a h\u00e8 oi b\u1ee9c!!!<br \/>\nB\u1ea1n n\u00e0o mu\u1ed1n gi\u1ea3i kh\u00e1t c\u00e1c lo\u1ea1i n\u01b0\u1edbc t\u1ed1t cho s\u1ee9c kho\u1ebb th\u00ec \u0111\u1eebng b\u1ecf qua tr\u00e0 detox t\u1ef1 nhi\u00ean 100% t\u1eeb chanh d\u00e2y \u0111\u01b0\u1ee3c s\u1ea5y \u0111\u00f4ng kh\u00f4, qu\u1ea5t, cam, k\u1ef7 t\u1eed v\u00e0 \u0111\u01b0\u1eddng ph\u00e8n t\u1ef1 nhi\u00ean.<br \/>\n\u2728G\u00f3i nh\u1ecf ti\u1ec7n l\u1ee3i \u0111\u00eam theo \u0111i h\u1ecdc, \u0111i l\u00e0m, du l\u1ecbch l\u00fac n\u00e0o c\u0169ng c\u00f3 th\u1ec3 pha u\u1ed1ng li\u1ec1n.<br \/>\n\ud83c\udf79Tr\u00e0 detox chanh d\u00e2y g\u1ed3m c\u00e1c nguy\u00ean li\u1ec7u ch\u00ednh l\u00e0 vi\u00ean chanh d\u00e2y s\u1ea5y \u0111\u00f4ng kh\u00f4, kim qu\u1ea5t, cam s\u1ea5y kh\u00f4, k\u1ef7 t\u1eed v\u00e0 \u0111\u01b0\u1eddng ph\u00e8n, ch\u1ee9a nhi\u1ec1u c\u00e1c vitamin v\u00e0 ch\u1ea5t ch\u1ed1ng oxy h\u00f3a \u0111\u01b0\u1ee3c s\u1ea5y l\u1ea1nh \u0111\u1ea3m b\u1ea3o gi\u1eef nguy\u00ean h\u01b0\u01a1ng v\u1ecb tr\u00e1i c\u00e2y c\u00e1c th\u00e0nh ph\u1ea7n c\u00f3 l\u1ee3i cho s\u1ee9c kh\u1ecfe, gi\u00fap b\u1ea1n b\u1ed5 sung c\u00e1c lo\u1ea1i vitamin, ch\u1ea5t ch\u1ed1ng oxy h\u00f3a v\u00e0 c\u00e1c d\u01b0\u1ee1ng ch\u1ea5t qu\u00fd theo c\u00e1ch 100% t\u1ef1 nhi\u00ean.<br \/>\n\u2728Tr\u00e0 c\u00f3 v\u1ecb chua chua c\u1ee7a chanh d\u00e2y, ng\u1ecdt thanh v\u00e0 h\u01b0\u01a1ng th\u01a1m m\u00e1t c\u1ee7a kim qu\u1ea5t. U\u1ed1ng tr\u00e0 detox chanh d\u00e2y s\u1ebd gi\u00fap c\u01a1 th\u1ec3 h\u1ea1n ch\u1ebf \u0111\u01b0\u1ee3c c\u1ea3m gi\u00e1c th\u00e8m \u0103n v\u00e0 ng\u0103n ch\u1eb7n \u0111\u01b0\u1ee3c nh\u1eefng c\u01a1 th\u00e8m ng\u1ecdt, th\u1ee9c \u0103n nhanh hay \u0111\u1ed3 u\u1ed1ng c\u00f3 gas,&#8230;<br \/>\n\ud83c\udf40C\u00c1CH S\u1eec D\u1ee4NG: H\u00e3m tr\u00e0 kho\u1ea3ng 200-500ml n\u01b0\u1edbc s\u00f4i \u1edf kho\u1ea3ng 80 \u0111\u1ed9 C. B\u1ea1n c\u00f3 th\u1ec3 th\u00eam ho\u1eb7c b\u1edbt \u0111\u01b0\u1eddng ph\u00e8n ho\u1eb7c th\u00eam ch\u00fat m\u1eadt ong t\u00f9y theo kh\u1ea9u v\u1ecb. C\u00f3 th\u1ec3 b\u1ecf \u0111\u00e1 l\u1eafc\/khu\u1ea5y \u0111\u1ec1u n\u1ebfu b\u1ea1n th\u00edch u\u1ed1ng l\u1ea1nh.<br \/>\nQUY C\u00c1CH \u0110\u00d3NG G\u00d3I: H\u1ed9p 12 G\u00f3i<br \/>\n\u0110\u1ed0I T\u01af\u1ee2NG S\u1eec D\u1ee4NG: Ph\u00f9 h\u1ee3p v\u1edbi m\u1ecdi l\u1ee9a tu\u1ed5i<br \/>\n\u26a0\ufe0fKhuy\u1ebfn c\u00e1o: Kh\u00f4ng n\u00ean s\u1eed d\u1ee5ng tr\u00e0 khi \u0111\u00f3i v\u00ec d\u1ec5 g\u00e2y c\u1ea3m kh\u00f3 ch\u1ecbu<br \/>\n&#8212;&#8212;&#8212;-<br \/>\nHotline mua h\u00e0ng: 0823.52.7878<\/p>","protected":false},"excerpt":{"rendered":"<p>C\u00c2U CHUY\u1ec6N S\u1ea2N PH\u1ea8M<\/p>\n<p>Mang Yang trong ti\u1ebfng Bahnar ngh\u0129a l\u00e0\u00a0c\u1ed5ng tr\u1eddi \u0111ang r\u1ed9ng m\u1edf v\u00e0 lu\u00f4n lu\u00f4n kh\u00e1c khao s\u1ef1 \u0111\u1ed5i m\u1edbi ng\u00e0y c\u00e0ng ph\u00e1t tri\u1ec3n. T\u00ean huy\u1ec7n\u00a0g\u1eafn li\u1ec1n v\u1edbi con \u0111\u01b0\u1eddng\u00a0\u0111\u00e8o\u00a0n\u1ed5i ti\u1ebfng \u201c \u0110\u00e8o\u00a0Mang Yang\u201d, l\u00e0 m\u1ed9t huy\u1ec7n mi\u1ec1n n\u00fai\u00a0n\u1eb1m tr\u00ean qu\u1ed1c l\u1ed9 19\u00a0thu\u1ed9c\u00a0t\u1ec9nh Gia Lai, l\u00e0 c\u1eeda ng\u00f5 th\u00f4ng th\u01b0\u01a1ng\u00a0n\u1ed1i li\u1ec1n nam b\u1eafc Vi\u1ec7t Nam.\u00a0\u0110\u01b0\u1ee3c thi\u00ean nhi\u00ean \u01b0u \u00e1i t\u1ea1o n\u00ean v\u00f9ng\u0111\u1ea5t \u0111\u1ecf bazan m\u00e0u m\u1ee1, kh\u00ed h\u1eadu r\u1ea5t thu\u1eadn l\u1ee3i cho s\u1ef1 ph\u00e1t tri\u1ec3n c\u00e1c lo\u1ea1i c\u00e2y tr\u1ed3ng, nh\u1ea5t l\u00e0 c\u00e1c lo\u1ea1i c\u00e2y c\u00f4ng nghi\u1ec7p d\u00e0i ng\u00e0y v\u00e0 c\u00e2y \u0103n tr\u00e1i.\u00a0Trong \u0111\u00f3 chanh d\u00e2y l\u00e0 m\u1ed9t trong nh\u1eefng lo\u1ea1i hoa qu\u1ea3 \u0111\u1eb7c tr\u01b0ng \u0111\u01b0\u1ee3c nh\u00e0 n\u01b0\u1edbc Vi\u1ec7t Nam c\u00f4ng nh\u1eadn l\u00e0 \u0111\u1eb7c s\u1ea3n v\u00f9ng mi\u1ec1n h\u00ecnh th\u00e0nh t\u1eeb chu\u1ed7i gi\u00e1 tr\u1ecb s\u1ea3n ph\u1ea9m b\u1ec1n v\u1eefng c\u1ee7a cao nguy\u00ean Gia Lai.<\/p>\n<p>\u2728Tr\u00e0\u00a0Detox chanh d\u00e2y l\u00e0 m\u1ed9t trong nh\u01b0ng s\u1ea3n ph\u1ea9m ti\u00eau bi\u1ec3u \u0111\u01b0\u1ee3c h\u00ecnh th\u00e0nh t\u1eeb chu\u1ed7i s\u1ea3n ph\u1ea9m canh t\u00e1c k\u1ebft h\u1ee3p t\u1ea1o n\u00ean d\u00f2ng s\u1ea3ng ph\u1ea9m \u0111\u1ed9c \u0111\u00e1o, \u0111\u01b0\u1ee3c combo c\u00f9ng c\u00e1c lo\u1ea1i c\u00e2y nhi\u1ec7t \u0111\u1edbi,\u00a0t\u1ea1o n\u00ean h\u01b0\u01a1ng\u00a0v\u1ecb\u00a0th\u01a1m ngon thu\u1ea7n khi\u1ebft, v\u1ecb th\u01a1m v\u00e0\u00a0chua\u00a0nh\u1eb9\u00a0\u0111\u01b0\u1ee3c h\u00f2a quy\u1ec7n v\u00e0o nhau t\u1eeb v\u1ecbchanh d\u00e2y,\u00a0kim qu\u1ea5t, Cam v\u00e0ng.\u00a0V\u1ecb\u00a0ng\u1ecdt thanh\u00a0c\u1ee7a k\u1ec9 t\u1eed, \u0111\u01b0\u1eddng ph\u00e8n.\u00a0T\u1ea1o c\u1ea3m gi\u00e1c ph\u1ea5n kh\u1edfi, tinh th\u1ea7n s\u1ea3ng kho\u00e1i trong t\u1eebng ng\u1ee5m tr\u00e0, 100% s\u1ea3n ph\u1ea9m \u0111\u01b0\u1ee3c thu h\u00e1i tr\u1ef1c ti\u1ebfp t\u1eeb v\u00f9ng canh t\u00e1c \u0111\u1ed3ng b\u1ed9 dinh d\u01b0\u1ee1ng t\u1eeb th\u1ef1c v\u1eadt nu\u00f4i th\u1ef1c v\u1eadt, n\u00f3i kh\u00f4ng v\u1edbi h\u00f3a ch\u1ea5t bvtv, qua qu\u00e1 tr\u00ecnh s\u01a1 ch\u1ebf, ch\u1ebf bi\u1ebfn s\u1ea5y th\u0103ng hoa t\u1ea1o n\u00ean s\u1ea3n ph\u1ea9m\u00a0detox chanh d\u00e2y\u00a0ho\u00e0n m\u0129,\u2026 \u0111\u00f3ng g\u00f3i ti\u1ec7n l\u1ee3i gi\u00fap b\u1ea1n c\u00f3 th\u1ec3 \u0111em s\u1ea3n ph\u1ea9m theo b\u00ean m\u00ecnh \u0111\u1ebfn b\u1ea5t k\u00ec n\u01a1i n\u00e0o b\u1ea1n mu\u1ed1n,\u2026 tr\u00e0 Detox chanh d\u00e2y s\u1ebd l\u00e0 m\u00f3n qu\u00e0 tinh t\u1ebf k\u1ebft n\u1ed1i y\u00eau th\u01b0\u01a1ng, \u0111\u01b0\u1ee3c khuy\u1ebfn c\u00e1o s\u1eed d\u1ee5ng an to\u00e0n cho m\u1ecdi l\u1ee9a tu\u1ed5i v\u00e0 cam k\u1ebft vsattp b\u1edfi nh\u00e0 s\u1ea3n xu\u1ea5t:\u00a0H\u1ee3p t\u00e1c x\u00e3 N\u00f4ng nghi\u1ec7p v\u00e0 D\u1ecbch v\u1ee5 H\u00f9ng Th\u01a1m Gia Lai.<\/p>\n<p>+ C\u00f9ng v\u1edbi n\u00f4ng d\u00e2n b\u00e0n b\u1ea1c th\u1ef1c hi\u1ec7n li\u00ean k\u1ebft chu\u1ed7i gi\u00e1 tr\u1ecb g\u1eafn v\u1edbi ti\u00eau th\u1ee5 s\u1ea3n ph\u1ea9m chanh d\u00e2y \u00e1p d\u1ee5ng quy tr\u00ecnh canh t\u00e1c ti\u00eau chu\u1ea9n Global Gap, s\u1ea3n xu\u1ea5t theo Ti\u00eau chu\u1ea9n ISO 22000, HACCP \u0111\u1ea1t ti\u00eau chu\u1ea9n qu\u1ed1c t\u1ebf.<\/p>\n<p>+\u00a0S\u1ef1 \u1ee7ng h\u1ed9 c\u1ee7a qu\u00fd kh\u00e1ch gi\u00fap ch\u00fang t\u00f4i\u00a0Gi\u1ea3i quy\u1ebft c\u00f4ng \u0103n vi\u1ec7c l\u00e0m, \u0111\u1ea3m b\u1ea3o\u00a0an sinh x\u00e3 h\u1ed9i\u00a0cho ng\u01b0\u1eddi\u00a0lao \u0111\u1ed9ng\u00a0\u0111\u1ecba ph\u01b0\u01a1ng, g\u00f3p ph\u1ea7n n\u00e2ng cao thu nh\u1eadp \u0111\u1eddi s\u1ed1ng\u00a0N\u00f4ng d\u00e2n ngh\u00e8o v\u01b0\u1ee3t kh\u00f3\u00a0trong th\u1eddi k\u1ef3 kinh t\u1ebf th\u1ebf gi\u1edbi c\u00f3 nhi\u1ec1u bi\u1ebfn \u0111\u1ed9ng nh\u01b0 hi\u1ec7n nay.<\/p>\n<p>+ T\u1ea1o\u00a0\u0111\u1ed9ng l\u1ef1c cho ch\u00fang t\u00f4i ti\u1ebfp t\u1ee5c c\u1ed1 g\u1eafng ph\u1ea5n \u0111\u1ea5u h\u01a1n n\u1eefa, ho\u00e0n thi\u1ec7n h\u01a1n\u00a0chu\u1ed7i gi\u00e1 tr\u1ecb \u0111a d\u1ea1ng h\u00f3a s\u1ea3n ph\u1ea9m ch\u1ed1ng th\u1ea5t tho\u00e1t l\u00e3ng ph\u00ed,\u00a0n\u00e2ng cao gi\u00e1 tr\u1ecb s\u1ea3n ph\u1ea9m chanh d\u00e2y b\u1ec1n v\u1eefng. \u0110\u00e1p \u1ee9ng nhu c\u1ea7u v\u00e0 \u00a0gi\u1eef v\u1eefng ni\u1ec1m tin m\u00e0 kh\u00e1ch h\u00e0ng \u0111\u00e3 v\u00e0 \u0111ang \u1ee7ng h\u1ed9 ch\u00fang t\u00f4i.<\/p>\n<p>S\u1ea3n ph\u1ea9m \u2018\u2019Tr\u00e0 Detox chanh D\u00e2y\u201d l\u00e0 m\u1ed9t trong nh\u1eefng s\u1ea3n ph\u1ea9m\u00a0s\u00e1ng t\u1ea1o\u00a0t\u1eeb chu\u1ed7i gi\u00e1 tr\u1ecb chanh d\u00e2y\u00a0b\u1ec1n v\u1eefng \u0111\u01b0\u1ee3c t\u1ea1o n\u00ean b\u1edfi HTX N\u00f4ng Nghi\u1ec7p V\u00e0 D\u1ecbch V\u1ee5 H\u00f9ng Th\u01a1m Gia Lai\u00a0ch\u00fang t\u00f4i, s\u1ea3n ph\u1ea9m \u0111\u01b0\u1ee3c k\u1ebft tinh t\u1eeb nh\u1eefng \u0111am m\u00ea ch\u00e1y b\u1ecfng, t\u00e2m huy\u1ebft c\u1ee7a c\u00e1c th\u00e0nh vi\u00ean v\u00e0 t\u1ea5m l\u00f2ng c\u1ee7a b\u00e0 con n\u00f4ng d\u00e2n\u00a0canh t\u00e1c\u00a0\u0111\u00e3 t\u1ea1o n\u00ean m\u1ed9t s\u1ea3n ph\u1ea9m kh\u00f4ng nh\u1eefng c\u00f3 h\u01b0\u01a1ng v\u1ecb th\u01a1m ngon, dinh d\u01b0\u1ee1ng cao m\u00e0 c\u00f2n ch\u1ee9a gi\u00e1 tr\u1ecb tinh th\u1ea7n mang \u0111\u1eadm b\u1ea3n s\u1eafc \u0111\u1eb7c tr\u01b0ng c\u1ee7a \u0111\u1ecba ph\u01b0\u01a1ng. L\u1eddi C\u00e1m \u01a1n ch\u00e2n th\u00e0nh g\u1eedi \u0111\u1ebfn qu\u00fd kh\u00e1ch h\u00e0ng \u0111\u00e3 v\u00e0 \u0111ang \u1ee7ng h\u1ed9 ch\u00fang t\u00f4i tr\u00ean m\u1ecdi mi\u1ec1n \u0111\u1ea5t n\u01b0\u1edbc.\u00a0Th\u00e2n ch\u00e0o,\u2026 \u00a0v\u00e0<\/p>\n<p>tr\u00e2n tr\u1ecdng\u00a0c\u1ea3m\u00a0\u01a1n !..<\/p>\n<p>&nbsp;<\/p>\n<p>\ud83d\udca5\ud83d\udca5Ch\u1ec9 v\u1edbi 11k l\u00e0 c\u00f3 ngay ly Tr\u00e0 detox chanh d\u00e2y &#8211; thanh nhi\u1ec7t, gi\u1ea3i kh\u00e1t ti\u1ec7n l\u1ee3i cho m\u00f9a \u0111\u00f4ng l\u1eabn m\u00f9a h\u00e8 oi b\u1ee9c!!!<br \/>\nB\u1ea1n n\u00e0o mu\u1ed1n gi\u1ea3i kh\u00e1t c\u00e1c lo\u1ea1i n\u01b0\u1edbc t\u1ed1t cho s\u1ee9c kho\u1ebb th\u00ec \u0111\u1eebng b\u1ecf qua tr\u00e0 detox t\u1ef1 nhi\u00ean 100% t\u1eeb chanh d\u00e2y \u0111\u01b0\u1ee3c s\u1ea5y \u0111\u00f4ng kh\u00f4, qu\u1ea5t, cam, k\u1ef7 t\u1eed v\u00e0 \u0111\u01b0\u1eddng ph\u00e8n t\u1ef1 nhi\u00ean.<br \/>\n\u2728G\u00f3i nh\u1ecf ti\u1ec7n l\u1ee3i \u0111\u00eam theo \u0111i h\u1ecdc, \u0111i l\u00e0m, du l\u1ecbch l\u00fac n\u00e0o c\u0169ng c\u00f3 th\u1ec3 pha u\u1ed1ng li\u1ec1n.<br \/>\n\ud83c\udf79Tr\u00e0 detox chanh d\u00e2y g\u1ed3m c\u00e1c nguy\u00ean li\u1ec7u ch\u00ednh l\u00e0 vi\u00ean chanh d\u00e2y s\u1ea5y \u0111\u00f4ng kh\u00f4, kim qu\u1ea5t, cam s\u1ea5y kh\u00f4, k\u1ef7 t\u1eed v\u00e0 \u0111\u01b0\u1eddng ph\u00e8n, ch\u1ee9a nhi\u1ec1u c\u00e1c vitamin v\u00e0 ch\u1ea5t ch\u1ed1ng oxy h\u00f3a \u0111\u01b0\u1ee3c s\u1ea5y l\u1ea1nh \u0111\u1ea3m b\u1ea3o gi\u1eef nguy\u00ean h\u01b0\u01a1ng v\u1ecb tr\u00e1i c\u00e2y c\u00e1c th\u00e0nh ph\u1ea7n c\u00f3 l\u1ee3i cho s\u1ee9c kh\u1ecfe, gi\u00fap b\u1ea1n b\u1ed5 sung c\u00e1c lo\u1ea1i vitamin, ch\u1ea5t ch\u1ed1ng oxy h\u00f3a v\u00e0 c\u00e1c d\u01b0\u1ee1ng ch\u1ea5t qu\u00fd theo c\u00e1ch 100% t\u1ef1 nhi\u00ean.<br \/>\n\u2728Tr\u00e0 c\u00f3 v\u1ecb chua chua c\u1ee7a chanh d\u00e2y, ng\u1ecdt thanh v\u00e0 h\u01b0\u01a1ng th\u01a1m m\u00e1t c\u1ee7a kim qu\u1ea5t. U\u1ed1ng tr\u00e0 detox chanh d\u00e2y s\u1ebd gi\u00fap c\u01a1 th\u1ec3 h\u1ea1n ch\u1ebf \u0111\u01b0\u1ee3c c\u1ea3m gi\u00e1c th\u00e8m \u0103n v\u00e0 ng\u0103n ch\u1eb7n \u0111\u01b0\u1ee3c nh\u1eefng c\u01a1 th\u00e8m ng\u1ecdt, th\u1ee9c \u0103n nhanh hay \u0111\u1ed3 u\u1ed1ng c\u00f3 gas,&#8230;<br \/>\n\ud83c\udf40C\u00c1CH S\u1eec D\u1ee4NG: H\u00e3m tr\u00e0 kho\u1ea3ng 200-500ml n\u01b0\u1edbc s\u00f4i \u1edf kho\u1ea3ng 80 \u0111\u1ed9 C. B\u1ea1n c\u00f3 th\u1ec3 th\u00eam ho\u1eb7c b\u1edbt \u0111\u01b0\u1eddng ph\u00e8n ho\u1eb7c th\u00eam ch\u00fat m\u1eadt ong t\u00f9y theo kh\u1ea9u v\u1ecb. C\u00f3 th\u1ec3 b\u1ecf \u0111\u00e1 l\u1eafc\/khu\u1ea5y \u0111\u1ec1u n\u1ebfu b\u1ea1n th\u00edch u\u1ed1ng l\u1ea1nh.<br \/>\nQUY C\u00c1CH \u0110\u00d3NG G\u00d3I: H\u1ed9p 12 G\u00f3i<br \/>\n\u0110\u1ed0I T\u01af\u1ee2NG S\u1eec D\u1ee4NG: Ph\u00f9 h\u1ee3p v\u1edbi m\u1ecdi l\u1ee9a tu\u1ed5i<br \/>\n\u26a0\ufe0fKhuy\u1ebfn c\u00e1o: Kh\u00f4ng n\u00ean s\u1eed d\u1ee5ng tr\u00e0 khi \u0111\u00f3i v\u00ec d\u1ec5 g\u00e2y c\u1ea3m kh\u00f3 ch\u1ecbu<br \/>\n&#8212;&#8212;&#8212;-<br \/>\nHotline mua h\u00e0ng: 0823.52.7878<\/p>","protected":false},"featured_media":11864,"comment_status":"open","ping_status":"closed","template":"","meta":{"_acf_changed":false},"product_cat":[321,366,367,22,323],"product_tag":[],"class_list":{"0":"post-11855","1":"product","2":"type-product","3":"status-publish","4":"has-post-thumbnail","6":"product_cat-che","7":"product_cat-hang-cnnt-cap-qg","8":"product_cat-hang-cnnt-cap-qg-2023","9":"product_cat-sanphamthucpham","10":"product_cat-san-pham-tra-tu-thuc-vat-khac","12":"first","13":"instock","14":"shipping-taxable","15":"purchasable","16":"product-type-simple"},"acf":[],"_links":{"self":[{"href":"https:\/\/b2c.fairs.vn\/en\/wp-json\/wp\/v2\/product\/11855","targetHints":{"allow":["GET"]}}],"collection":[{"href":"https:\/\/b2c.fairs.vn\/en\/wp-json\/wp\/v2\/product"}],"about":[{"href":"https:\/\/b2c.fairs.vn\/en\/wp-json\/wp\/v2\/types\/product"}],"replies":[{"embeddable":true,"href":"https:\/\/b2c.fairs.vn\/en\/wp-json\/wp\/v2\/comments?post=11855"}],"version-history":[{"count":0,"href":"https:\/\/b2c.fairs.vn\/en\/wp-json\/wp\/v2\/product\/11855\/revisions"}],"wp:featuredmedia":[{"embeddable":true,"href":"https:\/\/b2c.fairs.vn\/en\/wp-json\/wp\/v2\/media\/11864"}],"wp:attachment":[{"href":"https:\/\/b2c.fairs.vn\/en\/wp-json\/wp\/v2\/media?parent=11855"}],"wp:term":[{"taxonomy":"product_cat","embeddable":true,"href":"https:\/\/b2c.fairs.vn\/en\/wp-json\/wp\/v2\/product_cat?post=11855"},{"taxonomy":"product_tag","embeddable":true,"href":"https:\/\/b2c.fairs.vn\/en\/wp-json\/wp\/v2\/product_tag?post=11855"}],"curies":[{"name":"wp","href":"https:\/\/api.w.org\/{rel}","templated":true}]}}