{"id":11843,"date":"2024-03-28T15:43:17","date_gmt":"2024-03-28T08:43:17","guid":{"rendered":"https:\/\/b2c.fairs.vn\/?post_type=product&#038;p=11843"},"modified":"2024-04-23T15:29:14","modified_gmt":"2024-04-23T08:29:14","slug":"ca-that-lat-rut-xuong-tam-gia-vi","status":"publish","type":"product","link":"https:\/\/b2c.fairs.vn\/en\/product\/ca-that-lat-rut-xuong-tam-gia-vi\/","title":{"rendered":"C\u00e1 Th\u00e1t L\u00e1t R\u00fat X\u01b0\u01a1ng T\u1ea9m Gia V\u1ecb"},"content":{"rendered":"<p>C\u00e1 th\u00e1t l\u00e1t r\u00fat x\u01b0\u01a1ng 100% nguy\u00ean ch\u1ea5t: C\u00e1 th\u00e1t l\u00e1t t\u1eeb x\u01b0a \u0111\u00e3 \u0111\u01b0\u1ee3c bi\u1ebft \u0111\u1ebfn l\u00e0 m\u1ed9t m\u00f3n \u0103n ngon gi\u00e0u dinh d\u01b0\u1ee1ng nh\u01b0ng th\u00f4ng th\u01b0\u1eddng ch\u1ec9 c\u1ea1o th\u1ecbt l\u00e0m ch\u1ea3, c\u00e1 th\u00e1t l\u00e1t r\u00fat x\u01b0\u01a1ng t\u1ea9m gia v\u1ecb l\u00e0 s\u1ea3n ph\u1ea9m \u0111\u01b0\u1ee3c t\u1ea1o ra t\u1eeb nguy\u00ean li\u1ec7u quen thu\u1ed9c nh\u01b0ng c\u00e1ch ch\u1ebf bi\u1ebfn l\u1ea1i ho\u00e0n to\u00e0n m\u1edbi, C\u00e1 Th\u00e1t L\u00e1t R\u00fat X\u01b0\u01a1ng t\u1ea9m gia v\u1ecb, ch\u1ebf bi\u1ebfn ngon nh\u1ea5t l\u00e0 chi\u00ean gi\u00f2n, th\u1ecbt c\u00e1 \u2013 da c\u00e1 \u2013 x\u01b0\u01a1ng v\u1ee5n c\u1ee7a c\u00e1 \u0111\u1ec1u \u0111\u01b0\u1ee3c \u0103n h\u1ebft n\u00ean nhi\u1ec1u dinh d\u01b0\u1ee1ng v\u00e0 canxi h\u01a1n so v\u1edbi ch\u1ec9 \u0103n th\u1ecbt c\u00e1.<\/p>\n<div class=\"p-single-desrc\">\n<h3 class=\"p-single-desrc__title\">Th\u00e0nh ph\u1ea7n<\/h3>\n<div class=\"p-single-desrc__wrap\">C\u00e1 th\u00e1t l\u00e1t, gia v\u1ecb g\u1ed3m mu\u1ed1i, \u1edbt, b\u1ed9t ng\u1ed9t.<\/div>\n<\/div>\n<div class=\"p-single-desrc\">\n<h3 class=\"p-single-desrc__title\">C\u00f4ng d\u1ee5ng<\/h3>\n<div class=\"p-single-desrc__wrap\">Th\u1ef1c ph\u1ea9m cho ng\u01b0\u1eddi<\/div>\n<\/div>\n<div class=\"p-single-desrc\">\n<h3 class=\"p-single-desrc__title\">H\u01b0\u1edbng d\u1eabn s\u1eed d\u1ee5ng<\/h3>\n<div class=\"p-single-desrc__wrap\">R\u00e3 \u0111\u00f4ng s\u1ea3n ph\u1ea9m tr\u01b0\u1edbc khi ch\u1ebf bi\u1ebfn. Ngon nh\u1ea5t l\u00e0 chi\u00ean gi\u00f2n \u0103n k\u00e8m rau s\u1ed1ng, ch\u1ea5m t\u01b0\u01a1ng \u1edbt.<\/div>\n<\/div>","protected":false},"excerpt":{"rendered":"<div>Xu\u1ea5t x\u1ee9 : T\u1ec9nh H\u1eadu Giang<\/div>\n<div>Gi\u00e1 s\u1ea3n ph\u1ea9m : Li\u00ean h\u1ec7<\/div>","protected":false},"featured_media":11844,"comment_status":"open","ping_status":"closed","template":"","meta":{"_acf_changed":false},"product_cat":[317,366,398,22,313],"product_tag":[],"class_list":{"0":"post-11843","1":"product","2":"type-product","3":"status-publish","4":"has-post-thumbnail","6":"product_cat-che-bien-tu-thit-trung-sua-thuy-san-cac-san-pham-tu-mat-ong-mat-khac-va-nong-san-thuc-pham-khac","7":"product_cat-hang-cnnt-cap-qg","8":"product_cat-san-pham-cnnt-tb-cap-qg-2021","9":"product_cat-sanphamthucpham","10":"product_cat-thuc-pham-che-bien","12":"first","13":"instock","14":"shipping-taxable","15":"product-type-simple"},"acf":[],"_links":{"self":[{"href":"https:\/\/b2c.fairs.vn\/en\/wp-json\/wp\/v2\/product\/11843","targetHints":{"allow":["GET"]}}],"collection":[{"href":"https:\/\/b2c.fairs.vn\/en\/wp-json\/wp\/v2\/product"}],"about":[{"href":"https:\/\/b2c.fairs.vn\/en\/wp-json\/wp\/v2\/types\/product"}],"replies":[{"embeddable":true,"href":"https:\/\/b2c.fairs.vn\/en\/wp-json\/wp\/v2\/comments?post=11843"}],"version-history":[{"count":0,"href":"https:\/\/b2c.fairs.vn\/en\/wp-json\/wp\/v2\/product\/11843\/revisions"}],"wp:featuredmedia":[{"embeddable":true,"href":"https:\/\/b2c.fairs.vn\/en\/wp-json\/wp\/v2\/media\/11844"}],"wp:attachment":[{"href":"https:\/\/b2c.fairs.vn\/en\/wp-json\/wp\/v2\/media?parent=11843"}],"wp:term":[{"taxonomy":"product_cat","embeddable":true,"href":"https:\/\/b2c.fairs.vn\/en\/wp-json\/wp\/v2\/product_cat?post=11843"},{"taxonomy":"product_tag","embeddable":true,"href":"https:\/\/b2c.fairs.vn\/en\/wp-json\/wp\/v2\/product_tag?post=11843"}],"curies":[{"name":"wp","href":"https:\/\/api.w.org\/{rel}","templated":true}]}}