{"id":11837,"date":"2024-03-28T16:01:40","date_gmt":"2024-03-28T09:01:40","guid":{"rendered":"https:\/\/b2c.fairs.vn\/?post_type=product&#038;p=11837"},"modified":"2024-04-04T09:28:19","modified_gmt":"2024-04-04T02:28:19","slug":"bo-san-pham-phan-bon-npk-ngua-bay-key-farm","status":"publish","type":"product","link":"https:\/\/b2c.fairs.vn\/en\/product\/bo-san-pham-phan-bon-npk-ngua-bay-key-farm\/","title":{"rendered":"B\u1ed9 s\u1ea3n ph\u1ea9m ph\u00e2n b\u00f3n NPK Ng\u1ef1a Bay &#8211; Key Farm"},"content":{"rendered":"<p><strong>* C\u00d4NG D\u1ee4NG:<\/strong><\/p>\n<p><strong>\u00a0&#8211;\u00a0<\/strong>Ph\u00e2n b\u00f3n NPK AMINO 15-5-20+TE k\u1ebft h\u1ee3p 3 trong 1, cung c\u1ea5p NPK-trung vi l\u01b0\u1ee3ng v\u00e0 \u0111\u1eb7c bi\u1ec7t ch\u1ea5t h\u1eefu c\u01a1 sinh h\u1ecdc t\u0103ng c\u01b0\u1eddng hi\u1ec7u qu\u1ea3 s\u1eed d\u1ee5ng v\u00e0 ti\u1ebft ki\u1ec7m chi ph\u00ed \u0111\u1ea7u t\u01b0.<\/p>\n<p><strong>\u00a0\u00a0<\/strong>&#8211; Ph\u00e2n b\u00f3n NPK AMINO 15-5-20+TE gi\u00fap c\u00e2y tr\u1ed3ng ph\u00e1t tri\u1ec3n t\u1ed1t, c\u1ee9ng c\u00e0nh, kh\u1ecfe c\u00e2y, d\u00e0y l\u00e1 v\u00e0 h\u1ea1n ch\u1ebf \u0111\u1ed5 ng\u00e3.<\/p>\n<p>&#8211; Gi\u00fap ra hoa \u0111\u1ed3ng lo\u1ea1t, m\u1eadp hoa, gi\u1eef m\u00e0u s\u1eafc hoa t\u01b0\u01a1i v\u00e0 b\u1ec1n.<\/p>\n<p>&#8211; Gi\u00fap l\u1edbn tr\u00e1i, \u0111\u1eb9p tr\u00e1i v\u00e0 to c\u1ee7.<\/p>\n<p>&#8211; Gi\u00fap to h\u1ea1t, ch\u1eafc h\u1ea1t, l\u00ean m\u00e0u, ch\u00edn t\u1edbi c\u1eady.<\/p>\n<p>&#8211; T\u0103ng sinh kh\u1ed1i v\u00e0 ch\u1ea5t l\u01b0\u1ee3ng c\u00e1c lo\u1ea1i rau \u0103n l\u00e1.<\/p>\n<p>&#8211; T\u0103ng kh\u1ea3 n\u0103ng ch\u1ed1ng ch\u1ecbu t\u1ed1t trong \u0111i\u1ec1u ki\u1ec7n th\u1eddi ti\u1ebft b\u1ea5t l\u1ee3i.<\/p>\n<p><strong>\u00a0<\/strong>\u00a0&#8211; T\u0103ng n\u0103ng su\u1ea5t v\u00e0 ch\u1ea5t l\u01b0\u1ee3ng n\u00f4ng s\u1ea3n.<\/p>\n<p><strong>\u00a0<\/strong><\/p>\n<p><strong>* H\u01af\u1edaNG D\u1eaaN S\u1eec D\u1ee4NG:<\/strong><\/p>\n<p><b>C\u00e2y \u0103n tr\u00e1i<\/b>:\u00a0S\u1ea7u ri\u00eang, thanh long, c\u00e2y c\u00f3 m\u00fai, b\u01a1,sa p\u00f4, ch\u00f4m ch\u00f4m,m\u00e3ng c\u1ea7u,\u00a0v\u00fa s\u1eefa, m\u00edt, nh\u00e3n, xo\u00e0i,&#8230;<\/p>\n<p>+ Li\u1ec1u d\u00f9ng: 1 &#8211; 3 kg\/g\u1ed1c\/n\u0103m.<\/p>\n<p>+ Giai \u0111o\u1ea1n b\u00f3n:\u00a0Ph\u1ee5c h\u1ed3i sau thu ho\u1ea1ch,\u00a0Tr\u01b0\u1edbc khi ra hoa,\u00a0Sau khi \u0111\u1eadu tr\u00e1i,\u00a0Nu\u00f4i tr\u00e1i non,\u00a0Th\u00fac tr\u00e1i<\/p>\n<p>&nbsp;<\/p>\n<p><b>C\u00e2y c\u00f4ng nghi\u1ec7p<\/b>:<\/p>\n<p>&#8211; C\u00e2y c\u00f4ng nghi\u1ec7p ng\u1eafn ng\u00e0y: M\u00eda, M\u00ec, \u0110\u1eadu ph\u1ed9ng, M\u00e8,&#8230;<\/p>\n<p>+ Li\u1ec1u d\u00f9ng:\u00a0300 &#8211; 500 kg\/ha\/n\u0103m<\/p>\n<p>+ Giai \u0111o\u1ea1n b\u00f3n:\u00a0B\u00f3n l\u00f3t,\u00a0B\u00f3n th\u00fac c\u00e2y con,\u00a0B\u00f3n th\u00fac c\u00e2y tr\u01b0\u1edfng th\u00e0nh<\/p>\n<p>&nbsp;<\/p>\n<p>&#8211; C\u00e2y c\u00f4ng nghi\u1ec7p d\u00e0i ng\u00e0y:\u00a0C\u00e0 ph\u00ea, Cao su, \u0110i\u1ec1u, H\u1ed3 ti\u00eau,&#8230;<\/p>\n<p>+ Li\u1ec1u d\u00f9ng:\u00a0400 &#8211; 800 kg\/ha\/n\u0103m<\/p>\n<p>+ Giai \u0111o\u1ea1n b\u00f3n:\u00a0\u0110\u1ea7u m\u00f9a m\u01b0a,\u00a0Gi\u1eefa m\u00f9a m\u01b0a,\u00a0Cu\u1ed1i m\u00f9a m\u01b0a<\/p>\n<p>&nbsp;<\/p>\n<p><b>Hoa, rau m\u00e0u<\/b>:<\/p>\n<p>&#8211; Hoa h\u1ed3ng, c\u00fac, lay \u01a1n,&#8230;<\/p>\n<p>&#8211; X\u00e0 l\u00e1ch, c\u00e0 chua, s\u00fap l\u01a1, d\u01b0a h\u1ea5u,&#8230;<\/p>\n<p>+ Li\u1ec1u d\u00f9ng:\u00a0200 &#8211; 400 kg\/ha\/v\u1ee5<\/p>\n<p>+ Giai \u0111o\u1ea1n b\u00f3n:\u00a0B\u00f3n l\u00f3t,\u00a0B\u00f3n th\u00fac c\u00e2y con,\u00a0B\u00f3n th\u00fac c\u00e2y tr\u01b0\u1edfng th\u00e0nh<\/p>\n<p>&nbsp;<\/p>\n<p>&#8211; C\u00e2y l\u01b0\u01a1ng th\u1ef1c: L\u00faa, b\u1eafp, m\u00ec, \u0111\u1eadu,&#8230;<\/p>\n<p>+ Li\u1ec1u d\u00f9ng:\u00a0300 &#8211; 500 kg\/ha\/v\u1ee5<\/p>\n<p>+ Giai \u0111o\u1ea1n b\u00f3n:\u00a0Chia l\u00e0m 2 &#8211; 3 l\u1ea7n b\u00f3n<\/p>\n<p>&nbsp;<\/p>\n<p><strong>* TH\u00c0NH PH\u1ea6N<\/strong><\/p>\n<p>+\u00a0\u0110\u1ea1m t\u1ed5ng s\u1ed1 (N<sub>ts<\/sub>): 15%<\/p>\n<p>+\u00a0L\u00e2n h\u1eefu hi\u1ec7u (P<sub>2<\/sub>O<sub>5hh<\/sub>): 5 %<\/p>\n<p>+ Kali\u00a0h\u1eefu hi\u1ec7u (K<sub>2<\/sub>O<sub>hh<\/sub>): 20 %<\/p>\n<p>+\u00a0Bo (B): 90 ppm<\/p>\n<p>+\u00a0K\u1ebdm (Zn): 160 ppm<\/p>\n<p>+\u00a0\u0110\u1ed3ng (Cu): 120 ppm<\/p>\n<p>+\u00a0\u0110\u1ed9 \u1ea9m: 5%<\/p>\n<p>&nbsp;<\/p>\n<p><strong>* QUY C\u00c1CH S\u1ea2N PH\u1ea8M:<\/strong>\u00a01 bao\/ 25kg<\/p>","protected":false},"excerpt":{"rendered":"<p>* C\u00d4NG D\u1ee4NG: \u00a0&#8211;\u00a0Ph\u00e2n b\u00f3n NPK AMINO 15-5-20+TE k\u1ebft h\u1ee3p 3 trong 1, cung c\u1ea5p NPK-trung vi l\u01b0\u1ee3ng v\u00e0 \u0111\u1eb7c<\/p>","protected":false},"featured_media":11871,"comment_status":"open","ping_status":"closed","template":"","meta":{"_acf_changed":false},"product_cat":[341,522,366,447,398,339,521],"product_tag":[],"class_list":{"0":"post-11837","1":"product","2":"type-product","3":"status-publish","4":"has-post-thumbnail","6":"product_cat-cay-canh","7":"product_cat-phan-bon","8":"product_cat-hang-cnnt-cap-qg","9":"product_cat-san-pham-cnnt-tb-cap-qg-2017","10":"product_cat-san-pham-cnnt-tb-cap-qg-2021","11":"product_cat-san-pham-sinh-vat-canh","12":"product_cat-vat-tu-nong-nghiep","14":"first","15":"instock","16":"shipping-taxable","17":"purchasable","18":"product-type-variable"},"acf":[],"_links":{"self":[{"href":"https:\/\/b2c.fairs.vn\/en\/wp-json\/wp\/v2\/product\/11837","targetHints":{"allow":["GET"]}}],"collection":[{"href":"https:\/\/b2c.fairs.vn\/en\/wp-json\/wp\/v2\/product"}],"about":[{"href":"https:\/\/b2c.fairs.vn\/en\/wp-json\/wp\/v2\/types\/product"}],"replies":[{"embeddable":true,"href":"https:\/\/b2c.fairs.vn\/en\/wp-json\/wp\/v2\/comments?post=11837"}],"version-history":[{"count":0,"href":"https:\/\/b2c.fairs.vn\/en\/wp-json\/wp\/v2\/product\/11837\/revisions"}],"wp:featuredmedia":[{"embeddable":true,"href":"https:\/\/b2c.fairs.vn\/en\/wp-json\/wp\/v2\/media\/11871"}],"wp:attachment":[{"href":"https:\/\/b2c.fairs.vn\/en\/wp-json\/wp\/v2\/media?parent=11837"}],"wp:term":[{"taxonomy":"product_cat","embeddable":true,"href":"https:\/\/b2c.fairs.vn\/en\/wp-json\/wp\/v2\/product_cat?post=11837"},{"taxonomy":"product_tag","embeddable":true,"href":"https:\/\/b2c.fairs.vn\/en\/wp-json\/wp\/v2\/product_tag?post=11837"}],"curies":[{"name":"wp","href":"https:\/\/api.w.org\/{rel}","templated":true}]}}