{"id":11828,"date":"2024-03-28T15:29:37","date_gmt":"2024-03-28T08:29:37","guid":{"rendered":"https:\/\/b2c.fairs.vn\/?post_type=product&#038;p=11828"},"modified":"2024-03-28T15:29:37","modified_gmt":"2024-03-28T08:29:37","slug":"hong-tra-ha-giang","status":"publish","type":"product","link":"https:\/\/b2c.fairs.vn\/en\/product\/hong-tra-ha-giang\/","title":{"rendered":"H\u1ed3ng Tr\u00e0 H\u00e0 Giang"},"content":{"rendered":"<p>H\u1ed3ng Tr\u00e0 \u0111\u01b0\u1ee3c ch\u1ebf bi\u1ebfn t\u1eeb lo\u1ea1i tr\u00e0 c\u1ed5 th\u1ee5 c\u1ee7a H\u00e0 Giang \u2013 n\u01a1i s\u1ea3n sinh ra nh\u1eefng lo\u1ea1i tr\u00e0 ngon b\u1eadc nh\u1ea5t Vi\u1ec7t Nam.<br \/>\nL\u00e0 lo\u1ea1i tr\u00e0 c\u00f3 \u0111\u1ed9 oxy ho\u00e1 cao, t\u1ea1o n\u00ean h\u01b0\u01a1ng v\u1ecb phong ph\u00fa h\u01a1n h\u1eb3n d\u00f2ng tr\u00e0 xanh<br \/>\n\u0110\u1ed9 \u0111\u1eadm ch\u00e1t gi\u1ea3m, h\u01b0\u01a1ng th\u01a1m ng\u1ecdt nh\u01b0 m\u00f9i m\u1eadt ong r\u1eebng.<br \/>\nC\u00f3 th\u1ec3 pha t\u1eeb 5 \u2013 7 l\u1ea7n n\u01b0\u1edbc.<br \/>\nD\u00e0nh cho ng\u01b0\u1eddi s\u00e0nh tr\u00e0 v\u00e0 ng\u01b0\u1eddi \u01b0a th\u00edch nh\u1eefng tr\u1ea3i nghi\u1ec7m m\u1ed9t m\u00f9i v\u1ecb m\u1edbi m\u1ebb.<\/p>","protected":false},"excerpt":{"rendered":"<p>H\u1ed3ng Tr\u00e0 \u0111\u01b0\u1ee3c ch\u1ebf bi\u1ebfn t\u1eeb lo\u1ea1i tr\u00e0 c\u1ed5 th\u1ee5 c\u1ee7a H\u00e0 Giang \u2013 n\u01a1i s\u1ea3n sinh ra nh\u1eefng lo\u1ea1i<\/p>","protected":false},"featured_media":11829,"comment_status":"open","ping_status":"closed","template":"","meta":{"_acf_changed":false},"product_cat":[321,322,22],"product_tag":[],"class_list":{"0":"post-11828","1":"product","2":"type-product","3":"status-publish","4":"has-post-thumbnail","6":"product_cat-che","7":"product_cat-che-tuoi-che-bien","8":"product_cat-sanphamthucpham","10":"first","11":"instock","12":"shipping-taxable","13":"purchasable","14":"product-type-simple"},"acf":[],"_links":{"self":[{"href":"https:\/\/b2c.fairs.vn\/en\/wp-json\/wp\/v2\/product\/11828","targetHints":{"allow":["GET"]}}],"collection":[{"href":"https:\/\/b2c.fairs.vn\/en\/wp-json\/wp\/v2\/product"}],"about":[{"href":"https:\/\/b2c.fairs.vn\/en\/wp-json\/wp\/v2\/types\/product"}],"replies":[{"embeddable":true,"href":"https:\/\/b2c.fairs.vn\/en\/wp-json\/wp\/v2\/comments?post=11828"}],"version-history":[{"count":0,"href":"https:\/\/b2c.fairs.vn\/en\/wp-json\/wp\/v2\/product\/11828\/revisions"}],"wp:featuredmedia":[{"embeddable":true,"href":"https:\/\/b2c.fairs.vn\/en\/wp-json\/wp\/v2\/media\/11829"}],"wp:attachment":[{"href":"https:\/\/b2c.fairs.vn\/en\/wp-json\/wp\/v2\/media?parent=11828"}],"wp:term":[{"taxonomy":"product_cat","embeddable":true,"href":"https:\/\/b2c.fairs.vn\/en\/wp-json\/wp\/v2\/product_cat?post=11828"},{"taxonomy":"product_tag","embeddable":true,"href":"https:\/\/b2c.fairs.vn\/en\/wp-json\/wp\/v2\/product_tag?post=11828"}],"curies":[{"name":"wp","href":"https:\/\/api.w.org\/{rel}","templated":true}]}}