{"id":11809,"date":"2024-03-28T15:27:00","date_gmt":"2024-03-28T08:27:00","guid":{"rendered":"https:\/\/b2c.fairs.vn\/?post_type=product&#038;p=11809"},"modified":"2024-03-28T15:27:01","modified_gmt":"2024-03-28T08:27:01","slug":"tra-thiet-quan-am","status":"publish","type":"product","link":"https:\/\/b2c.fairs.vn\/en\/product\/tra-thiet-quan-am\/","title":{"rendered":"Tr\u00e0 Thi\u1ebft Quan \u00c2m"},"content":{"rendered":"<p><strong>Tr\u00e0 Thi\u1ebft Quan \u00c2m<\/strong> c\u00f3 ngu\u1ed3n g\u1ed1c \u1edf tr\u1ea5n T\u00e2y B\u00ecnh huy\u1ec7n An Kh\u00ea. T\u1ea1i \u0111\u00e2y ng\u01b0\u1eddi ta t\u01b0\u01a1ng truy\u1ec1n v\u00e0o \u0111\u1eddi Thanh n\u0103m vua C\u00e0n Long, tr\u00ean v\u01b0\u1eddn tr\u00e0 \u1edf tr\u1ea5n T\u00e2y B\u00ecnh, huy\u1ec7n An Kh\u00ea, c\u00f3 m\u1ed9t ng\u01b0\u1eddi t\u00ean l\u00e0 Ng\u1ee5y \u1ea8m ch\u1ebf \u0111\u01b0\u1ee3c m\u1ed9t lo\u1ea1i tr\u00e0 ngon. M\u1ed7i ng\u00e0y hai l\u1ea7n s\u00e1ng t\u1ed1i \u00f4ng \u0111\u1ec1u pha ba chum tr\u00e0 c\u00fang d\u01b0\u1eddng l\u00ean B\u1ed3 T\u00e1t Quan Th\u1ebf \u00c2m. C\u1ee9 nh\u01b0 v\u1eady su\u1ed1t m\u01b0\u1eddi n\u0103m tr\u1eddi kh\u00f4ng h\u1ec1 gi\u00e1n \u0111o\u1ea1n, \u0111\u1ee7 cho th\u1ea5y t\u1ea5m l\u00f2ng th\u00e0nh tin Ph\u1eadt c\u1ee7a \u00f4ng. M\u1ed9t \u0111\u00eam, Ng\u1ee5y \u1ea8m n\u1eb1m m\u1ed9ng th\u1ea5y \u1edf tr\u00ean v\u00e1ch n\u00fai c\u00f3 m\u1ed9t c\u00e2y tr\u00e0 t\u1ecfa ra m\u00f9i th\u01a1m c\u1ee7a hoa lan, \u0111ang l\u00fac \u0111\u1ecbnh h\u00e1i v\u1ec1 th\u00ec b\u1ecb ti\u1ebfng ch\u00f3 s\u1ee7a \u1edf \u0111\u00e2u \u0111\u00f3 l\u00e0m t\u1ec9nh m\u1ea5t c\u01a1n m\u1ed9ng. Qua h\u00f4m sau, qu\u1ea3 nhi\u00ean \u1edf tr\u00ean ch\u1edfm \u0111\u00e1 \u00f4ng t\u00ecm th\u1ea5y m\u1ed9t c\u00e2y tr\u00e0 gi\u1ed1ng h\u1ec7t nh\u01b0 c\u00e2y tr\u00e0 trong m\u1ed9ng. Ng\u1ee5y \u1ea8m h\u00e1i m\u1ed9t \u00edt l\u00e1 non mang v\u1ec1 nh\u00e0 r\u1ed3i chuy\u00ean t\u00e2m ch\u1ebf bi\u1ebfn. Sau khi ch\u1ebf xong, v\u1ecb tr\u00e0 d\u1ecbu ng\u1ecdt th\u01a1m ngon, l\u00e0m tinh th\u1ea7n nh\u1eb9 nh\u00e0ng. Ng\u1ee5y \u1ea8m cho r\u1eb1ng \u0111\u00e2y l\u00e0 vua trong c\u00e1c lo\u1ea1i tr\u00e0, li\u1ec1n b\u1ee9ng c\u1ea3 c\u00e2y tr\u00e0 mang v\u1ec1 nh\u00e0 l\u00e0m gi\u1ed1ng \u0111\u1ec3 tr\u1ed3ng. V\u00e0i n\u0103m sau, tr\u00e0 m\u1ecdc nhi\u1ec1u v\u00e0 t\u01b0\u01a1i t\u1ed1t, c\u00e0nh l\u00e1 xum xu\u00ea. Do v\u00ec h\u00ecnh d\u00e1ng l\u00e1 tr\u00e0 \u0111\u1eb9p nh\u01b0 Ng\u00e0i Quan Th\u1ebf \u00c2m, n\u1eb7ng nh\u01b0 s\u1eaft, m\u00e0 l\u1ea1i do Ng\u00e0i Quan Th\u1ebf \u00c2m gia h\u1ed9 b\u00e1o m\u1ed9ng cho n\u00ean \u00f4ng \u0111\u1eb7t t\u00ean cho tr\u00e0 l\u00e0 Thi\u1ebft Quan \u00c2m. T\u1eeb \u0111\u00f3 Thi\u1ebft Quan \u00c2m \u0111\u01b0\u1ee3c c\u1ea3 thi\u00ean h\u1ea1 bi\u1ebft \u0111\u1ebfn.Tr\u00e0 Thi\u1ebft Quan \u00c2m \u0111\u01b0\u1ee3c m\u1ec7nh danh l\u00e0 \u201c B\u1ea3y n\u01b0\u1edbc c\u00f2n d\u01b0 h\u01b0\u01a1ng\u201d (pha b\u1ea3y l\u1ea7n nh\u01b0ng v\u1eabn c\u00f2n m\u00f9i th\u01a1m). Tr\u00e0 c\u00f3 h\u01b0\u01a1ng v\u1ecb \u00eam d\u1ecbu, ng\u1ecdt thanh, m\u00e0u v\u00e0ng t\u01b0\u01a1i v\u00e0 h\u01b0\u01a1ng th\u01a1m t\u1ef1 nhi\u00ean d\u1ec5 ch\u1ecbu. \u0110\u01b0\u1ee3c x\u1ebfp v\u00e0o l\u00e0 m\u1ed9t trong \u201c th\u1eadp \u0111\u1ea1i danh tr\u00e0\u201d t\u1ea1i Trung Qu\u1ed1c v\u00e0 l\u00e0 lo\u1ea1i tr\u00e0 th\u01b0\u1ee3ng ph\u1ea9m t\u1ea1i Vi\u1ec7t Nam<\/p>","protected":false},"excerpt":{"rendered":"<p>Tr\u00e0 Thi\u1ebft Quan \u00c2m c\u00f3 ngu\u1ed3n g\u1ed1c \u1edf tr\u1ea5n T\u00e2y B\u00ecnh huy\u1ec7n An Kh\u00ea. T\u1ea1i \u0111\u00e2y ng\u01b0\u1eddi ta t\u01b0\u01a1ng truy\u1ec1n<\/p>","protected":false},"featured_media":11820,"comment_status":"open","ping_status":"closed","template":"","meta":{"_acf_changed":false},"product_cat":[321,322,22],"product_tag":[],"class_list":{"0":"post-11809","1":"product","2":"type-product","3":"status-publish","4":"has-post-thumbnail","6":"product_cat-che","7":"product_cat-che-tuoi-che-bien","8":"product_cat-sanphamthucpham","10":"first","11":"instock","12":"shipping-taxable","13":"purchasable","14":"product-type-simple"},"acf":[],"_links":{"self":[{"href":"https:\/\/b2c.fairs.vn\/en\/wp-json\/wp\/v2\/product\/11809","targetHints":{"allow":["GET"]}}],"collection":[{"href":"https:\/\/b2c.fairs.vn\/en\/wp-json\/wp\/v2\/product"}],"about":[{"href":"https:\/\/b2c.fairs.vn\/en\/wp-json\/wp\/v2\/types\/product"}],"replies":[{"embeddable":true,"href":"https:\/\/b2c.fairs.vn\/en\/wp-json\/wp\/v2\/comments?post=11809"}],"version-history":[{"count":0,"href":"https:\/\/b2c.fairs.vn\/en\/wp-json\/wp\/v2\/product\/11809\/revisions"}],"wp:featuredmedia":[{"embeddable":true,"href":"https:\/\/b2c.fairs.vn\/en\/wp-json\/wp\/v2\/media\/11820"}],"wp:attachment":[{"href":"https:\/\/b2c.fairs.vn\/en\/wp-json\/wp\/v2\/media?parent=11809"}],"wp:term":[{"taxonomy":"product_cat","embeddable":true,"href":"https:\/\/b2c.fairs.vn\/en\/wp-json\/wp\/v2\/product_cat?post=11809"},{"taxonomy":"product_tag","embeddable":true,"href":"https:\/\/b2c.fairs.vn\/en\/wp-json\/wp\/v2\/product_tag?post=11809"}],"curies":[{"name":"wp","href":"https:\/\/api.w.org\/{rel}","templated":true}]}}