{"id":11808,"date":"2024-03-28T15:25:04","date_gmt":"2024-03-28T08:25:04","guid":{"rendered":"https:\/\/b2c.fairs.vn\/?post_type=product&#038;p=11808"},"modified":"2024-03-28T15:25:04","modified_gmt":"2024-03-28T08:25:04","slug":"tra-thai-nguyen","status":"publish","type":"product","link":"https:\/\/b2c.fairs.vn\/en\/product\/tra-thai-nguyen\/","title":{"rendered":"Tr\u00e0 Th\u00e1i Nguy\u00ean"},"content":{"rendered":"<p><strong>Tr\u00e0 Th\u00e1i Nguy\u00ean<\/strong>\u00a0l\u00e0 t\u00ean g\u1ecdi c\u1ee7a m\u1ed9t lo\u1ea1i ch\u00e8 (tr\u00e0) \u0111\u01b0\u1ee3c tr\u1ed3ng t\u1ea1i t\u1ec9nh Th\u00e1i Nguy\u00ean,\u00a0<em><strong>tr\u00e0 xanh Th\u00e1i Nguy\u00ean<\/strong><\/em>\u00a0xu\u1ea5t ph\u00e1t theo t\u00ean m\u1ed9t t\u1ec9nh thu\u1ed9c trung du mi\u1ec1n n\u00fai ph\u00eda B\u1eafc n\u01b0\u1edbc ta. T\u1ea1i \u0111\u00f3, ta b\u1eaft g\u1eb7p\u00a0 nh\u1eefng n\u01b0\u01a1ng ch\u00e8 b\u1ea1t ng\u00e0n xanh m\u01b0\u1edbt. C\u0169ng t\u1ea1i n\u01a1i \u0111\u00e2y \u0111\u00e3 l\u00e0m n\u1ed5i danh cho c\u00e2y ch\u00e8 \u0111\u1ea5t Vi\u1ec7t v\u01b0\u01a1n m\u00ecnh ra th\u1ebf gi\u1edbi.V\u1edbi \u0111i\u1ec1u ki\u1ec7n t\u1ef1 nhi\u00ean thu\u1eadn l\u1ee3i v\u00e0 th\u1ed5 nh\u01b0\u1ee1ng r\u1ea5t t\u1ed1t , Th\u00e1i Nguy\u00ean c\u00f3 di\u1ec7n t\u00edch tr\u1ed3ng ch\u00e8 h\u01a1n 2000 ha, l\u00e0 n\u01a1i cung c\u1ea5p s\u1ea3n l\u01b0\u1ee3ng ch\u00e8 l\u1edbn nh\u1ea5t c\u1ea3 n\u01b0\u1edbc v\u00e0 cho ra ch\u1ea5t l\u01b0\u1ee3ng ch\u00e8 tuy\u1ec7t h\u1ea3o.<\/p>\n<p><em>Tr\u00e0 xanh Th\u00e1i Nguy\u00ean<\/em>\u00a0l\u00e0 v\u00f9ng tr\u00e0 n\u1ed5i ti\u1ebfng nh\u1ea5t Vi\u1ec7t Nam t\u1eebng \u0111\u01b0\u1ee3c m\u1ec7nh danh l\u00e0 lo\u1ea1i tr\u00e0 ngon nh\u1ea5t v\u00f9ng \u0110\u00f4ng D\u01b0\u01a1ng. Tr\u00e0 Th\u00e1i Nguy\u00ean c\u1ee7a Ho\u00e0ng Tr\u00e0 \u0111\u01b0\u1ee3c l\u1ea5y t\u1eeb x\u00e3 T\u00e2n C\u01b0\u01a1ng\u00a0\u2013 n\u01a1i tr\u1ed3ng tr\u00e0 Th\u00e1i Nguy\u00ean ngon nh\u1ea5t v\u00f9ng.<\/p>","protected":false},"excerpt":{"rendered":"<p>Tr\u00e0 Th\u00e1i Nguy\u00ean\u00a0l\u00e0 t\u00ean g\u1ecdi c\u1ee7a m\u1ed9t lo\u1ea1i ch\u00e8 (tr\u00e0) \u0111\u01b0\u1ee3c tr\u1ed3ng t\u1ea1i t\u1ec9nh Th\u00e1i Nguy\u00ean,\u00a0tr\u00e0 xanh Th\u00e1i Nguy\u00ean\u00a0xu\u1ea5t ph\u00e1t<\/p>","protected":false},"featured_media":11814,"comment_status":"open","ping_status":"closed","template":"","meta":{"_acf_changed":false},"product_cat":[321,322,22],"product_tag":[],"class_list":{"0":"post-11808","1":"product","2":"type-product","3":"status-publish","4":"has-post-thumbnail","6":"product_cat-che","7":"product_cat-che-tuoi-che-bien","8":"product_cat-sanphamthucpham","10":"first","11":"instock","12":"shipping-taxable","13":"purchasable","14":"product-type-simple"},"acf":[],"_links":{"self":[{"href":"https:\/\/b2c.fairs.vn\/en\/wp-json\/wp\/v2\/product\/11808","targetHints":{"allow":["GET"]}}],"collection":[{"href":"https:\/\/b2c.fairs.vn\/en\/wp-json\/wp\/v2\/product"}],"about":[{"href":"https:\/\/b2c.fairs.vn\/en\/wp-json\/wp\/v2\/types\/product"}],"replies":[{"embeddable":true,"href":"https:\/\/b2c.fairs.vn\/en\/wp-json\/wp\/v2\/comments?post=11808"}],"version-history":[{"count":0,"href":"https:\/\/b2c.fairs.vn\/en\/wp-json\/wp\/v2\/product\/11808\/revisions"}],"wp:featuredmedia":[{"embeddable":true,"href":"https:\/\/b2c.fairs.vn\/en\/wp-json\/wp\/v2\/media\/11814"}],"wp:attachment":[{"href":"https:\/\/b2c.fairs.vn\/en\/wp-json\/wp\/v2\/media?parent=11808"}],"wp:term":[{"taxonomy":"product_cat","embeddable":true,"href":"https:\/\/b2c.fairs.vn\/en\/wp-json\/wp\/v2\/product_cat?post=11808"},{"taxonomy":"product_tag","embeddable":true,"href":"https:\/\/b2c.fairs.vn\/en\/wp-json\/wp\/v2\/product_tag?post=11808"}],"curies":[{"name":"wp","href":"https:\/\/api.w.org\/{rel}","templated":true}]}}