{"id":11804,"date":"2024-03-28T15:27:09","date_gmt":"2024-03-28T08:27:09","guid":{"rendered":"https:\/\/b2c.fairs.vn\/?post_type=product&#038;p=11804"},"modified":"2024-04-02T17:12:55","modified_gmt":"2024-04-02T10:12:55","slug":"may-rua-xe-cao-ap","status":"publish","type":"product","link":"https:\/\/b2c.fairs.vn\/en\/product\/may-rua-xe-cao-ap\/","title":{"rendered":"M\u00e1y r\u1eeda xe cao \u00e1p"},"content":{"rendered":"<ul>\n<li>M\u00e1y b\u01a1m r\u1eeda xe TP-3000 MAX l\u00e0 d\u00f2ng m\u00e1y r\u1eeda xe gia \u0111\u00ecnh nh\u1ecf g\u1ecdn, gi\u00e1 th\u00e0nh th\u1ea5p nh\u01b0ng kh\u00f4ng h\u1ec1 thua k\u00e9m g\u00ec c\u00e1c d\u00f2ng m\u00e1y r\u1eeda xe gi\u00e1 th\u00e0nh cao kh\u00e1c. V\u1edbi ch\u1ee9c n\u0103ng t\u1ef1 h\u00fat n\u01b0\u1edbc m\u00e0 kh\u00f4ng c\u1ea7n m\u1ed3i, t\u1ef1 \u0111\u1ed9ng ng\u1eaft khi nh\u1ea3 c\u00f2, c\u00f4ng su\u1ea5t 3000W m\u1ea1nh m\u1ebd.<\/li>\n<li>M\u00e1y b\u01a1m r\u1eeda xe TP-3000 MAX v\u1edbi c\u00f4ng su\u1ea5t 3000W v\u00e0 \u00e1p su\u1ea5t l\u00ean t\u1edbi ~150Bar d\u1ec5 d\u00e0ng x\u1ecbt r\u1eeda s\u1ea1ch rong r\u00eau, m\u1ea3ng b\u00e1m, v\u00e0 c\u00e1c v\u1ebft b\u1ea9n tr\u00ean xe c\u1ed9, n\u1ed9i th\u1ea5t d\u1ec5 d\u00e0ng. X\u1ecbt bay m\u1ecdi v\u1ebft b\u1ea9n, x\u1ecbt r\u1eeda \u00f4 t\u00f4, xe m\u00e1y, s\u00e2n v\u01b0\u1eddn, chu\u1ed3ng tr\u1ea1i.<\/li>\n<\/ul>\n<ul>\n<li>M\u00e1y b\u01a1m r\u1eeda xe TP-3000 MAX v\u1eadn h\u00e0nh \u00eam \u00e1i \u00edt \u1ed3n, b\u1ec1n b\u1ec9 theo th\u1eddi gian.<\/li>\n<li>Thi\u1ebft k\u1ebf nh\u1ecf g\u1ecdn gi\u00fap d\u1ec5 d\u00e0ng l\u1eafp \u0111\u1eb7t v\u00e0 di chuy\u1ec3n.<\/li>\n<li>Ti\u1ebft ki\u1ec7m \u0111i\u1ec7n v\u00e0 n\u01b0\u1edbc, \u0111\u1ed9 an to\u00e0n cao v\u00ec t\u1ea5t c\u1ea3 c\u00e1c b\u1ed3 ph\u1eadn \u0111\u1ec1u \u0111\u01b0\u1ee3c b\u1ecdc nh\u1ef1a c\u00e1ch \u0111i\u1ec7n.<\/li>\n<li>M\u00e1y b\u01a1m r\u1eeda xe TP-3000 MAX c\u00f3 thi\u1ebft k\u1ebf \u0111\u1ea7u phun c\u00f3 th\u1ec3 \u0111i\u1ec1u ch\u1ec9nh \u0111\u1ed9 x\u00f2e (\u0111\u1ed9 bung) c\u1ee7a n\u01b0\u1edbc. Ngo\u00e0i ch\u1ebf \u0111\u1ed9 x\u1ecbt r\u1eeda \u00e1p l\u1ef1c cao, c\u00f3 th\u1ec3 \u0111i\u1ec1u ch\u1ec9nh qua ch\u1ebf \u0111\u1ed9 phun s\u01b0\u01a1ng \u0111\u1ec3 t\u01b0\u1edbi rau hay c\u00e2y c\u1ea3nh&#8230;. r\u1ea5t ti\u1ec7n d\u1ee5ng.<\/li>\n<li>\u1ee8ng d\u1ee5ng m\u00e1y b\u01a1m r\u1eeda xe TP-3000 MAX:<\/li>\n<\/ul>\n<p>&#8211; X\u1ecbt r\u1eeda xe m\u00e1y, \u00f4 t\u00f4<\/p>\n<p>&#8211; X\u1ecbt r\u1eeda n\u1ed9i th\u1ea5t, v\u1ec7 sinh s\u00e2n v\u01b0\u1eddn, rong r\u00eau.<\/p>\n<p>&#8211; X\u1ecbt r\u1eeda chu\u1ed3ng tr\u1ea1i<\/p>\n<p>&#8211; T\u01b0\u1edbi c\u00e2y,\u2026<\/p>\n<ul>\n<li>S\u1ea3n ph\u1ea9m bao g\u1ed3m:<em>+ D\u00e2y cao \u00e1p<\/em><em>+ S\u00fang phun x\u1ecbt<\/em><em>+ V\u00f2i x\u1ecbt n\u1ed1i d\u00e0i<\/em>\n<p><em>+ D\u00e2y n\u01b0\u1edbc v\u00e0o<\/em><\/p>\n<p><em>+ R\u1ecd l\u1ecdc r\u00e1c<\/em><\/p>\n<p><em>+ Kh\u1edbp n\u1ed1i nhanh \u0111\u1ea7u v\u00e0o<\/em><\/p>\n<p><em>+ B\u00ecnh t\u1ea1o b\u1ecdt<\/em><\/p>\n<p><em>+ S\u00e1ch HDSD<\/em><\/li>\n<\/ul>","protected":false},"excerpt":{"rendered":"<ul>\n<li>M\u00e1y b\u01a1m r\u1eeda xe TP-3000 MAX l\u00e0 d\u00f2ng m\u00e1y r\u1eeda xe gia \u0111\u00ecnh nh\u1ecf g\u1ecdn, gi\u00e1 th\u00e0nh th\u1ea5p nh\u01b0ng kh\u00f4ng h\u1ec1 thua k\u00e9m g\u00ec c\u00e1c d\u00f2ng m\u00e1y r\u1eeda xe gi\u00e1 th\u00e0nh cao kh\u00e1c. V\u1edbi ch\u1ee9c n\u0103ng t\u1ef1 h\u00fat n\u01b0\u1edbc m\u00e0 kh\u00f4ng c\u1ea7n m\u1ed3i, t\u1ef1 \u0111\u1ed9ng ng\u1eaft khi nh\u1ea3 c\u00f2, c\u00f4ng su\u1ea5t 3000W m\u1ea1nh m\u1ebd.<\/li>\n<li>M\u00e1y b\u01a1m r\u1eeda xe TP-3000 MAX v\u1edbi c\u00f4ng su\u1ea5t 3000W v\u00e0 \u00e1p su\u1ea5t l\u00ean t\u1edbi ~150Bar d\u1ec5 d\u00e0ng x\u1ecbt r\u1eeda s\u1ea1ch rong r\u00eau, m\u1ea3ng b\u00e1m, v\u00e0 c\u00e1c v\u1ebft b\u1ea9n tr\u00ean xe c\u1ed9, n\u1ed9i th\u1ea5t d\u1ec5 d\u00e0ng. X\u1ecbt bay m\u1ecdi v\u1ebft b\u1ea9n, x\u1ecbt r\u1eeda \u00f4 t\u00f4, xe m\u00e1y, s\u00e2n v\u01b0\u1eddn, chu\u1ed3ng tr\u1ea1i.<\/li>\n<\/ul>\n<ul>\n<li>M\u00e1y b\u01a1m r\u1eeda xe TP-3000 MAX v\u1eadn h\u00e0nh \u00eam \u00e1i \u00edt \u1ed3n, b\u1ec1n b\u1ec9 theo th\u1eddi gian.<\/li>\n<li>Thi\u1ebft k\u1ebf nh\u1ecf g\u1ecdn gi\u00fap d\u1ec5 d\u00e0ng l\u1eafp \u0111\u1eb7t v\u00e0 di chuy\u1ec3n.<\/li>\n<li>Ti\u1ebft ki\u1ec7m \u0111i\u1ec7n v\u00e0 n\u01b0\u1edbc, \u0111\u1ed9 an to\u00e0n cao v\u00ec t\u1ea5t c\u1ea3 c\u00e1c b\u1ed3 ph\u1eadn \u0111\u1ec1u \u0111\u01b0\u1ee3c b\u1ecdc nh\u1ef1a c\u00e1ch \u0111i\u1ec7n.<\/li>\n<li>M\u00e1y b\u01a1m r\u1eeda xe TP-3000 MAX c\u00f3 thi\u1ebft k\u1ebf \u0111\u1ea7u phun c\u00f3 th\u1ec3 \u0111i\u1ec1u ch\u1ec9nh \u0111\u1ed9 x\u00f2e (\u0111\u1ed9 bung) c\u1ee7a n\u01b0\u1edbc. Ngo\u00e0i ch\u1ebf \u0111\u1ed9 x\u1ecbt r\u1eeda \u00e1p l\u1ef1c cao, c\u00f3 th\u1ec3 \u0111i\u1ec1u ch\u1ec9nh qua ch\u1ebf \u0111\u1ed9 phun s\u01b0\u01a1ng \u0111\u1ec3 t\u01b0\u1edbi rau hay c\u00e2y c\u1ea3nh&#8230;. r\u1ea5t ti\u1ec7n d\u1ee5ng.<\/li>\n<li>\u1ee8ng d\u1ee5ng m\u00e1y b\u01a1m r\u1eeda xe TP-3000 MAX:<\/li>\n<\/ul>\n<p>&#8211; X\u1ecbt r\u1eeda xe m\u00e1y, \u00f4 t\u00f4<\/p>\n<p>&#8211; X\u1ecbt r\u1eeda n\u1ed9i th\u1ea5t, v\u1ec7 sinh s\u00e2n v\u01b0\u1eddn, rong r\u00eau.<\/p>\n<p>&#8211; X\u1ecbt r\u1eeda chu\u1ed3ng tr\u1ea1i<\/p>\n<p>&#8211; T\u01b0\u1edbi c\u00e2y,\u2026<\/p>\n<ul>\n<li>S\u1ea3n ph\u1ea9m bao g\u1ed3m:<em>+ D\u00e2y cao \u00e1p<\/em><em>+ S\u00fang phun x\u1ecbt<\/em><em>+ V\u00f2i x\u1ecbt n\u1ed1i d\u00e0i<\/em>\n<p><em>+ D\u00e2y n\u01b0\u1edbc v\u00e0o<\/em><\/p>\n<p><em>+ R\u1ecd l\u1ecdc r\u00e1c<\/em><\/p>\n<p><em>+ Kh\u1edbp n\u1ed1i nhanh \u0111\u1ea7u v\u00e0o<\/em><\/p>\n<p><em>+ B\u00ecnh t\u1ea1o b\u1ecdt<\/em><\/p>\n<p><em>+ S\u00e1ch HDSD<\/em><\/li>\n<\/ul>","protected":false},"featured_media":11819,"comment_status":"open","ping_status":"closed","template":"","meta":{"_acf_changed":false},"product_cat":[366,447,398,367,348,392],"product_tag":[],"class_list":{"0":"post-11804","1":"product","2":"type-product","3":"status-publish","4":"has-post-thumbnail","6":"product_cat-hang-cnnt-cap-qg","7":"product_cat-san-pham-cnnt-tb-cap-qg-2017","8":"product_cat-san-pham-cnnt-tb-cap-qg-2021","9":"product_cat-hang-cnnt-cap-qg-2023","10":"product_cat-thiet-bi-co-khi","11":"product_cat-thiet-bi-may-moc-khac","13":"first","14":"instock","15":"shipping-taxable","16":"product-type-simple"},"acf":[],"_links":{"self":[{"href":"https:\/\/b2c.fairs.vn\/en\/wp-json\/wp\/v2\/product\/11804","targetHints":{"allow":["GET"]}}],"collection":[{"href":"https:\/\/b2c.fairs.vn\/en\/wp-json\/wp\/v2\/product"}],"about":[{"href":"https:\/\/b2c.fairs.vn\/en\/wp-json\/wp\/v2\/types\/product"}],"replies":[{"embeddable":true,"href":"https:\/\/b2c.fairs.vn\/en\/wp-json\/wp\/v2\/comments?post=11804"}],"version-history":[{"count":0,"href":"https:\/\/b2c.fairs.vn\/en\/wp-json\/wp\/v2\/product\/11804\/revisions"}],"wp:featuredmedia":[{"embeddable":true,"href":"https:\/\/b2c.fairs.vn\/en\/wp-json\/wp\/v2\/media\/11819"}],"wp:attachment":[{"href":"https:\/\/b2c.fairs.vn\/en\/wp-json\/wp\/v2\/media?parent=11804"}],"wp:term":[{"taxonomy":"product_cat","embeddable":true,"href":"https:\/\/b2c.fairs.vn\/en\/wp-json\/wp\/v2\/product_cat?post=11804"},{"taxonomy":"product_tag","embeddable":true,"href":"https:\/\/b2c.fairs.vn\/en\/wp-json\/wp\/v2\/product_tag?post=11804"}],"curies":[{"name":"wp","href":"https:\/\/api.w.org\/{rel}","templated":true}]}}