{"id":11803,"date":"2024-03-28T15:23:00","date_gmt":"2024-03-28T08:23:00","guid":{"rendered":"https:\/\/b2c.fairs.vn\/?post_type=product&#038;p=11803"},"modified":"2024-03-28T15:23:01","modified_gmt":"2024-03-28T08:23:01","slug":"tra-shan-tuyet","status":"publish","type":"product","link":"https:\/\/b2c.fairs.vn\/en\/product\/tra-shan-tuyet\/","title":{"rendered":"Tr\u00e0 Shan Tuy\u1ebft"},"content":{"rendered":"<div class=\"product-short-description\">\n<p>\u0110\u00e2y l\u00e0 lo\u1ea1i tr\u00e0 c\u1ed5 th\u1ee5 \u0111\u1eb7c bi\u1ec7t c\u1ee7a v\u00f9ng T\u00e2y B\u1eafc Vi\u1ec7t Nam<br \/>\nThu h\u00e1i : 1 b\u00fap non tr\u00ean \u0111\u1ea7u<br \/>\nPh\u1ea9m ch\u1ea5t t\u1ed1t : n\u01b0\u1edbc v\u00e0ng \u00f3ng, v\u1ecb \u0111\u1eadm, h\u01b0\u01a1ng th\u01a1m m\u1ea1nh, h\u1eadu ng\u1ecdt.<br \/>\nNh\u1eefng b\u00fap tr\u00e0 s\u0103n ch\u1eafc, tr\u00ean b\u1ec1 m\u1eb7t b\u00fap ph\u1ee7 m\u1ed9t l\u1edbp l\u00f4ng t\u01a1 \u00f3ng \u00e1nh b\u1ea1c, ph\u1ea3ng ph\u1ea5t m\u00f9i t\u01b0\u01a1i m\u1edbi c\u1ee7a n\u00fai r\u1eebng.<br \/>\nPh\u00f9 h\u1ee3p t\u1eb7ng cho ng\u01b0\u1eddi s\u00e0nh tr\u00e0.<\/p>\n<\/div>\n<p class=\"guide\">","protected":false},"excerpt":{"rendered":"<p>\u0110\u00e2y l\u00e0 lo\u1ea1i tr\u00e0 c\u1ed5 th\u1ee5 \u0111\u1eb7c bi\u1ec7t c\u1ee7a v\u00f9ng T\u00e2y B\u1eafc Vi\u1ec7t Nam Thu h\u00e1i : 1 b\u00fap non<\/p>","protected":false},"featured_media":11805,"comment_status":"open","ping_status":"closed","template":"","meta":{"_acf_changed":false},"product_cat":[321,322,22],"product_tag":[],"class_list":{"0":"post-11803","1":"product","2":"type-product","3":"status-publish","4":"has-post-thumbnail","6":"product_cat-che","7":"product_cat-che-tuoi-che-bien","8":"product_cat-sanphamthucpham","10":"first","11":"instock","12":"shipping-taxable","13":"purchasable","14":"product-type-simple"},"acf":[],"_links":{"self":[{"href":"https:\/\/b2c.fairs.vn\/en\/wp-json\/wp\/v2\/product\/11803","targetHints":{"allow":["GET"]}}],"collection":[{"href":"https:\/\/b2c.fairs.vn\/en\/wp-json\/wp\/v2\/product"}],"about":[{"href":"https:\/\/b2c.fairs.vn\/en\/wp-json\/wp\/v2\/types\/product"}],"replies":[{"embeddable":true,"href":"https:\/\/b2c.fairs.vn\/en\/wp-json\/wp\/v2\/comments?post=11803"}],"version-history":[{"count":0,"href":"https:\/\/b2c.fairs.vn\/en\/wp-json\/wp\/v2\/product\/11803\/revisions"}],"wp:featuredmedia":[{"embeddable":true,"href":"https:\/\/b2c.fairs.vn\/en\/wp-json\/wp\/v2\/media\/11805"}],"wp:attachment":[{"href":"https:\/\/b2c.fairs.vn\/en\/wp-json\/wp\/v2\/media?parent=11803"}],"wp:term":[{"taxonomy":"product_cat","embeddable":true,"href":"https:\/\/b2c.fairs.vn\/en\/wp-json\/wp\/v2\/product_cat?post=11803"},{"taxonomy":"product_tag","embeddable":true,"href":"https:\/\/b2c.fairs.vn\/en\/wp-json\/wp\/v2\/product_tag?post=11803"}],"curies":[{"name":"wp","href":"https:\/\/api.w.org\/{rel}","templated":true}]}}