{"id":11792,"date":"2024-03-28T15:21:09","date_gmt":"2024-03-28T08:21:09","guid":{"rendered":"https:\/\/b2c.fairs.vn\/?post_type=product&#038;p=11792"},"modified":"2024-03-28T15:21:09","modified_gmt":"2024-03-28T08:21:09","slug":"tra-sam-dua","status":"publish","type":"product","link":"https:\/\/b2c.fairs.vn\/en\/product\/tra-sam-dua\/","title":{"rendered":"Tr\u00e0 S\u00e2m D\u1ee9a"},"content":{"rendered":"<p><strong>Tr\u00e0 S\u00e2m D\u1ee9a<\/strong>\u00a0l\u00e0 lo\u1ea1i tr\u00e0 \u0111\u01b0\u1ee3c nhi\u1ec1u th\u1ef1c kh\u00e1ch \u01b0a chu\u1ed9ng v\u00ec m\u00f9i l\u00e1 d\u1ee9a trong tr\u00e0 l\u00e0m cho v\u1ecb ch\u00e1t c\u1ee7a tr\u00e0 d\u1ecbu \u0111i, ngo\u00e0i ra, tr\u00e0 con c\u00f3 m\u00f9i th\u01a1m c\u00f3 c\u01b0\u1ee1ng l\u1ea1i \u0111\u01b0\u1ee3c.\u00a0 Th\u1ebf gi\u1edbi c\u1ee7a tr\u00e0 bao la. C\u00f3 nh\u1eefng lo\u1ea1i thu\u1ed9c h\u00e0ng th\u01b0\u1ee3ng ph\u1ea9m n\u1ed5i ti\u1ebfng kh\u1eafp c\u1ea3, nh\u01b0ng c\u0169ng c\u00f3 nh\u1eefng lo\u1ea1i tr\u00e0\u00a0 dung d\u1ecb, nh\u1eb9 nh\u00e0ng \u0111i v\u00e0o l\u00f2ng ng\u01b0\u1eddi.\u00a0<em>Tr\u00e0 S\u00e2m D\u1ee9a<\/em>\u00a0l\u00e0 m\u1ed9t trong nh\u1eefng ki\u1ec3u tr\u00e0 nh\u01b0 th\u1ebf. Ch\u1ec9 g\u1ed3m nh\u1eefng nguy\u00ean li\u1ec7u \u0111\u1ecba ph\u01b0\u01a1ng d\u00e2n d\u00e3 (b\u00fap tr\u00e0 xanh, tr\u00e0 ti\u00ean, l\u00e1 d\u1ee9a, hoa l\u00e0i, hoa s\u00f3i, hoa ng\u00e2u) \u0111\u01b0\u1ee3c l\u00e0m th\u1ee7 c\u00f4ng, l\u00e0 m\u1ed9t s\u1ef1 s\u00e1ng t\u1ea1o c\u1ee7a ng\u01b0\u1eddi d\u00e2n \u0110\u00e0 N\u1eb5ng. V\u1edbi h\u01b0\u01a1ng th\u01a1m ng\u1ecdt ng\u00e0o v\u00e0\u00a0 thanh m\u00e1t, tr\u00e0 s\u00e2m d\u1ee9a \u0111\u00e3 chinh ph\u1ee5c r\u1ea5t nhi\u1ec1u du kh\u00e1ch gh\u00e9 th\u0103m v\u00e0 \u0111\u1ec3 l\u1ea1i nh\u1eefng \u1ea5n t\u01b0\u1ee3ng kh\u00f3 phai trong l\u00f2ng ng\u01b0\u1eddi th\u01b0\u1edfng th\u1ee9c.<\/p>\n<div id=\"ftwp-container-outer\" class=\"ftwp-in-post ftwp-float-center\">\n<div id=\"ftwp-container\" class=\"ftwp-wrap ftwp-minimize ftwp-middle-left\"><\/div>\n<\/div>","protected":false},"excerpt":{"rendered":"<p>Tr\u00e0 S\u00e2m D\u1ee9a\u00a0l\u00e0 lo\u1ea1i tr\u00e0 \u0111\u01b0\u1ee3c nhi\u1ec1u th\u1ef1c kh\u00e1ch \u01b0a chu\u1ed9ng v\u00ec m\u00f9i l\u00e1 d\u1ee9a trong tr\u00e0 l\u00e0m cho v\u1ecb<\/p>","protected":false},"featured_media":11795,"comment_status":"open","ping_status":"closed","template":"","meta":{"_acf_changed":false},"product_cat":[321,322,22],"product_tag":[],"class_list":{"0":"post-11792","1":"product","2":"type-product","3":"status-publish","4":"has-post-thumbnail","6":"product_cat-che","7":"product_cat-che-tuoi-che-bien","8":"product_cat-sanphamthucpham","10":"first","11":"instock","12":"shipping-taxable","13":"purchasable","14":"product-type-simple"},"acf":[],"_links":{"self":[{"href":"https:\/\/b2c.fairs.vn\/en\/wp-json\/wp\/v2\/product\/11792","targetHints":{"allow":["GET"]}}],"collection":[{"href":"https:\/\/b2c.fairs.vn\/en\/wp-json\/wp\/v2\/product"}],"about":[{"href":"https:\/\/b2c.fairs.vn\/en\/wp-json\/wp\/v2\/types\/product"}],"replies":[{"embeddable":true,"href":"https:\/\/b2c.fairs.vn\/en\/wp-json\/wp\/v2\/comments?post=11792"}],"version-history":[{"count":0,"href":"https:\/\/b2c.fairs.vn\/en\/wp-json\/wp\/v2\/product\/11792\/revisions"}],"wp:featuredmedia":[{"embeddable":true,"href":"https:\/\/b2c.fairs.vn\/en\/wp-json\/wp\/v2\/media\/11795"}],"wp:attachment":[{"href":"https:\/\/b2c.fairs.vn\/en\/wp-json\/wp\/v2\/media?parent=11792"}],"wp:term":[{"taxonomy":"product_cat","embeddable":true,"href":"https:\/\/b2c.fairs.vn\/en\/wp-json\/wp\/v2\/product_cat?post=11792"},{"taxonomy":"product_tag","embeddable":true,"href":"https:\/\/b2c.fairs.vn\/en\/wp-json\/wp\/v2\/product_tag?post=11792"}],"curies":[{"name":"wp","href":"https:\/\/api.w.org\/{rel}","templated":true}]}}