{"id":11784,"date":"2024-03-28T15:18:19","date_gmt":"2024-03-28T08:18:19","guid":{"rendered":"https:\/\/b2c.fairs.vn\/?post_type=product&#038;p=11784"},"modified":"2024-03-28T15:18:20","modified_gmt":"2024-03-28T08:18:20","slug":"tra-pho-nhi","status":"publish","type":"product","link":"https:\/\/b2c.fairs.vn\/en\/product\/tra-pho-nhi\/","title":{"rendered":"Tr\u00e0 Ph\u1ed5 Nh\u0129"},"content":{"rendered":"<p><strong>Tr\u00e0 Ph\u1ed5 Nh\u0129\u00a0<\/strong>l\u00e0 t\u00ean c\u1ee7a lo\u1ea1i tr\u00e0 c\u00f3 xu\u1ea5t x\u1ee9 t\u1eeb v\u00f9ng Ph\u1ed5 Nh\u0129, t\u1ec9nh V\u00e2n Nam, Trung Qu\u1ed1c. \u0110\u01b0\u1ee3c t\u1ea1o ra t\u1eeb qu\u00e1 tr\u00ecnh l\u00ean men ho\u00e0n to\u00e0n, tr\u00e0 Ph\u1ed5 Nh\u0129 l\u00e0 m\u1ed9t trong nh\u1eefng lo\u1ea1i tr\u00e0 \u0111\u1eaft \u0111\u1ecf nh\u1ea5t b\u1edfi nh\u1eefng ph\u1ea9m ch\u1ea5t kh\u00e1c l\u1ea1 m\u00e0 \u00edt c\u00f3 \u1edf nh\u1eefng lo\u1ea1i tr\u00e0 kh\u00e1c, \u0111\u00e3 t\u1ea1o n\u00ean cho tr\u00e0 Ph\u1ed5 Nh\u0129 r\u1ea5t \u0111\u01b0\u1ee3c \u01b0a chu\u1ed9ng tr\u00ean th\u1ebf gi\u1edbi.<\/p>","protected":false},"excerpt":{"rendered":"<p>Tr\u00e0 Ph\u1ed5 Nh\u0129\u00a0l\u00e0 t\u00ean c\u1ee7a lo\u1ea1i tr\u00e0 c\u00f3 xu\u1ea5t x\u1ee9 t\u1eeb v\u00f9ng Ph\u1ed5 Nh\u0129, t\u1ec9nh V\u00e2n Nam, Trung Qu\u1ed1c. \u0110\u01b0\u1ee3c<\/p>","protected":false},"featured_media":11785,"comment_status":"open","ping_status":"closed","template":"","meta":{"_acf_changed":false},"product_cat":[321,322,22],"product_tag":[],"class_list":{"0":"post-11784","1":"product","2":"type-product","3":"status-publish","4":"has-post-thumbnail","6":"product_cat-che","7":"product_cat-che-tuoi-che-bien","8":"product_cat-sanphamthucpham","10":"first","11":"instock","12":"shipping-taxable","13":"purchasable","14":"product-type-simple"},"acf":[],"_links":{"self":[{"href":"https:\/\/b2c.fairs.vn\/en\/wp-json\/wp\/v2\/product\/11784","targetHints":{"allow":["GET"]}}],"collection":[{"href":"https:\/\/b2c.fairs.vn\/en\/wp-json\/wp\/v2\/product"}],"about":[{"href":"https:\/\/b2c.fairs.vn\/en\/wp-json\/wp\/v2\/types\/product"}],"replies":[{"embeddable":true,"href":"https:\/\/b2c.fairs.vn\/en\/wp-json\/wp\/v2\/comments?post=11784"}],"version-history":[{"count":0,"href":"https:\/\/b2c.fairs.vn\/en\/wp-json\/wp\/v2\/product\/11784\/revisions"}],"wp:featuredmedia":[{"embeddable":true,"href":"https:\/\/b2c.fairs.vn\/en\/wp-json\/wp\/v2\/media\/11785"}],"wp:attachment":[{"href":"https:\/\/b2c.fairs.vn\/en\/wp-json\/wp\/v2\/media?parent=11784"}],"wp:term":[{"taxonomy":"product_cat","embeddable":true,"href":"https:\/\/b2c.fairs.vn\/en\/wp-json\/wp\/v2\/product_cat?post=11784"},{"taxonomy":"product_tag","embeddable":true,"href":"https:\/\/b2c.fairs.vn\/en\/wp-json\/wp\/v2\/product_tag?post=11784"}],"curies":[{"name":"wp","href":"https:\/\/api.w.org\/{rel}","templated":true}]}}