{"id":11776,"date":"2024-03-28T15:14:19","date_gmt":"2024-03-28T08:14:19","guid":{"rendered":"https:\/\/b2c.fairs.vn\/?post_type=product&#038;p=11776"},"modified":"2024-03-28T15:14:20","modified_gmt":"2024-03-28T08:14:20","slug":"tra-o-long","status":"publish","type":"product","link":"https:\/\/b2c.fairs.vn\/en\/product\/tra-o-long\/","title":{"rendered":"Tr\u00e0 \u00d4 Long"},"content":{"rendered":"<p><strong>Tr\u00e0 \u00d4 Long<\/strong>\u00a0l\u00e0 m\u1ed9t trong nh\u1eefng lo\u1ea1i tr\u00e0 th\u01b0\u1ee3ng h\u1ea1ng \u0111\u01b0\u1ee3c gi\u1edbi s\u00e0nh tr\u00e0 y\u00eau th\u00edch.\u0110\u00e2y l\u00e0 m\u1ed9t lo\u1ea1i tr\u00e0 truy\u1ec1n th\u1ed1ng c\u00f3 ngu\u1ed3n g\u1ed1c t\u1eeb t\u1ec9nh Ph\u00fac Ki\u1ebfn c\u1ee7a Trung Qu\u1ed1c,<em>tr\u00e0 \u00f4 long<\/em>\u00a0\u0111\u01b0\u1ee3c s\u1ea3n xu\u1ea5t qua m\u1ed9t qu\u00e1 tr\u00ecnh \u0111\u1ed9c \u0111\u00e1o, \u0111\u00f3 l\u00e0: tr\u00e0 \u0111\u01b0\u1ee3c l\u00e0m h\u00e9o d\u01b0\u1edbi \u00e1nh m\u1eb7t tr\u1eddi v\u00e0 qu\u00e1 tr\u00ecnh oxy h\u00f3a tr\u01b0\u1edbc khi c\u00e1c l\u00e1 \u0111\u01b0\u1ee3c u\u1ed1n v\u00e0 xo\u1eafn l\u1ea1i.V\u1edbi nhi\u1ec1u lo\u1ea1i h\u01b0\u01a1ng v\u1ecb kh\u00e1ch nhau tr\u00e0 \u00d4 Long b\u00e1n \u00f4 xi ho\u00e1 \u0111\u01b0\u1ee3c chia th\u00e0nh nhi\u1ec1u nh\u00f3m. H\u01b0\u01a1ng v\u1ecb c\u1ee7a m\u1ed7i nh\u00f3m tr\u00e0 l\u1ea1i kh\u00e1c nhau: N\u00f3 c\u00f3 th\u1ec3 l\u00e0 c\u00f3 v\u1ecb ng\u1ecdt v\u00e0 v\u1edbi m\u00f9i h\u01b0\u01a1ng m\u1eadt ong, ho\u1eb7c c\u00f3 m\u00f9i h\u01b0\u01a1ng g\u1ed7 hay h\u01b0\u01a1ng th\u01a1m c\u1ee7a hoa r\u1eebng<\/p>","protected":false},"excerpt":{"rendered":"<p>Tr\u00e0 \u00d4 Long\u00a0l\u00e0 m\u1ed9t trong nh\u1eefng lo\u1ea1i tr\u00e0 th\u01b0\u1ee3ng h\u1ea1ng \u0111\u01b0\u1ee3c gi\u1edbi s\u00e0nh tr\u00e0 y\u00eau th\u00edch.\u0110\u00e2y l\u00e0 m\u1ed9t lo\u1ea1i tr\u00e0<\/p>","protected":false},"featured_media":11777,"comment_status":"open","ping_status":"closed","template":"","meta":{"_acf_changed":false},"product_cat":[321,322,22],"product_tag":[],"class_list":{"0":"post-11776","1":"product","2":"type-product","3":"status-publish","4":"has-post-thumbnail","6":"product_cat-che","7":"product_cat-che-tuoi-che-bien","8":"product_cat-sanphamthucpham","10":"first","11":"instock","12":"shipping-taxable","13":"purchasable","14":"product-type-simple"},"acf":[],"_links":{"self":[{"href":"https:\/\/b2c.fairs.vn\/en\/wp-json\/wp\/v2\/product\/11776","targetHints":{"allow":["GET"]}}],"collection":[{"href":"https:\/\/b2c.fairs.vn\/en\/wp-json\/wp\/v2\/product"}],"about":[{"href":"https:\/\/b2c.fairs.vn\/en\/wp-json\/wp\/v2\/types\/product"}],"replies":[{"embeddable":true,"href":"https:\/\/b2c.fairs.vn\/en\/wp-json\/wp\/v2\/comments?post=11776"}],"version-history":[{"count":0,"href":"https:\/\/b2c.fairs.vn\/en\/wp-json\/wp\/v2\/product\/11776\/revisions"}],"wp:featuredmedia":[{"embeddable":true,"href":"https:\/\/b2c.fairs.vn\/en\/wp-json\/wp\/v2\/media\/11777"}],"wp:attachment":[{"href":"https:\/\/b2c.fairs.vn\/en\/wp-json\/wp\/v2\/media?parent=11776"}],"wp:term":[{"taxonomy":"product_cat","embeddable":true,"href":"https:\/\/b2c.fairs.vn\/en\/wp-json\/wp\/v2\/product_cat?post=11776"},{"taxonomy":"product_tag","embeddable":true,"href":"https:\/\/b2c.fairs.vn\/en\/wp-json\/wp\/v2\/product_tag?post=11776"}],"curies":[{"name":"wp","href":"https:\/\/api.w.org\/{rel}","templated":true}]}}