{"id":11760,"date":"2024-03-28T15:11:10","date_gmt":"2024-03-28T08:11:10","guid":{"rendered":"https:\/\/b2c.fairs.vn\/?post_type=product&#038;p=11760"},"modified":"2024-04-23T15:57:58","modified_gmt":"2024-04-23T08:57:58","slug":"may-bom-sieu-chiu-man-thien-long","status":"publish","type":"product","link":"https:\/\/b2c.fairs.vn\/en\/product\/may-bom-sieu-chiu-man-thien-long\/","title":{"rendered":"M\u00e1y b\u01a1m si\u00eau ch\u1ecbu m\u1eb7n Thi\u00ean Long"},"content":{"rendered":"<p>M\u00e1y b\u01a1m si\u00eau ch\u1ecbu m\u1eb7n \u1ee9ng d\u1ee5ng cho nu\u00f4i tr\u1ed3ng th\u1ee7y, h\u1ea3i s\u1ea3n v\u00f9ng n\u01b0\u1edbc m\u1eb7n; m\u00e1y h\u00fat b\u00f9n \u0111a n\u0103ng ph\u1ee5c v\u1ee5 d\u1ecdn \u0111\u00e1y ao, m\u00e1y cung c\u1ea5p oxy v\u00e0 b\u01a1m n\u01b0\u1edbc kh\u00f4ng c\u1ea7n m\u1ed3i; m\u00e1y qu\u1ea1t n\u01b0\u1edbc l\u00e0m m\u00e1t b\u1eb1ng n\u01b0\u1edbc t\u1ef1 nhi\u00ean.<\/p>\n<p>&nbsp;<\/p>","protected":false},"excerpt":{"rendered":"<p>M\u00e1y b\u01a1m si\u00eau ch\u1ecbu m\u1eb7n \u1ee9ng d\u1ee5ng cho nu\u00f4i tr\u1ed3ng th\u1ee7y, h\u1ea3i s\u1ea3n v\u00f9ng n\u01b0\u1edbc m\u1eb7n; m\u00e1y h\u00fat b\u00f9n \u0111a<\/p>","protected":false},"featured_media":11767,"comment_status":"open","ping_status":"closed","template":"","meta":{"_acf_changed":false},"product_cat":[366,398,348,392],"product_tag":[],"class_list":{"0":"post-11760","1":"product","2":"type-product","3":"status-publish","4":"has-post-thumbnail","6":"product_cat-hang-cnnt-cap-qg","7":"product_cat-san-pham-cnnt-tb-cap-qg-2021","8":"product_cat-thiet-bi-co-khi","9":"product_cat-thiet-bi-may-moc-khac","11":"first","12":"instock","13":"shipping-taxable","14":"product-type-simple"},"acf":[],"_links":{"self":[{"href":"https:\/\/b2c.fairs.vn\/en\/wp-json\/wp\/v2\/product\/11760","targetHints":{"allow":["GET"]}}],"collection":[{"href":"https:\/\/b2c.fairs.vn\/en\/wp-json\/wp\/v2\/product"}],"about":[{"href":"https:\/\/b2c.fairs.vn\/en\/wp-json\/wp\/v2\/types\/product"}],"replies":[{"embeddable":true,"href":"https:\/\/b2c.fairs.vn\/en\/wp-json\/wp\/v2\/comments?post=11760"}],"version-history":[{"count":0,"href":"https:\/\/b2c.fairs.vn\/en\/wp-json\/wp\/v2\/product\/11760\/revisions"}],"wp:featuredmedia":[{"embeddable":true,"href":"https:\/\/b2c.fairs.vn\/en\/wp-json\/wp\/v2\/media\/11767"}],"wp:attachment":[{"href":"https:\/\/b2c.fairs.vn\/en\/wp-json\/wp\/v2\/media?parent=11760"}],"wp:term":[{"taxonomy":"product_cat","embeddable":true,"href":"https:\/\/b2c.fairs.vn\/en\/wp-json\/wp\/v2\/product_cat?post=11760"},{"taxonomy":"product_tag","embeddable":true,"href":"https:\/\/b2c.fairs.vn\/en\/wp-json\/wp\/v2\/product_tag?post=11760"}],"curies":[{"name":"wp","href":"https:\/\/api.w.org\/{rel}","templated":true}]}}