{"id":11759,"date":"2024-03-28T15:10:28","date_gmt":"2024-03-28T08:10:28","guid":{"rendered":"https:\/\/b2c.fairs.vn\/?post_type=product&#038;p=11759"},"modified":"2024-04-04T09:30:38","modified_gmt":"2024-04-04T02:30:38","slug":"coc-ong-be-tong-ly-tam-du-ung-luc","status":"publish","type":"product","link":"https:\/\/b2c.fairs.vn\/en\/product\/coc-ong-be-tong-ly-tam-du-ung-luc\/","title":{"rendered":"C\u1ecdc \u1ed1ng b\u00ea t\u00f4ng ly t\u00e2m d\u1ef1 \u1ee9ng l\u1ef1c"},"content":{"rendered":"<p><strong>C\u1ecdc \u1ed1ng b\u00ea t\u00f4ng ly t\u00e2m<\/strong>\u00a0H\u1eadu Giang \u0111\u01b0\u1ee3c s\u1ea3n xu\u1ea5t tr\u00ean d\u00e2y chuy\u1ec1n c\u00f4ng ngh\u1ec7 hi\u1ec7n \u0111\u1ea1i chuy\u00ean d\u1ee5ng. C\u00f3 ph\u1ea7n b\u00ea t\u00f4ng ch\u1eafc, \u0111\u1eb7c, kh\u00f4ng n\u1ee9t, ch\u1ecbu \u0111\u01b0\u1ee3c t\u1ea3i tr\u1ecdng cao. \u0110\u1eb7c bi\u1ec7t l\u00e0 c\u00f3 kh\u1ea3 n\u0103ng ch\u1ed1ng th\u1ea5m, ch\u1ed1ng \u0103n m\u00f2n cao. S\u1ea3n xu\u1ea5t v\u1edbi nhi\u1ec1u k\u00edch th\u01b0\u1edbc \u0111\u01b0\u1eddng k\u00ednh l\u1edbn nh\u1ecf kh\u00e1c nhau. \u0110\u01b0\u1ee3c \u1ee9ng d\u1ee5ng trong c\u00e1c c\u00f4ng tr\u00ecnh x\u00e2y d\u1ef1ng ch\u1ed1ng \u0103n m\u00f2n hi\u1ec7u qu\u1ea3 nh\u01b0 nh\u00e0 cao t\u1ea7ng, tr\u1ea1m \u0111i\u1ec7n, t\u01b0\u1eddng ch\u1eafn, b\u1ebfn c\u1ea3ng, c\u00f4ng tr\u00ecnh bi\u1ec3n.<\/p>\n<p>V\u1edbi m\u1ee5c \u0111\u00edch g\u00f3p ph\u1ea7n v\u00e0o vi\u1ec7c hi\u1ec7n \u0111\u1ea1i h\u00f3a c\u00f4ng ngh\u1ec7 x\u00e2y d\u1ef1ng, \u0111em \u0111\u1ebfn s\u1ef1 b\u1ec1n ch\u1eafc cho m\u1ecdi c\u00f4ng tr\u00ecnh C\u00f4ng Ty C\u1ed5 Ph\u1ea7n B\u00ea T\u00f4ng Ly T\u00e2m H\u1eadu Giang \u0111\u00e3 cho ra \u0111\u1eddi h\u00e0ng lo\u1ea1t s\u1ea3n ph\u1ea9m c\u00f3 ch\u1ea5t l\u01b0\u1ee3ng cao, \u0111\u00e1p \u1ee9ng ti\u1ebfn \u0111\u1ed9 thi c\u00f4ng nhanh, gi\u00e1 c\u1ea3 h\u1ee3p l\u00fd v\u00e0 chi ph\u00ed v\u1eadn chuy\u1ec3n th\u1ea5p nh\u1ea5t.<\/p>","protected":false},"excerpt":{"rendered":"<p>C\u1ecdc \u1ed1ng b\u00ea t\u00f4ng ly t\u00e2m\u00a0H\u1eadu Giang \u0111\u01b0\u1ee3c s\u1ea3n xu\u1ea5t tr\u00ean d\u00e2y chuy\u1ec1n c\u00f4ng ngh\u1ec7 hi\u1ec7n \u0111\u1ea1i chuy\u00ean d\u1ee5ng. C\u00f3<\/p>","protected":false},"featured_media":11761,"comment_status":"open","ping_status":"closed","template":"","meta":{"_acf_changed":false},"product_cat":[520,366,398,399],"product_tag":[],"class_list":{"0":"post-11759","1":"product","2":"type-product","3":"status-publish","4":"has-post-thumbnail","6":"product_cat-nha-cua-doi-song","7":"product_cat-hang-cnnt-cap-qg","8":"product_cat-san-pham-cnnt-tb-cap-qg-2021","9":"product_cat-vat-lieu-xay-dung","11":"first","12":"instock","13":"shipping-taxable","14":"product-type-simple"},"acf":[],"_links":{"self":[{"href":"https:\/\/b2c.fairs.vn\/en\/wp-json\/wp\/v2\/product\/11759","targetHints":{"allow":["GET"]}}],"collection":[{"href":"https:\/\/b2c.fairs.vn\/en\/wp-json\/wp\/v2\/product"}],"about":[{"href":"https:\/\/b2c.fairs.vn\/en\/wp-json\/wp\/v2\/types\/product"}],"replies":[{"embeddable":true,"href":"https:\/\/b2c.fairs.vn\/en\/wp-json\/wp\/v2\/comments?post=11759"}],"version-history":[{"count":0,"href":"https:\/\/b2c.fairs.vn\/en\/wp-json\/wp\/v2\/product\/11759\/revisions"}],"wp:featuredmedia":[{"embeddable":true,"href":"https:\/\/b2c.fairs.vn\/en\/wp-json\/wp\/v2\/media\/11761"}],"wp:attachment":[{"href":"https:\/\/b2c.fairs.vn\/en\/wp-json\/wp\/v2\/media?parent=11759"}],"wp:term":[{"taxonomy":"product_cat","embeddable":true,"href":"https:\/\/b2c.fairs.vn\/en\/wp-json\/wp\/v2\/product_cat?post=11759"},{"taxonomy":"product_tag","embeddable":true,"href":"https:\/\/b2c.fairs.vn\/en\/wp-json\/wp\/v2\/product_tag?post=11759"}],"curies":[{"name":"wp","href":"https:\/\/api.w.org\/{rel}","templated":true}]}}