{"id":11758,"date":"2024-03-28T15:10:05","date_gmt":"2024-03-28T08:10:05","guid":{"rendered":"https:\/\/b2c.fairs.vn\/?post_type=product&#038;p=11758"},"modified":"2024-03-28T15:10:06","modified_gmt":"2024-03-28T08:10:06","slug":"tra-co-thu","status":"publish","type":"product","link":"https:\/\/b2c.fairs.vn\/en\/product\/tra-co-thu\/","title":{"rendered":"Tr\u00e0 C\u1ed5 Th\u1ee5"},"content":{"rendered":"<p><strong>Tr\u00e0 c\u1ed5 th\u1ee5<\/strong>\u00a0\u1edf ta\u00a0 hay c\u00f2n g\u1ecdi v\u1edbi c\u00e1i t\u00ean n\u1ed5i ti\u1ebfng l\u00e0 Tr\u00e0 Shan Tuy\u1ebft. Shan tuy\u1ebft\u00a0 l\u00e0 \u201c tuy\u1ebft tr\u00ean n\u00fai\u201d, c\u00e1i t\u00ean \u0111\u01b0\u1ee3c \u0111\u1eb7t b\u1edfi ng\u01b0\u1eddi \u0111\u1ed3ng b\u00e0o v\u00f9ng T\u00e2y B\u1eafc do c\u00f3 m\u1ed9t\u00a0 l\u1edbp l\u00f4ng mao m\u1ecbn\u00a0 tr\u1eafng tinh kh\u00f4i nh\u01b0 tuy\u1ebft ph\u1ee7 tr\u00ean nh\u1eefng b\u00fap tr\u00e0 non. Nh\u1eefng c\u00e2y ch\u00e8 Shan Tuy\u1ebft c\u1ed5 th\u1ee5 c\u00f3 g\u1ed1c to v\u00e0 cao, \u0111\u01b0\u1ee3c bao ph\u1ee7 quanh n\u0103m b\u1edfi s\u01b0\u01a1ng m\u00f9 c\u00f9ng v\u1edbi th\u1eddi ti\u1ebft kh\u1eafc nghi\u1ec7t do s\u1ef1 ch\u00eanh l\u1ec7ch nhi\u1ec7t \u0111\u1ed9 ng\u00e0y v\u00e0 \u0111\u00eam r\u1ea5t l\u1edbn n\u01a1i \u0111\u00e2y, \u0111\u00e3 l\u00e0m n\u00ean nh\u1eefng gi\u00e1 tr\u1ecb qu\u00fd gi\u00e1 cho c\u00e2y ch\u00e8 n\u01a1i \u0111\u00e2y. B\u1edfi th\u1ebf, n\u00ean Shan Tuy\u1ebft l\u00e0 lo\u1ea1i ch\u00e8 \u0111\u1eb7c s\u1ea3n n\u01b0\u1edbc ta , lu\u00f4n \u0111\u01b0\u1ee3c nh\u1eefng ng\u01b0\u1eddi y\u00eau tr\u00e0 s\u0103n \u0111\u00f3n v\u00e0 t\u00ecm mua v\u1ec1 th\u01b0\u1edfng th\u1ee9c.Hi\u1ec7n nay tr\u00e0 c\u1ed5 th\u1ee5 n\u01b0\u1edbc ta \u0111\u01b0\u1ee3c ph\u00e1t hi\u1ec7n \u0111\u01b0\u1ee3c m\u1ed9t s\u1ed1 v\u00f9ng cao t\u1ea1i c\u00e1c t\u1ec9nh nh\u01b0 Y\u00ean B\u00e1i, H\u00e0 Giang, L\u00e0o Cai, Lai Ch\u00e2u, S\u01a1n La\u2026 v\u00e0\u00a0 ph\u00e2n b\u1ed1 r\u1ea3i r\u00e1c m\u1ed9t s\u1ed1 n\u01a1i kh\u00e1c.<\/p>\n<div id=\"ftwp-container-outer\" class=\"ftwp-in-post ftwp-float-center\">\n<div id=\"ftwp-container\" class=\"ftwp-wrap ftwp-minimize ftwp-middle-left\"><\/div>\n<\/div>","protected":false},"excerpt":{"rendered":"<p>Tr\u00e0 c\u1ed5 th\u1ee5\u00a0\u1edf ta\u00a0 hay c\u00f2n g\u1ecdi v\u1edbi c\u00e1i t\u00ean n\u1ed5i ti\u1ebfng l\u00e0 Tr\u00e0 Shan Tuy\u1ebft. Shan tuy\u1ebft\u00a0 l\u00e0 \u201c<\/p>","protected":false},"featured_media":11762,"comment_status":"open","ping_status":"closed","template":"","meta":{"_acf_changed":false},"product_cat":[321,322,22],"product_tag":[],"class_list":{"0":"post-11758","1":"product","2":"type-product","3":"status-publish","4":"has-post-thumbnail","6":"product_cat-che","7":"product_cat-che-tuoi-che-bien","8":"product_cat-sanphamthucpham","10":"first","11":"instock","12":"shipping-taxable","13":"purchasable","14":"product-type-simple"},"acf":[],"_links":{"self":[{"href":"https:\/\/b2c.fairs.vn\/en\/wp-json\/wp\/v2\/product\/11758","targetHints":{"allow":["GET"]}}],"collection":[{"href":"https:\/\/b2c.fairs.vn\/en\/wp-json\/wp\/v2\/product"}],"about":[{"href":"https:\/\/b2c.fairs.vn\/en\/wp-json\/wp\/v2\/types\/product"}],"replies":[{"embeddable":true,"href":"https:\/\/b2c.fairs.vn\/en\/wp-json\/wp\/v2\/comments?post=11758"}],"version-history":[{"count":0,"href":"https:\/\/b2c.fairs.vn\/en\/wp-json\/wp\/v2\/product\/11758\/revisions"}],"wp:featuredmedia":[{"embeddable":true,"href":"https:\/\/b2c.fairs.vn\/en\/wp-json\/wp\/v2\/media\/11762"}],"wp:attachment":[{"href":"https:\/\/b2c.fairs.vn\/en\/wp-json\/wp\/v2\/media?parent=11758"}],"wp:term":[{"taxonomy":"product_cat","embeddable":true,"href":"https:\/\/b2c.fairs.vn\/en\/wp-json\/wp\/v2\/product_cat?post=11758"},{"taxonomy":"product_tag","embeddable":true,"href":"https:\/\/b2c.fairs.vn\/en\/wp-json\/wp\/v2\/product_tag?post=11758"}],"curies":[{"name":"wp","href":"https:\/\/api.w.org\/{rel}","templated":true}]}}