{"id":11755,"date":"2024-03-28T15:30:27","date_gmt":"2024-03-28T08:30:27","guid":{"rendered":"https:\/\/b2c.fairs.vn\/?post_type=product&#038;p=11755"},"modified":"2024-04-22T09:13:38","modified_gmt":"2024-04-22T02:13:38","slug":"banh-chung-xanh-ba-ba-hoi","status":"publish","type":"product","link":"https:\/\/b2c.fairs.vn\/en\/product\/banh-chung-xanh-ba-ba-hoi\/","title":{"rendered":"B\u00e1nh ch\u01b0ng xanh B\u00e0 Ba H\u1ed9i"},"content":{"rendered":"<h3><strong>GI\u1edaI THI\u1ec6U B\u00c1NH CH\u01afNG B\u00c0 BA H\u1ed8I<\/strong><\/h3>\n<p><strong>B\u00e1nh ch\u01b0ng xanh b\u00e0 Ba H\u1ed9i<\/strong>\u00a0l\u00e0 m\u1ed9t trong nh\u1eefng m\u00f3n \u0103n truy\u1ec1n th\u1ed1ng kh\u00f4ng th\u1ec3 thi\u1ebfu tr\u00ean m\u1ed7i m\u00e2m c\u1ed7 c\u00fang t\u1ed5 ti\u00ean v\u00e0o ng\u00e0y gi\u1ed7, t\u1ebft, ti\u1ec7c c\u1ee7a gia \u0111\u00ecnh ng\u01b0\u1eddi Vi\u1ec7t; \u0111\u00e2y c\u00f2n l\u00e0 m\u1ed9t s\u1ea3n ph\u1ea9m v\u0103n h\u00f3a l\u00e2u \u0111\u1eddi g\u1eafn li\u1ec1n v\u1edbi n\u1ec1n v\u0103n minh n\u00f4ng nghi\u1ec7p c\u1ee7a ng\u01b0\u1eddi Vi\u1ec7t. L\u00e0 s\u1ea3n ph\u1ea9m trong ch\u01b0\u01a1ng tr\u00ecnh m\u1ee5c ti\u00eau Qu\u1ed1c gia v\u1ec1 N\u00f4ng nghi\u1ec7p N\u00f4ng th\u00f4n c\u1ee7a t\u1ec9nh (Ch\u01b0\u01a1ng tr\u00ecnh OCOP Qu\u1ea3ng Nam \u2013 M\u1ed7i x\u00e3 ph\u01b0\u1eddng m\u1ed9t s\u1ea3n ph\u1ea9m).<\/p>\n<p><strong>B\u00e1nh ch\u01b0ng xanh B\u00e0 Ba H\u1ed9i<\/strong>\u00a0s\u1eed d\u1ee5ng ngu\u1ed3n nguy\u00ean li\u1ec7u \u0111\u1eb7c s\u1ea3n s\u1eb5n c\u00f3 c\u1ee7a Qu\u1ea3ng Nam nh\u01b0 n\u1ebfp B\u1ea7u, ti\u00eau Ti\u00ean Ph\u01b0\u1edbc, l\u00e1 dong\u2026 t\u1ea1o n\u00ean chi\u1ebfc b\u00e1nh d\u1ebbo, th\u01a1m, nhuy\u1ec5n, ngon mang h\u01b0\u01a1ng v\u1ecb \u0111\u1eb7c tr\u01b0ng x\u1ee9 Qu\u1ea3ng; kh\u00f4ng s\u1eed d\u1ee5ng b\u1ea5t k\u1ef3 ph\u1ee5 gia, h\u00f3a ch\u1ea5t hay ch\u1ea5t b\u1ea3o qu\u1ea3n.<\/p>\n<p>Gi\u00e0u ch\u1ea5t \u0111\u1ea1m v\u00e0 vitamin b\u1ed5 d\u01b0\u1ee1ng cho c\u01a1 th\u1ec3. \u0110\u1ed7 xanh ch\u1ee9a ch\u1ea5t thanh nhi\u1ec7t gi\u1ea3i \u0111\u1ed9c, gi\u1ea3m c\u00e1c hi\u1ec7n t\u01b0\u01a1ng s\u01b0ng t\u1ea5y l\u00e0m b\u00e1nh ch\u01b0ng c\u00f3 v\u1ecb thanh gi\u00fap c\u00e2n b\u1eb1ng v\u1edbi \u0111\u1ed9 b\u00e9o c\u1ee7a th\u1ecbt v\u00e0 \u0111\u1ed3 n\u1ebfp. B\u00ean c\u1ea1nh \u0111\u00f3, g\u1ea1o n\u1ebfp cung c\u1ea5p l\u01b0\u1ee3ng tinh b\u1ed9t l\u1edbn \u0111\u1ed3ng th\u1eddi l\u00e0 m\u1ed9t th\u1ef1c ph\u1ea9m r\u1ea5t t\u1ed1t cho gan.<\/p>\n<p>C\u00f3 2 lo\u1ea1i\u00a0<strong>Chay \u2013 M\u1eb7n<\/strong>\u00a0ph\u00f9 h\u1ee3p cho nh\u1eefng ng\u01b0\u1eddi theo \u0111\u1ea1o Ph\u1eadt ho\u1eb7c kh\u00f4ng th\u00edch \u0103n th\u1ecbt.<\/p>\n<p><strong>Th\u00e0nh ph\u1ea7n b\u00e1nh M\u1eb7n:<\/strong>\u00a0N\u1ebfp, th\u1ecbt heo, \u0111\u1eadu xanh, l\u00e1 dong, l\u00e1 d\u1ee9a, mu\u1ed1i, ti\u00eau, h\u1ea1t n\u00eam\u2026<\/p>\n<p><strong>Th\u00e0nh ph\u1ea7n b\u00e1nh Chay:<\/strong>\u00a0N\u1ebfp, \u0111\u1eadu ph\u1ed9ng, \u0111\u1eadu xanh, l\u00e1 dong, l\u00e1 d\u1ee9a, mu\u1ed1i, ti\u00eau, h\u1ea1t n\u00eam\u2026<\/p>\n<p><strong>C\u00e1ch d\u00f9ng:<\/strong>\u00a0\u0102n ngay sau khi s\u1ea3n xu\u1ea5t, sau 05 ng\u00e0y s\u1ea3n xu\u1ea5t ph\u1ea3i b\u1ea3o qu\u1ea3n \u1edf ng\u0103n m\u00e1t t\u1ee7 l\u1ea1nh, khi \u0103n h\u1ea5p, lu\u1ed9c ( 30 ph\u00fat ) ho\u1eb7c chi\u00ean<\/p>\n<p><strong>B\u1ea3o qu\u1ea3n:<\/strong>\u00a0Ng\u0103n m\u00e1t t\u1ee7 l\u1ea1nh, kh\u00f4ng \u0111\u1ec3 m\u1ea5t ch\u00e2n kh\u00f4ng.<\/p>\n<p><img fetchpriority=\"high\" decoding=\"async\" class=\"alignnone size-full wp-image-116\" src=\"https:\/\/banhchungbabahoi.com\/wp-content\/uploads\/2020\/02\/hinh-anh-banh-chung-ba-ba-hoi-14.jpg\" sizes=\"(max-width: 500px) 100vw, 500px\" srcset=\"https:\/\/banhchungbabahoi.com\/wp-content\/uploads\/2020\/02\/hinh-anh-banh-chung-ba-ba-hoi-14.jpg 500w, https:\/\/banhchungbabahoi.com\/wp-content\/uploads\/2020\/02\/hinh-anh-banh-chung-ba-ba-hoi-14-150x150.jpg 150w, https:\/\/banhchungbabahoi.com\/wp-content\/uploads\/2020\/02\/hinh-anh-banh-chung-ba-ba-hoi-14-300x300.jpg 300w, https:\/\/banhchungbabahoi.com\/wp-content\/uploads\/2020\/02\/hinh-anh-banh-chung-ba-ba-hoi-14-100x100.jpg 100w\" alt=\"\" width=\"500\" height=\"500\" \/><\/p>\n<p><img decoding=\"async\" class=\"alignnone size-full wp-image-117\" src=\"https:\/\/banhchungbabahoi.com\/wp-content\/uploads\/2020\/02\/hinh-anh-banh-chung-ba-ba-hoi-15.jpg\" sizes=\"(max-width: 500px) 100vw, 500px\" srcset=\"https:\/\/banhchungbabahoi.com\/wp-content\/uploads\/2020\/02\/hinh-anh-banh-chung-ba-ba-hoi-15.jpg 500w, https:\/\/banhchungbabahoi.com\/wp-content\/uploads\/2020\/02\/hinh-anh-banh-chung-ba-ba-hoi-15-150x150.jpg 150w, https:\/\/banhchungbabahoi.com\/wp-content\/uploads\/2020\/02\/hinh-anh-banh-chung-ba-ba-hoi-15-300x300.jpg 300w, https:\/\/banhchungbabahoi.com\/wp-content\/uploads\/2020\/02\/hinh-anh-banh-chung-ba-ba-hoi-15-100x100.jpg 100w\" alt=\"\" width=\"500\" height=\"500\" \/><\/p>\n<p><img decoding=\"async\" class=\"alignnone size-full wp-image-109\" src=\"https:\/\/banhchungbabahoi.com\/wp-content\/uploads\/2020\/02\/hinh-anh-banh-chung-ba-ba-hoi-7.jpg\" sizes=\"(max-width: 500px) 100vw, 500px\" srcset=\"https:\/\/banhchungbabahoi.com\/wp-content\/uploads\/2020\/02\/hinh-anh-banh-chung-ba-ba-hoi-7.jpg 500w, https:\/\/banhchungbabahoi.com\/wp-content\/uploads\/2020\/02\/hinh-anh-banh-chung-ba-ba-hoi-7-150x150.jpg 150w, https:\/\/banhchungbabahoi.com\/wp-content\/uploads\/2020\/02\/hinh-anh-banh-chung-ba-ba-hoi-7-300x300.jpg 300w, https:\/\/banhchungbabahoi.com\/wp-content\/uploads\/2020\/02\/hinh-anh-banh-chung-ba-ba-hoi-7-100x100.jpg 100w\" alt=\"\" width=\"500\" height=\"500\" \/><\/p>\n<p><img loading=\"lazy\" decoding=\"async\" class=\"alignnone size-full wp-image-104\" src=\"https:\/\/banhchungbabahoi.com\/wp-content\/uploads\/2020\/02\/hinh-anh-banh-chung-ba-ba-hoi-2.jpg\" sizes=\"(max-width: 500px) 100vw, 500px\" srcset=\"https:\/\/banhchungbabahoi.com\/wp-content\/uploads\/2020\/02\/hinh-anh-banh-chung-ba-ba-hoi-2.jpg 500w, https:\/\/banhchungbabahoi.com\/wp-content\/uploads\/2020\/02\/hinh-anh-banh-chung-ba-ba-hoi-2-150x150.jpg 150w, https:\/\/banhchungbabahoi.com\/wp-content\/uploads\/2020\/02\/hinh-anh-banh-chung-ba-ba-hoi-2-300x300.jpg 300w, https:\/\/banhchungbabahoi.com\/wp-content\/uploads\/2020\/02\/hinh-anh-banh-chung-ba-ba-hoi-2-100x100.jpg 100w\" alt=\"\" width=\"500\" height=\"500\" \/><\/p>\n<p><img loading=\"lazy\" decoding=\"async\" class=\"alignnone size-full wp-image-110\" src=\"https:\/\/banhchungbabahoi.com\/wp-content\/uploads\/2020\/02\/hinh-anh-banh-chung-ba-ba-hoi-8.jpg\" sizes=\"(max-width: 500px) 100vw, 500px\" srcset=\"https:\/\/banhchungbabahoi.com\/wp-content\/uploads\/2020\/02\/hinh-anh-banh-chung-ba-ba-hoi-8.jpg 500w, https:\/\/banhchungbabahoi.com\/wp-content\/uploads\/2020\/02\/hinh-anh-banh-chung-ba-ba-hoi-8-150x150.jpg 150w, https:\/\/banhchungbabahoi.com\/wp-content\/uploads\/2020\/02\/hinh-anh-banh-chung-ba-ba-hoi-8-300x300.jpg 300w, https:\/\/banhchungbabahoi.com\/wp-content\/uploads\/2020\/02\/hinh-anh-banh-chung-ba-ba-hoi-8-100x100.jpg 100w\" alt=\"\" width=\"500\" height=\"500\" \/><\/p>","protected":false},"excerpt":{"rendered":"<p>GI\u1edaI THI\u1ec6U B\u00c1NH CH\u01afNG B\u00c0 BA H\u1ed8I B\u00e1nh ch\u01b0ng xanh b\u00e0 Ba H\u1ed9i\u00a0l\u00e0 m\u1ed9t trong nh\u1eefng m\u00f3n \u0103n truy\u1ec1n th\u1ed1ng<\/p>","protected":false},"featured_media":11823,"comment_status":"open","ping_status":"closed","template":"","meta":{"_acf_changed":false},"product_cat":[22],"product_tag":[],"class_list":{"0":"post-11755","1":"product","2":"type-product","3":"status-publish","4":"has-post-thumbnail","6":"product_cat-sanphamthucpham","8":"first","9":"instock","10":"shipping-taxable","11":"purchasable","12":"product-type-variable"},"acf":[],"_links":{"self":[{"href":"https:\/\/b2c.fairs.vn\/en\/wp-json\/wp\/v2\/product\/11755","targetHints":{"allow":["GET"]}}],"collection":[{"href":"https:\/\/b2c.fairs.vn\/en\/wp-json\/wp\/v2\/product"}],"about":[{"href":"https:\/\/b2c.fairs.vn\/en\/wp-json\/wp\/v2\/types\/product"}],"replies":[{"embeddable":true,"href":"https:\/\/b2c.fairs.vn\/en\/wp-json\/wp\/v2\/comments?post=11755"}],"version-history":[{"count":0,"href":"https:\/\/b2c.fairs.vn\/en\/wp-json\/wp\/v2\/product\/11755\/revisions"}],"wp:featuredmedia":[{"embeddable":true,"href":"https:\/\/b2c.fairs.vn\/en\/wp-json\/wp\/v2\/media\/11823"}],"wp:attachment":[{"href":"https:\/\/b2c.fairs.vn\/en\/wp-json\/wp\/v2\/media?parent=11755"}],"wp:term":[{"taxonomy":"product_cat","embeddable":true,"href":"https:\/\/b2c.fairs.vn\/en\/wp-json\/wp\/v2\/product_cat?post=11755"},{"taxonomy":"product_tag","embeddable":true,"href":"https:\/\/b2c.fairs.vn\/en\/wp-json\/wp\/v2\/product_tag?post=11755"}],"curies":[{"name":"wp","href":"https:\/\/api.w.org\/{rel}","templated":true}]}}