{"id":11751,"date":"2024-03-28T15:07:24","date_gmt":"2024-03-28T08:07:24","guid":{"rendered":"https:\/\/b2c.fairs.vn\/?post_type=product&#038;p=11751"},"modified":"2024-03-28T15:07:25","modified_gmt":"2024-03-28T08:07:25","slug":"tra-non-tom","status":"publish","type":"product","link":"https:\/\/b2c.fairs.vn\/en\/product\/tra-non-tom\/","title":{"rendered":"Tr\u00e0 N\u00f5n T\u00f4m"},"content":{"rendered":"<p>Tr\u00e0 n\u00f5n t\u00f4m &#8211; L\u00e0 lo\u1ea1i tr\u00e0 th\u01b0\u1ee3ng h\u1ea1ng c\u1ee7a T\u00e2n C\u01b0\u01a1ng \u2013 Th\u00e1i Nguy\u00ean.<br \/>\nS\u1ee3i tr\u00e0 nh\u1ecf x\u00edu, xo\u0103n, ch\u1eafc.<br \/>\nN\u01b0\u1edbc tr\u00e0 xanh, v\u1ecb ch\u00e1t \u0111\u1eadm, h\u1eadu ng\u1ecdt k\u00e9o d\u00e0i.<br \/>\nH\u01b0\u01a1ng th\u01a1m c\u1ed1m non \u0111\u1eb7c tr\u01b0ng lan to\u1ea3 m\u1ea1nh m\u1ebd<br \/>\nPh\u00f9 h\u1ee3p t\u1eb7ng nh\u1eefng ng\u01b0\u1eddi s\u00e0nh tr\u00e0, \u0111\u1eb7c bi\u1ec7t l\u00e0 ng\u01b0\u1eddi mi\u1ec1n B\u1eafc b\u1edfi h\u01b0\u01a1ng v\u1ecb quen thu\u1ed9c.<\/p>","protected":false},"excerpt":{"rendered":"<p>Tr\u00e0 n\u00f5n t\u00f4m &#8211; L\u00e0 lo\u1ea1i tr\u00e0 th\u01b0\u1ee3ng h\u1ea1ng c\u1ee7a T\u00e2n C\u01b0\u01a1ng \u2013 Th\u00e1i Nguy\u00ean. S\u1ee3i tr\u00e0 nh\u1ecf x\u00edu, xo\u0103n,<\/p>","protected":false},"featured_media":11752,"comment_status":"open","ping_status":"closed","template":"","meta":{"_acf_changed":false},"product_cat":[321,322,22],"product_tag":[],"class_list":{"0":"post-11751","1":"product","2":"type-product","3":"status-publish","4":"has-post-thumbnail","6":"product_cat-che","7":"product_cat-che-tuoi-che-bien","8":"product_cat-sanphamthucpham","10":"first","11":"instock","12":"shipping-taxable","13":"purchasable","14":"product-type-simple"},"acf":[],"_links":{"self":[{"href":"https:\/\/b2c.fairs.vn\/en\/wp-json\/wp\/v2\/product\/11751","targetHints":{"allow":["GET"]}}],"collection":[{"href":"https:\/\/b2c.fairs.vn\/en\/wp-json\/wp\/v2\/product"}],"about":[{"href":"https:\/\/b2c.fairs.vn\/en\/wp-json\/wp\/v2\/types\/product"}],"replies":[{"embeddable":true,"href":"https:\/\/b2c.fairs.vn\/en\/wp-json\/wp\/v2\/comments?post=11751"}],"version-history":[{"count":0,"href":"https:\/\/b2c.fairs.vn\/en\/wp-json\/wp\/v2\/product\/11751\/revisions"}],"wp:featuredmedia":[{"embeddable":true,"href":"https:\/\/b2c.fairs.vn\/en\/wp-json\/wp\/v2\/media\/11752"}],"wp:attachment":[{"href":"https:\/\/b2c.fairs.vn\/en\/wp-json\/wp\/v2\/media?parent=11751"}],"wp:term":[{"taxonomy":"product_cat","embeddable":true,"href":"https:\/\/b2c.fairs.vn\/en\/wp-json\/wp\/v2\/product_cat?post=11751"},{"taxonomy":"product_tag","embeddable":true,"href":"https:\/\/b2c.fairs.vn\/en\/wp-json\/wp\/v2\/product_tag?post=11751"}],"curies":[{"name":"wp","href":"https:\/\/api.w.org\/{rel}","templated":true}]}}