{"id":11742,"date":"2024-03-28T15:40:19","date_gmt":"2024-03-28T08:40:19","guid":{"rendered":"https:\/\/b2c.fairs.vn\/?post_type=product&#038;p=11742"},"modified":"2024-04-19T13:22:19","modified_gmt":"2024-04-19T06:22:19","slug":"ca-phe-ocean-blue","status":"publish","type":"product","link":"https:\/\/b2c.fairs.vn\/en\/product\/ca-phe-ocean-blue\/","title":{"rendered":"C\u00e0 ph\u00ea Ocean Blue"},"content":{"rendered":"<div>\n<p>Ocean Blue l\u00e0 m\u1ed9t s\u1ea3n ph\u1ea9m \u0111\u1eb7c tr\u01b0ng cho kh\u1ea9u v\u1ecb th\u01b0\u1edfng th\u1ee9c c\u1ee7a n\u01a1i c\u00f4ng ty h\u00ecnh th\u00e0nh v\u00e0 ph\u00e1t tri\u1ec3n \u2013 TP. Nha Trang. Qua th\u1eddi gian d\u00e0i nghi\u00ean c\u1ee9u, ch\u00fang t\u00f4i \u0111\u00e3 t\u1ea1o ra s\u1ea3n ph\u1ea9m Ocean Blue \u0111\u1eadm \u0111\u00e0, th\u01a1m n\u1ed3ng, v\u1ecb \u0111\u1eafng d\u1ecbu \u0111\u00e1p \u1ee9ng t\u1ea5t c\u1ea3 qu\u00fd kh\u00e1ch s\u00e0nh \u0111i\u1ec7u v\u00e0 kh\u00f3 t\u00ednh nh\u1ea5t.<\/p>\n<p><strong>Th\u00e0nh ph\u1ea7n:<\/strong> C\u00e0 ph\u00ea Arabica, Robusta, h\u01b0\u01a1ng c\u00e0 ph\u00ea t\u1ef1 nhi\u00ean v\u00e0 t\u1ed5ng h\u1ee3p<br \/>\n<strong>H\u1ea1n s\u1eed d\u1ee5ng:<\/strong> 3 N\u0103m<\/p>\n<\/div>\n<div><strong>Kh\u1ed1i l\u01b0\u1ee3ng t\u1ecbnh (Net weight)<\/strong>: 500gr<br \/>\nB\u1ea3o qu\u1ea3n n\u01a1i kh\u00f4 r\u00e1o, tr\u00e1nh \u00e1nh n\u1eafng tr\u1ef1c ti\u1ebfp<strong>H\u01af\u1edaNG D\u1eaaN PHA C\u00c0 PH\u00ca: \u00a0<\/strong><br \/>\n1. Xay nh\u1ecf c\u00e0 ph\u00ea h\u1ea1t<br \/>\n2. Cho v\u00e0o phin 03 mu\u1ed7ng c\u00e0 ph\u00ea b\u1ed9t kho\u1ea3ng 25g<br \/>\n3. L\u1eafc \u0111\u1ec1u v\u00e0 \u00e9p nh\u1eb9 b\u00ean trong<br \/>\n4. D\u00f9ng n\u01b0\u1edbc \u0111ang s\u00f4i ch\u00e2m v\u00e0o phin 20ml cho c\u00e0 ph\u00ea th\u1ea5m \u0111\u1ec1u, sau \u0111\u00f3 ch\u00e2m n\u01b0\u1edbc s\u00f4i l\u1ea1i l\u1ea7n 2 kho\u1ea3ng 45ml l\u00e0 \u0111\u1ee7<br \/>\n5. Th\u00eam \u0111\u01b0\u1eddng, s\u1eefa, \u0111\u00e1&#8230;t\u00f9y \u00fd th\u00edch c\u1ee7a b\u1ea1n<\/p>\n<\/div>","protected":false},"excerpt":{"rendered":"<p>Ocean Blue l\u00e0 m\u1ed9t s\u1ea3n ph\u1ea9m \u0111\u1eb7c tr\u01b0ng cho kh\u1ea9u v\u1ecb th\u01b0\u1edfng th\u1ee9c c\u1ee7a n\u01a1i c\u00f4ng ty h\u00ecnh th\u00e0nh v\u00e0<\/p>","protected":false},"featured_media":11802,"comment_status":"open","ping_status":"closed","template":"","meta":{"_acf_changed":false},"product_cat":[325,331,329,366,367],"product_tag":[],"class_list":{"0":"post-11742","1":"product","2":"type-product","3":"status-publish","4":"has-post-thumbnail","6":"product_cat-san-pham-do-uong","7":"product_cat-do-uong-khong-con-do-uong-khong-con","8":"product_cat-do-uong-khong-con","9":"product_cat-hang-cnnt-cap-qg","10":"product_cat-hang-cnnt-cap-qg-2023","12":"first","13":"instock","14":"shipping-taxable","15":"purchasable","16":"product-type-variable"},"acf":[],"_links":{"self":[{"href":"https:\/\/b2c.fairs.vn\/en\/wp-json\/wp\/v2\/product\/11742","targetHints":{"allow":["GET"]}}],"collection":[{"href":"https:\/\/b2c.fairs.vn\/en\/wp-json\/wp\/v2\/product"}],"about":[{"href":"https:\/\/b2c.fairs.vn\/en\/wp-json\/wp\/v2\/types\/product"}],"replies":[{"embeddable":true,"href":"https:\/\/b2c.fairs.vn\/en\/wp-json\/wp\/v2\/comments?post=11742"}],"version-history":[{"count":0,"href":"https:\/\/b2c.fairs.vn\/en\/wp-json\/wp\/v2\/product\/11742\/revisions"}],"wp:featuredmedia":[{"embeddable":true,"href":"https:\/\/b2c.fairs.vn\/en\/wp-json\/wp\/v2\/media\/11802"}],"wp:attachment":[{"href":"https:\/\/b2c.fairs.vn\/en\/wp-json\/wp\/v2\/media?parent=11742"}],"wp:term":[{"taxonomy":"product_cat","embeddable":true,"href":"https:\/\/b2c.fairs.vn\/en\/wp-json\/wp\/v2\/product_cat?post=11742"},{"taxonomy":"product_tag","embeddable":true,"href":"https:\/\/b2c.fairs.vn\/en\/wp-json\/wp\/v2\/product_tag?post=11742"}],"curies":[{"name":"wp","href":"https:\/\/api.w.org\/{rel}","templated":true}]}}