{"id":11734,"date":"2024-03-28T15:05:05","date_gmt":"2024-03-28T08:05:05","guid":{"rendered":"https:\/\/b2c.fairs.vn\/?post_type=product&#038;p=11734"},"modified":"2024-03-28T15:07:55","modified_gmt":"2024-03-28T08:07:55","slug":"tra-sen-tay-ho","status":"publish","type":"product","link":"https:\/\/b2c.fairs.vn\/en\/product\/tra-sen-tay-ho\/","title":{"rendered":"Tr\u00e0 Sen T\u00e2y H\u1ed3"},"content":{"rendered":"<p><strong>Tr\u00e0 Sen T\u00e2y H\u1ed3<\/strong>\u00a0hay c\u00f2n \u0111\u01b0\u1ee3c bi\u1ebft \u0111\u1ebfn v\u1edbi m\u1ed9t s\u1ed1 t\u00ean g\u1ecdi kh\u00e1c nh\u01b0\u00a0<strong>Tr\u00e0 \u01b0\u1edbp h\u01b0\u01a1ng sen T\u00e2y H\u1ed3<\/strong>\u00a0hay\u00a0<strong>Tr\u00e0 \u01b0\u1edbp b\u00f4ng Sen<\/strong>\u00a0t\u1eeb l\u00e2u \u0111\u01b0\u1ee3c bi\u1ebft \u0111\u1ebfn nh\u01b0 m\u1ed9t th\u1ee9c u\u1ed1ng g\u1eafn li\u1ec1n v\u1edbi tinh hoa v\u0103n h\u00f3a Th\u0103ng Long ng\u00e0n n\u0103m,kh\u00f4ng ph\u1ea3i ng\u1eabu nhi\u00ean m\u00e0 Tr\u00e0 \u01b0\u1edbp h\u01b0\u01a1ng sen T\u00e2y H\u1ed3 l\u1ea1i \u0111\u01b0\u1ee3c coi l\u00e0 Thi\u00ean c\u1ed5 \u0111\u1ec7 nh\u1ea5t Tr\u00e0.<\/p>\n<p>Ngo\u00e0i s\u1ef1 c\u1ea7u k\u1ef3 trong vi\u1ec7c l\u1ef1a ch\u1ecdn nguy\u00ean li\u1ec7u th\u00ec ph\u01b0\u01a1ng ph\u00e1p \u01b0\u1edbp h\u01b0\u01a1ng sen b\u1eb1ng c\u00f4ng th\u1ee9c m\u1eadt truy\u1ec1n \u0111\u01b0\u1ee3c g\u00ecn gi\u1eef qua nhi\u1ec1u \u0111\u1eddi,t\u1ea1o ra th\u1ee9c u\u1ed1ng tr\u1ecdn v\u1ecb, khi pha tr\u00e0 c\u00f3 h\u01b0\u01a1ng th\u01a1m ng\u1ecdt ng\u00e0o, thanh m\u00e1t c\u1ee7a Sen, v\u1ecb ch\u00e1t d\u1ecbu v\u00e0 h\u1eadu ng\u1ecdt s\u00e2u c\u1ee7a Tr\u00e0 khi\u1ebfn cho ng\u01b0\u1eddi th\u01b0\u1edfng th\u1ee9c v\u00f4 c\u00f9ng l\u01b0u luy\u1ebfn..Ho\u00e0ng Tr\u00e0\u00a0l\u00e0 \u0111\u01a1n v\u1ecb chuy\u00ean cung c\u1ea5p c\u00e1c s\u1ea3n ph\u1ea9m\u00a0<strong>Tr\u00e0 Sen ,<em>\u00a0Tr\u00e0 Sen T\u00e2y H\u1ed3<\/em>\u00a0,Tr\u00e0 \u01b0\u1edbp b\u00f4ng Sen t\u01b0\u01a1i\u00a0<\/strong>do c\u00e1c ngh\u1ec7 nh\u00e2n c\u1ee7a ph\u01b0\u1eddng Qu\u1ea3ng B\u00e1 tr\u1ef1c ti\u1ebfp s\u1ea3n xu\u1ea5t<\/p>","protected":false},"excerpt":{"rendered":"<p>Tr\u00e0 Sen T\u00e2y H\u1ed3\u00a0hay c\u00f2n \u0111\u01b0\u1ee3c bi\u1ebft \u0111\u1ebfn v\u1edbi m\u1ed9t s\u1ed1 t\u00ean g\u1ecdi kh\u00e1c nh\u01b0\u00a0Tr\u00e0 \u01b0\u1edbp h\u01b0\u01a1ng sen T\u00e2y H\u1ed3\u00a0hay\u00a0Tr\u00e0<\/p>","protected":false},"featured_media":11736,"comment_status":"open","ping_status":"closed","template":"","meta":{"_acf_changed":false},"product_cat":[321,322,22],"product_tag":[],"class_list":{"0":"post-11734","1":"product","2":"type-product","3":"status-publish","4":"has-post-thumbnail","6":"product_cat-che","7":"product_cat-che-tuoi-che-bien","8":"product_cat-sanphamthucpham","10":"first","11":"instock","12":"shipping-taxable","13":"purchasable","14":"product-type-simple"},"acf":[],"_links":{"self":[{"href":"https:\/\/b2c.fairs.vn\/en\/wp-json\/wp\/v2\/product\/11734","targetHints":{"allow":["GET"]}}],"collection":[{"href":"https:\/\/b2c.fairs.vn\/en\/wp-json\/wp\/v2\/product"}],"about":[{"href":"https:\/\/b2c.fairs.vn\/en\/wp-json\/wp\/v2\/types\/product"}],"replies":[{"embeddable":true,"href":"https:\/\/b2c.fairs.vn\/en\/wp-json\/wp\/v2\/comments?post=11734"}],"version-history":[{"count":0,"href":"https:\/\/b2c.fairs.vn\/en\/wp-json\/wp\/v2\/product\/11734\/revisions"}],"wp:featuredmedia":[{"embeddable":true,"href":"https:\/\/b2c.fairs.vn\/en\/wp-json\/wp\/v2\/media\/11736"}],"wp:attachment":[{"href":"https:\/\/b2c.fairs.vn\/en\/wp-json\/wp\/v2\/media?parent=11734"}],"wp:term":[{"taxonomy":"product_cat","embeddable":true,"href":"https:\/\/b2c.fairs.vn\/en\/wp-json\/wp\/v2\/product_cat?post=11734"},{"taxonomy":"product_tag","embeddable":true,"href":"https:\/\/b2c.fairs.vn\/en\/wp-json\/wp\/v2\/product_tag?post=11734"}],"curies":[{"name":"wp","href":"https:\/\/api.w.org\/{rel}","templated":true}]}}