{"id":11728,"date":"2024-03-28T15:04:23","date_gmt":"2024-03-28T08:04:23","guid":{"rendered":"https:\/\/b2c.fairs.vn\/?post_type=product&#038;p=11728"},"modified":"2024-04-19T13:53:09","modified_gmt":"2024-04-19T06:53:09","slug":"ot-bam-vi-hao","status":"publish","type":"product","link":"https:\/\/b2c.fairs.vn\/en\/product\/ot-bam-vi-hao\/","title":{"rendered":"\u1edat b\u1eb1m V\u1ecb H\u1ea3o"},"content":{"rendered":"<table border=\"0\" width=\"100%\" cellspacing=\"10\" cellpadding=\"0\">\n<tbody>\n<tr>\n<td><span class=\"menu1\">Th\u00e0nh ph\u1ea7n:<\/span><\/td>\n<\/tr>\n<tr>\n<td>\u1edat (90%), T\u1ecfi, \u0110\u01b0\u1eddng, Mu\u1ed1i, Gi\u1ea5m.<\/p>\n<p>Nh\u00f3m ch\u1ea5t b\u1ea3o qu\u1ea3n: Kali Sorbate (202), Natri Metabisulfiten (223).<\/td>\n<\/tr>\n<tr>\n<td><span class=\"menu1\">H\u01b0\u1edbng d\u1eabn s\u1eed d\u1ee5ng:<\/span><\/td>\n<\/tr>\n<tr>\n<td>D\u00f9ng pha ch\u1ebf n\u01b0\u1edbc ch\u1ea5m, ch\u1ebf bi\u1ebfn c\u00e1c c\u00e1c m\u00f3n n\u01b0\u1edbng, chi\u00ean, x\u00e0o, lu\u1ed9c v\u00e0 th\u1ee9c \u0103n nhanh. S\u1eed d\u1ee5ng tr\u1ef1c ti\u1ec1p ho\u1eb7c l\u00e0m gia v\u1ecb. Th\u00edch h\u1ee3p cho ng\u01b0\u1eddi \u0103n chay.<\/td>\n<\/tr>\n<\/tbody>\n<\/table>","protected":false},"excerpt":{"rendered":"<p>Th\u00e0nh ph\u1ea7n: \u1edat (90%), T\u1ecfi, \u0110\u01b0\u1eddng, Mu\u1ed1i, Gi\u1ea5m. Nh\u00f3m ch\u1ea5t b\u1ea3o qu\u1ea3n: Kali Sorbate (202), Natri Metabisulfiten (223). H\u01b0\u1edbng d\u1eabn<\/p>","protected":false},"featured_media":11729,"comment_status":"open","ping_status":"closed","template":"","meta":{"_acf_changed":false},"product_cat":[318,320,366,367,22],"product_tag":[],"class_list":{"0":"post-11728","1":"product","2":"type-product","3":"status-publish","4":"has-post-thumbnail","6":"product_cat-gia-vi","7":"product_cat-gia-vi-khac","8":"product_cat-hang-cnnt-cap-qg","9":"product_cat-hang-cnnt-cap-qg-2023","10":"product_cat-sanphamthucpham","12":"first","13":"instock","14":"shipping-taxable","15":"product-type-simple"},"acf":[],"_links":{"self":[{"href":"https:\/\/b2c.fairs.vn\/en\/wp-json\/wp\/v2\/product\/11728","targetHints":{"allow":["GET"]}}],"collection":[{"href":"https:\/\/b2c.fairs.vn\/en\/wp-json\/wp\/v2\/product"}],"about":[{"href":"https:\/\/b2c.fairs.vn\/en\/wp-json\/wp\/v2\/types\/product"}],"replies":[{"embeddable":true,"href":"https:\/\/b2c.fairs.vn\/en\/wp-json\/wp\/v2\/comments?post=11728"}],"version-history":[{"count":0,"href":"https:\/\/b2c.fairs.vn\/en\/wp-json\/wp\/v2\/product\/11728\/revisions"}],"wp:featuredmedia":[{"embeddable":true,"href":"https:\/\/b2c.fairs.vn\/en\/wp-json\/wp\/v2\/media\/11729"}],"wp:attachment":[{"href":"https:\/\/b2c.fairs.vn\/en\/wp-json\/wp\/v2\/media?parent=11728"}],"wp:term":[{"taxonomy":"product_cat","embeddable":true,"href":"https:\/\/b2c.fairs.vn\/en\/wp-json\/wp\/v2\/product_cat?post=11728"},{"taxonomy":"product_tag","embeddable":true,"href":"https:\/\/b2c.fairs.vn\/en\/wp-json\/wp\/v2\/product_tag?post=11728"}],"curies":[{"name":"wp","href":"https:\/\/api.w.org\/{rel}","templated":true}]}}