{"id":11716,"date":"2024-03-28T14:48:22","date_gmt":"2024-03-28T07:48:22","guid":{"rendered":"https:\/\/b2c.fairs.vn\/?post_type=product&#038;p=11716"},"modified":"2024-04-04T09:27:44","modified_gmt":"2024-04-04T02:27:44","slug":"san-go-fn-1801-go-ky-thuat-mat-go-soi","status":"publish","type":"product","link":"https:\/\/b2c.fairs.vn\/en\/product\/san-go-fn-1801-go-ky-thuat-mat-go-soi\/","title":{"rendered":"S\u00e0n g\u1ed7 &#8211; FN 1801 g\u1ed7 k\u1ef9 thu\u1eadt m\u1eb7t g\u1ed7 s\u1ed3i"},"content":{"rendered":"<div class=\"woocommerce-tabs box-element\">\n<div class=\"tab-content\">\n<div id=\"tab-description\" class=\"tab-pane active\">\n<p>S\u00e0n g\u1ed7 cao c\u1ea5p Nh\u1eadt b\u1ea3n kh\u1ea3 n\u0103ng si\u00eau ch\u1ecbu n\u01b0\u1edbc ph\u00f9 h\u1ee3p khi h\u1eadu Vi\u1ec7t Nam<\/p>\n<p>Kt:890*140*12mm<\/p>\n<p>\u0110\u01b0\u1ee3c c\u1ea5u t\u1ea1o b\u1eddi 5 l\u1edbp g\u1ed7 Flcata d\u00e1n v\u00e0o nhau ch\u1ed1ng cong v\u00eanh co ng\u00f3t v\u00e0 2.7mm l\u1edbp hdf****<\/p>\n<p>Tr\u00ean b\u1ec1 m\u1eb7t l\u00e0 l\u1edbp vener t\u1ef1 nhi\u00ean v\u00e2n g\u1ed7 OAK sau \u0111\u00f3 l\u00e0 l\u1edbp ph\u1ee7 s\u01a1n UV<\/p>\n<\/div>\n<\/div>\n<\/div>\n<div class=\"woocommrece related products\"><\/div>","protected":false},"excerpt":{"rendered":"<p>S\u00e0n g\u1ed7 cao c\u1ea5p Nh\u1eadt b\u1ea3n kh\u1ea3 n\u0103ng si\u00eau ch\u1ecbu n\u01b0\u1edbc ph\u00f9 h\u1ee3p khi h\u1eadu Vi\u1ec7t Nam Kt:890*140*12mm \u0110\u01b0\u1ee3c c\u1ea5u<\/p>","protected":false},"featured_media":11719,"comment_status":"open","ping_status":"closed","template":"","meta":{"_acf_changed":false},"product_cat":[520,400,399],"product_tag":[],"class_list":{"0":"post-11716","1":"product","2":"type-product","3":"status-publish","4":"has-post-thumbnail","6":"product_cat-nha-cua-doi-song","7":"product_cat-noi-that","8":"product_cat-vat-lieu-xay-dung","10":"first","11":"instock","12":"shipping-taxable","13":"product-type-simple"},"acf":[],"_links":{"self":[{"href":"https:\/\/b2c.fairs.vn\/en\/wp-json\/wp\/v2\/product\/11716","targetHints":{"allow":["GET"]}}],"collection":[{"href":"https:\/\/b2c.fairs.vn\/en\/wp-json\/wp\/v2\/product"}],"about":[{"href":"https:\/\/b2c.fairs.vn\/en\/wp-json\/wp\/v2\/types\/product"}],"replies":[{"embeddable":true,"href":"https:\/\/b2c.fairs.vn\/en\/wp-json\/wp\/v2\/comments?post=11716"}],"version-history":[{"count":0,"href":"https:\/\/b2c.fairs.vn\/en\/wp-json\/wp\/v2\/product\/11716\/revisions"}],"wp:featuredmedia":[{"embeddable":true,"href":"https:\/\/b2c.fairs.vn\/en\/wp-json\/wp\/v2\/media\/11719"}],"wp:attachment":[{"href":"https:\/\/b2c.fairs.vn\/en\/wp-json\/wp\/v2\/media?parent=11716"}],"wp:term":[{"taxonomy":"product_cat","embeddable":true,"href":"https:\/\/b2c.fairs.vn\/en\/wp-json\/wp\/v2\/product_cat?post=11716"},{"taxonomy":"product_tag","embeddable":true,"href":"https:\/\/b2c.fairs.vn\/en\/wp-json\/wp\/v2\/product_tag?post=11716"}],"curies":[{"name":"wp","href":"https:\/\/api.w.org\/{rel}","templated":true}]}}